{"id":69258,"date":"2022-05-20T04:05:00","date_gmt":"2022-05-20T02:06:02","guid":{"rendered":"https:\/\/www.gruppoliturgico.com\/prodotto\/casulla-81\/"},"modified":"2022-07-04T16:12:38","modified_gmt":"2022-07-04T14:12:38","slug":"casulla-81","status":"publish","type":"product","link":"https:\/\/www.gruppoliturgico.com\/es\/producto\/casulla-81\/","title":{"rendered":"Casulla"},"content":{"rendered":"<html><body><p>Casulla confeccionada con el prestigioso tejido \u00abtela vaticana\u00bb.<br>\nDe corte medieval con estol\u00f3n central y cuello bordados en tejido dupion tono su tono.<br>\nEl especial tipo de bordado evidencia un efecto tridimensional, gracias al uso de particulares hilos brillantes.<br>\nCada cruz tiene en el centro un Swarovski del color lit\u00fargico elegido.<br>\nLa parte que une el cuello con el estol\u00f3n central delante est\u00e1 enriquecida con un estr\u00e1s dorado con piedras del mismo color que la casulla.<br>\nEl bordado se repite en la parte trasera de la casulla.<\/p>\n<\/body><\/html>","protected":false},"excerpt":{"rendered":"<p>Casulla confeccionada con el prestigioso tejido \u00abtela vaticana\u00bb.<br \/>\nDe corte medieval con estol\u00f3n central y cuello bordados en tejido dupion tono su tono.<br \/>\nEl especial tipo de bordado evidencia un efecto tridimensional, gracias al uso de particulares hilos brillantes.<br \/>\nCada cruz tiene en el centro un Swarovski del color lit\u00fargico elegido.<br \/>\nLa parte que une el cuello con el estol\u00f3n central delante est\u00e1 enriquecida con un estr\u00e1s dorado con piedras del mismo color que la casulla.<br \/>\nEl bordado se repite en la parte trasera de la casulla.<\/p>\n","protected":false},"featured_media":135850,"template":"","meta":[],"product_cat":[12243],"product_tag":[],"yoast_head":"<!-- This site is optimized with the Yoast SEO plugin v20.4 - https:\/\/yoast.com\/wordpress\/plugins\/seo\/ -->\n<title>Casulla - colecci\u00f3n cl\u00e1sica y Laboratorio Gruppo Liturgico<\/title>\n<meta name=\"description\" content=\"Casulla confeccionada con el prestigioso tejido &quot;tela vaticana&quot;. De corte medieval con estol\u00f3n central y cuello bordados en tejido dupion tono su tono. El especial tipo de bordado evidencia un efecto tridimensional, gracias al uso de particulares hilos brillantes. Cada cruz tiene en el centro un Swarovski del color lit\u00fargico elegido. La parte que une el cuello con el estol\u00f3n central delante est\u00e1 enriquecida con un estr\u00e1s dorado con piedras del mismo color que la casulla. El bordado se repite en la parte trasera de la casulla.\" \/>\n<meta name=\"robots\" content=\"index, follow, max-snippet:-1, max-image-preview:large, max-video-preview:-1\" \/>\n<link rel=\"canonical\" href=\"https:\/\/www.gruppoliturgico.com\/es\/producto\/casulla-81\/\" \/>\n<meta property=\"og:locale\" content=\"es_ES\" \/>\n<meta property=\"og:type\" content=\"article\" \/>\n<meta property=\"og:title\" content=\"Casulla - colecci\u00f3n cl\u00e1sica y Laboratorio Gruppo Liturgico\" \/>\n<meta property=\"og:description\" content=\"Casulla confeccionada con el prestigioso tejido &quot;tela vaticana&quot;. De corte medieval con estol\u00f3n central y cuello bordados en tejido dupion tono su tono. El especial tipo de bordado evidencia un efecto tridimensional, gracias al uso de particulares hilos brillantes. Cada cruz tiene en el centro un Swarovski del color lit\u00fargico elegido. La parte que une el cuello con el estol\u00f3n central delante est\u00e1 enriquecida con un estr\u00e1s dorado con piedras del mismo color que la casulla. El bordado se repite en la parte trasera de la casulla.\" \/>\n<meta property=\"og:url\" content=\"https:\/\/www.gruppoliturgico.com\/es\/producto\/casulla-81\/\" \/>\n<meta property=\"og:site_name\" content=\"Laboratorio Gruppo Liturgico\" \/>\n<meta property=\"article:modified_time\" content=\"2022-07-04T14:12:38+00:00\" \/>\n<meta property=\"og:image\" content=\"https:\/\/www.gruppoliturgico.com\/wp-content\/uploads\/2022\/09\/2699.6-bianco.jpg\" \/>\n\t<meta property=\"og:image:width\" content=\"1012\" \/>\n\t<meta property=\"og:image:height\" content=\"1500\" \/>\n\t<meta property=\"og:image:type\" content=\"image\/jpeg\" \/>\n<meta name=\"twitter:card\" content=\"summary_large_image\" \/>\n<meta name=\"twitter:label1\" content=\"Tiempo de lectura\" \/>\n\t<meta name=\"twitter:data1\" content=\"1 minuto\" \/>\n<script type=\"application\/ld+json\" class=\"yoast-schema-graph\">{\"@context\":\"https:\/\/schema.org\",\"@graph\":[{\"@type\":\"WebPage\",\"@id\":\"https:\/\/www.gruppoliturgico.com\/es\/producto\/casulla-81\/\",\"url\":\"https:\/\/www.gruppoliturgico.com\/es\/producto\/casulla-81\/\",\"name\":\"Casulla - colecci\u00f3n cl\u00e1sica y Laboratorio Gruppo Liturgico\",\"isPartOf\":{\"@id\":\"https:\/\/www.gruppoliturgico.com\/es\/#website\"},\"datePublished\":\"2022-05-20T02:06:02+00:00\",\"dateModified\":\"2022-07-04T14:12:38+00:00\",\"description\":\"Casulla confeccionada con el prestigioso tejido \\\"tela vaticana\\\". De corte medieval con estol\u00f3n central y cuello bordados en tejido dupion tono su tono. El especial tipo de bordado evidencia un efecto tridimensional, gracias al uso de particulares hilos brillantes. Cada cruz tiene en el centro un Swarovski del color lit\u00fargico elegido. La parte que une el cuello con el estol\u00f3n central delante est\u00e1 enriquecida con un estr\u00e1s dorado con piedras del mismo color que la casulla. El bordado se repite en la parte trasera de la casulla.\",\"breadcrumb\":{\"@id\":\"https:\/\/www.gruppoliturgico.com\/es\/producto\/casulla-81\/#breadcrumb\"},\"inLanguage\":\"es\",\"potentialAction\":[{\"@type\":\"ReadAction\",\"target\":[\"https:\/\/www.gruppoliturgico.com\/es\/producto\/casulla-81\/\"]}]},{\"@type\":\"BreadcrumbList\",\"@id\":\"https:\/\/www.gruppoliturgico.com\/es\/producto\/casulla-81\/#breadcrumb\",\"itemListElement\":[{\"@type\":\"ListItem\",\"position\":1,\"name\":\"Home\",\"item\":\"https:\/\/www.gruppoliturgico.com\/es\/\"},{\"@type\":\"ListItem\",\"position\":2,\"name\":\"Tienda\",\"item\":\"https:\/\/www.gruppoliturgico.com\/es\/tienda\/\"},{\"@type\":\"ListItem\",\"position\":3,\"name\":\"Casulla\"}]},{\"@type\":\"WebSite\",\"@id\":\"https:\/\/www.gruppoliturgico.com\/es\/#website\",\"url\":\"https:\/\/www.gruppoliturgico.com\/es\/\",\"name\":\"Laboratorio Gruppo Liturgico\",\"description\":\"Articoli Religiosi online\",\"publisher\":{\"@id\":\"https:\/\/www.gruppoliturgico.com\/es\/#organization\"},\"potentialAction\":[{\"@type\":\"SearchAction\",\"target\":{\"@type\":\"EntryPoint\",\"urlTemplate\":\"https:\/\/www.gruppoliturgico.com\/es\/?s={search_term_string}\"},\"query-input\":\"required name=search_term_string\"}],\"inLanguage\":\"es\"},{\"@type\":\"Organization\",\"@id\":\"https:\/\/www.gruppoliturgico.com\/es\/#organization\",\"name\":\"Laboratorio Gruppo Liturgico\",\"url\":\"https:\/\/www.gruppoliturgico.com\/es\/\",\"logo\":{\"@type\":\"ImageObject\",\"inLanguage\":\"es\",\"@id\":\"https:\/\/www.gruppoliturgico.com\/es\/#\/schema\/logo\/image\/\",\"url\":\"https:\/\/www.gruppoliturgico.com\/wp-content\/uploads\/2022\/02\/logo-laboratoriogruppoliturgico.png\",\"contentUrl\":\"https:\/\/www.gruppoliturgico.com\/wp-content\/uploads\/2022\/02\/logo-laboratoriogruppoliturgico.png\",\"width\":400,\"height\":114,\"caption\":\"Laboratorio Gruppo Liturgico\"},\"image\":{\"@id\":\"https:\/\/www.gruppoliturgico.com\/es\/#\/schema\/logo\/image\/\"}}]}<\/script>\n<!-- \/ Yoast SEO plugin. -->","yoast_head_json":{"title":"Casulla - colecci\u00f3n cl\u00e1sica y Laboratorio Gruppo Liturgico","description":"Casulla confeccionada con el prestigioso tejido \"tela vaticana\". De corte medieval con estol\u00f3n central y cuello bordados en tejido dupion tono su tono. El especial tipo de bordado evidencia un efecto tridimensional, gracias al uso de particulares hilos brillantes. Cada cruz tiene en el centro un Swarovski del color lit\u00fargico elegido. La parte que une el cuello con el estol\u00f3n central delante est\u00e1 enriquecida con un estr\u00e1s dorado con piedras del mismo color que la casulla. El bordado se repite en la parte trasera de la casulla.","robots":{"index":"index","follow":"follow","max-snippet":"max-snippet:-1","max-image-preview":"max-image-preview:large","max-video-preview":"max-video-preview:-1"},"canonical":"https:\/\/www.gruppoliturgico.com\/es\/producto\/casulla-81\/","og_locale":"es_ES","og_type":"article","og_title":"Casulla - colecci\u00f3n cl\u00e1sica y Laboratorio Gruppo Liturgico","og_description":"Casulla confeccionada con el prestigioso tejido \"tela vaticana\". De corte medieval con estol\u00f3n central y cuello bordados en tejido dupion tono su tono. El especial tipo de bordado evidencia un efecto tridimensional, gracias al uso de particulares hilos brillantes. Cada cruz tiene en el centro un Swarovski del color lit\u00fargico elegido. La parte que une el cuello con el estol\u00f3n central delante est\u00e1 enriquecida con un estr\u00e1s dorado con piedras del mismo color que la casulla. El bordado se repite en la parte trasera de la casulla.","og_url":"https:\/\/www.gruppoliturgico.com\/es\/producto\/casulla-81\/","og_site_name":"Laboratorio Gruppo Liturgico","article_modified_time":"2022-07-04T14:12:38+00:00","og_image":[{"width":1012,"height":1500,"url":"https:\/\/www.gruppoliturgico.com\/wp-content\/uploads\/2022\/09\/2699.6-bianco.jpg","type":"image\/jpeg"}],"twitter_card":"summary_large_image","twitter_misc":{"Tiempo de lectura":"1 minuto"},"schema":{"@context":"https:\/\/schema.org","@graph":[{"@type":"WebPage","@id":"https:\/\/www.gruppoliturgico.com\/es\/producto\/casulla-81\/","url":"https:\/\/www.gruppoliturgico.com\/es\/producto\/casulla-81\/","name":"Casulla - colecci\u00f3n cl\u00e1sica y Laboratorio Gruppo Liturgico","isPartOf":{"@id":"https:\/\/www.gruppoliturgico.com\/es\/#website"},"datePublished":"2022-05-20T02:06:02+00:00","dateModified":"2022-07-04T14:12:38+00:00","description":"Casulla confeccionada con el prestigioso tejido \"tela vaticana\". De corte medieval con estol\u00f3n central y cuello bordados en tejido dupion tono su tono. El especial tipo de bordado evidencia un efecto tridimensional, gracias al uso de particulares hilos brillantes. Cada cruz tiene en el centro un Swarovski del color lit\u00fargico elegido. La parte que une el cuello con el estol\u00f3n central delante est\u00e1 enriquecida con un estr\u00e1s dorado con piedras del mismo color que la casulla. El bordado se repite en la parte trasera de la casulla.","breadcrumb":{"@id":"https:\/\/www.gruppoliturgico.com\/es\/producto\/casulla-81\/#breadcrumb"},"inLanguage":"es","potentialAction":[{"@type":"ReadAction","target":["https:\/\/www.gruppoliturgico.com\/es\/producto\/casulla-81\/"]}]},{"@type":"BreadcrumbList","@id":"https:\/\/www.gruppoliturgico.com\/es\/producto\/casulla-81\/#breadcrumb","itemListElement":[{"@type":"ListItem","position":1,"name":"Home","item":"https:\/\/www.gruppoliturgico.com\/es\/"},{"@type":"ListItem","position":2,"name":"Tienda","item":"https:\/\/www.gruppoliturgico.com\/es\/tienda\/"},{"@type":"ListItem","position":3,"name":"Casulla"}]},{"@type":"WebSite","@id":"https:\/\/www.gruppoliturgico.com\/es\/#website","url":"https:\/\/www.gruppoliturgico.com\/es\/","name":"Laboratorio Gruppo Liturgico","description":"Articoli Religiosi online","publisher":{"@id":"https:\/\/www.gruppoliturgico.com\/es\/#organization"},"potentialAction":[{"@type":"SearchAction","target":{"@type":"EntryPoint","urlTemplate":"https:\/\/www.gruppoliturgico.com\/es\/?s={search_term_string}"},"query-input":"required name=search_term_string"}],"inLanguage":"es"},{"@type":"Organization","@id":"https:\/\/www.gruppoliturgico.com\/es\/#organization","name":"Laboratorio Gruppo Liturgico","url":"https:\/\/www.gruppoliturgico.com\/es\/","logo":{"@type":"ImageObject","inLanguage":"es","@id":"https:\/\/www.gruppoliturgico.com\/es\/#\/schema\/logo\/image\/","url":"https:\/\/www.gruppoliturgico.com\/wp-content\/uploads\/2022\/02\/logo-laboratoriogruppoliturgico.png","contentUrl":"https:\/\/www.gruppoliturgico.com\/wp-content\/uploads\/2022\/02\/logo-laboratoriogruppoliturgico.png","width":400,"height":114,"caption":"Laboratorio Gruppo Liturgico"},"image":{"@id":"https:\/\/www.gruppoliturgico.com\/es\/#\/schema\/logo\/image\/"}}]}},"_links":{"self":[{"href":"https:\/\/www.gruppoliturgico.com\/es\/wp-json\/wp\/v2\/product\/69258"}],"collection":[{"href":"https:\/\/www.gruppoliturgico.com\/es\/wp-json\/wp\/v2\/product"}],"about":[{"href":"https:\/\/www.gruppoliturgico.com\/es\/wp-json\/wp\/v2\/types\/product"}],"wp:featuredmedia":[{"embeddable":true,"href":"https:\/\/www.gruppoliturgico.com\/es\/wp-json\/wp\/v2\/media\/135850"}],"wp:attachment":[{"href":"https:\/\/www.gruppoliturgico.com\/es\/wp-json\/wp\/v2\/media?parent=69258"}],"wp:term":[{"taxonomy":"product_cat","embeddable":true,"href":"https:\/\/www.gruppoliturgico.com\/es\/wp-json\/wp\/v2\/product_cat?post=69258"},{"taxonomy":"product_tag","embeddable":true,"href":"https:\/\/www.gruppoliturgico.com\/es\/wp-json\/wp\/v2\/product_tag?post=69258"}],"curies":[{"name":"wp","href":"https:\/\/api.w.org\/{rel}","templated":true}]}}