{"id":69246,"date":"2022-05-20T04:04:59","date_gmt":"2022-05-20T02:05:11","guid":{"rendered":"https:\/\/www.gruppoliturgico.com\/prodotto\/maletin-6\/"},"modified":"2022-05-20T11:54:53","modified_gmt":"2022-05-20T09:54:53","slug":"maletin-6","status":"publish","type":"product","link":"https:\/\/www.gruppoliturgico.com\/es\/producto\/maletin-6\/","title":{"rendered":"Malet\u00edn"},"content":{"rendered":"<html><body><p>El m\u00e1s completo y pr\u00e1ctico malet\u00edn existente en el mercado.<br>\nDotado de la m\u00e1s amplia gama de accesorios en un espacio reducido.<br>\nIncluye los complementos necesarios para la celebraci\u00f3n: c\u00e1liz, cop\u00f3n, botellas de vino y agua, caja de formas, hisopo, \u00f3leos y patena.<br>\nAltar extra\u00edble con velas y crucifijo, funda para breviario, atril de mesa.<br>\nEst\u00e1 equipado con mantel, purificador y estola.<br>\nAmplio espacio para casulla, alba y estola.<\/p>\n<p>Dimensiones cm 36 x 46 x 17<\/p>\n<\/body><\/html>","protected":false},"excerpt":{"rendered":"<p>El m\u00e1s completo y pr\u00e1ctico malet\u00edn existente en el mercado.<br \/>\nDotado de la m\u00e1s amplia gama de accesorios en un espacio reducido.<br \/>\nIncluye los complementos necesarios para la celebraci\u00f3n: c\u00e1liz, cop\u00f3n, botellas de vino y agua, caja de formas, hisopo, \u00f3leos y patena.<br \/>\nAltar extra\u00edble con velas y crucifijo, funda para breviario, atril de mesa.<br \/>\nEst\u00e1 equipado con mantel, purificador y estola.<br \/>\nAmplio espacio para casulla, alba y estola.<\/p>\n<p>Dimensiones cm 36 x 46 x 17<\/p>\n","protected":false},"featured_media":124364,"template":"","meta":[],"product_cat":[11715],"product_tag":[],"yoast_head":"<!-- This site is optimized with the Yoast SEO plugin v20.4 - https:\/\/yoast.com\/wordpress\/plugins\/seo\/ -->\n<title>Malet\u00edn - maletas de altar y Laboratorio Gruppo Liturgico<\/title>\n<meta name=\"description\" content=\"El m\u00e1s completo y pr\u00e1ctico malet\u00edn existente en el mercado. Dotado de la m\u00e1s amplia gama de accesorios en un espacio reducido. Incluye los complementos necesarios para la celebraci\u00f3n: c\u00e1liz, cop\u00f3n, botellas de vino y agua, caja de formas, hisopo, \u00f3leos y patena. Altar extra\u00edble con velas y crucifijo, funda para breviario, atril de mesa. Est\u00e1 equipado con mantel, purificador y estola. Amplio espacio para casulla, alba y estola.  Dimensiones cm 36 x 46 x 17\" \/>\n<meta name=\"robots\" content=\"index, follow, max-snippet:-1, max-image-preview:large, max-video-preview:-1\" \/>\n<link rel=\"canonical\" href=\"https:\/\/www.gruppoliturgico.com\/es\/producto\/maletin-6\/\" \/>\n<meta property=\"og:locale\" content=\"es_ES\" \/>\n<meta property=\"og:type\" content=\"article\" \/>\n<meta property=\"og:title\" content=\"Malet\u00edn - maletas de altar y Laboratorio Gruppo Liturgico\" \/>\n<meta property=\"og:description\" content=\"El m\u00e1s completo y pr\u00e1ctico malet\u00edn existente en el mercado. Dotado de la m\u00e1s amplia gama de accesorios en un espacio reducido. Incluye los complementos necesarios para la celebraci\u00f3n: c\u00e1liz, cop\u00f3n, botellas de vino y agua, caja de formas, hisopo, \u00f3leos y patena. Altar extra\u00edble con velas y crucifijo, funda para breviario, atril de mesa. Est\u00e1 equipado con mantel, purificador y estola. Amplio espacio para casulla, alba y estola.  Dimensiones cm 36 x 46 x 17\" \/>\n<meta property=\"og:url\" content=\"https:\/\/www.gruppoliturgico.com\/es\/producto\/maletin-6\/\" \/>\n<meta property=\"og:site_name\" content=\"Laboratorio Gruppo Liturgico\" \/>\n<meta property=\"article:modified_time\" content=\"2022-05-20T09:54:53+00:00\" \/>\n<meta property=\"og:image\" content=\"https:\/\/www.gruppoliturgico.com\/wp-content\/uploads\/2022\/05\/2672.jpg\" \/>\n\t<meta property=\"og:image:width\" content=\"1661\" \/>\n\t<meta property=\"og:image:height\" content=\"2000\" \/>\n\t<meta property=\"og:image:type\" content=\"image\/jpeg\" \/>\n<meta name=\"twitter:card\" content=\"summary_large_image\" \/>\n<script type=\"application\/ld+json\" class=\"yoast-schema-graph\">{\"@context\":\"https:\/\/schema.org\",\"@graph\":[{\"@type\":\"WebPage\",\"@id\":\"https:\/\/www.gruppoliturgico.com\/es\/producto\/maletin-6\/\",\"url\":\"https:\/\/www.gruppoliturgico.com\/es\/producto\/maletin-6\/\",\"name\":\"Malet\u00edn - maletas de altar y Laboratorio Gruppo Liturgico\",\"isPartOf\":{\"@id\":\"https:\/\/www.gruppoliturgico.com\/es\/#website\"},\"datePublished\":\"2022-05-20T02:05:11+00:00\",\"dateModified\":\"2022-05-20T09:54:53+00:00\",\"description\":\"El m\u00e1s completo y pr\u00e1ctico malet\u00edn existente en el mercado. Dotado de la m\u00e1s amplia gama de accesorios en un espacio reducido. Incluye los complementos necesarios para la celebraci\u00f3n: c\u00e1liz, cop\u00f3n, botellas de vino y agua, caja de formas, hisopo, \u00f3leos y patena. Altar extra\u00edble con velas y crucifijo, funda para breviario, atril de mesa. Est\u00e1 equipado con mantel, purificador y estola. Amplio espacio para casulla, alba y estola. Dimensiones cm 36 x 46 x 17\",\"breadcrumb\":{\"@id\":\"https:\/\/www.gruppoliturgico.com\/es\/producto\/maletin-6\/#breadcrumb\"},\"inLanguage\":\"es\",\"potentialAction\":[{\"@type\":\"ReadAction\",\"target\":[\"https:\/\/www.gruppoliturgico.com\/es\/producto\/maletin-6\/\"]}]},{\"@type\":\"BreadcrumbList\",\"@id\":\"https:\/\/www.gruppoliturgico.com\/es\/producto\/maletin-6\/#breadcrumb\",\"itemListElement\":[{\"@type\":\"ListItem\",\"position\":1,\"name\":\"Home\",\"item\":\"https:\/\/www.gruppoliturgico.com\/es\/\"},{\"@type\":\"ListItem\",\"position\":2,\"name\":\"Tienda\",\"item\":\"https:\/\/www.gruppoliturgico.com\/es\/tienda\/\"},{\"@type\":\"ListItem\",\"position\":3,\"name\":\"Malet\u00edn\"}]},{\"@type\":\"WebSite\",\"@id\":\"https:\/\/www.gruppoliturgico.com\/es\/#website\",\"url\":\"https:\/\/www.gruppoliturgico.com\/es\/\",\"name\":\"Laboratorio Gruppo Liturgico\",\"description\":\"Articoli Religiosi online\",\"publisher\":{\"@id\":\"https:\/\/www.gruppoliturgico.com\/es\/#organization\"},\"potentialAction\":[{\"@type\":\"SearchAction\",\"target\":{\"@type\":\"EntryPoint\",\"urlTemplate\":\"https:\/\/www.gruppoliturgico.com\/es\/?s={search_term_string}\"},\"query-input\":\"required name=search_term_string\"}],\"inLanguage\":\"es\"},{\"@type\":\"Organization\",\"@id\":\"https:\/\/www.gruppoliturgico.com\/es\/#organization\",\"name\":\"Laboratorio Gruppo Liturgico\",\"url\":\"https:\/\/www.gruppoliturgico.com\/es\/\",\"logo\":{\"@type\":\"ImageObject\",\"inLanguage\":\"es\",\"@id\":\"https:\/\/www.gruppoliturgico.com\/es\/#\/schema\/logo\/image\/\",\"url\":\"https:\/\/www.gruppoliturgico.com\/wp-content\/uploads\/2022\/02\/logo-laboratoriogruppoliturgico.png\",\"contentUrl\":\"https:\/\/www.gruppoliturgico.com\/wp-content\/uploads\/2022\/02\/logo-laboratoriogruppoliturgico.png\",\"width\":400,\"height\":114,\"caption\":\"Laboratorio Gruppo Liturgico\"},\"image\":{\"@id\":\"https:\/\/www.gruppoliturgico.com\/es\/#\/schema\/logo\/image\/\"}}]}<\/script>\n<!-- \/ Yoast SEO plugin. -->","yoast_head_json":{"title":"Malet\u00edn - maletas de altar y Laboratorio Gruppo Liturgico","description":"El m\u00e1s completo y pr\u00e1ctico malet\u00edn existente en el mercado. Dotado de la m\u00e1s amplia gama de accesorios en un espacio reducido. Incluye los complementos necesarios para la celebraci\u00f3n: c\u00e1liz, cop\u00f3n, botellas de vino y agua, caja de formas, hisopo, \u00f3leos y patena. Altar extra\u00edble con velas y crucifijo, funda para breviario, atril de mesa. Est\u00e1 equipado con mantel, purificador y estola. Amplio espacio para casulla, alba y estola.  Dimensiones cm 36 x 46 x 17","robots":{"index":"index","follow":"follow","max-snippet":"max-snippet:-1","max-image-preview":"max-image-preview:large","max-video-preview":"max-video-preview:-1"},"canonical":"https:\/\/www.gruppoliturgico.com\/es\/producto\/maletin-6\/","og_locale":"es_ES","og_type":"article","og_title":"Malet\u00edn - maletas de altar y Laboratorio Gruppo Liturgico","og_description":"El m\u00e1s completo y pr\u00e1ctico malet\u00edn existente en el mercado. Dotado de la m\u00e1s amplia gama de accesorios en un espacio reducido. Incluye los complementos necesarios para la celebraci\u00f3n: c\u00e1liz, cop\u00f3n, botellas de vino y agua, caja de formas, hisopo, \u00f3leos y patena. Altar extra\u00edble con velas y crucifijo, funda para breviario, atril de mesa. Est\u00e1 equipado con mantel, purificador y estola. Amplio espacio para casulla, alba y estola.  Dimensiones cm 36 x 46 x 17","og_url":"https:\/\/www.gruppoliturgico.com\/es\/producto\/maletin-6\/","og_site_name":"Laboratorio Gruppo Liturgico","article_modified_time":"2022-05-20T09:54:53+00:00","og_image":[{"width":1661,"height":2000,"url":"https:\/\/www.gruppoliturgico.com\/wp-content\/uploads\/2022\/05\/2672.jpg","type":"image\/jpeg"}],"twitter_card":"summary_large_image","schema":{"@context":"https:\/\/schema.org","@graph":[{"@type":"WebPage","@id":"https:\/\/www.gruppoliturgico.com\/es\/producto\/maletin-6\/","url":"https:\/\/www.gruppoliturgico.com\/es\/producto\/maletin-6\/","name":"Malet\u00edn - maletas de altar y Laboratorio Gruppo Liturgico","isPartOf":{"@id":"https:\/\/www.gruppoliturgico.com\/es\/#website"},"datePublished":"2022-05-20T02:05:11+00:00","dateModified":"2022-05-20T09:54:53+00:00","description":"El m\u00e1s completo y pr\u00e1ctico malet\u00edn existente en el mercado. Dotado de la m\u00e1s amplia gama de accesorios en un espacio reducido. Incluye los complementos necesarios para la celebraci\u00f3n: c\u00e1liz, cop\u00f3n, botellas de vino y agua, caja de formas, hisopo, \u00f3leos y patena. Altar extra\u00edble con velas y crucifijo, funda para breviario, atril de mesa. Est\u00e1 equipado con mantel, purificador y estola. Amplio espacio para casulla, alba y estola. Dimensiones cm 36 x 46 x 17","breadcrumb":{"@id":"https:\/\/www.gruppoliturgico.com\/es\/producto\/maletin-6\/#breadcrumb"},"inLanguage":"es","potentialAction":[{"@type":"ReadAction","target":["https:\/\/www.gruppoliturgico.com\/es\/producto\/maletin-6\/"]}]},{"@type":"BreadcrumbList","@id":"https:\/\/www.gruppoliturgico.com\/es\/producto\/maletin-6\/#breadcrumb","itemListElement":[{"@type":"ListItem","position":1,"name":"Home","item":"https:\/\/www.gruppoliturgico.com\/es\/"},{"@type":"ListItem","position":2,"name":"Tienda","item":"https:\/\/www.gruppoliturgico.com\/es\/tienda\/"},{"@type":"ListItem","position":3,"name":"Malet\u00edn"}]},{"@type":"WebSite","@id":"https:\/\/www.gruppoliturgico.com\/es\/#website","url":"https:\/\/www.gruppoliturgico.com\/es\/","name":"Laboratorio Gruppo Liturgico","description":"Articoli Religiosi online","publisher":{"@id":"https:\/\/www.gruppoliturgico.com\/es\/#organization"},"potentialAction":[{"@type":"SearchAction","target":{"@type":"EntryPoint","urlTemplate":"https:\/\/www.gruppoliturgico.com\/es\/?s={search_term_string}"},"query-input":"required name=search_term_string"}],"inLanguage":"es"},{"@type":"Organization","@id":"https:\/\/www.gruppoliturgico.com\/es\/#organization","name":"Laboratorio Gruppo Liturgico","url":"https:\/\/www.gruppoliturgico.com\/es\/","logo":{"@type":"ImageObject","inLanguage":"es","@id":"https:\/\/www.gruppoliturgico.com\/es\/#\/schema\/logo\/image\/","url":"https:\/\/www.gruppoliturgico.com\/wp-content\/uploads\/2022\/02\/logo-laboratoriogruppoliturgico.png","contentUrl":"https:\/\/www.gruppoliturgico.com\/wp-content\/uploads\/2022\/02\/logo-laboratoriogruppoliturgico.png","width":400,"height":114,"caption":"Laboratorio Gruppo Liturgico"},"image":{"@id":"https:\/\/www.gruppoliturgico.com\/es\/#\/schema\/logo\/image\/"}}]}},"_links":{"self":[{"href":"https:\/\/www.gruppoliturgico.com\/es\/wp-json\/wp\/v2\/product\/69246"}],"collection":[{"href":"https:\/\/www.gruppoliturgico.com\/es\/wp-json\/wp\/v2\/product"}],"about":[{"href":"https:\/\/www.gruppoliturgico.com\/es\/wp-json\/wp\/v2\/types\/product"}],"wp:featuredmedia":[{"embeddable":true,"href":"https:\/\/www.gruppoliturgico.com\/es\/wp-json\/wp\/v2\/media\/124364"}],"wp:attachment":[{"href":"https:\/\/www.gruppoliturgico.com\/es\/wp-json\/wp\/v2\/media?parent=69246"}],"wp:term":[{"taxonomy":"product_cat","embeddable":true,"href":"https:\/\/www.gruppoliturgico.com\/es\/wp-json\/wp\/v2\/product_cat?post=69246"},{"taxonomy":"product_tag","embeddable":true,"href":"https:\/\/www.gruppoliturgico.com\/es\/wp-json\/wp\/v2\/product_tag?post=69246"}],"curies":[{"name":"wp","href":"https:\/\/api.w.org\/{rel}","templated":true}]}}