{"id":68866,"date":"2022-05-20T03:44:51","date_gmt":"2022-05-20T01:44:58","guid":{"rendered":"https:\/\/www.gruppoliturgico.com\/prodotto\/caliz-copa-de-plata-4\/"},"modified":"2022-09-22T11:27:21","modified_gmt":"2022-09-22T09:27:21","slug":"caliz-copa-de-plata-4","status":"publish","type":"product","link":"https:\/\/www.gruppoliturgico.com\/es\/producto\/caliz-copa-de-plata-4\/","title":{"rendered":"C\u00e1liz copa de plata"},"content":{"rendered":"<html><body><p>C\u00e1liz en fundici\u00f3n, repujado y cincelado a mano.<br>\nCopa interior de plata, interior dorado.<br>\nDelicado dise\u00f1o g\u00f3tico de proporcionadas dimensiones.<br>\nCon seis medallones cincelados en la base de San Pedro, San Pablo, Santiago el Menor, San Juan, San Bartolom\u00e9 y Santiago el Mayor.<br>\nCompleto con patena apatenada 16 cm \u00d8 con aro.<br>\nAltura cm 21<br>\nCopa \u00d8 cm 11<\/p>\n<\/body><\/html>","protected":false},"excerpt":{"rendered":"<p>C\u00e1liz en fundici\u00f3n, repujado y cincelado a mano.<br \/>\nCopa interior de plata, interior dorado.<br \/>\nDelicado dise\u00f1o g\u00f3tico de proporcionadas dimensiones.<br \/>\nCon seis medallones cincelados en la base de San Pedro, San Pablo, Santiago el Menor, San Juan, San Bartolom\u00e9 y Santiago el Mayor.<br \/>\nCompleto con patena apatenada 16 cm \u00d8 con aro.<br \/>\nAltura cm 21<br \/>\nCopa \u00d8 cm 11<\/p>\n","protected":false},"featured_media":130872,"template":"","meta":[],"product_cat":[12027],"product_tag":[],"yoast_head":"<!-- This site is optimized with the Yoast SEO plugin v20.4 - https:\/\/yoast.com\/wordpress\/plugins\/seo\/ -->\n<title>C\u00e1liz copa de plata - colecci\u00f3n calices y Laboratorio Gruppo Liturgico<\/title>\n<meta name=\"description\" content=\"C\u00e1liz en fundici\u00f3n, repujado y cincelado a mano.  Copa interior de plata, interior dorado. Delicado dise\u00f1o g\u00f3tico de proporcionadas dimensiones.  Con seis medallones cincelados en la base de San Pedro, San Pablo, Santiago el Menor, San Juan, San Bartolom\u00e9 y Santiago el Mayor. Completo con patena apatenada 16 cm \u00d8 con aro. Altura cm 21  Copa \u00d8 cm 11\" \/>\n<meta name=\"robots\" content=\"index, follow, max-snippet:-1, max-image-preview:large, max-video-preview:-1\" \/>\n<link rel=\"canonical\" href=\"https:\/\/www.gruppoliturgico.com\/es\/producto\/caliz-copa-de-plata-4\/\" \/>\n<meta property=\"og:locale\" content=\"es_ES\" \/>\n<meta property=\"og:type\" content=\"article\" \/>\n<meta property=\"og:title\" content=\"C\u00e1liz copa de plata - colecci\u00f3n calices y Laboratorio Gruppo Liturgico\" \/>\n<meta property=\"og:description\" content=\"C\u00e1liz en fundici\u00f3n, repujado y cincelado a mano.  Copa interior de plata, interior dorado. Delicado dise\u00f1o g\u00f3tico de proporcionadas dimensiones.  Con seis medallones cincelados en la base de San Pedro, San Pablo, Santiago el Menor, San Juan, San Bartolom\u00e9 y Santiago el Mayor. Completo con patena apatenada 16 cm \u00d8 con aro. Altura cm 21  Copa \u00d8 cm 11\" \/>\n<meta property=\"og:url\" content=\"https:\/\/www.gruppoliturgico.com\/es\/producto\/caliz-copa-de-plata-4\/\" \/>\n<meta property=\"og:site_name\" content=\"Laboratorio Gruppo Liturgico\" \/>\n<meta property=\"article:modified_time\" content=\"2022-09-22T09:27:21+00:00\" \/>\n<meta property=\"og:image\" content=\"https:\/\/www.gruppoliturgico.com\/wp-content\/uploads\/2022\/05\/3046.jpg\" \/>\n\t<meta property=\"og:image:width\" content=\"949\" \/>\n\t<meta property=\"og:image:height\" content=\"1500\" \/>\n\t<meta property=\"og:image:type\" content=\"image\/jpeg\" \/>\n<meta name=\"twitter:card\" content=\"summary_large_image\" \/>\n<script type=\"application\/ld+json\" class=\"yoast-schema-graph\">{\"@context\":\"https:\/\/schema.org\",\"@graph\":[{\"@type\":\"WebPage\",\"@id\":\"https:\/\/www.gruppoliturgico.com\/es\/producto\/caliz-copa-de-plata-4\/\",\"url\":\"https:\/\/www.gruppoliturgico.com\/es\/producto\/caliz-copa-de-plata-4\/\",\"name\":\"C\u00e1liz copa de plata - colecci\u00f3n calices y Laboratorio Gruppo Liturgico\",\"isPartOf\":{\"@id\":\"https:\/\/www.gruppoliturgico.com\/es\/#website\"},\"datePublished\":\"2022-05-20T01:44:58+00:00\",\"dateModified\":\"2022-09-22T09:27:21+00:00\",\"description\":\"C\u00e1liz en fundici\u00f3n, repujado y cincelado a mano. Copa interior de plata, interior dorado. Delicado dise\u00f1o g\u00f3tico de proporcionadas dimensiones. Con seis medallones cincelados en la base de San Pedro, San Pablo, Santiago el Menor, San Juan, San Bartolom\u00e9 y Santiago el Mayor. Completo con patena apatenada 16 cm \u00d8 con aro. Altura cm 21 Copa \u00d8 cm 11\",\"breadcrumb\":{\"@id\":\"https:\/\/www.gruppoliturgico.com\/es\/producto\/caliz-copa-de-plata-4\/#breadcrumb\"},\"inLanguage\":\"es\",\"potentialAction\":[{\"@type\":\"ReadAction\",\"target\":[\"https:\/\/www.gruppoliturgico.com\/es\/producto\/caliz-copa-de-plata-4\/\"]}]},{\"@type\":\"BreadcrumbList\",\"@id\":\"https:\/\/www.gruppoliturgico.com\/es\/producto\/caliz-copa-de-plata-4\/#breadcrumb\",\"itemListElement\":[{\"@type\":\"ListItem\",\"position\":1,\"name\":\"Home\",\"item\":\"https:\/\/www.gruppoliturgico.com\/es\/\"},{\"@type\":\"ListItem\",\"position\":2,\"name\":\"Tienda\",\"item\":\"https:\/\/www.gruppoliturgico.com\/es\/tienda\/\"},{\"@type\":\"ListItem\",\"position\":3,\"name\":\"C\u00e1liz copa de plata\"}]},{\"@type\":\"WebSite\",\"@id\":\"https:\/\/www.gruppoliturgico.com\/es\/#website\",\"url\":\"https:\/\/www.gruppoliturgico.com\/es\/\",\"name\":\"Laboratorio Gruppo Liturgico\",\"description\":\"Articoli Religiosi online\",\"publisher\":{\"@id\":\"https:\/\/www.gruppoliturgico.com\/es\/#organization\"},\"potentialAction\":[{\"@type\":\"SearchAction\",\"target\":{\"@type\":\"EntryPoint\",\"urlTemplate\":\"https:\/\/www.gruppoliturgico.com\/es\/?s={search_term_string}\"},\"query-input\":\"required name=search_term_string\"}],\"inLanguage\":\"es\"},{\"@type\":\"Organization\",\"@id\":\"https:\/\/www.gruppoliturgico.com\/es\/#organization\",\"name\":\"Laboratorio Gruppo Liturgico\",\"url\":\"https:\/\/www.gruppoliturgico.com\/es\/\",\"logo\":{\"@type\":\"ImageObject\",\"inLanguage\":\"es\",\"@id\":\"https:\/\/www.gruppoliturgico.com\/es\/#\/schema\/logo\/image\/\",\"url\":\"https:\/\/www.gruppoliturgico.com\/wp-content\/uploads\/2022\/02\/logo-laboratoriogruppoliturgico.png\",\"contentUrl\":\"https:\/\/www.gruppoliturgico.com\/wp-content\/uploads\/2022\/02\/logo-laboratoriogruppoliturgico.png\",\"width\":400,\"height\":114,\"caption\":\"Laboratorio Gruppo Liturgico\"},\"image\":{\"@id\":\"https:\/\/www.gruppoliturgico.com\/es\/#\/schema\/logo\/image\/\"}}]}<\/script>\n<!-- \/ Yoast SEO plugin. -->","yoast_head_json":{"title":"C\u00e1liz copa de plata - colecci\u00f3n calices y Laboratorio Gruppo Liturgico","description":"C\u00e1liz en fundici\u00f3n, repujado y cincelado a mano.  Copa interior de plata, interior dorado. Delicado dise\u00f1o g\u00f3tico de proporcionadas dimensiones.  Con seis medallones cincelados en la base de San Pedro, San Pablo, Santiago el Menor, San Juan, San Bartolom\u00e9 y Santiago el Mayor. Completo con patena apatenada 16 cm \u00d8 con aro. Altura cm 21  Copa \u00d8 cm 11","robots":{"index":"index","follow":"follow","max-snippet":"max-snippet:-1","max-image-preview":"max-image-preview:large","max-video-preview":"max-video-preview:-1"},"canonical":"https:\/\/www.gruppoliturgico.com\/es\/producto\/caliz-copa-de-plata-4\/","og_locale":"es_ES","og_type":"article","og_title":"C\u00e1liz copa de plata - colecci\u00f3n calices y Laboratorio Gruppo Liturgico","og_description":"C\u00e1liz en fundici\u00f3n, repujado y cincelado a mano.  Copa interior de plata, interior dorado. Delicado dise\u00f1o g\u00f3tico de proporcionadas dimensiones.  Con seis medallones cincelados en la base de San Pedro, San Pablo, Santiago el Menor, San Juan, San Bartolom\u00e9 y Santiago el Mayor. Completo con patena apatenada 16 cm \u00d8 con aro. Altura cm 21  Copa \u00d8 cm 11","og_url":"https:\/\/www.gruppoliturgico.com\/es\/producto\/caliz-copa-de-plata-4\/","og_site_name":"Laboratorio Gruppo Liturgico","article_modified_time":"2022-09-22T09:27:21+00:00","og_image":[{"width":949,"height":1500,"url":"https:\/\/www.gruppoliturgico.com\/wp-content\/uploads\/2022\/05\/3046.jpg","type":"image\/jpeg"}],"twitter_card":"summary_large_image","schema":{"@context":"https:\/\/schema.org","@graph":[{"@type":"WebPage","@id":"https:\/\/www.gruppoliturgico.com\/es\/producto\/caliz-copa-de-plata-4\/","url":"https:\/\/www.gruppoliturgico.com\/es\/producto\/caliz-copa-de-plata-4\/","name":"C\u00e1liz copa de plata - colecci\u00f3n calices y Laboratorio Gruppo Liturgico","isPartOf":{"@id":"https:\/\/www.gruppoliturgico.com\/es\/#website"},"datePublished":"2022-05-20T01:44:58+00:00","dateModified":"2022-09-22T09:27:21+00:00","description":"C\u00e1liz en fundici\u00f3n, repujado y cincelado a mano. Copa interior de plata, interior dorado. Delicado dise\u00f1o g\u00f3tico de proporcionadas dimensiones. Con seis medallones cincelados en la base de San Pedro, San Pablo, Santiago el Menor, San Juan, San Bartolom\u00e9 y Santiago el Mayor. Completo con patena apatenada 16 cm \u00d8 con aro. Altura cm 21 Copa \u00d8 cm 11","breadcrumb":{"@id":"https:\/\/www.gruppoliturgico.com\/es\/producto\/caliz-copa-de-plata-4\/#breadcrumb"},"inLanguage":"es","potentialAction":[{"@type":"ReadAction","target":["https:\/\/www.gruppoliturgico.com\/es\/producto\/caliz-copa-de-plata-4\/"]}]},{"@type":"BreadcrumbList","@id":"https:\/\/www.gruppoliturgico.com\/es\/producto\/caliz-copa-de-plata-4\/#breadcrumb","itemListElement":[{"@type":"ListItem","position":1,"name":"Home","item":"https:\/\/www.gruppoliturgico.com\/es\/"},{"@type":"ListItem","position":2,"name":"Tienda","item":"https:\/\/www.gruppoliturgico.com\/es\/tienda\/"},{"@type":"ListItem","position":3,"name":"C\u00e1liz copa de plata"}]},{"@type":"WebSite","@id":"https:\/\/www.gruppoliturgico.com\/es\/#website","url":"https:\/\/www.gruppoliturgico.com\/es\/","name":"Laboratorio Gruppo Liturgico","description":"Articoli Religiosi online","publisher":{"@id":"https:\/\/www.gruppoliturgico.com\/es\/#organization"},"potentialAction":[{"@type":"SearchAction","target":{"@type":"EntryPoint","urlTemplate":"https:\/\/www.gruppoliturgico.com\/es\/?s={search_term_string}"},"query-input":"required name=search_term_string"}],"inLanguage":"es"},{"@type":"Organization","@id":"https:\/\/www.gruppoliturgico.com\/es\/#organization","name":"Laboratorio Gruppo Liturgico","url":"https:\/\/www.gruppoliturgico.com\/es\/","logo":{"@type":"ImageObject","inLanguage":"es","@id":"https:\/\/www.gruppoliturgico.com\/es\/#\/schema\/logo\/image\/","url":"https:\/\/www.gruppoliturgico.com\/wp-content\/uploads\/2022\/02\/logo-laboratoriogruppoliturgico.png","contentUrl":"https:\/\/www.gruppoliturgico.com\/wp-content\/uploads\/2022\/02\/logo-laboratoriogruppoliturgico.png","width":400,"height":114,"caption":"Laboratorio Gruppo Liturgico"},"image":{"@id":"https:\/\/www.gruppoliturgico.com\/es\/#\/schema\/logo\/image\/"}}]}},"_links":{"self":[{"href":"https:\/\/www.gruppoliturgico.com\/es\/wp-json\/wp\/v2\/product\/68866"}],"collection":[{"href":"https:\/\/www.gruppoliturgico.com\/es\/wp-json\/wp\/v2\/product"}],"about":[{"href":"https:\/\/www.gruppoliturgico.com\/es\/wp-json\/wp\/v2\/types\/product"}],"wp:featuredmedia":[{"embeddable":true,"href":"https:\/\/www.gruppoliturgico.com\/es\/wp-json\/wp\/v2\/media\/130872"}],"wp:attachment":[{"href":"https:\/\/www.gruppoliturgico.com\/es\/wp-json\/wp\/v2\/media?parent=68866"}],"wp:term":[{"taxonomy":"product_cat","embeddable":true,"href":"https:\/\/www.gruppoliturgico.com\/es\/wp-json\/wp\/v2\/product_cat?post=68866"},{"taxonomy":"product_tag","embeddable":true,"href":"https:\/\/www.gruppoliturgico.com\/es\/wp-json\/wp\/v2\/product_tag?post=68866"}],"curies":[{"name":"wp","href":"https:\/\/api.w.org\/{rel}","templated":true}]}}