{"id":68429,"date":"2022-05-20T03:22:30","date_gmt":"2022-05-20T01:22:39","guid":{"rendered":"https:\/\/www.gruppoliturgico.com\/prodotto\/copon-y-pequeno-caliz\/"},"modified":"2022-09-22T17:29:53","modified_gmt":"2022-09-22T15:29:53","slug":"copon-y-pequeno-caliz","status":"publish","type":"product","link":"https:\/\/www.gruppoliturgico.com\/es\/producto\/copon-y-pequeno-caliz\/","title":{"rendered":"Cop\u00f3n y peque\u00f1o c\u00e1liz"},"content":{"rendered":"<html><body><p>para impartir la Sagrada Comuni\u00f3n bajo las dos especies.<br>\nEl peque\u00f1o c\u00e1liz, contenido en su interior, se acopla en la anilla situada en el lateral de la misma p\u00edxide.<br>\nCapacidad para m\u00e1s de 200 part\u00edculas.<br>\nAltura 10 cm<br>\nDi\u00e1metro 14 cm <\/p>\n<\/body><\/html>","protected":false},"excerpt":{"rendered":"<p>para impartir la Sagrada Comuni\u00f3n bajo las dos especies.<br \/>\nEl peque\u00f1o c\u00e1liz, contenido en su interior, se acopla en la anilla situada en el lateral de la misma p\u00edxide.<br \/>\nCapacidad para m\u00e1s de 200 part\u00edculas.<br \/>\nAltura 10 cm<br \/>\nDi\u00e1metro 14 cm <\/p>\n","protected":false},"featured_media":78759,"template":"","meta":[],"product_cat":[12031],"product_tag":[],"yoast_head":"<!-- This site is optimized with the Yoast SEO plugin v20.4 - https:\/\/yoast.com\/wordpress\/plugins\/seo\/ -->\n<title>Cop\u00f3n y peque\u00f1o c\u00e1liz - colecci\u00f3n copones y Laboratorio Gruppo Liturgico<\/title>\n<meta name=\"description\" content=\"para impartir la Sagrada Comuni\u00f3n bajo las dos especies. El peque\u00f1o c\u00e1liz, contenido en su interior, se acopla en la anilla situada en el lateral de la misma p\u00edxide. Capacidad para m\u00e1s de 200 part\u00edculas. Altura 10 cm  Di\u00e1metro 14 cm\" \/>\n<meta name=\"robots\" content=\"index, follow, max-snippet:-1, max-image-preview:large, max-video-preview:-1\" \/>\n<link rel=\"canonical\" href=\"https:\/\/www.gruppoliturgico.com\/es\/producto\/copon-y-pequeno-caliz\/\" \/>\n<meta property=\"og:locale\" content=\"es_ES\" \/>\n<meta property=\"og:type\" content=\"article\" \/>\n<meta property=\"og:title\" content=\"Cop\u00f3n y peque\u00f1o c\u00e1liz - colecci\u00f3n copones y Laboratorio Gruppo Liturgico\" \/>\n<meta property=\"og:description\" content=\"para impartir la Sagrada Comuni\u00f3n bajo las dos especies. El peque\u00f1o c\u00e1liz, contenido en su interior, se acopla en la anilla situada en el lateral de la misma p\u00edxide. Capacidad para m\u00e1s de 200 part\u00edculas. Altura 10 cm  Di\u00e1metro 14 cm\" \/>\n<meta property=\"og:url\" content=\"https:\/\/www.gruppoliturgico.com\/es\/producto\/copon-y-pequeno-caliz\/\" \/>\n<meta property=\"og:site_name\" content=\"Laboratorio Gruppo Liturgico\" \/>\n<meta property=\"article:modified_time\" content=\"2022-09-22T15:29:53+00:00\" \/>\n<meta property=\"og:image\" content=\"https:\/\/www.gruppoliturgico.com\/wp-content\/uploads\/2022\/05\/2196.jpg\" \/>\n\t<meta property=\"og:image:width\" content=\"1500\" \/>\n\t<meta property=\"og:image:height\" content=\"860\" \/>\n\t<meta property=\"og:image:type\" content=\"image\/jpeg\" \/>\n<meta name=\"twitter:card\" content=\"summary_large_image\" \/>\n<script type=\"application\/ld+json\" class=\"yoast-schema-graph\">{\"@context\":\"https:\/\/schema.org\",\"@graph\":[{\"@type\":\"WebPage\",\"@id\":\"https:\/\/www.gruppoliturgico.com\/es\/producto\/copon-y-pequeno-caliz\/\",\"url\":\"https:\/\/www.gruppoliturgico.com\/es\/producto\/copon-y-pequeno-caliz\/\",\"name\":\"Cop\u00f3n y peque\u00f1o c\u00e1liz - colecci\u00f3n copones y Laboratorio Gruppo Liturgico\",\"isPartOf\":{\"@id\":\"https:\/\/www.gruppoliturgico.com\/es\/#website\"},\"datePublished\":\"2022-05-20T01:22:39+00:00\",\"dateModified\":\"2022-09-22T15:29:53+00:00\",\"description\":\"para impartir la Sagrada Comuni\u00f3n bajo las dos especies. El peque\u00f1o c\u00e1liz, contenido en su interior, se acopla en la anilla situada en el lateral de la misma p\u00edxide. Capacidad para m\u00e1s de 200 part\u00edculas. Altura 10 cm Di\u00e1metro 14 cm\",\"breadcrumb\":{\"@id\":\"https:\/\/www.gruppoliturgico.com\/es\/producto\/copon-y-pequeno-caliz\/#breadcrumb\"},\"inLanguage\":\"es\",\"potentialAction\":[{\"@type\":\"ReadAction\",\"target\":[\"https:\/\/www.gruppoliturgico.com\/es\/producto\/copon-y-pequeno-caliz\/\"]}]},{\"@type\":\"BreadcrumbList\",\"@id\":\"https:\/\/www.gruppoliturgico.com\/es\/producto\/copon-y-pequeno-caliz\/#breadcrumb\",\"itemListElement\":[{\"@type\":\"ListItem\",\"position\":1,\"name\":\"Home\",\"item\":\"https:\/\/www.gruppoliturgico.com\/es\/\"},{\"@type\":\"ListItem\",\"position\":2,\"name\":\"Tienda\",\"item\":\"https:\/\/www.gruppoliturgico.com\/es\/tienda\/\"},{\"@type\":\"ListItem\",\"position\":3,\"name\":\"Cop\u00f3n y peque\u00f1o c\u00e1liz\"}]},{\"@type\":\"WebSite\",\"@id\":\"https:\/\/www.gruppoliturgico.com\/es\/#website\",\"url\":\"https:\/\/www.gruppoliturgico.com\/es\/\",\"name\":\"Laboratorio Gruppo Liturgico\",\"description\":\"Articoli Religiosi online\",\"publisher\":{\"@id\":\"https:\/\/www.gruppoliturgico.com\/es\/#organization\"},\"potentialAction\":[{\"@type\":\"SearchAction\",\"target\":{\"@type\":\"EntryPoint\",\"urlTemplate\":\"https:\/\/www.gruppoliturgico.com\/es\/?s={search_term_string}\"},\"query-input\":\"required name=search_term_string\"}],\"inLanguage\":\"es\"},{\"@type\":\"Organization\",\"@id\":\"https:\/\/www.gruppoliturgico.com\/es\/#organization\",\"name\":\"Laboratorio Gruppo Liturgico\",\"url\":\"https:\/\/www.gruppoliturgico.com\/es\/\",\"logo\":{\"@type\":\"ImageObject\",\"inLanguage\":\"es\",\"@id\":\"https:\/\/www.gruppoliturgico.com\/es\/#\/schema\/logo\/image\/\",\"url\":\"https:\/\/www.gruppoliturgico.com\/wp-content\/uploads\/2022\/02\/logo-laboratoriogruppoliturgico.png\",\"contentUrl\":\"https:\/\/www.gruppoliturgico.com\/wp-content\/uploads\/2022\/02\/logo-laboratoriogruppoliturgico.png\",\"width\":400,\"height\":114,\"caption\":\"Laboratorio Gruppo Liturgico\"},\"image\":{\"@id\":\"https:\/\/www.gruppoliturgico.com\/es\/#\/schema\/logo\/image\/\"}}]}<\/script>\n<!-- \/ Yoast SEO plugin. -->","yoast_head_json":{"title":"Cop\u00f3n y peque\u00f1o c\u00e1liz - colecci\u00f3n copones y Laboratorio Gruppo Liturgico","description":"para impartir la Sagrada Comuni\u00f3n bajo las dos especies. El peque\u00f1o c\u00e1liz, contenido en su interior, se acopla en la anilla situada en el lateral de la misma p\u00edxide. Capacidad para m\u00e1s de 200 part\u00edculas. Altura 10 cm  Di\u00e1metro 14 cm","robots":{"index":"index","follow":"follow","max-snippet":"max-snippet:-1","max-image-preview":"max-image-preview:large","max-video-preview":"max-video-preview:-1"},"canonical":"https:\/\/www.gruppoliturgico.com\/es\/producto\/copon-y-pequeno-caliz\/","og_locale":"es_ES","og_type":"article","og_title":"Cop\u00f3n y peque\u00f1o c\u00e1liz - colecci\u00f3n copones y Laboratorio Gruppo Liturgico","og_description":"para impartir la Sagrada Comuni\u00f3n bajo las dos especies. El peque\u00f1o c\u00e1liz, contenido en su interior, se acopla en la anilla situada en el lateral de la misma p\u00edxide. Capacidad para m\u00e1s de 200 part\u00edculas. Altura 10 cm  Di\u00e1metro 14 cm","og_url":"https:\/\/www.gruppoliturgico.com\/es\/producto\/copon-y-pequeno-caliz\/","og_site_name":"Laboratorio Gruppo Liturgico","article_modified_time":"2022-09-22T15:29:53+00:00","og_image":[{"width":1500,"height":860,"url":"https:\/\/www.gruppoliturgico.com\/wp-content\/uploads\/2022\/05\/2196.jpg","type":"image\/jpeg"}],"twitter_card":"summary_large_image","schema":{"@context":"https:\/\/schema.org","@graph":[{"@type":"WebPage","@id":"https:\/\/www.gruppoliturgico.com\/es\/producto\/copon-y-pequeno-caliz\/","url":"https:\/\/www.gruppoliturgico.com\/es\/producto\/copon-y-pequeno-caliz\/","name":"Cop\u00f3n y peque\u00f1o c\u00e1liz - colecci\u00f3n copones y Laboratorio Gruppo Liturgico","isPartOf":{"@id":"https:\/\/www.gruppoliturgico.com\/es\/#website"},"datePublished":"2022-05-20T01:22:39+00:00","dateModified":"2022-09-22T15:29:53+00:00","description":"para impartir la Sagrada Comuni\u00f3n bajo las dos especies. El peque\u00f1o c\u00e1liz, contenido en su interior, se acopla en la anilla situada en el lateral de la misma p\u00edxide. Capacidad para m\u00e1s de 200 part\u00edculas. Altura 10 cm Di\u00e1metro 14 cm","breadcrumb":{"@id":"https:\/\/www.gruppoliturgico.com\/es\/producto\/copon-y-pequeno-caliz\/#breadcrumb"},"inLanguage":"es","potentialAction":[{"@type":"ReadAction","target":["https:\/\/www.gruppoliturgico.com\/es\/producto\/copon-y-pequeno-caliz\/"]}]},{"@type":"BreadcrumbList","@id":"https:\/\/www.gruppoliturgico.com\/es\/producto\/copon-y-pequeno-caliz\/#breadcrumb","itemListElement":[{"@type":"ListItem","position":1,"name":"Home","item":"https:\/\/www.gruppoliturgico.com\/es\/"},{"@type":"ListItem","position":2,"name":"Tienda","item":"https:\/\/www.gruppoliturgico.com\/es\/tienda\/"},{"@type":"ListItem","position":3,"name":"Cop\u00f3n y peque\u00f1o c\u00e1liz"}]},{"@type":"WebSite","@id":"https:\/\/www.gruppoliturgico.com\/es\/#website","url":"https:\/\/www.gruppoliturgico.com\/es\/","name":"Laboratorio Gruppo Liturgico","description":"Articoli Religiosi online","publisher":{"@id":"https:\/\/www.gruppoliturgico.com\/es\/#organization"},"potentialAction":[{"@type":"SearchAction","target":{"@type":"EntryPoint","urlTemplate":"https:\/\/www.gruppoliturgico.com\/es\/?s={search_term_string}"},"query-input":"required name=search_term_string"}],"inLanguage":"es"},{"@type":"Organization","@id":"https:\/\/www.gruppoliturgico.com\/es\/#organization","name":"Laboratorio Gruppo Liturgico","url":"https:\/\/www.gruppoliturgico.com\/es\/","logo":{"@type":"ImageObject","inLanguage":"es","@id":"https:\/\/www.gruppoliturgico.com\/es\/#\/schema\/logo\/image\/","url":"https:\/\/www.gruppoliturgico.com\/wp-content\/uploads\/2022\/02\/logo-laboratoriogruppoliturgico.png","contentUrl":"https:\/\/www.gruppoliturgico.com\/wp-content\/uploads\/2022\/02\/logo-laboratoriogruppoliturgico.png","width":400,"height":114,"caption":"Laboratorio Gruppo Liturgico"},"image":{"@id":"https:\/\/www.gruppoliturgico.com\/es\/#\/schema\/logo\/image\/"}}]}},"_links":{"self":[{"href":"https:\/\/www.gruppoliturgico.com\/es\/wp-json\/wp\/v2\/product\/68429"}],"collection":[{"href":"https:\/\/www.gruppoliturgico.com\/es\/wp-json\/wp\/v2\/product"}],"about":[{"href":"https:\/\/www.gruppoliturgico.com\/es\/wp-json\/wp\/v2\/types\/product"}],"wp:featuredmedia":[{"embeddable":true,"href":"https:\/\/www.gruppoliturgico.com\/es\/wp-json\/wp\/v2\/media\/78759"}],"wp:attachment":[{"href":"https:\/\/www.gruppoliturgico.com\/es\/wp-json\/wp\/v2\/media?parent=68429"}],"wp:term":[{"taxonomy":"product_cat","embeddable":true,"href":"https:\/\/www.gruppoliturgico.com\/es\/wp-json\/wp\/v2\/product_cat?post=68429"},{"taxonomy":"product_tag","embeddable":true,"href":"https:\/\/www.gruppoliturgico.com\/es\/wp-json\/wp\/v2\/product_tag?post=68429"}],"curies":[{"name":"wp","href":"https:\/\/api.w.org\/{rel}","templated":true}]}}