{"id":68377,"date":"2022-05-20T03:19:51","date_gmt":"2022-05-20T01:19:59","guid":{"rendered":"https:\/\/www.gruppoliturgico.com\/prodotto\/caliz-con-patena\/"},"modified":"2022-05-20T11:08:04","modified_gmt":"2022-05-20T09:08:04","slug":"caliz-con-patena","status":"publish","type":"product","link":"https:\/\/www.gruppoliturgico.com\/es\/producto\/caliz-con-patena\/","title":{"rendered":"c\u00e1liz con patena"},"content":{"rendered":"<html><body><p>Modelo \u00fanico y exclusivo de madera torneada completamente a mano, realizado con maderas macizas preciadas de olivo, cerezo, nogal nacional italiano y padouk.<br>\nDecoraci\u00f3n en color natural abrillantado con cera de carnauba.<br>\nCopa de metal dorado con oro fino.<br>\nIncluye su correspondiente patena de 15 cm de di\u00e1metro.<\/p>\n<p>Altura 21 cm<br>\nCopa \u00d8 10 cm <\/p>\n<\/body><\/html>","protected":false},"excerpt":{"rendered":"<p>Modelo \u00fanico y exclusivo de madera torneada completamente a mano, realizado con maderas macizas preciadas de olivo, cerezo, nogal nacional italiano y padouk.<br \/>\nDecoraci\u00f3n en color natural abrillantado con cera de carnauba.<br \/>\nCopa de metal dorado con oro fino.<br \/>\nIncluye su correspondiente patena de 15 cm de di\u00e1metro.<\/p>\n<p>Altura 21 cm<br \/>\nCopa \u00d8 10 cm <\/p>\n","protected":false},"featured_media":130760,"template":"","meta":[],"product_cat":[12023,12027],"product_tag":[],"yoast_head":"<!-- This site is optimized with the Yoast SEO plugin v20.4 - https:\/\/yoast.com\/wordpress\/plugins\/seo\/ -->\n<title>c\u00e1liz con patena - colecci\u00f3n madera de olivo, colecci\u00f3n calices y Laboratorio Gruppo Liturgico<\/title>\n<meta name=\"description\" content=\"Modelo \u00fanico y exclusivo de madera torneada completamente a mano, realizado con maderas macizas preciadas de olivo, cerezo, nogal nacional italiano y padouk. Decoraci\u00f3n en color natural abrillantado con cera de carnauba. Copa de metal dorado con oro fino. Incluye su correspondiente patena de 15 cm de di\u00e1metro.  Altura 21 cm  Copa \u00d8 10 cm\" \/>\n<meta name=\"robots\" content=\"index, follow, max-snippet:-1, max-image-preview:large, max-video-preview:-1\" \/>\n<link rel=\"canonical\" href=\"https:\/\/www.gruppoliturgico.com\/es\/producto\/caliz-con-patena\/\" \/>\n<meta property=\"og:locale\" content=\"es_ES\" \/>\n<meta property=\"og:type\" content=\"article\" \/>\n<meta property=\"og:title\" content=\"c\u00e1liz con patena - colecci\u00f3n madera de olivo, colecci\u00f3n calices y Laboratorio Gruppo Liturgico\" \/>\n<meta property=\"og:description\" content=\"Modelo \u00fanico y exclusivo de madera torneada completamente a mano, realizado con maderas macizas preciadas de olivo, cerezo, nogal nacional italiano y padouk. Decoraci\u00f3n en color natural abrillantado con cera de carnauba. Copa de metal dorado con oro fino. Incluye su correspondiente patena de 15 cm de di\u00e1metro.  Altura 21 cm  Copa \u00d8 10 cm\" \/>\n<meta property=\"og:url\" content=\"https:\/\/www.gruppoliturgico.com\/es\/producto\/caliz-con-patena\/\" \/>\n<meta property=\"og:site_name\" content=\"Laboratorio Gruppo Liturgico\" \/>\n<meta property=\"article:modified_time\" content=\"2022-05-20T09:08:04+00:00\" \/>\n<meta property=\"og:image\" content=\"https:\/\/www.gruppoliturgico.com\/wp-content\/uploads\/2022\/05\/2252-calice-2_inPixio-1.jpg\" \/>\n\t<meta property=\"og:image:width\" content=\"977\" \/>\n\t<meta property=\"og:image:height\" content=\"1400\" \/>\n\t<meta property=\"og:image:type\" content=\"image\/jpeg\" \/>\n<meta name=\"twitter:card\" content=\"summary_large_image\" \/>\n<script type=\"application\/ld+json\" class=\"yoast-schema-graph\">{\"@context\":\"https:\/\/schema.org\",\"@graph\":[{\"@type\":\"WebPage\",\"@id\":\"https:\/\/www.gruppoliturgico.com\/es\/producto\/caliz-con-patena\/\",\"url\":\"https:\/\/www.gruppoliturgico.com\/es\/producto\/caliz-con-patena\/\",\"name\":\"c\u00e1liz con patena - colecci\u00f3n madera de olivo, colecci\u00f3n calices y Laboratorio Gruppo Liturgico\",\"isPartOf\":{\"@id\":\"https:\/\/www.gruppoliturgico.com\/es\/#website\"},\"datePublished\":\"2022-05-20T01:19:59+00:00\",\"dateModified\":\"2022-05-20T09:08:04+00:00\",\"description\":\"Modelo \u00fanico y exclusivo de madera torneada completamente a mano, realizado con maderas macizas preciadas de olivo, cerezo, nogal nacional italiano y padouk. Decoraci\u00f3n en color natural abrillantado con cera de carnauba. Copa de metal dorado con oro fino. Incluye su correspondiente patena de 15 cm de di\u00e1metro. Altura 21 cm Copa \u00d8 10 cm\",\"breadcrumb\":{\"@id\":\"https:\/\/www.gruppoliturgico.com\/es\/producto\/caliz-con-patena\/#breadcrumb\"},\"inLanguage\":\"es\",\"potentialAction\":[{\"@type\":\"ReadAction\",\"target\":[\"https:\/\/www.gruppoliturgico.com\/es\/producto\/caliz-con-patena\/\"]}]},{\"@type\":\"BreadcrumbList\",\"@id\":\"https:\/\/www.gruppoliturgico.com\/es\/producto\/caliz-con-patena\/#breadcrumb\",\"itemListElement\":[{\"@type\":\"ListItem\",\"position\":1,\"name\":\"Home\",\"item\":\"https:\/\/www.gruppoliturgico.com\/es\/\"},{\"@type\":\"ListItem\",\"position\":2,\"name\":\"Tienda\",\"item\":\"https:\/\/www.gruppoliturgico.com\/es\/tienda\/\"},{\"@type\":\"ListItem\",\"position\":3,\"name\":\"c\u00e1liz con patena\"}]},{\"@type\":\"WebSite\",\"@id\":\"https:\/\/www.gruppoliturgico.com\/es\/#website\",\"url\":\"https:\/\/www.gruppoliturgico.com\/es\/\",\"name\":\"Laboratorio Gruppo Liturgico\",\"description\":\"Articoli Religiosi online\",\"publisher\":{\"@id\":\"https:\/\/www.gruppoliturgico.com\/es\/#organization\"},\"potentialAction\":[{\"@type\":\"SearchAction\",\"target\":{\"@type\":\"EntryPoint\",\"urlTemplate\":\"https:\/\/www.gruppoliturgico.com\/es\/?s={search_term_string}\"},\"query-input\":\"required name=search_term_string\"}],\"inLanguage\":\"es\"},{\"@type\":\"Organization\",\"@id\":\"https:\/\/www.gruppoliturgico.com\/es\/#organization\",\"name\":\"Laboratorio Gruppo Liturgico\",\"url\":\"https:\/\/www.gruppoliturgico.com\/es\/\",\"logo\":{\"@type\":\"ImageObject\",\"inLanguage\":\"es\",\"@id\":\"https:\/\/www.gruppoliturgico.com\/es\/#\/schema\/logo\/image\/\",\"url\":\"https:\/\/www.gruppoliturgico.com\/wp-content\/uploads\/2022\/02\/logo-laboratoriogruppoliturgico.png\",\"contentUrl\":\"https:\/\/www.gruppoliturgico.com\/wp-content\/uploads\/2022\/02\/logo-laboratoriogruppoliturgico.png\",\"width\":400,\"height\":114,\"caption\":\"Laboratorio Gruppo Liturgico\"},\"image\":{\"@id\":\"https:\/\/www.gruppoliturgico.com\/es\/#\/schema\/logo\/image\/\"}}]}<\/script>\n<!-- \/ Yoast SEO plugin. -->","yoast_head_json":{"title":"c\u00e1liz con patena - colecci\u00f3n madera de olivo, colecci\u00f3n calices y Laboratorio Gruppo Liturgico","description":"Modelo \u00fanico y exclusivo de madera torneada completamente a mano, realizado con maderas macizas preciadas de olivo, cerezo, nogal nacional italiano y padouk. Decoraci\u00f3n en color natural abrillantado con cera de carnauba. Copa de metal dorado con oro fino. Incluye su correspondiente patena de 15 cm de di\u00e1metro.  Altura 21 cm  Copa \u00d8 10 cm","robots":{"index":"index","follow":"follow","max-snippet":"max-snippet:-1","max-image-preview":"max-image-preview:large","max-video-preview":"max-video-preview:-1"},"canonical":"https:\/\/www.gruppoliturgico.com\/es\/producto\/caliz-con-patena\/","og_locale":"es_ES","og_type":"article","og_title":"c\u00e1liz con patena - colecci\u00f3n madera de olivo, colecci\u00f3n calices y Laboratorio Gruppo Liturgico","og_description":"Modelo \u00fanico y exclusivo de madera torneada completamente a mano, realizado con maderas macizas preciadas de olivo, cerezo, nogal nacional italiano y padouk. Decoraci\u00f3n en color natural abrillantado con cera de carnauba. Copa de metal dorado con oro fino. Incluye su correspondiente patena de 15 cm de di\u00e1metro.  Altura 21 cm  Copa \u00d8 10 cm","og_url":"https:\/\/www.gruppoliturgico.com\/es\/producto\/caliz-con-patena\/","og_site_name":"Laboratorio Gruppo Liturgico","article_modified_time":"2022-05-20T09:08:04+00:00","og_image":[{"width":977,"height":1400,"url":"https:\/\/www.gruppoliturgico.com\/wp-content\/uploads\/2022\/05\/2252-calice-2_inPixio-1.jpg","type":"image\/jpeg"}],"twitter_card":"summary_large_image","schema":{"@context":"https:\/\/schema.org","@graph":[{"@type":"WebPage","@id":"https:\/\/www.gruppoliturgico.com\/es\/producto\/caliz-con-patena\/","url":"https:\/\/www.gruppoliturgico.com\/es\/producto\/caliz-con-patena\/","name":"c\u00e1liz con patena - colecci\u00f3n madera de olivo, colecci\u00f3n calices y Laboratorio Gruppo Liturgico","isPartOf":{"@id":"https:\/\/www.gruppoliturgico.com\/es\/#website"},"datePublished":"2022-05-20T01:19:59+00:00","dateModified":"2022-05-20T09:08:04+00:00","description":"Modelo \u00fanico y exclusivo de madera torneada completamente a mano, realizado con maderas macizas preciadas de olivo, cerezo, nogal nacional italiano y padouk. Decoraci\u00f3n en color natural abrillantado con cera de carnauba. Copa de metal dorado con oro fino. Incluye su correspondiente patena de 15 cm de di\u00e1metro. Altura 21 cm Copa \u00d8 10 cm","breadcrumb":{"@id":"https:\/\/www.gruppoliturgico.com\/es\/producto\/caliz-con-patena\/#breadcrumb"},"inLanguage":"es","potentialAction":[{"@type":"ReadAction","target":["https:\/\/www.gruppoliturgico.com\/es\/producto\/caliz-con-patena\/"]}]},{"@type":"BreadcrumbList","@id":"https:\/\/www.gruppoliturgico.com\/es\/producto\/caliz-con-patena\/#breadcrumb","itemListElement":[{"@type":"ListItem","position":1,"name":"Home","item":"https:\/\/www.gruppoliturgico.com\/es\/"},{"@type":"ListItem","position":2,"name":"Tienda","item":"https:\/\/www.gruppoliturgico.com\/es\/tienda\/"},{"@type":"ListItem","position":3,"name":"c\u00e1liz con patena"}]},{"@type":"WebSite","@id":"https:\/\/www.gruppoliturgico.com\/es\/#website","url":"https:\/\/www.gruppoliturgico.com\/es\/","name":"Laboratorio Gruppo Liturgico","description":"Articoli Religiosi online","publisher":{"@id":"https:\/\/www.gruppoliturgico.com\/es\/#organization"},"potentialAction":[{"@type":"SearchAction","target":{"@type":"EntryPoint","urlTemplate":"https:\/\/www.gruppoliturgico.com\/es\/?s={search_term_string}"},"query-input":"required name=search_term_string"}],"inLanguage":"es"},{"@type":"Organization","@id":"https:\/\/www.gruppoliturgico.com\/es\/#organization","name":"Laboratorio Gruppo Liturgico","url":"https:\/\/www.gruppoliturgico.com\/es\/","logo":{"@type":"ImageObject","inLanguage":"es","@id":"https:\/\/www.gruppoliturgico.com\/es\/#\/schema\/logo\/image\/","url":"https:\/\/www.gruppoliturgico.com\/wp-content\/uploads\/2022\/02\/logo-laboratoriogruppoliturgico.png","contentUrl":"https:\/\/www.gruppoliturgico.com\/wp-content\/uploads\/2022\/02\/logo-laboratoriogruppoliturgico.png","width":400,"height":114,"caption":"Laboratorio Gruppo Liturgico"},"image":{"@id":"https:\/\/www.gruppoliturgico.com\/es\/#\/schema\/logo\/image\/"}}]}},"_links":{"self":[{"href":"https:\/\/www.gruppoliturgico.com\/es\/wp-json\/wp\/v2\/product\/68377"}],"collection":[{"href":"https:\/\/www.gruppoliturgico.com\/es\/wp-json\/wp\/v2\/product"}],"about":[{"href":"https:\/\/www.gruppoliturgico.com\/es\/wp-json\/wp\/v2\/types\/product"}],"wp:featuredmedia":[{"embeddable":true,"href":"https:\/\/www.gruppoliturgico.com\/es\/wp-json\/wp\/v2\/media\/130760"}],"wp:attachment":[{"href":"https:\/\/www.gruppoliturgico.com\/es\/wp-json\/wp\/v2\/media?parent=68377"}],"wp:term":[{"taxonomy":"product_cat","embeddable":true,"href":"https:\/\/www.gruppoliturgico.com\/es\/wp-json\/wp\/v2\/product_cat?post=68377"},{"taxonomy":"product_tag","embeddable":true,"href":"https:\/\/www.gruppoliturgico.com\/es\/wp-json\/wp\/v2\/product_tag?post=68377"}],"curies":[{"name":"wp","href":"https:\/\/api.w.org\/{rel}","templated":true}]}}