{"id":68329,"date":"2022-05-20T03:17:00","date_gmt":"2022-05-20T01:17:45","guid":{"rendered":"https:\/\/www.gruppoliturgico.com\/prodotto\/casulla-65\/"},"modified":"2022-06-15T15:33:27","modified_gmt":"2022-06-15T13:33:27","slug":"casulla-65","status":"publish","type":"product","link":"https:\/\/www.gruppoliturgico.com\/es\/producto\/casulla-65\/","title":{"rendered":"Casulla"},"content":{"rendered":"<html><body><p>Casulla de prestigio confeccionada con un particular tejido de pura lana laminada en oro de alta calidad.<br>\nTiene un adorno de tres aplicaciones de metal envejecido enriquecidas con cristales ornamentales del mismo color que el color lit\u00fargico en el anverso, solo uno en el reverso.<br>\nAdornada con preciosa pasamaner\u00eda dorada.<br>\nFinos acabados de sastrer\u00eda.<\/p>\n<\/body><\/html>","protected":false},"excerpt":{"rendered":"<p>Casulla de prestigio confeccionada con un particular tejido de pura lana laminada en oro de alta calidad.<br \/>\nTiene un adorno de tres aplicaciones de metal envejecido enriquecidas con cristales ornamentales del mismo color que el color lit\u00fargico en el anverso, solo uno en el reverso.<br \/>\nAdornada con preciosa pasamaner\u00eda dorada.<br \/>\nFinos acabados de sastrer\u00eda.<\/p>\n","protected":false},"featured_media":117088,"template":"","meta":[],"product_cat":[12243],"product_tag":[],"yoast_head":"<!-- This site is optimized with the Yoast SEO plugin v20.4 - https:\/\/yoast.com\/wordpress\/plugins\/seo\/ -->\n<title>Casulla - colecci\u00f3n cl\u00e1sica y Laboratorio Gruppo Liturgico<\/title>\n<meta name=\"description\" content=\"Casulla de prestigio confeccionada con un particular tejido de pura lana laminada en oro de alta calidad. Tiene un adorno de tres aplicaciones de metal envejecido enriquecidas con cristales ornamentales del mismo color que el color lit\u00fargico en el anverso, solo uno en el reverso. Adornada con preciosa pasamaner\u00eda dorada. Finos acabados de sastrer\u00eda.\" \/>\n<meta name=\"robots\" content=\"index, follow, max-snippet:-1, max-image-preview:large, max-video-preview:-1\" \/>\n<link rel=\"canonical\" href=\"https:\/\/www.gruppoliturgico.com\/es\/producto\/casulla-65\/\" \/>\n<meta property=\"og:locale\" content=\"es_ES\" \/>\n<meta property=\"og:type\" content=\"article\" \/>\n<meta property=\"og:title\" content=\"Casulla - colecci\u00f3n cl\u00e1sica y Laboratorio Gruppo Liturgico\" \/>\n<meta property=\"og:description\" content=\"Casulla de prestigio confeccionada con un particular tejido de pura lana laminada en oro de alta calidad. Tiene un adorno de tres aplicaciones de metal envejecido enriquecidas con cristales ornamentales del mismo color que el color lit\u00fargico en el anverso, solo uno en el reverso. Adornada con preciosa pasamaner\u00eda dorada. Finos acabados de sastrer\u00eda.\" \/>\n<meta property=\"og:url\" content=\"https:\/\/www.gruppoliturgico.com\/es\/producto\/casulla-65\/\" \/>\n<meta property=\"og:site_name\" content=\"Laboratorio Gruppo Liturgico\" \/>\n<meta property=\"article:modified_time\" content=\"2022-06-15T13:33:27+00:00\" \/>\n<meta property=\"og:image\" content=\"https:\/\/www.gruppoliturgico.com\/wp-content\/uploads\/2022\/09\/3846-verde.jpg\" \/>\n\t<meta property=\"og:image:width\" content=\"1312\" \/>\n\t<meta property=\"og:image:height\" content=\"1500\" \/>\n\t<meta property=\"og:image:type\" content=\"image\/jpeg\" \/>\n<meta name=\"twitter:card\" content=\"summary_large_image\" \/>\n<script type=\"application\/ld+json\" class=\"yoast-schema-graph\">{\"@context\":\"https:\/\/schema.org\",\"@graph\":[{\"@type\":\"WebPage\",\"@id\":\"https:\/\/www.gruppoliturgico.com\/es\/producto\/casulla-65\/\",\"url\":\"https:\/\/www.gruppoliturgico.com\/es\/producto\/casulla-65\/\",\"name\":\"Casulla - colecci\u00f3n cl\u00e1sica y Laboratorio Gruppo Liturgico\",\"isPartOf\":{\"@id\":\"https:\/\/www.gruppoliturgico.com\/es\/#website\"},\"datePublished\":\"2022-05-20T01:17:45+00:00\",\"dateModified\":\"2022-06-15T13:33:27+00:00\",\"description\":\"Casulla de prestigio confeccionada con un particular tejido de pura lana laminada en oro de alta calidad. Tiene un adorno de tres aplicaciones de metal envejecido enriquecidas con cristales ornamentales del mismo color que el color lit\u00fargico en el anverso, solo uno en el reverso. Adornada con preciosa pasamaner\u00eda dorada. Finos acabados de sastrer\u00eda.\",\"breadcrumb\":{\"@id\":\"https:\/\/www.gruppoliturgico.com\/es\/producto\/casulla-65\/#breadcrumb\"},\"inLanguage\":\"es\",\"potentialAction\":[{\"@type\":\"ReadAction\",\"target\":[\"https:\/\/www.gruppoliturgico.com\/es\/producto\/casulla-65\/\"]}]},{\"@type\":\"BreadcrumbList\",\"@id\":\"https:\/\/www.gruppoliturgico.com\/es\/producto\/casulla-65\/#breadcrumb\",\"itemListElement\":[{\"@type\":\"ListItem\",\"position\":1,\"name\":\"Home\",\"item\":\"https:\/\/www.gruppoliturgico.com\/es\/\"},{\"@type\":\"ListItem\",\"position\":2,\"name\":\"Tienda\",\"item\":\"https:\/\/www.gruppoliturgico.com\/es\/tienda\/\"},{\"@type\":\"ListItem\",\"position\":3,\"name\":\"Casulla\"}]},{\"@type\":\"WebSite\",\"@id\":\"https:\/\/www.gruppoliturgico.com\/es\/#website\",\"url\":\"https:\/\/www.gruppoliturgico.com\/es\/\",\"name\":\"Laboratorio Gruppo Liturgico\",\"description\":\"Articoli Religiosi online\",\"publisher\":{\"@id\":\"https:\/\/www.gruppoliturgico.com\/es\/#organization\"},\"potentialAction\":[{\"@type\":\"SearchAction\",\"target\":{\"@type\":\"EntryPoint\",\"urlTemplate\":\"https:\/\/www.gruppoliturgico.com\/es\/?s={search_term_string}\"},\"query-input\":\"required name=search_term_string\"}],\"inLanguage\":\"es\"},{\"@type\":\"Organization\",\"@id\":\"https:\/\/www.gruppoliturgico.com\/es\/#organization\",\"name\":\"Laboratorio Gruppo Liturgico\",\"url\":\"https:\/\/www.gruppoliturgico.com\/es\/\",\"logo\":{\"@type\":\"ImageObject\",\"inLanguage\":\"es\",\"@id\":\"https:\/\/www.gruppoliturgico.com\/es\/#\/schema\/logo\/image\/\",\"url\":\"https:\/\/www.gruppoliturgico.com\/wp-content\/uploads\/2022\/02\/logo-laboratoriogruppoliturgico.png\",\"contentUrl\":\"https:\/\/www.gruppoliturgico.com\/wp-content\/uploads\/2022\/02\/logo-laboratoriogruppoliturgico.png\",\"width\":400,\"height\":114,\"caption\":\"Laboratorio Gruppo Liturgico\"},\"image\":{\"@id\":\"https:\/\/www.gruppoliturgico.com\/es\/#\/schema\/logo\/image\/\"}}]}<\/script>\n<!-- \/ Yoast SEO plugin. -->","yoast_head_json":{"title":"Casulla - colecci\u00f3n cl\u00e1sica y Laboratorio Gruppo Liturgico","description":"Casulla de prestigio confeccionada con un particular tejido de pura lana laminada en oro de alta calidad. Tiene un adorno de tres aplicaciones de metal envejecido enriquecidas con cristales ornamentales del mismo color que el color lit\u00fargico en el anverso, solo uno en el reverso. Adornada con preciosa pasamaner\u00eda dorada. Finos acabados de sastrer\u00eda.","robots":{"index":"index","follow":"follow","max-snippet":"max-snippet:-1","max-image-preview":"max-image-preview:large","max-video-preview":"max-video-preview:-1"},"canonical":"https:\/\/www.gruppoliturgico.com\/es\/producto\/casulla-65\/","og_locale":"es_ES","og_type":"article","og_title":"Casulla - colecci\u00f3n cl\u00e1sica y Laboratorio Gruppo Liturgico","og_description":"Casulla de prestigio confeccionada con un particular tejido de pura lana laminada en oro de alta calidad. Tiene un adorno de tres aplicaciones de metal envejecido enriquecidas con cristales ornamentales del mismo color que el color lit\u00fargico en el anverso, solo uno en el reverso. Adornada con preciosa pasamaner\u00eda dorada. Finos acabados de sastrer\u00eda.","og_url":"https:\/\/www.gruppoliturgico.com\/es\/producto\/casulla-65\/","og_site_name":"Laboratorio Gruppo Liturgico","article_modified_time":"2022-06-15T13:33:27+00:00","og_image":[{"width":1312,"height":1500,"url":"https:\/\/www.gruppoliturgico.com\/wp-content\/uploads\/2022\/09\/3846-verde.jpg","type":"image\/jpeg"}],"twitter_card":"summary_large_image","schema":{"@context":"https:\/\/schema.org","@graph":[{"@type":"WebPage","@id":"https:\/\/www.gruppoliturgico.com\/es\/producto\/casulla-65\/","url":"https:\/\/www.gruppoliturgico.com\/es\/producto\/casulla-65\/","name":"Casulla - colecci\u00f3n cl\u00e1sica y Laboratorio Gruppo Liturgico","isPartOf":{"@id":"https:\/\/www.gruppoliturgico.com\/es\/#website"},"datePublished":"2022-05-20T01:17:45+00:00","dateModified":"2022-06-15T13:33:27+00:00","description":"Casulla de prestigio confeccionada con un particular tejido de pura lana laminada en oro de alta calidad. Tiene un adorno de tres aplicaciones de metal envejecido enriquecidas con cristales ornamentales del mismo color que el color lit\u00fargico en el anverso, solo uno en el reverso. Adornada con preciosa pasamaner\u00eda dorada. Finos acabados de sastrer\u00eda.","breadcrumb":{"@id":"https:\/\/www.gruppoliturgico.com\/es\/producto\/casulla-65\/#breadcrumb"},"inLanguage":"es","potentialAction":[{"@type":"ReadAction","target":["https:\/\/www.gruppoliturgico.com\/es\/producto\/casulla-65\/"]}]},{"@type":"BreadcrumbList","@id":"https:\/\/www.gruppoliturgico.com\/es\/producto\/casulla-65\/#breadcrumb","itemListElement":[{"@type":"ListItem","position":1,"name":"Home","item":"https:\/\/www.gruppoliturgico.com\/es\/"},{"@type":"ListItem","position":2,"name":"Tienda","item":"https:\/\/www.gruppoliturgico.com\/es\/tienda\/"},{"@type":"ListItem","position":3,"name":"Casulla"}]},{"@type":"WebSite","@id":"https:\/\/www.gruppoliturgico.com\/es\/#website","url":"https:\/\/www.gruppoliturgico.com\/es\/","name":"Laboratorio Gruppo Liturgico","description":"Articoli Religiosi online","publisher":{"@id":"https:\/\/www.gruppoliturgico.com\/es\/#organization"},"potentialAction":[{"@type":"SearchAction","target":{"@type":"EntryPoint","urlTemplate":"https:\/\/www.gruppoliturgico.com\/es\/?s={search_term_string}"},"query-input":"required name=search_term_string"}],"inLanguage":"es"},{"@type":"Organization","@id":"https:\/\/www.gruppoliturgico.com\/es\/#organization","name":"Laboratorio Gruppo Liturgico","url":"https:\/\/www.gruppoliturgico.com\/es\/","logo":{"@type":"ImageObject","inLanguage":"es","@id":"https:\/\/www.gruppoliturgico.com\/es\/#\/schema\/logo\/image\/","url":"https:\/\/www.gruppoliturgico.com\/wp-content\/uploads\/2022\/02\/logo-laboratoriogruppoliturgico.png","contentUrl":"https:\/\/www.gruppoliturgico.com\/wp-content\/uploads\/2022\/02\/logo-laboratoriogruppoliturgico.png","width":400,"height":114,"caption":"Laboratorio Gruppo Liturgico"},"image":{"@id":"https:\/\/www.gruppoliturgico.com\/es\/#\/schema\/logo\/image\/"}}]}},"_links":{"self":[{"href":"https:\/\/www.gruppoliturgico.com\/es\/wp-json\/wp\/v2\/product\/68329"}],"collection":[{"href":"https:\/\/www.gruppoliturgico.com\/es\/wp-json\/wp\/v2\/product"}],"about":[{"href":"https:\/\/www.gruppoliturgico.com\/es\/wp-json\/wp\/v2\/types\/product"}],"wp:featuredmedia":[{"embeddable":true,"href":"https:\/\/www.gruppoliturgico.com\/es\/wp-json\/wp\/v2\/media\/117088"}],"wp:attachment":[{"href":"https:\/\/www.gruppoliturgico.com\/es\/wp-json\/wp\/v2\/media?parent=68329"}],"wp:term":[{"taxonomy":"product_cat","embeddable":true,"href":"https:\/\/www.gruppoliturgico.com\/es\/wp-json\/wp\/v2\/product_cat?post=68329"},{"taxonomy":"product_tag","embeddable":true,"href":"https:\/\/www.gruppoliturgico.com\/es\/wp-json\/wp\/v2\/product_tag?post=68329"}],"curies":[{"name":"wp","href":"https:\/\/api.w.org\/{rel}","templated":true}]}}