{"id":68272,"date":"2022-05-20T03:14:00","date_gmt":"2022-05-20T01:14:49","guid":{"rendered":"https:\/\/www.gruppoliturgico.com\/prodotto\/casula-2\/"},"modified":"2022-06-15T15:38:55","modified_gmt":"2022-06-15T13:38:55","slug":"casula-2","status":"publish","type":"product","link":"https:\/\/www.gruppoliturgico.com\/es\/producto\/casula-2\/","title":{"rendered":"Casulla"},"content":{"rendered":"<html><body><p>Casulla de pura lana fin\u00edsima laminada dorada de estilo medieval.<br>\nEstol\u00f3n y el cuello quedan embellecidos por una particolar decoraci\u00f3n hecha con un tejido en el que resaltan los adornos dorados de estilo arabesco.<br>\nLa parte que une el cuello con estol\u00f3n central est\u00e1 embellecida por piedras duras ornamentales del color de la casulla.<br>\nEl estol\u00f3n central tambi\u00e9n aparece en la parte de atr\u00e1s de la casulla.<br>\nDisponible en los cuatros colores lit\u00fargicos y en color rosa.<\/p>\n<\/body><\/html>","protected":false},"excerpt":{"rendered":"<p>Casulla de pura lana fin\u00edsima laminada dorada de estilo medieval.<br \/>\nEstol\u00f3n y el cuello quedan embellecidos por una particolar decoraci\u00f3n hecha con un tejido en el que resaltan los adornos dorados de estilo arabesco.<br \/>\nLa parte que une el cuello con estol\u00f3n central est\u00e1 embellecida por piedras duras ornamentales del color de la casulla.<br \/>\nEl estol\u00f3n central tambi\u00e9n aparece en la parte de atr\u00e1s de la casulla.<br \/>\nDisponible en los cuatros colores lit\u00fargicos y en color rosa.<\/p>\n","protected":false},"featured_media":128855,"template":"","meta":[],"product_cat":[12243],"product_tag":[],"yoast_head":"<!-- This site is optimized with the Yoast SEO plugin v20.4 - https:\/\/yoast.com\/wordpress\/plugins\/seo\/ -->\n<title>Casulla - colecci\u00f3n cl\u00e1sica y Laboratorio Gruppo Liturgico<\/title>\n<meta name=\"description\" content=\"Casulla de pura lana fin\u00edsima laminada dorada de estilo medieval. Estol\u00f3n y el cuello quedan embellecidos por una particolar decoraci\u00f3n hecha con un tejido en el que resaltan los adornos dorados de estilo arabesco. La parte que une el cuello con estol\u00f3n central est\u00e1 embellecida por piedras duras ornamentales del color de la casulla. El estol\u00f3n central tambi\u00e9n aparece en la parte de atr\u00e1s de la casulla. Disponible en los cuatros colores lit\u00fargicos y en color rosa.\" \/>\n<meta name=\"robots\" content=\"index, follow, max-snippet:-1, max-image-preview:large, max-video-preview:-1\" \/>\n<link rel=\"canonical\" href=\"https:\/\/www.gruppoliturgico.com\/es\/producto\/casula-2\/\" \/>\n<meta property=\"og:locale\" content=\"es_ES\" \/>\n<meta property=\"og:type\" content=\"article\" \/>\n<meta property=\"og:title\" content=\"Casulla - colecci\u00f3n cl\u00e1sica y Laboratorio Gruppo Liturgico\" \/>\n<meta property=\"og:description\" content=\"Casulla de pura lana fin\u00edsima laminada dorada de estilo medieval. Estol\u00f3n y el cuello quedan embellecidos por una particolar decoraci\u00f3n hecha con un tejido en el que resaltan los adornos dorados de estilo arabesco. La parte que une el cuello con estol\u00f3n central est\u00e1 embellecida por piedras duras ornamentales del color de la casulla. El estol\u00f3n central tambi\u00e9n aparece en la parte de atr\u00e1s de la casulla. Disponible en los cuatros colores lit\u00fargicos y en color rosa.\" \/>\n<meta property=\"og:url\" content=\"https:\/\/www.gruppoliturgico.com\/es\/producto\/casula-2\/\" \/>\n<meta property=\"og:site_name\" content=\"Laboratorio Gruppo Liturgico\" \/>\n<meta property=\"article:modified_time\" content=\"2022-06-15T13:38:55+00:00\" \/>\n<meta property=\"og:image\" content=\"https:\/\/www.gruppoliturgico.com\/wp-content\/uploads\/2022\/09\/3451-rosso-9.jpg\" \/>\n\t<meta property=\"og:image:width\" content=\"1199\" \/>\n\t<meta property=\"og:image:height\" content=\"1500\" \/>\n\t<meta property=\"og:image:type\" content=\"image\/jpeg\" \/>\n<meta name=\"twitter:card\" content=\"summary_large_image\" \/>\n<script type=\"application\/ld+json\" class=\"yoast-schema-graph\">{\"@context\":\"https:\/\/schema.org\",\"@graph\":[{\"@type\":\"WebPage\",\"@id\":\"https:\/\/www.gruppoliturgico.com\/es\/producto\/casula-2\/\",\"url\":\"https:\/\/www.gruppoliturgico.com\/es\/producto\/casula-2\/\",\"name\":\"Casulla - colecci\u00f3n cl\u00e1sica y Laboratorio Gruppo Liturgico\",\"isPartOf\":{\"@id\":\"https:\/\/www.gruppoliturgico.com\/es\/#website\"},\"datePublished\":\"2022-05-20T01:14:49+00:00\",\"dateModified\":\"2022-06-15T13:38:55+00:00\",\"description\":\"Casulla de pura lana fin\u00edsima laminada dorada de estilo medieval. Estol\u00f3n y el cuello quedan embellecidos por una particolar decoraci\u00f3n hecha con un tejido en el que resaltan los adornos dorados de estilo arabesco. La parte que une el cuello con estol\u00f3n central est\u00e1 embellecida por piedras duras ornamentales del color de la casulla. El estol\u00f3n central tambi\u00e9n aparece en la parte de atr\u00e1s de la casulla. Disponible en los cuatros colores lit\u00fargicos y en color rosa.\",\"breadcrumb\":{\"@id\":\"https:\/\/www.gruppoliturgico.com\/es\/producto\/casula-2\/#breadcrumb\"},\"inLanguage\":\"es\",\"potentialAction\":[{\"@type\":\"ReadAction\",\"target\":[\"https:\/\/www.gruppoliturgico.com\/es\/producto\/casula-2\/\"]}]},{\"@type\":\"BreadcrumbList\",\"@id\":\"https:\/\/www.gruppoliturgico.com\/es\/producto\/casula-2\/#breadcrumb\",\"itemListElement\":[{\"@type\":\"ListItem\",\"position\":1,\"name\":\"Home\",\"item\":\"https:\/\/www.gruppoliturgico.com\/es\/\"},{\"@type\":\"ListItem\",\"position\":2,\"name\":\"Tienda\",\"item\":\"https:\/\/www.gruppoliturgico.com\/es\/tienda\/\"},{\"@type\":\"ListItem\",\"position\":3,\"name\":\"Casulla\"}]},{\"@type\":\"WebSite\",\"@id\":\"https:\/\/www.gruppoliturgico.com\/es\/#website\",\"url\":\"https:\/\/www.gruppoliturgico.com\/es\/\",\"name\":\"Laboratorio Gruppo Liturgico\",\"description\":\"Articoli Religiosi online\",\"publisher\":{\"@id\":\"https:\/\/www.gruppoliturgico.com\/es\/#organization\"},\"potentialAction\":[{\"@type\":\"SearchAction\",\"target\":{\"@type\":\"EntryPoint\",\"urlTemplate\":\"https:\/\/www.gruppoliturgico.com\/es\/?s={search_term_string}\"},\"query-input\":\"required name=search_term_string\"}],\"inLanguage\":\"es\"},{\"@type\":\"Organization\",\"@id\":\"https:\/\/www.gruppoliturgico.com\/es\/#organization\",\"name\":\"Laboratorio Gruppo Liturgico\",\"url\":\"https:\/\/www.gruppoliturgico.com\/es\/\",\"logo\":{\"@type\":\"ImageObject\",\"inLanguage\":\"es\",\"@id\":\"https:\/\/www.gruppoliturgico.com\/es\/#\/schema\/logo\/image\/\",\"url\":\"https:\/\/www.gruppoliturgico.com\/wp-content\/uploads\/2022\/02\/logo-laboratoriogruppoliturgico.png\",\"contentUrl\":\"https:\/\/www.gruppoliturgico.com\/wp-content\/uploads\/2022\/02\/logo-laboratoriogruppoliturgico.png\",\"width\":400,\"height\":114,\"caption\":\"Laboratorio Gruppo Liturgico\"},\"image\":{\"@id\":\"https:\/\/www.gruppoliturgico.com\/es\/#\/schema\/logo\/image\/\"}}]}<\/script>\n<!-- \/ Yoast SEO plugin. -->","yoast_head_json":{"title":"Casulla - colecci\u00f3n cl\u00e1sica y Laboratorio Gruppo Liturgico","description":"Casulla de pura lana fin\u00edsima laminada dorada de estilo medieval. Estol\u00f3n y el cuello quedan embellecidos por una particolar decoraci\u00f3n hecha con un tejido en el que resaltan los adornos dorados de estilo arabesco. La parte que une el cuello con estol\u00f3n central est\u00e1 embellecida por piedras duras ornamentales del color de la casulla. El estol\u00f3n central tambi\u00e9n aparece en la parte de atr\u00e1s de la casulla. Disponible en los cuatros colores lit\u00fargicos y en color rosa.","robots":{"index":"index","follow":"follow","max-snippet":"max-snippet:-1","max-image-preview":"max-image-preview:large","max-video-preview":"max-video-preview:-1"},"canonical":"https:\/\/www.gruppoliturgico.com\/es\/producto\/casula-2\/","og_locale":"es_ES","og_type":"article","og_title":"Casulla - colecci\u00f3n cl\u00e1sica y Laboratorio Gruppo Liturgico","og_description":"Casulla de pura lana fin\u00edsima laminada dorada de estilo medieval. Estol\u00f3n y el cuello quedan embellecidos por una particolar decoraci\u00f3n hecha con un tejido en el que resaltan los adornos dorados de estilo arabesco. La parte que une el cuello con estol\u00f3n central est\u00e1 embellecida por piedras duras ornamentales del color de la casulla. El estol\u00f3n central tambi\u00e9n aparece en la parte de atr\u00e1s de la casulla. Disponible en los cuatros colores lit\u00fargicos y en color rosa.","og_url":"https:\/\/www.gruppoliturgico.com\/es\/producto\/casula-2\/","og_site_name":"Laboratorio Gruppo Liturgico","article_modified_time":"2022-06-15T13:38:55+00:00","og_image":[{"width":1199,"height":1500,"url":"https:\/\/www.gruppoliturgico.com\/wp-content\/uploads\/2022\/09\/3451-rosso-9.jpg","type":"image\/jpeg"}],"twitter_card":"summary_large_image","schema":{"@context":"https:\/\/schema.org","@graph":[{"@type":"WebPage","@id":"https:\/\/www.gruppoliturgico.com\/es\/producto\/casula-2\/","url":"https:\/\/www.gruppoliturgico.com\/es\/producto\/casula-2\/","name":"Casulla - colecci\u00f3n cl\u00e1sica y Laboratorio Gruppo Liturgico","isPartOf":{"@id":"https:\/\/www.gruppoliturgico.com\/es\/#website"},"datePublished":"2022-05-20T01:14:49+00:00","dateModified":"2022-06-15T13:38:55+00:00","description":"Casulla de pura lana fin\u00edsima laminada dorada de estilo medieval. Estol\u00f3n y el cuello quedan embellecidos por una particolar decoraci\u00f3n hecha con un tejido en el que resaltan los adornos dorados de estilo arabesco. La parte que une el cuello con estol\u00f3n central est\u00e1 embellecida por piedras duras ornamentales del color de la casulla. El estol\u00f3n central tambi\u00e9n aparece en la parte de atr\u00e1s de la casulla. Disponible en los cuatros colores lit\u00fargicos y en color rosa.","breadcrumb":{"@id":"https:\/\/www.gruppoliturgico.com\/es\/producto\/casula-2\/#breadcrumb"},"inLanguage":"es","potentialAction":[{"@type":"ReadAction","target":["https:\/\/www.gruppoliturgico.com\/es\/producto\/casula-2\/"]}]},{"@type":"BreadcrumbList","@id":"https:\/\/www.gruppoliturgico.com\/es\/producto\/casula-2\/#breadcrumb","itemListElement":[{"@type":"ListItem","position":1,"name":"Home","item":"https:\/\/www.gruppoliturgico.com\/es\/"},{"@type":"ListItem","position":2,"name":"Tienda","item":"https:\/\/www.gruppoliturgico.com\/es\/tienda\/"},{"@type":"ListItem","position":3,"name":"Casulla"}]},{"@type":"WebSite","@id":"https:\/\/www.gruppoliturgico.com\/es\/#website","url":"https:\/\/www.gruppoliturgico.com\/es\/","name":"Laboratorio Gruppo Liturgico","description":"Articoli Religiosi online","publisher":{"@id":"https:\/\/www.gruppoliturgico.com\/es\/#organization"},"potentialAction":[{"@type":"SearchAction","target":{"@type":"EntryPoint","urlTemplate":"https:\/\/www.gruppoliturgico.com\/es\/?s={search_term_string}"},"query-input":"required name=search_term_string"}],"inLanguage":"es"},{"@type":"Organization","@id":"https:\/\/www.gruppoliturgico.com\/es\/#organization","name":"Laboratorio Gruppo Liturgico","url":"https:\/\/www.gruppoliturgico.com\/es\/","logo":{"@type":"ImageObject","inLanguage":"es","@id":"https:\/\/www.gruppoliturgico.com\/es\/#\/schema\/logo\/image\/","url":"https:\/\/www.gruppoliturgico.com\/wp-content\/uploads\/2022\/02\/logo-laboratoriogruppoliturgico.png","contentUrl":"https:\/\/www.gruppoliturgico.com\/wp-content\/uploads\/2022\/02\/logo-laboratoriogruppoliturgico.png","width":400,"height":114,"caption":"Laboratorio Gruppo Liturgico"},"image":{"@id":"https:\/\/www.gruppoliturgico.com\/es\/#\/schema\/logo\/image\/"}}]}},"_links":{"self":[{"href":"https:\/\/www.gruppoliturgico.com\/es\/wp-json\/wp\/v2\/product\/68272"}],"collection":[{"href":"https:\/\/www.gruppoliturgico.com\/es\/wp-json\/wp\/v2\/product"}],"about":[{"href":"https:\/\/www.gruppoliturgico.com\/es\/wp-json\/wp\/v2\/types\/product"}],"wp:featuredmedia":[{"embeddable":true,"href":"https:\/\/www.gruppoliturgico.com\/es\/wp-json\/wp\/v2\/media\/128855"}],"wp:attachment":[{"href":"https:\/\/www.gruppoliturgico.com\/es\/wp-json\/wp\/v2\/media?parent=68272"}],"wp:term":[{"taxonomy":"product_cat","embeddable":true,"href":"https:\/\/www.gruppoliturgico.com\/es\/wp-json\/wp\/v2\/product_cat?post=68272"},{"taxonomy":"product_tag","embeddable":true,"href":"https:\/\/www.gruppoliturgico.com\/es\/wp-json\/wp\/v2\/product_tag?post=68272"}],"curies":[{"name":"wp","href":"https:\/\/api.w.org\/{rel}","templated":true}]}}