{"id":68124,"date":"2022-05-20T03:07:14","date_gmt":"2022-05-20T01:07:22","guid":{"rendered":"https:\/\/www.gruppoliturgico.com\/prodotto\/baculo-14\/"},"modified":"2022-11-10T17:13:46","modified_gmt":"2022-11-10T16:13:46","slug":"baculo-14","status":"publish","type":"product","link":"https:\/\/www.gruppoliturgico.com\/es\/producto\/baculo-14\/","title":{"rendered":"B\u00e1culo"},"content":{"rendered":"<html><body><p>Fine trabajo cincelado a mano con partes en bronce fundido. Dorado de oro fino con partes plateadas para lograr una elegante armon\u00eda crom\u00e1tica.<br>\nFusi\u00f3n de bronce s\u00edmbolo del Cordero de Dios.<br>\nPiedras duras ornamentales.<br>\nAltura cm 40<br>\nIncluye el asta de 150 cm y el malet\u00edn para su transporte.<\/p>\n<\/body><\/html>","protected":false},"excerpt":{"rendered":"<p>Fine trabajo cincelado a mano con partes en bronce fundido. Dorado de oro fino con partes plateadas para lograr una elegante armon\u00eda crom\u00e1tica.<br \/>\nFusi\u00f3n de bronce s\u00edmbolo del Cordero de Dios.<br \/>\nPiedras duras ornamentales.<br \/>\nAltura cm 40<br \/>\nIncluye el asta de 150 cm y el malet\u00edn para su transporte.<\/p>\n","protected":false},"featured_media":135398,"template":"","meta":[],"product_cat":[12119],"product_tag":[],"yoast_head":"<!-- This site is optimized with the Yoast SEO plugin v20.4 - https:\/\/yoast.com\/wordpress\/plugins\/seo\/ -->\n<title>B\u00e1culo - b\u00e1culos y Laboratorio Gruppo Liturgico<\/title>\n<meta name=\"description\" content=\"Fine trabajo cincelado a mano con partes en bronce fundido. Dorado de oro fino con partes plateadas para lograr una elegante armon\u00eda crom\u00e1tica.  Fusi\u00f3n de bronce s\u00edmbolo del Cordero de Dios. Piedras duras ornamentales. Altura cm 40 Incluye el asta de 150 cm y el malet\u00edn para su transporte.\" \/>\n<meta name=\"robots\" content=\"index, follow, max-snippet:-1, max-image-preview:large, max-video-preview:-1\" \/>\n<link rel=\"canonical\" href=\"https:\/\/www.gruppoliturgico.com\/es\/producto\/baculo-14\/\" \/>\n<meta property=\"og:locale\" content=\"es_ES\" \/>\n<meta property=\"og:type\" content=\"article\" \/>\n<meta property=\"og:title\" content=\"B\u00e1culo - b\u00e1culos y Laboratorio Gruppo Liturgico\" \/>\n<meta property=\"og:description\" content=\"Fine trabajo cincelado a mano con partes en bronce fundido. Dorado de oro fino con partes plateadas para lograr una elegante armon\u00eda crom\u00e1tica.  Fusi\u00f3n de bronce s\u00edmbolo del Cordero de Dios. Piedras duras ornamentales. Altura cm 40 Incluye el asta de 150 cm y el malet\u00edn para su transporte.\" \/>\n<meta property=\"og:url\" content=\"https:\/\/www.gruppoliturgico.com\/es\/producto\/baculo-14\/\" \/>\n<meta property=\"og:site_name\" content=\"Laboratorio Gruppo Liturgico\" \/>\n<meta property=\"article:modified_time\" content=\"2022-11-10T16:13:46+00:00\" \/>\n<meta property=\"og:image\" content=\"https:\/\/www.gruppoliturgico.com\/wp-content\/uploads\/2022\/05\/2171-nv.jpg\" \/>\n\t<meta property=\"og:image:width\" content=\"1012\" \/>\n\t<meta property=\"og:image:height\" content=\"2000\" \/>\n\t<meta property=\"og:image:type\" content=\"image\/jpeg\" \/>\n<meta name=\"twitter:card\" content=\"summary_large_image\" \/>\n<script type=\"application\/ld+json\" class=\"yoast-schema-graph\">{\"@context\":\"https:\/\/schema.org\",\"@graph\":[{\"@type\":\"WebPage\",\"@id\":\"https:\/\/www.gruppoliturgico.com\/es\/producto\/baculo-14\/\",\"url\":\"https:\/\/www.gruppoliturgico.com\/es\/producto\/baculo-14\/\",\"name\":\"B\u00e1culo - b\u00e1culos y Laboratorio Gruppo Liturgico\",\"isPartOf\":{\"@id\":\"https:\/\/www.gruppoliturgico.com\/es\/#website\"},\"datePublished\":\"2022-05-20T01:07:22+00:00\",\"dateModified\":\"2022-11-10T16:13:46+00:00\",\"description\":\"Fine trabajo cincelado a mano con partes en bronce fundido. Dorado de oro fino con partes plateadas para lograr una elegante armon\u00eda crom\u00e1tica. Fusi\u00f3n de bronce s\u00edmbolo del Cordero de Dios. Piedras duras ornamentales. Altura cm 40 Incluye el asta de 150 cm y el malet\u00edn para su transporte.\",\"breadcrumb\":{\"@id\":\"https:\/\/www.gruppoliturgico.com\/es\/producto\/baculo-14\/#breadcrumb\"},\"inLanguage\":\"es\",\"potentialAction\":[{\"@type\":\"ReadAction\",\"target\":[\"https:\/\/www.gruppoliturgico.com\/es\/producto\/baculo-14\/\"]}]},{\"@type\":\"BreadcrumbList\",\"@id\":\"https:\/\/www.gruppoliturgico.com\/es\/producto\/baculo-14\/#breadcrumb\",\"itemListElement\":[{\"@type\":\"ListItem\",\"position\":1,\"name\":\"Home\",\"item\":\"https:\/\/www.gruppoliturgico.com\/es\/\"},{\"@type\":\"ListItem\",\"position\":2,\"name\":\"Tienda\",\"item\":\"https:\/\/www.gruppoliturgico.com\/es\/tienda\/\"},{\"@type\":\"ListItem\",\"position\":3,\"name\":\"B\u00e1culo\"}]},{\"@type\":\"WebSite\",\"@id\":\"https:\/\/www.gruppoliturgico.com\/es\/#website\",\"url\":\"https:\/\/www.gruppoliturgico.com\/es\/\",\"name\":\"Laboratorio Gruppo Liturgico\",\"description\":\"Articoli Religiosi online\",\"publisher\":{\"@id\":\"https:\/\/www.gruppoliturgico.com\/es\/#organization\"},\"potentialAction\":[{\"@type\":\"SearchAction\",\"target\":{\"@type\":\"EntryPoint\",\"urlTemplate\":\"https:\/\/www.gruppoliturgico.com\/es\/?s={search_term_string}\"},\"query-input\":\"required name=search_term_string\"}],\"inLanguage\":\"es\"},{\"@type\":\"Organization\",\"@id\":\"https:\/\/www.gruppoliturgico.com\/es\/#organization\",\"name\":\"Laboratorio Gruppo Liturgico\",\"url\":\"https:\/\/www.gruppoliturgico.com\/es\/\",\"logo\":{\"@type\":\"ImageObject\",\"inLanguage\":\"es\",\"@id\":\"https:\/\/www.gruppoliturgico.com\/es\/#\/schema\/logo\/image\/\",\"url\":\"https:\/\/www.gruppoliturgico.com\/wp-content\/uploads\/2022\/02\/logo-laboratoriogruppoliturgico.png\",\"contentUrl\":\"https:\/\/www.gruppoliturgico.com\/wp-content\/uploads\/2022\/02\/logo-laboratoriogruppoliturgico.png\",\"width\":400,\"height\":114,\"caption\":\"Laboratorio Gruppo Liturgico\"},\"image\":{\"@id\":\"https:\/\/www.gruppoliturgico.com\/es\/#\/schema\/logo\/image\/\"}}]}<\/script>\n<!-- \/ Yoast SEO plugin. -->","yoast_head_json":{"title":"B\u00e1culo - b\u00e1culos y Laboratorio Gruppo Liturgico","description":"Fine trabajo cincelado a mano con partes en bronce fundido. Dorado de oro fino con partes plateadas para lograr una elegante armon\u00eda crom\u00e1tica.  Fusi\u00f3n de bronce s\u00edmbolo del Cordero de Dios. Piedras duras ornamentales. Altura cm 40 Incluye el asta de 150 cm y el malet\u00edn para su transporte.","robots":{"index":"index","follow":"follow","max-snippet":"max-snippet:-1","max-image-preview":"max-image-preview:large","max-video-preview":"max-video-preview:-1"},"canonical":"https:\/\/www.gruppoliturgico.com\/es\/producto\/baculo-14\/","og_locale":"es_ES","og_type":"article","og_title":"B\u00e1culo - b\u00e1culos y Laboratorio Gruppo Liturgico","og_description":"Fine trabajo cincelado a mano con partes en bronce fundido. Dorado de oro fino con partes plateadas para lograr una elegante armon\u00eda crom\u00e1tica.  Fusi\u00f3n de bronce s\u00edmbolo del Cordero de Dios. Piedras duras ornamentales. Altura cm 40 Incluye el asta de 150 cm y el malet\u00edn para su transporte.","og_url":"https:\/\/www.gruppoliturgico.com\/es\/producto\/baculo-14\/","og_site_name":"Laboratorio Gruppo Liturgico","article_modified_time":"2022-11-10T16:13:46+00:00","og_image":[{"width":1012,"height":2000,"url":"https:\/\/www.gruppoliturgico.com\/wp-content\/uploads\/2022\/05\/2171-nv.jpg","type":"image\/jpeg"}],"twitter_card":"summary_large_image","schema":{"@context":"https:\/\/schema.org","@graph":[{"@type":"WebPage","@id":"https:\/\/www.gruppoliturgico.com\/es\/producto\/baculo-14\/","url":"https:\/\/www.gruppoliturgico.com\/es\/producto\/baculo-14\/","name":"B\u00e1culo - b\u00e1culos y Laboratorio Gruppo Liturgico","isPartOf":{"@id":"https:\/\/www.gruppoliturgico.com\/es\/#website"},"datePublished":"2022-05-20T01:07:22+00:00","dateModified":"2022-11-10T16:13:46+00:00","description":"Fine trabajo cincelado a mano con partes en bronce fundido. Dorado de oro fino con partes plateadas para lograr una elegante armon\u00eda crom\u00e1tica. Fusi\u00f3n de bronce s\u00edmbolo del Cordero de Dios. Piedras duras ornamentales. Altura cm 40 Incluye el asta de 150 cm y el malet\u00edn para su transporte.","breadcrumb":{"@id":"https:\/\/www.gruppoliturgico.com\/es\/producto\/baculo-14\/#breadcrumb"},"inLanguage":"es","potentialAction":[{"@type":"ReadAction","target":["https:\/\/www.gruppoliturgico.com\/es\/producto\/baculo-14\/"]}]},{"@type":"BreadcrumbList","@id":"https:\/\/www.gruppoliturgico.com\/es\/producto\/baculo-14\/#breadcrumb","itemListElement":[{"@type":"ListItem","position":1,"name":"Home","item":"https:\/\/www.gruppoliturgico.com\/es\/"},{"@type":"ListItem","position":2,"name":"Tienda","item":"https:\/\/www.gruppoliturgico.com\/es\/tienda\/"},{"@type":"ListItem","position":3,"name":"B\u00e1culo"}]},{"@type":"WebSite","@id":"https:\/\/www.gruppoliturgico.com\/es\/#website","url":"https:\/\/www.gruppoliturgico.com\/es\/","name":"Laboratorio Gruppo Liturgico","description":"Articoli Religiosi online","publisher":{"@id":"https:\/\/www.gruppoliturgico.com\/es\/#organization"},"potentialAction":[{"@type":"SearchAction","target":{"@type":"EntryPoint","urlTemplate":"https:\/\/www.gruppoliturgico.com\/es\/?s={search_term_string}"},"query-input":"required name=search_term_string"}],"inLanguage":"es"},{"@type":"Organization","@id":"https:\/\/www.gruppoliturgico.com\/es\/#organization","name":"Laboratorio Gruppo Liturgico","url":"https:\/\/www.gruppoliturgico.com\/es\/","logo":{"@type":"ImageObject","inLanguage":"es","@id":"https:\/\/www.gruppoliturgico.com\/es\/#\/schema\/logo\/image\/","url":"https:\/\/www.gruppoliturgico.com\/wp-content\/uploads\/2022\/02\/logo-laboratoriogruppoliturgico.png","contentUrl":"https:\/\/www.gruppoliturgico.com\/wp-content\/uploads\/2022\/02\/logo-laboratoriogruppoliturgico.png","width":400,"height":114,"caption":"Laboratorio Gruppo Liturgico"},"image":{"@id":"https:\/\/www.gruppoliturgico.com\/es\/#\/schema\/logo\/image\/"}}]}},"_links":{"self":[{"href":"https:\/\/www.gruppoliturgico.com\/es\/wp-json\/wp\/v2\/product\/68124"}],"collection":[{"href":"https:\/\/www.gruppoliturgico.com\/es\/wp-json\/wp\/v2\/product"}],"about":[{"href":"https:\/\/www.gruppoliturgico.com\/es\/wp-json\/wp\/v2\/types\/product"}],"wp:featuredmedia":[{"embeddable":true,"href":"https:\/\/www.gruppoliturgico.com\/es\/wp-json\/wp\/v2\/media\/135398"}],"wp:attachment":[{"href":"https:\/\/www.gruppoliturgico.com\/es\/wp-json\/wp\/v2\/media?parent=68124"}],"wp:term":[{"taxonomy":"product_cat","embeddable":true,"href":"https:\/\/www.gruppoliturgico.com\/es\/wp-json\/wp\/v2\/product_cat?post=68124"},{"taxonomy":"product_tag","embeddable":true,"href":"https:\/\/www.gruppoliturgico.com\/es\/wp-json\/wp\/v2\/product_tag?post=68124"}],"curies":[{"name":"wp","href":"https:\/\/api.w.org\/{rel}","templated":true}]}}