{"id":68016,"date":"2022-05-20T03:01:41","date_gmt":"2022-05-20T01:01:51","guid":{"rendered":"https:\/\/www.gruppoliturgico.com\/prodotto\/tabor-12\/"},"modified":"2022-05-20T10:50:50","modified_gmt":"2022-05-20T08:50:50","slug":"tabor-12","status":"publish","type":"product","link":"https:\/\/www.gruppoliturgico.com\/es\/producto\/tabor-12\/","title":{"rendered":"tabor"},"content":{"rendered":"<html><body><p>Magn\u00edfico capitel en estilo barroco se transforma en base para custodia.<br>\nEn fundici\u00f3n, tratado con dorado con efecto antiguo. <\/p>\n<p>Base \u00d8 cm 26<br>\nAltura cm 21 <\/p>\n<\/body><\/html>","protected":false},"excerpt":{"rendered":"<p>Magn\u00edfico capitel en estilo barroco se transforma en base para custodia.<br \/>\nEn fundici\u00f3n, tratado con dorado con efecto antiguo. <\/p>\n<p>Base \u00d8 cm 26<br \/>\nAltura cm 21 <\/p>\n","protected":false},"featured_media":132798,"template":"","meta":[],"product_cat":[12071],"product_tag":[],"yoast_head":"<!-- This site is optimized with the Yoast SEO plugin v20.4 - https:\/\/yoast.com\/wordpress\/plugins\/seo\/ -->\n<title>tabor - tabores y Laboratorio Gruppo Liturgico<\/title>\n<meta name=\"description\" content=\"Magn\u00edfico capitel en estilo barroco se transforma en base para custodia.  En fundici\u00f3n, tratado con dorado con efecto antiguo.   Base \u00d8 cm 26  Altura cm 21\" \/>\n<meta name=\"robots\" content=\"index, follow, max-snippet:-1, max-image-preview:large, max-video-preview:-1\" \/>\n<link rel=\"canonical\" href=\"https:\/\/www.gruppoliturgico.com\/es\/producto\/tabor-12\/\" \/>\n<meta property=\"og:locale\" content=\"es_ES\" \/>\n<meta property=\"og:type\" content=\"article\" \/>\n<meta property=\"og:title\" content=\"tabor - tabores y Laboratorio Gruppo Liturgico\" \/>\n<meta property=\"og:description\" content=\"Magn\u00edfico capitel en estilo barroco se transforma en base para custodia.  En fundici\u00f3n, tratado con dorado con efecto antiguo.   Base \u00d8 cm 26  Altura cm 21\" \/>\n<meta property=\"og:url\" content=\"https:\/\/www.gruppoliturgico.com\/es\/producto\/tabor-12\/\" \/>\n<meta property=\"og:site_name\" content=\"Laboratorio Gruppo Liturgico\" \/>\n<meta property=\"article:modified_time\" content=\"2022-05-20T08:50:50+00:00\" \/>\n<meta property=\"og:image\" content=\"https:\/\/www.gruppoliturgico.com\/wp-content\/uploads\/2022\/05\/2534-nv.jpg\" \/>\n\t<meta property=\"og:image:width\" content=\"2002\" \/>\n\t<meta property=\"og:image:height\" content=\"2000\" \/>\n\t<meta property=\"og:image:type\" content=\"image\/jpeg\" \/>\n<meta name=\"twitter:card\" content=\"summary_large_image\" \/>\n<script type=\"application\/ld+json\" class=\"yoast-schema-graph\">{\"@context\":\"https:\/\/schema.org\",\"@graph\":[{\"@type\":\"WebPage\",\"@id\":\"https:\/\/www.gruppoliturgico.com\/es\/producto\/tabor-12\/\",\"url\":\"https:\/\/www.gruppoliturgico.com\/es\/producto\/tabor-12\/\",\"name\":\"tabor - tabores y Laboratorio Gruppo Liturgico\",\"isPartOf\":{\"@id\":\"https:\/\/www.gruppoliturgico.com\/es\/#website\"},\"datePublished\":\"2022-05-20T01:01:51+00:00\",\"dateModified\":\"2022-05-20T08:50:50+00:00\",\"description\":\"Magn\u00edfico capitel en estilo barroco se transforma en base para custodia. En fundici\u00f3n, tratado con dorado con efecto antiguo. Base \u00d8 cm 26 Altura cm 21\",\"breadcrumb\":{\"@id\":\"https:\/\/www.gruppoliturgico.com\/es\/producto\/tabor-12\/#breadcrumb\"},\"inLanguage\":\"es\",\"potentialAction\":[{\"@type\":\"ReadAction\",\"target\":[\"https:\/\/www.gruppoliturgico.com\/es\/producto\/tabor-12\/\"]}]},{\"@type\":\"BreadcrumbList\",\"@id\":\"https:\/\/www.gruppoliturgico.com\/es\/producto\/tabor-12\/#breadcrumb\",\"itemListElement\":[{\"@type\":\"ListItem\",\"position\":1,\"name\":\"Home\",\"item\":\"https:\/\/www.gruppoliturgico.com\/es\/\"},{\"@type\":\"ListItem\",\"position\":2,\"name\":\"Tienda\",\"item\":\"https:\/\/www.gruppoliturgico.com\/es\/tienda\/\"},{\"@type\":\"ListItem\",\"position\":3,\"name\":\"tabor\"}]},{\"@type\":\"WebSite\",\"@id\":\"https:\/\/www.gruppoliturgico.com\/es\/#website\",\"url\":\"https:\/\/www.gruppoliturgico.com\/es\/\",\"name\":\"Laboratorio Gruppo Liturgico\",\"description\":\"Articoli Religiosi online\",\"publisher\":{\"@id\":\"https:\/\/www.gruppoliturgico.com\/es\/#organization\"},\"potentialAction\":[{\"@type\":\"SearchAction\",\"target\":{\"@type\":\"EntryPoint\",\"urlTemplate\":\"https:\/\/www.gruppoliturgico.com\/es\/?s={search_term_string}\"},\"query-input\":\"required name=search_term_string\"}],\"inLanguage\":\"es\"},{\"@type\":\"Organization\",\"@id\":\"https:\/\/www.gruppoliturgico.com\/es\/#organization\",\"name\":\"Laboratorio Gruppo Liturgico\",\"url\":\"https:\/\/www.gruppoliturgico.com\/es\/\",\"logo\":{\"@type\":\"ImageObject\",\"inLanguage\":\"es\",\"@id\":\"https:\/\/www.gruppoliturgico.com\/es\/#\/schema\/logo\/image\/\",\"url\":\"https:\/\/www.gruppoliturgico.com\/wp-content\/uploads\/2022\/02\/logo-laboratoriogruppoliturgico.png\",\"contentUrl\":\"https:\/\/www.gruppoliturgico.com\/wp-content\/uploads\/2022\/02\/logo-laboratoriogruppoliturgico.png\",\"width\":400,\"height\":114,\"caption\":\"Laboratorio Gruppo Liturgico\"},\"image\":{\"@id\":\"https:\/\/www.gruppoliturgico.com\/es\/#\/schema\/logo\/image\/\"}}]}<\/script>\n<!-- \/ Yoast SEO plugin. -->","yoast_head_json":{"title":"tabor - tabores y Laboratorio Gruppo Liturgico","description":"Magn\u00edfico capitel en estilo barroco se transforma en base para custodia.  En fundici\u00f3n, tratado con dorado con efecto antiguo.   Base \u00d8 cm 26  Altura cm 21","robots":{"index":"index","follow":"follow","max-snippet":"max-snippet:-1","max-image-preview":"max-image-preview:large","max-video-preview":"max-video-preview:-1"},"canonical":"https:\/\/www.gruppoliturgico.com\/es\/producto\/tabor-12\/","og_locale":"es_ES","og_type":"article","og_title":"tabor - tabores y Laboratorio Gruppo Liturgico","og_description":"Magn\u00edfico capitel en estilo barroco se transforma en base para custodia.  En fundici\u00f3n, tratado con dorado con efecto antiguo.   Base \u00d8 cm 26  Altura cm 21","og_url":"https:\/\/www.gruppoliturgico.com\/es\/producto\/tabor-12\/","og_site_name":"Laboratorio Gruppo Liturgico","article_modified_time":"2022-05-20T08:50:50+00:00","og_image":[{"width":2002,"height":2000,"url":"https:\/\/www.gruppoliturgico.com\/wp-content\/uploads\/2022\/05\/2534-nv.jpg","type":"image\/jpeg"}],"twitter_card":"summary_large_image","schema":{"@context":"https:\/\/schema.org","@graph":[{"@type":"WebPage","@id":"https:\/\/www.gruppoliturgico.com\/es\/producto\/tabor-12\/","url":"https:\/\/www.gruppoliturgico.com\/es\/producto\/tabor-12\/","name":"tabor - tabores y Laboratorio Gruppo Liturgico","isPartOf":{"@id":"https:\/\/www.gruppoliturgico.com\/es\/#website"},"datePublished":"2022-05-20T01:01:51+00:00","dateModified":"2022-05-20T08:50:50+00:00","description":"Magn\u00edfico capitel en estilo barroco se transforma en base para custodia. En fundici\u00f3n, tratado con dorado con efecto antiguo. Base \u00d8 cm 26 Altura cm 21","breadcrumb":{"@id":"https:\/\/www.gruppoliturgico.com\/es\/producto\/tabor-12\/#breadcrumb"},"inLanguage":"es","potentialAction":[{"@type":"ReadAction","target":["https:\/\/www.gruppoliturgico.com\/es\/producto\/tabor-12\/"]}]},{"@type":"BreadcrumbList","@id":"https:\/\/www.gruppoliturgico.com\/es\/producto\/tabor-12\/#breadcrumb","itemListElement":[{"@type":"ListItem","position":1,"name":"Home","item":"https:\/\/www.gruppoliturgico.com\/es\/"},{"@type":"ListItem","position":2,"name":"Tienda","item":"https:\/\/www.gruppoliturgico.com\/es\/tienda\/"},{"@type":"ListItem","position":3,"name":"tabor"}]},{"@type":"WebSite","@id":"https:\/\/www.gruppoliturgico.com\/es\/#website","url":"https:\/\/www.gruppoliturgico.com\/es\/","name":"Laboratorio Gruppo Liturgico","description":"Articoli Religiosi online","publisher":{"@id":"https:\/\/www.gruppoliturgico.com\/es\/#organization"},"potentialAction":[{"@type":"SearchAction","target":{"@type":"EntryPoint","urlTemplate":"https:\/\/www.gruppoliturgico.com\/es\/?s={search_term_string}"},"query-input":"required name=search_term_string"}],"inLanguage":"es"},{"@type":"Organization","@id":"https:\/\/www.gruppoliturgico.com\/es\/#organization","name":"Laboratorio Gruppo Liturgico","url":"https:\/\/www.gruppoliturgico.com\/es\/","logo":{"@type":"ImageObject","inLanguage":"es","@id":"https:\/\/www.gruppoliturgico.com\/es\/#\/schema\/logo\/image\/","url":"https:\/\/www.gruppoliturgico.com\/wp-content\/uploads\/2022\/02\/logo-laboratoriogruppoliturgico.png","contentUrl":"https:\/\/www.gruppoliturgico.com\/wp-content\/uploads\/2022\/02\/logo-laboratoriogruppoliturgico.png","width":400,"height":114,"caption":"Laboratorio Gruppo Liturgico"},"image":{"@id":"https:\/\/www.gruppoliturgico.com\/es\/#\/schema\/logo\/image\/"}}]}},"_links":{"self":[{"href":"https:\/\/www.gruppoliturgico.com\/es\/wp-json\/wp\/v2\/product\/68016"}],"collection":[{"href":"https:\/\/www.gruppoliturgico.com\/es\/wp-json\/wp\/v2\/product"}],"about":[{"href":"https:\/\/www.gruppoliturgico.com\/es\/wp-json\/wp\/v2\/types\/product"}],"wp:featuredmedia":[{"embeddable":true,"href":"https:\/\/www.gruppoliturgico.com\/es\/wp-json\/wp\/v2\/media\/132798"}],"wp:attachment":[{"href":"https:\/\/www.gruppoliturgico.com\/es\/wp-json\/wp\/v2\/media?parent=68016"}],"wp:term":[{"taxonomy":"product_cat","embeddable":true,"href":"https:\/\/www.gruppoliturgico.com\/es\/wp-json\/wp\/v2\/product_cat?post=68016"},{"taxonomy":"product_tag","embeddable":true,"href":"https:\/\/www.gruppoliturgico.com\/es\/wp-json\/wp\/v2\/product_tag?post=68016"}],"curies":[{"name":"wp","href":"https:\/\/api.w.org\/{rel}","templated":true}]}}