{"id":67936,"date":"2022-05-20T02:57:48","date_gmt":"2022-05-20T00:57:55","guid":{"rendered":"https:\/\/www.gruppoliturgico.com\/prodotto\/atril-de-pie-12\/"},"modified":"2022-10-25T15:21:06","modified_gmt":"2022-10-25T13:21:06","slug":"atril-de-pie-12","status":"publish","type":"product","link":"https:\/\/www.gruppoliturgico.com\/es\/producto\/atril-de-pie-12\/","title":{"rendered":"atril de pie"},"content":{"rendered":"<html><body><p>Atril con estructura en lat\u00f3n dorado.<br>\nEst\u00e1 decorado con ocho agujas g\u00f3ticas fundidas, cuatro de las cuales representan el s\u00edmbolo de los evangelistas.<br>\nBase fundida con un di\u00e1metro de 30 cm.<br>\nEstante atril 40 x 30 cm.<br>\nAltura ajustable.<\/p>\n<\/body><\/html>","protected":false},"excerpt":{"rendered":"<p>Atril con estructura en lat\u00f3n dorado.<br \/>\nEst\u00e1 decorado con ocho agujas g\u00f3ticas fundidas, cuatro de las cuales representan el s\u00edmbolo de los evangelistas.<br \/>\nBase fundida con un di\u00e1metro de 30 cm.<br \/>\nEstante atril 40 x 30 cm.<br \/>\nAltura ajustable.<\/p>\n","protected":false},"featured_media":131578,"template":"","meta":[],"product_cat":[12187],"product_tag":[],"yoast_head":"<!-- This site is optimized with the Yoast SEO plugin v20.4 - https:\/\/yoast.com\/wordpress\/plugins\/seo\/ -->\n<title>atril de pie - atril de pie de metal y Laboratorio Gruppo Liturgico<\/title>\n<meta name=\"description\" content=\"Atril con estructura en lat\u00f3n dorado. Est\u00e1 decorado con ocho agujas g\u00f3ticas fundidas, cuatro de las cuales representan el s\u00edmbolo de los evangelistas. Base fundida con un di\u00e1metro de 30 cm. Estante atril 40 x 30 cm. Altura ajustable.\" \/>\n<meta name=\"robots\" content=\"index, follow, max-snippet:-1, max-image-preview:large, max-video-preview:-1\" \/>\n<link rel=\"canonical\" href=\"https:\/\/www.gruppoliturgico.com\/es\/producto\/atril-de-pie-12\/\" \/>\n<meta property=\"og:locale\" content=\"es_ES\" \/>\n<meta property=\"og:type\" content=\"article\" \/>\n<meta property=\"og:title\" content=\"atril de pie - atril de pie de metal y Laboratorio Gruppo Liturgico\" \/>\n<meta property=\"og:description\" content=\"Atril con estructura en lat\u00f3n dorado. Est\u00e1 decorado con ocho agujas g\u00f3ticas fundidas, cuatro de las cuales representan el s\u00edmbolo de los evangelistas. Base fundida con un di\u00e1metro de 30 cm. Estante atril 40 x 30 cm. Altura ajustable.\" \/>\n<meta property=\"og:url\" content=\"https:\/\/www.gruppoliturgico.com\/es\/producto\/atril-de-pie-12\/\" \/>\n<meta property=\"og:site_name\" content=\"Laboratorio Gruppo Liturgico\" \/>\n<meta property=\"article:modified_time\" content=\"2022-10-25T13:21:06+00:00\" \/>\n<meta property=\"og:image\" content=\"https:\/\/www.gruppoliturgico.com\/wp-content\/uploads\/2022\/05\/2117_1.jpg\" \/>\n\t<meta property=\"og:image:width\" content=\"605\" \/>\n\t<meta property=\"og:image:height\" content=\"1500\" \/>\n\t<meta property=\"og:image:type\" content=\"image\/jpeg\" \/>\n<meta name=\"twitter:card\" content=\"summary_large_image\" \/>\n<script type=\"application\/ld+json\" class=\"yoast-schema-graph\">{\"@context\":\"https:\/\/schema.org\",\"@graph\":[{\"@type\":\"WebPage\",\"@id\":\"https:\/\/www.gruppoliturgico.com\/es\/producto\/atril-de-pie-12\/\",\"url\":\"https:\/\/www.gruppoliturgico.com\/es\/producto\/atril-de-pie-12\/\",\"name\":\"atril de pie - atril de pie de metal y Laboratorio Gruppo Liturgico\",\"isPartOf\":{\"@id\":\"https:\/\/www.gruppoliturgico.com\/es\/#website\"},\"datePublished\":\"2022-05-20T00:57:55+00:00\",\"dateModified\":\"2022-10-25T13:21:06+00:00\",\"description\":\"Atril con estructura en lat\u00f3n dorado. Est\u00e1 decorado con ocho agujas g\u00f3ticas fundidas, cuatro de las cuales representan el s\u00edmbolo de los evangelistas. Base fundida con un di\u00e1metro de 30 cm. Estante atril 40 x 30 cm. Altura ajustable.\",\"breadcrumb\":{\"@id\":\"https:\/\/www.gruppoliturgico.com\/es\/producto\/atril-de-pie-12\/#breadcrumb\"},\"inLanguage\":\"es\",\"potentialAction\":[{\"@type\":\"ReadAction\",\"target\":[\"https:\/\/www.gruppoliturgico.com\/es\/producto\/atril-de-pie-12\/\"]}]},{\"@type\":\"BreadcrumbList\",\"@id\":\"https:\/\/www.gruppoliturgico.com\/es\/producto\/atril-de-pie-12\/#breadcrumb\",\"itemListElement\":[{\"@type\":\"ListItem\",\"position\":1,\"name\":\"Home\",\"item\":\"https:\/\/www.gruppoliturgico.com\/es\/\"},{\"@type\":\"ListItem\",\"position\":2,\"name\":\"Tienda\",\"item\":\"https:\/\/www.gruppoliturgico.com\/es\/tienda\/\"},{\"@type\":\"ListItem\",\"position\":3,\"name\":\"atril de pie\"}]},{\"@type\":\"WebSite\",\"@id\":\"https:\/\/www.gruppoliturgico.com\/es\/#website\",\"url\":\"https:\/\/www.gruppoliturgico.com\/es\/\",\"name\":\"Laboratorio Gruppo Liturgico\",\"description\":\"Articoli Religiosi online\",\"publisher\":{\"@id\":\"https:\/\/www.gruppoliturgico.com\/es\/#organization\"},\"potentialAction\":[{\"@type\":\"SearchAction\",\"target\":{\"@type\":\"EntryPoint\",\"urlTemplate\":\"https:\/\/www.gruppoliturgico.com\/es\/?s={search_term_string}\"},\"query-input\":\"required name=search_term_string\"}],\"inLanguage\":\"es\"},{\"@type\":\"Organization\",\"@id\":\"https:\/\/www.gruppoliturgico.com\/es\/#organization\",\"name\":\"Laboratorio Gruppo Liturgico\",\"url\":\"https:\/\/www.gruppoliturgico.com\/es\/\",\"logo\":{\"@type\":\"ImageObject\",\"inLanguage\":\"es\",\"@id\":\"https:\/\/www.gruppoliturgico.com\/es\/#\/schema\/logo\/image\/\",\"url\":\"https:\/\/www.gruppoliturgico.com\/wp-content\/uploads\/2022\/02\/logo-laboratoriogruppoliturgico.png\",\"contentUrl\":\"https:\/\/www.gruppoliturgico.com\/wp-content\/uploads\/2022\/02\/logo-laboratoriogruppoliturgico.png\",\"width\":400,\"height\":114,\"caption\":\"Laboratorio Gruppo Liturgico\"},\"image\":{\"@id\":\"https:\/\/www.gruppoliturgico.com\/es\/#\/schema\/logo\/image\/\"}}]}<\/script>\n<!-- \/ Yoast SEO plugin. -->","yoast_head_json":{"title":"atril de pie - atril de pie de metal y Laboratorio Gruppo Liturgico","description":"Atril con estructura en lat\u00f3n dorado. Est\u00e1 decorado con ocho agujas g\u00f3ticas fundidas, cuatro de las cuales representan el s\u00edmbolo de los evangelistas. Base fundida con un di\u00e1metro de 30 cm. Estante atril 40 x 30 cm. Altura ajustable.","robots":{"index":"index","follow":"follow","max-snippet":"max-snippet:-1","max-image-preview":"max-image-preview:large","max-video-preview":"max-video-preview:-1"},"canonical":"https:\/\/www.gruppoliturgico.com\/es\/producto\/atril-de-pie-12\/","og_locale":"es_ES","og_type":"article","og_title":"atril de pie - atril de pie de metal y Laboratorio Gruppo Liturgico","og_description":"Atril con estructura en lat\u00f3n dorado. Est\u00e1 decorado con ocho agujas g\u00f3ticas fundidas, cuatro de las cuales representan el s\u00edmbolo de los evangelistas. Base fundida con un di\u00e1metro de 30 cm. Estante atril 40 x 30 cm. Altura ajustable.","og_url":"https:\/\/www.gruppoliturgico.com\/es\/producto\/atril-de-pie-12\/","og_site_name":"Laboratorio Gruppo Liturgico","article_modified_time":"2022-10-25T13:21:06+00:00","og_image":[{"width":605,"height":1500,"url":"https:\/\/www.gruppoliturgico.com\/wp-content\/uploads\/2022\/05\/2117_1.jpg","type":"image\/jpeg"}],"twitter_card":"summary_large_image","schema":{"@context":"https:\/\/schema.org","@graph":[{"@type":"WebPage","@id":"https:\/\/www.gruppoliturgico.com\/es\/producto\/atril-de-pie-12\/","url":"https:\/\/www.gruppoliturgico.com\/es\/producto\/atril-de-pie-12\/","name":"atril de pie - atril de pie de metal y Laboratorio Gruppo Liturgico","isPartOf":{"@id":"https:\/\/www.gruppoliturgico.com\/es\/#website"},"datePublished":"2022-05-20T00:57:55+00:00","dateModified":"2022-10-25T13:21:06+00:00","description":"Atril con estructura en lat\u00f3n dorado. Est\u00e1 decorado con ocho agujas g\u00f3ticas fundidas, cuatro de las cuales representan el s\u00edmbolo de los evangelistas. Base fundida con un di\u00e1metro de 30 cm. Estante atril 40 x 30 cm. Altura ajustable.","breadcrumb":{"@id":"https:\/\/www.gruppoliturgico.com\/es\/producto\/atril-de-pie-12\/#breadcrumb"},"inLanguage":"es","potentialAction":[{"@type":"ReadAction","target":["https:\/\/www.gruppoliturgico.com\/es\/producto\/atril-de-pie-12\/"]}]},{"@type":"BreadcrumbList","@id":"https:\/\/www.gruppoliturgico.com\/es\/producto\/atril-de-pie-12\/#breadcrumb","itemListElement":[{"@type":"ListItem","position":1,"name":"Home","item":"https:\/\/www.gruppoliturgico.com\/es\/"},{"@type":"ListItem","position":2,"name":"Tienda","item":"https:\/\/www.gruppoliturgico.com\/es\/tienda\/"},{"@type":"ListItem","position":3,"name":"atril de pie"}]},{"@type":"WebSite","@id":"https:\/\/www.gruppoliturgico.com\/es\/#website","url":"https:\/\/www.gruppoliturgico.com\/es\/","name":"Laboratorio Gruppo Liturgico","description":"Articoli Religiosi online","publisher":{"@id":"https:\/\/www.gruppoliturgico.com\/es\/#organization"},"potentialAction":[{"@type":"SearchAction","target":{"@type":"EntryPoint","urlTemplate":"https:\/\/www.gruppoliturgico.com\/es\/?s={search_term_string}"},"query-input":"required name=search_term_string"}],"inLanguage":"es"},{"@type":"Organization","@id":"https:\/\/www.gruppoliturgico.com\/es\/#organization","name":"Laboratorio Gruppo Liturgico","url":"https:\/\/www.gruppoliturgico.com\/es\/","logo":{"@type":"ImageObject","inLanguage":"es","@id":"https:\/\/www.gruppoliturgico.com\/es\/#\/schema\/logo\/image\/","url":"https:\/\/www.gruppoliturgico.com\/wp-content\/uploads\/2022\/02\/logo-laboratoriogruppoliturgico.png","contentUrl":"https:\/\/www.gruppoliturgico.com\/wp-content\/uploads\/2022\/02\/logo-laboratoriogruppoliturgico.png","width":400,"height":114,"caption":"Laboratorio Gruppo Liturgico"},"image":{"@id":"https:\/\/www.gruppoliturgico.com\/es\/#\/schema\/logo\/image\/"}}]}},"_links":{"self":[{"href":"https:\/\/www.gruppoliturgico.com\/es\/wp-json\/wp\/v2\/product\/67936"}],"collection":[{"href":"https:\/\/www.gruppoliturgico.com\/es\/wp-json\/wp\/v2\/product"}],"about":[{"href":"https:\/\/www.gruppoliturgico.com\/es\/wp-json\/wp\/v2\/types\/product"}],"wp:featuredmedia":[{"embeddable":true,"href":"https:\/\/www.gruppoliturgico.com\/es\/wp-json\/wp\/v2\/media\/131578"}],"wp:attachment":[{"href":"https:\/\/www.gruppoliturgico.com\/es\/wp-json\/wp\/v2\/media?parent=67936"}],"wp:term":[{"taxonomy":"product_cat","embeddable":true,"href":"https:\/\/www.gruppoliturgico.com\/es\/wp-json\/wp\/v2\/product_cat?post=67936"},{"taxonomy":"product_tag","embeddable":true,"href":"https:\/\/www.gruppoliturgico.com\/es\/wp-json\/wp\/v2\/product_tag?post=67936"}],"curies":[{"name":"wp","href":"https:\/\/api.w.org\/{rel}","templated":true}]}}