{"id":67780,"date":"2022-05-20T02:50:00","date_gmt":"2022-05-20T00:50:58","guid":{"rendered":"https:\/\/www.gruppoliturgico.com\/prodotto\/estola-30\/"},"modified":"2022-08-23T11:42:00","modified_gmt":"2022-08-23T09:42:00","slug":"estola-30","status":"publish","type":"product","link":"https:\/\/www.gruppoliturgico.com\/es\/producto\/estola-30\/","title":{"rendered":"Estola"},"content":{"rendered":"<html><body><p>Estola sencilla y delicada totalmente realizada en telar.<br>\nEl tejido est\u00e1 completamente bordado con cruces en relieve, algunos de estos se completan con hilo del mismo color que el color lit\u00fargico elegido.<br>\nDisponible en los 4 colores lit\u00fargicos.<\/p>\n<p>\u00a0<\/p>\n<\/body><\/html>","protected":false},"excerpt":{"rendered":"<p>Estola sencilla y delicada totalmente realizada en telar.<br \/>\nEl tejido est\u00e1 completamente bordado con cruces en relieve, algunos de estos se completan con hilo del mismo color que el color lit\u00fargico elegido.<br \/>\nDisponible en los 4 colores lit\u00fargicos.<\/p>\n","protected":false},"featured_media":78111,"template":"","meta":[],"product_cat":[12303],"product_tag":[],"yoast_head":"<!-- This site is optimized with the Yoast SEO plugin v20.4 - https:\/\/yoast.com\/wordpress\/plugins\/seo\/ -->\n<title>Estola - bordadas y Laboratorio Gruppo Liturgico<\/title>\n<meta name=\"description\" content=\"Estola sencilla y delicada totalmente realizada en telar. El tejido est\u00e1 completamente bordado con cruces en relieve, algunos de estos se completan con hilo del mismo color que el color lit\u00fargico elegido. Disponible en los 4 colores lit\u00fargicos.\" \/>\n<meta name=\"robots\" content=\"index, follow, max-snippet:-1, max-image-preview:large, max-video-preview:-1\" \/>\n<link rel=\"canonical\" href=\"https:\/\/www.gruppoliturgico.com\/es\/producto\/estola-30\/\" \/>\n<meta property=\"og:locale\" content=\"es_ES\" \/>\n<meta property=\"og:type\" content=\"article\" \/>\n<meta property=\"og:title\" content=\"Estola - bordadas y Laboratorio Gruppo Liturgico\" \/>\n<meta property=\"og:description\" content=\"Estola sencilla y delicada totalmente realizada en telar. El tejido est\u00e1 completamente bordado con cruces en relieve, algunos de estos se completan con hilo del mismo color que el color lit\u00fargico elegido. Disponible en los 4 colores lit\u00fargicos.\" \/>\n<meta property=\"og:url\" content=\"https:\/\/www.gruppoliturgico.com\/es\/producto\/estola-30\/\" \/>\n<meta property=\"og:site_name\" content=\"Laboratorio Gruppo Liturgico\" \/>\n<meta property=\"article:modified_time\" content=\"2022-08-23T09:42:00+00:00\" \/>\n<meta property=\"og:image\" content=\"https:\/\/www.gruppoliturgico.com\/wp-content\/uploads\/2022\/05\/2887.vi_.jpg\" \/>\n\t<meta property=\"og:image:width\" content=\"472\" \/>\n\t<meta property=\"og:image:height\" content=\"1500\" \/>\n\t<meta property=\"og:image:type\" content=\"image\/jpeg\" \/>\n<meta name=\"twitter:card\" content=\"summary_large_image\" \/>\n<meta name=\"twitter:label1\" content=\"Tiempo de lectura\" \/>\n\t<meta name=\"twitter:data1\" content=\"1 minuto\" \/>\n<script type=\"application\/ld+json\" class=\"yoast-schema-graph\">{\"@context\":\"https:\/\/schema.org\",\"@graph\":[{\"@type\":\"WebPage\",\"@id\":\"https:\/\/www.gruppoliturgico.com\/es\/producto\/estola-30\/\",\"url\":\"https:\/\/www.gruppoliturgico.com\/es\/producto\/estola-30\/\",\"name\":\"Estola - bordadas y Laboratorio Gruppo Liturgico\",\"isPartOf\":{\"@id\":\"https:\/\/www.gruppoliturgico.com\/es\/#website\"},\"datePublished\":\"2022-05-20T00:50:58+00:00\",\"dateModified\":\"2022-08-23T09:42:00+00:00\",\"description\":\"Estola sencilla y delicada totalmente realizada en telar. El tejido est\u00e1 completamente bordado con cruces en relieve, algunos de estos se completan con hilo del mismo color que el color lit\u00fargico elegido. Disponible en los 4 colores lit\u00fargicos.\",\"breadcrumb\":{\"@id\":\"https:\/\/www.gruppoliturgico.com\/es\/producto\/estola-30\/#breadcrumb\"},\"inLanguage\":\"es\",\"potentialAction\":[{\"@type\":\"ReadAction\",\"target\":[\"https:\/\/www.gruppoliturgico.com\/es\/producto\/estola-30\/\"]}]},{\"@type\":\"BreadcrumbList\",\"@id\":\"https:\/\/www.gruppoliturgico.com\/es\/producto\/estola-30\/#breadcrumb\",\"itemListElement\":[{\"@type\":\"ListItem\",\"position\":1,\"name\":\"Home\",\"item\":\"https:\/\/www.gruppoliturgico.com\/es\/\"},{\"@type\":\"ListItem\",\"position\":2,\"name\":\"Tienda\",\"item\":\"https:\/\/www.gruppoliturgico.com\/es\/tienda\/\"},{\"@type\":\"ListItem\",\"position\":3,\"name\":\"Estola\"}]},{\"@type\":\"WebSite\",\"@id\":\"https:\/\/www.gruppoliturgico.com\/es\/#website\",\"url\":\"https:\/\/www.gruppoliturgico.com\/es\/\",\"name\":\"Laboratorio Gruppo Liturgico\",\"description\":\"Articoli Religiosi online\",\"publisher\":{\"@id\":\"https:\/\/www.gruppoliturgico.com\/es\/#organization\"},\"potentialAction\":[{\"@type\":\"SearchAction\",\"target\":{\"@type\":\"EntryPoint\",\"urlTemplate\":\"https:\/\/www.gruppoliturgico.com\/es\/?s={search_term_string}\"},\"query-input\":\"required name=search_term_string\"}],\"inLanguage\":\"es\"},{\"@type\":\"Organization\",\"@id\":\"https:\/\/www.gruppoliturgico.com\/es\/#organization\",\"name\":\"Laboratorio Gruppo Liturgico\",\"url\":\"https:\/\/www.gruppoliturgico.com\/es\/\",\"logo\":{\"@type\":\"ImageObject\",\"inLanguage\":\"es\",\"@id\":\"https:\/\/www.gruppoliturgico.com\/es\/#\/schema\/logo\/image\/\",\"url\":\"https:\/\/www.gruppoliturgico.com\/wp-content\/uploads\/2022\/02\/logo-laboratoriogruppoliturgico.png\",\"contentUrl\":\"https:\/\/www.gruppoliturgico.com\/wp-content\/uploads\/2022\/02\/logo-laboratoriogruppoliturgico.png\",\"width\":400,\"height\":114,\"caption\":\"Laboratorio Gruppo Liturgico\"},\"image\":{\"@id\":\"https:\/\/www.gruppoliturgico.com\/es\/#\/schema\/logo\/image\/\"}}]}<\/script>\n<!-- \/ Yoast SEO plugin. -->","yoast_head_json":{"title":"Estola - bordadas y Laboratorio Gruppo Liturgico","description":"Estola sencilla y delicada totalmente realizada en telar. El tejido est\u00e1 completamente bordado con cruces en relieve, algunos de estos se completan con hilo del mismo color que el color lit\u00fargico elegido. Disponible en los 4 colores lit\u00fargicos.","robots":{"index":"index","follow":"follow","max-snippet":"max-snippet:-1","max-image-preview":"max-image-preview:large","max-video-preview":"max-video-preview:-1"},"canonical":"https:\/\/www.gruppoliturgico.com\/es\/producto\/estola-30\/","og_locale":"es_ES","og_type":"article","og_title":"Estola - bordadas y Laboratorio Gruppo Liturgico","og_description":"Estola sencilla y delicada totalmente realizada en telar. El tejido est\u00e1 completamente bordado con cruces en relieve, algunos de estos se completan con hilo del mismo color que el color lit\u00fargico elegido. Disponible en los 4 colores lit\u00fargicos.","og_url":"https:\/\/www.gruppoliturgico.com\/es\/producto\/estola-30\/","og_site_name":"Laboratorio Gruppo Liturgico","article_modified_time":"2022-08-23T09:42:00+00:00","og_image":[{"width":472,"height":1500,"url":"https:\/\/www.gruppoliturgico.com\/wp-content\/uploads\/2022\/05\/2887.vi_.jpg","type":"image\/jpeg"}],"twitter_card":"summary_large_image","twitter_misc":{"Tiempo de lectura":"1 minuto"},"schema":{"@context":"https:\/\/schema.org","@graph":[{"@type":"WebPage","@id":"https:\/\/www.gruppoliturgico.com\/es\/producto\/estola-30\/","url":"https:\/\/www.gruppoliturgico.com\/es\/producto\/estola-30\/","name":"Estola - bordadas y Laboratorio Gruppo Liturgico","isPartOf":{"@id":"https:\/\/www.gruppoliturgico.com\/es\/#website"},"datePublished":"2022-05-20T00:50:58+00:00","dateModified":"2022-08-23T09:42:00+00:00","description":"Estola sencilla y delicada totalmente realizada en telar. El tejido est\u00e1 completamente bordado con cruces en relieve, algunos de estos se completan con hilo del mismo color que el color lit\u00fargico elegido. Disponible en los 4 colores lit\u00fargicos.","breadcrumb":{"@id":"https:\/\/www.gruppoliturgico.com\/es\/producto\/estola-30\/#breadcrumb"},"inLanguage":"es","potentialAction":[{"@type":"ReadAction","target":["https:\/\/www.gruppoliturgico.com\/es\/producto\/estola-30\/"]}]},{"@type":"BreadcrumbList","@id":"https:\/\/www.gruppoliturgico.com\/es\/producto\/estola-30\/#breadcrumb","itemListElement":[{"@type":"ListItem","position":1,"name":"Home","item":"https:\/\/www.gruppoliturgico.com\/es\/"},{"@type":"ListItem","position":2,"name":"Tienda","item":"https:\/\/www.gruppoliturgico.com\/es\/tienda\/"},{"@type":"ListItem","position":3,"name":"Estola"}]},{"@type":"WebSite","@id":"https:\/\/www.gruppoliturgico.com\/es\/#website","url":"https:\/\/www.gruppoliturgico.com\/es\/","name":"Laboratorio Gruppo Liturgico","description":"Articoli Religiosi online","publisher":{"@id":"https:\/\/www.gruppoliturgico.com\/es\/#organization"},"potentialAction":[{"@type":"SearchAction","target":{"@type":"EntryPoint","urlTemplate":"https:\/\/www.gruppoliturgico.com\/es\/?s={search_term_string}"},"query-input":"required name=search_term_string"}],"inLanguage":"es"},{"@type":"Organization","@id":"https:\/\/www.gruppoliturgico.com\/es\/#organization","name":"Laboratorio Gruppo Liturgico","url":"https:\/\/www.gruppoliturgico.com\/es\/","logo":{"@type":"ImageObject","inLanguage":"es","@id":"https:\/\/www.gruppoliturgico.com\/es\/#\/schema\/logo\/image\/","url":"https:\/\/www.gruppoliturgico.com\/wp-content\/uploads\/2022\/02\/logo-laboratoriogruppoliturgico.png","contentUrl":"https:\/\/www.gruppoliturgico.com\/wp-content\/uploads\/2022\/02\/logo-laboratoriogruppoliturgico.png","width":400,"height":114,"caption":"Laboratorio Gruppo Liturgico"},"image":{"@id":"https:\/\/www.gruppoliturgico.com\/es\/#\/schema\/logo\/image\/"}}]}},"_links":{"self":[{"href":"https:\/\/www.gruppoliturgico.com\/es\/wp-json\/wp\/v2\/product\/67780"}],"collection":[{"href":"https:\/\/www.gruppoliturgico.com\/es\/wp-json\/wp\/v2\/product"}],"about":[{"href":"https:\/\/www.gruppoliturgico.com\/es\/wp-json\/wp\/v2\/types\/product"}],"wp:featuredmedia":[{"embeddable":true,"href":"https:\/\/www.gruppoliturgico.com\/es\/wp-json\/wp\/v2\/media\/78111"}],"wp:attachment":[{"href":"https:\/\/www.gruppoliturgico.com\/es\/wp-json\/wp\/v2\/media?parent=67780"}],"wp:term":[{"taxonomy":"product_cat","embeddable":true,"href":"https:\/\/www.gruppoliturgico.com\/es\/wp-json\/wp\/v2\/product_cat?post=67780"},{"taxonomy":"product_tag","embeddable":true,"href":"https:\/\/www.gruppoliturgico.com\/es\/wp-json\/wp\/v2\/product_tag?post=67780"}],"curies":[{"name":"wp","href":"https:\/\/api.w.org\/{rel}","templated":true}]}}