{"id":67696,"date":"2022-05-20T02:46:00","date_gmt":"2022-05-20T00:47:04","guid":{"rendered":"https:\/\/www.gruppoliturgico.com\/prodotto\/casulla-58\/"},"modified":"2022-09-12T15:12:57","modified_gmt":"2022-09-12T13:12:57","slug":"casulla-58","status":"publish","type":"product","link":"https:\/\/www.gruppoliturgico.com\/es\/producto\/casulla-58\/","title":{"rendered":"casulla"},"content":{"rendered":"<html><body><p>Casulla ligera y lavable hecha con un tejido muy ligero de poli\u00e9ster.<br>\nBordado con motivo de cruce realizado directamente en el tejido tanto en la parte delantera como en la parte de atr\u00e1s.<br>\nEst\u00e1 disponible en todos los colores lit\u00fargicos.<\/p>\n<\/body><\/html>","protected":false},"excerpt":{"rendered":"<p>Casulla ligera y lavable hecha con un tejido muy ligero de poli\u00e9ster.<br \/>\nBordado con motivo de cruce realizado directamente en el tejido tanto en la parte delantera como en la parte de atr\u00e1s.<br \/>\nEst\u00e1 disponible en todos los colores lit\u00fargicos.<\/p>\n","protected":false},"featured_media":129563,"template":"","meta":[],"product_cat":[12471],"product_tag":[],"yoast_head":"<!-- This site is optimized with the Yoast SEO plugin v20.4 - https:\/\/yoast.com\/wordpress\/plugins\/seo\/ -->\n<title>casulla - con bordados y Laboratorio Gruppo Liturgico<\/title>\n<meta name=\"description\" content=\"Casulla ligera y lavable hecha con un tejido muy ligero de poli\u00e9ster. Bordado con motivo de cruce realizado directamente en el tejido tanto en la parte delantera como en la parte de atr\u00e1s. Est\u00e1 disponible en todos los colores lit\u00fargicos.\" \/>\n<meta name=\"robots\" content=\"index, follow, max-snippet:-1, max-image-preview:large, max-video-preview:-1\" \/>\n<link rel=\"canonical\" href=\"https:\/\/www.gruppoliturgico.com\/es\/producto\/casulla-58\/\" \/>\n<meta property=\"og:locale\" content=\"es_ES\" \/>\n<meta property=\"og:type\" content=\"article\" \/>\n<meta property=\"og:title\" content=\"casulla - con bordados y Laboratorio Gruppo Liturgico\" \/>\n<meta property=\"og:description\" content=\"Casulla ligera y lavable hecha con un tejido muy ligero de poli\u00e9ster. Bordado con motivo de cruce realizado directamente en el tejido tanto en la parte delantera como en la parte de atr\u00e1s. Est\u00e1 disponible en todos los colores lit\u00fargicos.\" \/>\n<meta property=\"og:url\" content=\"https:\/\/www.gruppoliturgico.com\/es\/producto\/casulla-58\/\" \/>\n<meta property=\"og:site_name\" content=\"Laboratorio Gruppo Liturgico\" \/>\n<meta property=\"article:modified_time\" content=\"2022-09-12T13:12:57+00:00\" \/>\n<meta property=\"og:image\" content=\"https:\/\/www.gruppoliturgico.com\/wp-content\/uploads\/2022\/05\/2072-rit.jpg\" \/>\n\t<meta property=\"og:image:width\" content=\"1280\" \/>\n\t<meta property=\"og:image:height\" content=\"2000\" \/>\n\t<meta property=\"og:image:type\" content=\"image\/jpeg\" \/>\n<meta name=\"twitter:card\" content=\"summary_large_image\" \/>\n<script type=\"application\/ld+json\" class=\"yoast-schema-graph\">{\"@context\":\"https:\/\/schema.org\",\"@graph\":[{\"@type\":\"WebPage\",\"@id\":\"https:\/\/www.gruppoliturgico.com\/es\/producto\/casulla-58\/\",\"url\":\"https:\/\/www.gruppoliturgico.com\/es\/producto\/casulla-58\/\",\"name\":\"casulla - con bordados y Laboratorio Gruppo Liturgico\",\"isPartOf\":{\"@id\":\"https:\/\/www.gruppoliturgico.com\/es\/#website\"},\"datePublished\":\"2022-05-20T00:47:04+00:00\",\"dateModified\":\"2022-09-12T13:12:57+00:00\",\"description\":\"Casulla ligera y lavable hecha con un tejido muy ligero de poli\u00e9ster. Bordado con motivo de cruce realizado directamente en el tejido tanto en la parte delantera como en la parte de atr\u00e1s. Est\u00e1 disponible en todos los colores lit\u00fargicos.\",\"breadcrumb\":{\"@id\":\"https:\/\/www.gruppoliturgico.com\/es\/producto\/casulla-58\/#breadcrumb\"},\"inLanguage\":\"es\",\"potentialAction\":[{\"@type\":\"ReadAction\",\"target\":[\"https:\/\/www.gruppoliturgico.com\/es\/producto\/casulla-58\/\"]}]},{\"@type\":\"BreadcrumbList\",\"@id\":\"https:\/\/www.gruppoliturgico.com\/es\/producto\/casulla-58\/#breadcrumb\",\"itemListElement\":[{\"@type\":\"ListItem\",\"position\":1,\"name\":\"Home\",\"item\":\"https:\/\/www.gruppoliturgico.com\/es\/\"},{\"@type\":\"ListItem\",\"position\":2,\"name\":\"Tienda\",\"item\":\"https:\/\/www.gruppoliturgico.com\/es\/tienda\/\"},{\"@type\":\"ListItem\",\"position\":3,\"name\":\"casulla\"}]},{\"@type\":\"WebSite\",\"@id\":\"https:\/\/www.gruppoliturgico.com\/es\/#website\",\"url\":\"https:\/\/www.gruppoliturgico.com\/es\/\",\"name\":\"Laboratorio Gruppo Liturgico\",\"description\":\"Articoli Religiosi online\",\"publisher\":{\"@id\":\"https:\/\/www.gruppoliturgico.com\/es\/#organization\"},\"potentialAction\":[{\"@type\":\"SearchAction\",\"target\":{\"@type\":\"EntryPoint\",\"urlTemplate\":\"https:\/\/www.gruppoliturgico.com\/es\/?s={search_term_string}\"},\"query-input\":\"required name=search_term_string\"}],\"inLanguage\":\"es\"},{\"@type\":\"Organization\",\"@id\":\"https:\/\/www.gruppoliturgico.com\/es\/#organization\",\"name\":\"Laboratorio Gruppo Liturgico\",\"url\":\"https:\/\/www.gruppoliturgico.com\/es\/\",\"logo\":{\"@type\":\"ImageObject\",\"inLanguage\":\"es\",\"@id\":\"https:\/\/www.gruppoliturgico.com\/es\/#\/schema\/logo\/image\/\",\"url\":\"https:\/\/www.gruppoliturgico.com\/wp-content\/uploads\/2022\/02\/logo-laboratoriogruppoliturgico.png\",\"contentUrl\":\"https:\/\/www.gruppoliturgico.com\/wp-content\/uploads\/2022\/02\/logo-laboratoriogruppoliturgico.png\",\"width\":400,\"height\":114,\"caption\":\"Laboratorio Gruppo Liturgico\"},\"image\":{\"@id\":\"https:\/\/www.gruppoliturgico.com\/es\/#\/schema\/logo\/image\/\"}}]}<\/script>\n<!-- \/ Yoast SEO plugin. -->","yoast_head_json":{"title":"casulla - con bordados y Laboratorio Gruppo Liturgico","description":"Casulla ligera y lavable hecha con un tejido muy ligero de poli\u00e9ster. Bordado con motivo de cruce realizado directamente en el tejido tanto en la parte delantera como en la parte de atr\u00e1s. Est\u00e1 disponible en todos los colores lit\u00fargicos.","robots":{"index":"index","follow":"follow","max-snippet":"max-snippet:-1","max-image-preview":"max-image-preview:large","max-video-preview":"max-video-preview:-1"},"canonical":"https:\/\/www.gruppoliturgico.com\/es\/producto\/casulla-58\/","og_locale":"es_ES","og_type":"article","og_title":"casulla - con bordados y Laboratorio Gruppo Liturgico","og_description":"Casulla ligera y lavable hecha con un tejido muy ligero de poli\u00e9ster. Bordado con motivo de cruce realizado directamente en el tejido tanto en la parte delantera como en la parte de atr\u00e1s. Est\u00e1 disponible en todos los colores lit\u00fargicos.","og_url":"https:\/\/www.gruppoliturgico.com\/es\/producto\/casulla-58\/","og_site_name":"Laboratorio Gruppo Liturgico","article_modified_time":"2022-09-12T13:12:57+00:00","og_image":[{"width":1280,"height":2000,"url":"https:\/\/www.gruppoliturgico.com\/wp-content\/uploads\/2022\/05\/2072-rit.jpg","type":"image\/jpeg"}],"twitter_card":"summary_large_image","schema":{"@context":"https:\/\/schema.org","@graph":[{"@type":"WebPage","@id":"https:\/\/www.gruppoliturgico.com\/es\/producto\/casulla-58\/","url":"https:\/\/www.gruppoliturgico.com\/es\/producto\/casulla-58\/","name":"casulla - con bordados y Laboratorio Gruppo Liturgico","isPartOf":{"@id":"https:\/\/www.gruppoliturgico.com\/es\/#website"},"datePublished":"2022-05-20T00:47:04+00:00","dateModified":"2022-09-12T13:12:57+00:00","description":"Casulla ligera y lavable hecha con un tejido muy ligero de poli\u00e9ster. Bordado con motivo de cruce realizado directamente en el tejido tanto en la parte delantera como en la parte de atr\u00e1s. Est\u00e1 disponible en todos los colores lit\u00fargicos.","breadcrumb":{"@id":"https:\/\/www.gruppoliturgico.com\/es\/producto\/casulla-58\/#breadcrumb"},"inLanguage":"es","potentialAction":[{"@type":"ReadAction","target":["https:\/\/www.gruppoliturgico.com\/es\/producto\/casulla-58\/"]}]},{"@type":"BreadcrumbList","@id":"https:\/\/www.gruppoliturgico.com\/es\/producto\/casulla-58\/#breadcrumb","itemListElement":[{"@type":"ListItem","position":1,"name":"Home","item":"https:\/\/www.gruppoliturgico.com\/es\/"},{"@type":"ListItem","position":2,"name":"Tienda","item":"https:\/\/www.gruppoliturgico.com\/es\/tienda\/"},{"@type":"ListItem","position":3,"name":"casulla"}]},{"@type":"WebSite","@id":"https:\/\/www.gruppoliturgico.com\/es\/#website","url":"https:\/\/www.gruppoliturgico.com\/es\/","name":"Laboratorio Gruppo Liturgico","description":"Articoli Religiosi online","publisher":{"@id":"https:\/\/www.gruppoliturgico.com\/es\/#organization"},"potentialAction":[{"@type":"SearchAction","target":{"@type":"EntryPoint","urlTemplate":"https:\/\/www.gruppoliturgico.com\/es\/?s={search_term_string}"},"query-input":"required name=search_term_string"}],"inLanguage":"es"},{"@type":"Organization","@id":"https:\/\/www.gruppoliturgico.com\/es\/#organization","name":"Laboratorio Gruppo Liturgico","url":"https:\/\/www.gruppoliturgico.com\/es\/","logo":{"@type":"ImageObject","inLanguage":"es","@id":"https:\/\/www.gruppoliturgico.com\/es\/#\/schema\/logo\/image\/","url":"https:\/\/www.gruppoliturgico.com\/wp-content\/uploads\/2022\/02\/logo-laboratoriogruppoliturgico.png","contentUrl":"https:\/\/www.gruppoliturgico.com\/wp-content\/uploads\/2022\/02\/logo-laboratoriogruppoliturgico.png","width":400,"height":114,"caption":"Laboratorio Gruppo Liturgico"},"image":{"@id":"https:\/\/www.gruppoliturgico.com\/es\/#\/schema\/logo\/image\/"}}]}},"_links":{"self":[{"href":"https:\/\/www.gruppoliturgico.com\/es\/wp-json\/wp\/v2\/product\/67696"}],"collection":[{"href":"https:\/\/www.gruppoliturgico.com\/es\/wp-json\/wp\/v2\/product"}],"about":[{"href":"https:\/\/www.gruppoliturgico.com\/es\/wp-json\/wp\/v2\/types\/product"}],"wp:featuredmedia":[{"embeddable":true,"href":"https:\/\/www.gruppoliturgico.com\/es\/wp-json\/wp\/v2\/media\/129563"}],"wp:attachment":[{"href":"https:\/\/www.gruppoliturgico.com\/es\/wp-json\/wp\/v2\/media?parent=67696"}],"wp:term":[{"taxonomy":"product_cat","embeddable":true,"href":"https:\/\/www.gruppoliturgico.com\/es\/wp-json\/wp\/v2\/product_cat?post=67696"},{"taxonomy":"product_tag","embeddable":true,"href":"https:\/\/www.gruppoliturgico.com\/es\/wp-json\/wp\/v2\/product_tag?post=67696"}],"curies":[{"name":"wp","href":"https:\/\/api.w.org\/{rel}","templated":true}]}}