{"id":67616,"date":"2022-05-20T02:42:51","date_gmt":"2022-05-20T00:43:00","guid":{"rendered":"https:\/\/www.gruppoliturgico.com\/prodotto\/maletin-4\/"},"modified":"2023-04-15T14:28:51","modified_gmt":"2023-04-15T12:28:51","slug":"maletin-4","status":"publish","type":"product","link":"https:\/\/www.gruppoliturgico.com\/es\/producto\/maletin-4\/","title":{"rendered":"Malet\u00edn"},"content":{"rendered":"<html><body><p>Malet\u00edn en piel ecol\u00f3gica con bandolera, forrado interiormente en jacquard amarillo.<br>\nContiene: c\u00e1liz de lat\u00f3n ba\u00f1ado en oro de 24 quilates con martillado-asperges-patena-caja para Hostias-crismera para Santos \u00d3leos-copon sobre base de fundici\u00f3n-altar de fundici\u00f3n con soporte para cruz y velas-botellas de agua y vino de 30 ml-cruz pastoral y velas de cera-caja para formas bicolor-lienzos para altar bordados.<br>\nDimensiones 40 x 28,5 x 6 cm<\/p>\n<\/body><\/html>","protected":false},"excerpt":{"rendered":"<p>Malet\u00edn en piel ecol\u00f3gica con bandolera, forrado interiormente en jacquard amarillo.<br \/>\nContiene: c\u00e1liz de lat\u00f3n ba\u00f1ado en oro de 24 quilates con martillado-asperges-patena-caja para Hostias-crismera para Santos \u00d3leos-copon sobre base de fundici\u00f3n-altar de fundici\u00f3n con soporte para cruz y velas-botellas de agua y vino de 30 ml-cruz pastoral y velas de cera-caja para formas bicolor-lienzos para altar bordados.<br \/>\nDimensiones 40 x 28,5 x 6 cm<\/p>\n","protected":false},"featured_media":124546,"template":"","meta":[],"product_cat":[11715],"product_tag":[],"yoast_head":"<!-- This site is optimized with the Yoast SEO plugin v20.4 - https:\/\/yoast.com\/wordpress\/plugins\/seo\/ -->\n<title>Malet\u00edn - maletas de altar y Laboratorio Gruppo Liturgico<\/title>\n<meta name=\"description\" content=\"Malet\u00edn en piel ecol\u00f3gica con bandolera, forrado interiormente en jacquard amarillo. Contiene: c\u00e1liz de lat\u00f3n ba\u00f1ado en oro de 24 quilates con martillado-asperges-patena-caja para Hostias-crismera para Santos \u00d3leos-copon sobre base de fundici\u00f3n-altar de fundici\u00f3n con soporte para cruz y velas-botellas de agua y vino de 30 ml-cruz pastoral y velas de cera-caja para formas bicolor-lienzos para altar bordados. Dimensiones 40 x 28,5 x 6 cm\" \/>\n<meta name=\"robots\" content=\"index, follow, max-snippet:-1, max-image-preview:large, max-video-preview:-1\" \/>\n<link rel=\"canonical\" href=\"https:\/\/www.gruppoliturgico.com\/es\/producto\/maletin-4\/\" \/>\n<meta property=\"og:locale\" content=\"es_ES\" \/>\n<meta property=\"og:type\" content=\"article\" \/>\n<meta property=\"og:title\" content=\"Malet\u00edn - maletas de altar y Laboratorio Gruppo Liturgico\" \/>\n<meta property=\"og:description\" content=\"Malet\u00edn en piel ecol\u00f3gica con bandolera, forrado interiormente en jacquard amarillo. Contiene: c\u00e1liz de lat\u00f3n ba\u00f1ado en oro de 24 quilates con martillado-asperges-patena-caja para Hostias-crismera para Santos \u00d3leos-copon sobre base de fundici\u00f3n-altar de fundici\u00f3n con soporte para cruz y velas-botellas de agua y vino de 30 ml-cruz pastoral y velas de cera-caja para formas bicolor-lienzos para altar bordados. Dimensiones 40 x 28,5 x 6 cm\" \/>\n<meta property=\"og:url\" content=\"https:\/\/www.gruppoliturgico.com\/es\/producto\/maletin-4\/\" \/>\n<meta property=\"og:site_name\" content=\"Laboratorio Gruppo Liturgico\" \/>\n<meta property=\"article:modified_time\" content=\"2023-04-15T12:28:51+00:00\" \/>\n<meta property=\"og:image\" content=\"https:\/\/www.gruppoliturgico.com\/wp-content\/uploads\/2022\/05\/2058202.jpg\" \/>\n\t<meta property=\"og:image:width\" content=\"1390\" \/>\n\t<meta property=\"og:image:height\" content=\"1500\" \/>\n\t<meta property=\"og:image:type\" content=\"image\/jpeg\" \/>\n<meta name=\"twitter:card\" content=\"summary_large_image\" \/>\n<script type=\"application\/ld+json\" class=\"yoast-schema-graph\">{\"@context\":\"https:\/\/schema.org\",\"@graph\":[{\"@type\":\"WebPage\",\"@id\":\"https:\/\/www.gruppoliturgico.com\/es\/producto\/maletin-4\/\",\"url\":\"https:\/\/www.gruppoliturgico.com\/es\/producto\/maletin-4\/\",\"name\":\"Malet\u00edn - maletas de altar y Laboratorio Gruppo Liturgico\",\"isPartOf\":{\"@id\":\"https:\/\/www.gruppoliturgico.com\/es\/#website\"},\"datePublished\":\"2022-05-20T00:43:00+00:00\",\"dateModified\":\"2023-04-15T12:28:51+00:00\",\"description\":\"Malet\u00edn en piel ecol\u00f3gica con bandolera, forrado interiormente en jacquard amarillo. Contiene: c\u00e1liz de lat\u00f3n ba\u00f1ado en oro de 24 quilates con martillado-asperges-patena-caja para Hostias-crismera para Santos \u00d3leos-copon sobre base de fundici\u00f3n-altar de fundici\u00f3n con soporte para cruz y velas-botellas de agua y vino de 30 ml-cruz pastoral y velas de cera-caja para formas bicolor-lienzos para altar bordados. Dimensiones 40 x 28,5 x 6 cm\",\"breadcrumb\":{\"@id\":\"https:\/\/www.gruppoliturgico.com\/es\/producto\/maletin-4\/#breadcrumb\"},\"inLanguage\":\"es\",\"potentialAction\":[{\"@type\":\"ReadAction\",\"target\":[\"https:\/\/www.gruppoliturgico.com\/es\/producto\/maletin-4\/\"]}]},{\"@type\":\"BreadcrumbList\",\"@id\":\"https:\/\/www.gruppoliturgico.com\/es\/producto\/maletin-4\/#breadcrumb\",\"itemListElement\":[{\"@type\":\"ListItem\",\"position\":1,\"name\":\"Home\",\"item\":\"https:\/\/www.gruppoliturgico.com\/es\/\"},{\"@type\":\"ListItem\",\"position\":2,\"name\":\"Tienda\",\"item\":\"https:\/\/www.gruppoliturgico.com\/es\/tienda\/\"},{\"@type\":\"ListItem\",\"position\":3,\"name\":\"Malet\u00edn\"}]},{\"@type\":\"WebSite\",\"@id\":\"https:\/\/www.gruppoliturgico.com\/es\/#website\",\"url\":\"https:\/\/www.gruppoliturgico.com\/es\/\",\"name\":\"Laboratorio Gruppo Liturgico\",\"description\":\"Articoli Religiosi online\",\"publisher\":{\"@id\":\"https:\/\/www.gruppoliturgico.com\/es\/#organization\"},\"potentialAction\":[{\"@type\":\"SearchAction\",\"target\":{\"@type\":\"EntryPoint\",\"urlTemplate\":\"https:\/\/www.gruppoliturgico.com\/es\/?s={search_term_string}\"},\"query-input\":\"required name=search_term_string\"}],\"inLanguage\":\"es\"},{\"@type\":\"Organization\",\"@id\":\"https:\/\/www.gruppoliturgico.com\/es\/#organization\",\"name\":\"Laboratorio Gruppo Liturgico\",\"url\":\"https:\/\/www.gruppoliturgico.com\/es\/\",\"logo\":{\"@type\":\"ImageObject\",\"inLanguage\":\"es\",\"@id\":\"https:\/\/www.gruppoliturgico.com\/es\/#\/schema\/logo\/image\/\",\"url\":\"https:\/\/www.gruppoliturgico.com\/wp-content\/uploads\/2022\/02\/logo-laboratoriogruppoliturgico.png\",\"contentUrl\":\"https:\/\/www.gruppoliturgico.com\/wp-content\/uploads\/2022\/02\/logo-laboratoriogruppoliturgico.png\",\"width\":400,\"height\":114,\"caption\":\"Laboratorio Gruppo Liturgico\"},\"image\":{\"@id\":\"https:\/\/www.gruppoliturgico.com\/es\/#\/schema\/logo\/image\/\"}}]}<\/script>\n<!-- \/ Yoast SEO plugin. -->","yoast_head_json":{"title":"Malet\u00edn - maletas de altar y Laboratorio Gruppo Liturgico","description":"Malet\u00edn en piel ecol\u00f3gica con bandolera, forrado interiormente en jacquard amarillo. Contiene: c\u00e1liz de lat\u00f3n ba\u00f1ado en oro de 24 quilates con martillado-asperges-patena-caja para Hostias-crismera para Santos \u00d3leos-copon sobre base de fundici\u00f3n-altar de fundici\u00f3n con soporte para cruz y velas-botellas de agua y vino de 30 ml-cruz pastoral y velas de cera-caja para formas bicolor-lienzos para altar bordados. Dimensiones 40 x 28,5 x 6 cm","robots":{"index":"index","follow":"follow","max-snippet":"max-snippet:-1","max-image-preview":"max-image-preview:large","max-video-preview":"max-video-preview:-1"},"canonical":"https:\/\/www.gruppoliturgico.com\/es\/producto\/maletin-4\/","og_locale":"es_ES","og_type":"article","og_title":"Malet\u00edn - maletas de altar y Laboratorio Gruppo Liturgico","og_description":"Malet\u00edn en piel ecol\u00f3gica con bandolera, forrado interiormente en jacquard amarillo. Contiene: c\u00e1liz de lat\u00f3n ba\u00f1ado en oro de 24 quilates con martillado-asperges-patena-caja para Hostias-crismera para Santos \u00d3leos-copon sobre base de fundici\u00f3n-altar de fundici\u00f3n con soporte para cruz y velas-botellas de agua y vino de 30 ml-cruz pastoral y velas de cera-caja para formas bicolor-lienzos para altar bordados. Dimensiones 40 x 28,5 x 6 cm","og_url":"https:\/\/www.gruppoliturgico.com\/es\/producto\/maletin-4\/","og_site_name":"Laboratorio Gruppo Liturgico","article_modified_time":"2023-04-15T12:28:51+00:00","og_image":[{"width":1390,"height":1500,"url":"https:\/\/www.gruppoliturgico.com\/wp-content\/uploads\/2022\/05\/2058202.jpg","type":"image\/jpeg"}],"twitter_card":"summary_large_image","schema":{"@context":"https:\/\/schema.org","@graph":[{"@type":"WebPage","@id":"https:\/\/www.gruppoliturgico.com\/es\/producto\/maletin-4\/","url":"https:\/\/www.gruppoliturgico.com\/es\/producto\/maletin-4\/","name":"Malet\u00edn - maletas de altar y Laboratorio Gruppo Liturgico","isPartOf":{"@id":"https:\/\/www.gruppoliturgico.com\/es\/#website"},"datePublished":"2022-05-20T00:43:00+00:00","dateModified":"2023-04-15T12:28:51+00:00","description":"Malet\u00edn en piel ecol\u00f3gica con bandolera, forrado interiormente en jacquard amarillo. Contiene: c\u00e1liz de lat\u00f3n ba\u00f1ado en oro de 24 quilates con martillado-asperges-patena-caja para Hostias-crismera para Santos \u00d3leos-copon sobre base de fundici\u00f3n-altar de fundici\u00f3n con soporte para cruz y velas-botellas de agua y vino de 30 ml-cruz pastoral y velas de cera-caja para formas bicolor-lienzos para altar bordados. Dimensiones 40 x 28,5 x 6 cm","breadcrumb":{"@id":"https:\/\/www.gruppoliturgico.com\/es\/producto\/maletin-4\/#breadcrumb"},"inLanguage":"es","potentialAction":[{"@type":"ReadAction","target":["https:\/\/www.gruppoliturgico.com\/es\/producto\/maletin-4\/"]}]},{"@type":"BreadcrumbList","@id":"https:\/\/www.gruppoliturgico.com\/es\/producto\/maletin-4\/#breadcrumb","itemListElement":[{"@type":"ListItem","position":1,"name":"Home","item":"https:\/\/www.gruppoliturgico.com\/es\/"},{"@type":"ListItem","position":2,"name":"Tienda","item":"https:\/\/www.gruppoliturgico.com\/es\/tienda\/"},{"@type":"ListItem","position":3,"name":"Malet\u00edn"}]},{"@type":"WebSite","@id":"https:\/\/www.gruppoliturgico.com\/es\/#website","url":"https:\/\/www.gruppoliturgico.com\/es\/","name":"Laboratorio Gruppo Liturgico","description":"Articoli Religiosi online","publisher":{"@id":"https:\/\/www.gruppoliturgico.com\/es\/#organization"},"potentialAction":[{"@type":"SearchAction","target":{"@type":"EntryPoint","urlTemplate":"https:\/\/www.gruppoliturgico.com\/es\/?s={search_term_string}"},"query-input":"required name=search_term_string"}],"inLanguage":"es"},{"@type":"Organization","@id":"https:\/\/www.gruppoliturgico.com\/es\/#organization","name":"Laboratorio Gruppo Liturgico","url":"https:\/\/www.gruppoliturgico.com\/es\/","logo":{"@type":"ImageObject","inLanguage":"es","@id":"https:\/\/www.gruppoliturgico.com\/es\/#\/schema\/logo\/image\/","url":"https:\/\/www.gruppoliturgico.com\/wp-content\/uploads\/2022\/02\/logo-laboratoriogruppoliturgico.png","contentUrl":"https:\/\/www.gruppoliturgico.com\/wp-content\/uploads\/2022\/02\/logo-laboratoriogruppoliturgico.png","width":400,"height":114,"caption":"Laboratorio Gruppo Liturgico"},"image":{"@id":"https:\/\/www.gruppoliturgico.com\/es\/#\/schema\/logo\/image\/"}}]}},"_links":{"self":[{"href":"https:\/\/www.gruppoliturgico.com\/es\/wp-json\/wp\/v2\/product\/67616"}],"collection":[{"href":"https:\/\/www.gruppoliturgico.com\/es\/wp-json\/wp\/v2\/product"}],"about":[{"href":"https:\/\/www.gruppoliturgico.com\/es\/wp-json\/wp\/v2\/types\/product"}],"wp:featuredmedia":[{"embeddable":true,"href":"https:\/\/www.gruppoliturgico.com\/es\/wp-json\/wp\/v2\/media\/124546"}],"wp:attachment":[{"href":"https:\/\/www.gruppoliturgico.com\/es\/wp-json\/wp\/v2\/media?parent=67616"}],"wp:term":[{"taxonomy":"product_cat","embeddable":true,"href":"https:\/\/www.gruppoliturgico.com\/es\/wp-json\/wp\/v2\/product_cat?post=67616"},{"taxonomy":"product_tag","embeddable":true,"href":"https:\/\/www.gruppoliturgico.com\/es\/wp-json\/wp\/v2\/product_tag?post=67616"}],"curies":[{"name":"wp","href":"https:\/\/api.w.org\/{rel}","templated":true}]}}