{"id":67056,"date":"2022-05-20T02:17:05","date_gmt":"2022-05-20T00:17:13","guid":{"rendered":"https:\/\/www.gruppoliturgico.com\/prodotto\/ceramica-de-arte-3\/"},"modified":"2022-10-05T15:03:04","modified_gmt":"2022-10-05T13:03:04","slug":"ceramica-de-arte-3","status":"publish","type":"product","link":"https:\/\/www.gruppoliturgico.com\/es\/producto\/ceramica-de-arte-3\/","title":{"rendered":"Juego completo de cer\u00e1mica"},"content":{"rendered":"<html><body><p>Juego completo de cer\u00e1mica decorada a mano.<br>\nLa originalidad de las formas y de la decoraci\u00f3n son las caracter\u00edsticas de este servicio.<br>\nIncluye el c\u00e1liz, con su correspondiente patena, el cop\u00f3n, el cop\u00f3n-patena y su correspondiente juego de vinajeras con bandeja.<br>\nDimensiones<br>\nC\u00e1liz altura cm 15<br>\nPatena c\u00e1liz \u00d8 cm 15<br>\nCop\u00f3n altura cm 14<br>\nCop\u00f3n-patena \u00d8 cm 14<\/p>\n<\/body><\/html>","protected":false},"excerpt":{"rendered":"<p>Juego completo de cer\u00e1mica decorada a mano.<br \/>\nLa originalidad de las formas y de la decoraci\u00f3n son las caracter\u00edsticas de este servicio.<br \/>\nIncluye el c\u00e1liz, con su correspondiente patena, el cop\u00f3n, el cop\u00f3n-patena y su correspondiente juego de vinajeras con bandeja.<br \/>\nDimensiones<br \/>\nC\u00e1liz altura cm 15<br \/>\nPatena c\u00e1liz \u00d8 cm 15<br \/>\nCop\u00f3n altura cm 14<br \/>\nCop\u00f3n-patena \u00d8 cm 14<\/p>\n","protected":false},"featured_media":131037,"template":"","meta":[],"product_cat":[11695],"product_tag":[],"yoast_head":"<!-- This site is optimized with the Yoast SEO plugin v20.4 - https:\/\/yoast.com\/wordpress\/plugins\/seo\/ -->\n<title>Juego completo de cer\u00e1mica - cer\u00e1mica de arte y Laboratorio Gruppo Liturgico<\/title>\n<meta name=\"description\" content=\"Juego completo de cer\u00e1mica decorada a mano. La originalidad de las formas y de la decoraci\u00f3n son las caracter\u00edsticas de este servicio. Incluye el c\u00e1liz, con su correspondiente patena, el cop\u00f3n, el cop\u00f3n-patena y su correspondiente juego de vinajeras con bandeja.  Dimensiones C\u00e1liz altura cm 15 Patena c\u00e1liz \u00d8 cm 15 Cop\u00f3n altura cm 14 Cop\u00f3n-patena \u00d8 cm 14\" \/>\n<meta name=\"robots\" content=\"index, follow, max-snippet:-1, max-image-preview:large, max-video-preview:-1\" \/>\n<link rel=\"canonical\" href=\"https:\/\/www.gruppoliturgico.com\/es\/producto\/ceramica-de-arte-3\/\" \/>\n<meta property=\"og:locale\" content=\"es_ES\" \/>\n<meta property=\"og:type\" content=\"article\" \/>\n<meta property=\"og:title\" content=\"Juego completo de cer\u00e1mica - cer\u00e1mica de arte y Laboratorio Gruppo Liturgico\" \/>\n<meta property=\"og:description\" content=\"Juego completo de cer\u00e1mica decorada a mano. La originalidad de las formas y de la decoraci\u00f3n son las caracter\u00edsticas de este servicio. Incluye el c\u00e1liz, con su correspondiente patena, el cop\u00f3n, el cop\u00f3n-patena y su correspondiente juego de vinajeras con bandeja.  Dimensiones C\u00e1liz altura cm 15 Patena c\u00e1liz \u00d8 cm 15 Cop\u00f3n altura cm 14 Cop\u00f3n-patena \u00d8 cm 14\" \/>\n<meta property=\"og:url\" content=\"https:\/\/www.gruppoliturgico.com\/es\/producto\/ceramica-de-arte-3\/\" \/>\n<meta property=\"og:site_name\" content=\"Laboratorio Gruppo Liturgico\" \/>\n<meta property=\"article:modified_time\" content=\"2022-10-05T13:03:04+00:00\" \/>\n<meta property=\"og:image\" content=\"https:\/\/www.gruppoliturgico.com\/wp-content\/uploads\/2022\/05\/3335rit.jpg\" \/>\n\t<meta property=\"og:image:width\" content=\"2000\" \/>\n\t<meta property=\"og:image:height\" content=\"1318\" \/>\n\t<meta property=\"og:image:type\" content=\"image\/jpeg\" \/>\n<meta name=\"twitter:card\" content=\"summary_large_image\" \/>\n<script type=\"application\/ld+json\" class=\"yoast-schema-graph\">{\"@context\":\"https:\/\/schema.org\",\"@graph\":[{\"@type\":\"WebPage\",\"@id\":\"https:\/\/www.gruppoliturgico.com\/es\/producto\/ceramica-de-arte-3\/\",\"url\":\"https:\/\/www.gruppoliturgico.com\/es\/producto\/ceramica-de-arte-3\/\",\"name\":\"Juego completo de cer\u00e1mica - cer\u00e1mica de arte y Laboratorio Gruppo Liturgico\",\"isPartOf\":{\"@id\":\"https:\/\/www.gruppoliturgico.com\/es\/#website\"},\"datePublished\":\"2022-05-20T00:17:13+00:00\",\"dateModified\":\"2022-10-05T13:03:04+00:00\",\"description\":\"Juego completo de cer\u00e1mica decorada a mano. La originalidad de las formas y de la decoraci\u00f3n son las caracter\u00edsticas de este servicio. Incluye el c\u00e1liz, con su correspondiente patena, el cop\u00f3n, el cop\u00f3n-patena y su correspondiente juego de vinajeras con bandeja. Dimensiones C\u00e1liz altura cm 15 Patena c\u00e1liz \u00d8 cm 15 Cop\u00f3n altura cm 14 Cop\u00f3n-patena \u00d8 cm 14\",\"breadcrumb\":{\"@id\":\"https:\/\/www.gruppoliturgico.com\/es\/producto\/ceramica-de-arte-3\/#breadcrumb\"},\"inLanguage\":\"es\",\"potentialAction\":[{\"@type\":\"ReadAction\",\"target\":[\"https:\/\/www.gruppoliturgico.com\/es\/producto\/ceramica-de-arte-3\/\"]}]},{\"@type\":\"BreadcrumbList\",\"@id\":\"https:\/\/www.gruppoliturgico.com\/es\/producto\/ceramica-de-arte-3\/#breadcrumb\",\"itemListElement\":[{\"@type\":\"ListItem\",\"position\":1,\"name\":\"Home\",\"item\":\"https:\/\/www.gruppoliturgico.com\/es\/\"},{\"@type\":\"ListItem\",\"position\":2,\"name\":\"Tienda\",\"item\":\"https:\/\/www.gruppoliturgico.com\/es\/tienda\/\"},{\"@type\":\"ListItem\",\"position\":3,\"name\":\"Juego completo de cer\u00e1mica\"}]},{\"@type\":\"WebSite\",\"@id\":\"https:\/\/www.gruppoliturgico.com\/es\/#website\",\"url\":\"https:\/\/www.gruppoliturgico.com\/es\/\",\"name\":\"Laboratorio Gruppo Liturgico\",\"description\":\"Articoli Religiosi online\",\"publisher\":{\"@id\":\"https:\/\/www.gruppoliturgico.com\/es\/#organization\"},\"potentialAction\":[{\"@type\":\"SearchAction\",\"target\":{\"@type\":\"EntryPoint\",\"urlTemplate\":\"https:\/\/www.gruppoliturgico.com\/es\/?s={search_term_string}\"},\"query-input\":\"required name=search_term_string\"}],\"inLanguage\":\"es\"},{\"@type\":\"Organization\",\"@id\":\"https:\/\/www.gruppoliturgico.com\/es\/#organization\",\"name\":\"Laboratorio Gruppo Liturgico\",\"url\":\"https:\/\/www.gruppoliturgico.com\/es\/\",\"logo\":{\"@type\":\"ImageObject\",\"inLanguage\":\"es\",\"@id\":\"https:\/\/www.gruppoliturgico.com\/es\/#\/schema\/logo\/image\/\",\"url\":\"https:\/\/www.gruppoliturgico.com\/wp-content\/uploads\/2022\/02\/logo-laboratoriogruppoliturgico.png\",\"contentUrl\":\"https:\/\/www.gruppoliturgico.com\/wp-content\/uploads\/2022\/02\/logo-laboratoriogruppoliturgico.png\",\"width\":400,\"height\":114,\"caption\":\"Laboratorio Gruppo Liturgico\"},\"image\":{\"@id\":\"https:\/\/www.gruppoliturgico.com\/es\/#\/schema\/logo\/image\/\"}}]}<\/script>\n<!-- \/ Yoast SEO plugin. -->","yoast_head_json":{"title":"Juego completo de cer\u00e1mica - cer\u00e1mica de arte y Laboratorio Gruppo Liturgico","description":"Juego completo de cer\u00e1mica decorada a mano. La originalidad de las formas y de la decoraci\u00f3n son las caracter\u00edsticas de este servicio. Incluye el c\u00e1liz, con su correspondiente patena, el cop\u00f3n, el cop\u00f3n-patena y su correspondiente juego de vinajeras con bandeja.  Dimensiones C\u00e1liz altura cm 15 Patena c\u00e1liz \u00d8 cm 15 Cop\u00f3n altura cm 14 Cop\u00f3n-patena \u00d8 cm 14","robots":{"index":"index","follow":"follow","max-snippet":"max-snippet:-1","max-image-preview":"max-image-preview:large","max-video-preview":"max-video-preview:-1"},"canonical":"https:\/\/www.gruppoliturgico.com\/es\/producto\/ceramica-de-arte-3\/","og_locale":"es_ES","og_type":"article","og_title":"Juego completo de cer\u00e1mica - cer\u00e1mica de arte y Laboratorio Gruppo Liturgico","og_description":"Juego completo de cer\u00e1mica decorada a mano. La originalidad de las formas y de la decoraci\u00f3n son las caracter\u00edsticas de este servicio. Incluye el c\u00e1liz, con su correspondiente patena, el cop\u00f3n, el cop\u00f3n-patena y su correspondiente juego de vinajeras con bandeja.  Dimensiones C\u00e1liz altura cm 15 Patena c\u00e1liz \u00d8 cm 15 Cop\u00f3n altura cm 14 Cop\u00f3n-patena \u00d8 cm 14","og_url":"https:\/\/www.gruppoliturgico.com\/es\/producto\/ceramica-de-arte-3\/","og_site_name":"Laboratorio Gruppo Liturgico","article_modified_time":"2022-10-05T13:03:04+00:00","og_image":[{"width":2000,"height":1318,"url":"https:\/\/www.gruppoliturgico.com\/wp-content\/uploads\/2022\/05\/3335rit.jpg","type":"image\/jpeg"}],"twitter_card":"summary_large_image","schema":{"@context":"https:\/\/schema.org","@graph":[{"@type":"WebPage","@id":"https:\/\/www.gruppoliturgico.com\/es\/producto\/ceramica-de-arte-3\/","url":"https:\/\/www.gruppoliturgico.com\/es\/producto\/ceramica-de-arte-3\/","name":"Juego completo de cer\u00e1mica - cer\u00e1mica de arte y Laboratorio Gruppo Liturgico","isPartOf":{"@id":"https:\/\/www.gruppoliturgico.com\/es\/#website"},"datePublished":"2022-05-20T00:17:13+00:00","dateModified":"2022-10-05T13:03:04+00:00","description":"Juego completo de cer\u00e1mica decorada a mano. La originalidad de las formas y de la decoraci\u00f3n son las caracter\u00edsticas de este servicio. Incluye el c\u00e1liz, con su correspondiente patena, el cop\u00f3n, el cop\u00f3n-patena y su correspondiente juego de vinajeras con bandeja. Dimensiones C\u00e1liz altura cm 15 Patena c\u00e1liz \u00d8 cm 15 Cop\u00f3n altura cm 14 Cop\u00f3n-patena \u00d8 cm 14","breadcrumb":{"@id":"https:\/\/www.gruppoliturgico.com\/es\/producto\/ceramica-de-arte-3\/#breadcrumb"},"inLanguage":"es","potentialAction":[{"@type":"ReadAction","target":["https:\/\/www.gruppoliturgico.com\/es\/producto\/ceramica-de-arte-3\/"]}]},{"@type":"BreadcrumbList","@id":"https:\/\/www.gruppoliturgico.com\/es\/producto\/ceramica-de-arte-3\/#breadcrumb","itemListElement":[{"@type":"ListItem","position":1,"name":"Home","item":"https:\/\/www.gruppoliturgico.com\/es\/"},{"@type":"ListItem","position":2,"name":"Tienda","item":"https:\/\/www.gruppoliturgico.com\/es\/tienda\/"},{"@type":"ListItem","position":3,"name":"Juego completo de cer\u00e1mica"}]},{"@type":"WebSite","@id":"https:\/\/www.gruppoliturgico.com\/es\/#website","url":"https:\/\/www.gruppoliturgico.com\/es\/","name":"Laboratorio Gruppo Liturgico","description":"Articoli Religiosi online","publisher":{"@id":"https:\/\/www.gruppoliturgico.com\/es\/#organization"},"potentialAction":[{"@type":"SearchAction","target":{"@type":"EntryPoint","urlTemplate":"https:\/\/www.gruppoliturgico.com\/es\/?s={search_term_string}"},"query-input":"required name=search_term_string"}],"inLanguage":"es"},{"@type":"Organization","@id":"https:\/\/www.gruppoliturgico.com\/es\/#organization","name":"Laboratorio Gruppo Liturgico","url":"https:\/\/www.gruppoliturgico.com\/es\/","logo":{"@type":"ImageObject","inLanguage":"es","@id":"https:\/\/www.gruppoliturgico.com\/es\/#\/schema\/logo\/image\/","url":"https:\/\/www.gruppoliturgico.com\/wp-content\/uploads\/2022\/02\/logo-laboratoriogruppoliturgico.png","contentUrl":"https:\/\/www.gruppoliturgico.com\/wp-content\/uploads\/2022\/02\/logo-laboratoriogruppoliturgico.png","width":400,"height":114,"caption":"Laboratorio Gruppo Liturgico"},"image":{"@id":"https:\/\/www.gruppoliturgico.com\/es\/#\/schema\/logo\/image\/"}}]}},"_links":{"self":[{"href":"https:\/\/www.gruppoliturgico.com\/es\/wp-json\/wp\/v2\/product\/67056"}],"collection":[{"href":"https:\/\/www.gruppoliturgico.com\/es\/wp-json\/wp\/v2\/product"}],"about":[{"href":"https:\/\/www.gruppoliturgico.com\/es\/wp-json\/wp\/v2\/types\/product"}],"wp:featuredmedia":[{"embeddable":true,"href":"https:\/\/www.gruppoliturgico.com\/es\/wp-json\/wp\/v2\/media\/131037"}],"wp:attachment":[{"href":"https:\/\/www.gruppoliturgico.com\/es\/wp-json\/wp\/v2\/media?parent=67056"}],"wp:term":[{"taxonomy":"product_cat","embeddable":true,"href":"https:\/\/www.gruppoliturgico.com\/es\/wp-json\/wp\/v2\/product_cat?post=67056"},{"taxonomy":"product_tag","embeddable":true,"href":"https:\/\/www.gruppoliturgico.com\/es\/wp-json\/wp\/v2\/product_tag?post=67056"}],"curies":[{"name":"wp","href":"https:\/\/api.w.org\/{rel}","templated":true}]}}