{"id":67044,"date":"2022-05-20T02:16:31","date_gmt":"2022-05-20T00:16:39","guid":{"rendered":"https:\/\/www.gruppoliturgico.com\/prodotto\/relicario-6\/"},"modified":"2022-10-12T11:37:07","modified_gmt":"2022-10-12T09:37:07","slug":"relicario-6","status":"publish","type":"product","link":"https:\/\/www.gruppoliturgico.com\/es\/producto\/relicario-6\/","title":{"rendered":"Relicario"},"content":{"rendered":"<html><body><p>Relicario totalmente de fundici\u00f3n de bronce con cincelados.<br>\nLa particularidad de este art\u00edculo es la de llevar su parte superior extra\u00edble desde la base.<br>\nDe este modo, es m\u00e1s simple presentar la reliquia a los fieles.<br>\nDimensiones de la caja de reliquias cm 6 x 5.<br>\nAltura cm 53.<\/p>\n<\/body><\/html>","protected":false},"excerpt":{"rendered":"<p>Relicario totalmente de fundici\u00f3n de bronce con cincelados.<br \/>\nLa particularidad de este art\u00edculo es la de llevar su parte superior extra\u00edble desde la base.<br \/>\nDe este modo, es m\u00e1s simple presentar la reliquia a los fieles.<br \/>\nDimensiones de la caja de reliquias cm 6 x 5.<br \/>\nAltura cm 53.<\/p>\n","protected":false},"featured_media":77379,"template":"","meta":[],"product_cat":[11691],"product_tag":[],"yoast_head":"<!-- This site is optimized with the Yoast SEO plugin v20.4 - https:\/\/yoast.com\/wordpress\/plugins\/seo\/ -->\n<title>Relicario - relicarios y Laboratorio Gruppo Liturgico<\/title>\n<meta name=\"description\" content=\"Relicario totalmente de fundici\u00f3n de bronce con cincelados.  La particularidad de este art\u00edculo es la de llevar su parte superior extra\u00edble desde la base.  De este modo, es m\u00e1s simple presentar la reliquia a los fieles. Dimensiones de la caja de reliquias cm 6 x 5. Altura cm 53.\" \/>\n<meta name=\"robots\" content=\"index, follow, max-snippet:-1, max-image-preview:large, max-video-preview:-1\" \/>\n<link rel=\"canonical\" href=\"https:\/\/www.gruppoliturgico.com\/es\/producto\/relicario-6\/\" \/>\n<meta property=\"og:locale\" content=\"es_ES\" \/>\n<meta property=\"og:type\" content=\"article\" \/>\n<meta property=\"og:title\" content=\"Relicario - relicarios y Laboratorio Gruppo Liturgico\" \/>\n<meta property=\"og:description\" content=\"Relicario totalmente de fundici\u00f3n de bronce con cincelados.  La particularidad de este art\u00edculo es la de llevar su parte superior extra\u00edble desde la base.  De este modo, es m\u00e1s simple presentar la reliquia a los fieles. Dimensiones de la caja de reliquias cm 6 x 5. Altura cm 53.\" \/>\n<meta property=\"og:url\" content=\"https:\/\/www.gruppoliturgico.com\/es\/producto\/relicario-6\/\" \/>\n<meta property=\"og:site_name\" content=\"Laboratorio Gruppo Liturgico\" \/>\n<meta property=\"article:modified_time\" content=\"2022-10-12T09:37:07+00:00\" \/>\n<meta property=\"og:image\" content=\"https:\/\/www.gruppoliturgico.com\/wp-content\/uploads\/2022\/05\/3084.jpg\" \/>\n\t<meta property=\"og:image:width\" content=\"623\" \/>\n\t<meta property=\"og:image:height\" content=\"1500\" \/>\n\t<meta property=\"og:image:type\" content=\"image\/jpeg\" \/>\n<meta name=\"twitter:card\" content=\"summary_large_image\" \/>\n<script type=\"application\/ld+json\" class=\"yoast-schema-graph\">{\"@context\":\"https:\/\/schema.org\",\"@graph\":[{\"@type\":\"WebPage\",\"@id\":\"https:\/\/www.gruppoliturgico.com\/es\/producto\/relicario-6\/\",\"url\":\"https:\/\/www.gruppoliturgico.com\/es\/producto\/relicario-6\/\",\"name\":\"Relicario - relicarios y Laboratorio Gruppo Liturgico\",\"isPartOf\":{\"@id\":\"https:\/\/www.gruppoliturgico.com\/es\/#website\"},\"datePublished\":\"2022-05-20T00:16:39+00:00\",\"dateModified\":\"2022-10-12T09:37:07+00:00\",\"description\":\"Relicario totalmente de fundici\u00f3n de bronce con cincelados. La particularidad de este art\u00edculo es la de llevar su parte superior extra\u00edble desde la base. De este modo, es m\u00e1s simple presentar la reliquia a los fieles. Dimensiones de la caja de reliquias cm 6 x 5. Altura cm 53.\",\"breadcrumb\":{\"@id\":\"https:\/\/www.gruppoliturgico.com\/es\/producto\/relicario-6\/#breadcrumb\"},\"inLanguage\":\"es\",\"potentialAction\":[{\"@type\":\"ReadAction\",\"target\":[\"https:\/\/www.gruppoliturgico.com\/es\/producto\/relicario-6\/\"]}]},{\"@type\":\"BreadcrumbList\",\"@id\":\"https:\/\/www.gruppoliturgico.com\/es\/producto\/relicario-6\/#breadcrumb\",\"itemListElement\":[{\"@type\":\"ListItem\",\"position\":1,\"name\":\"Home\",\"item\":\"https:\/\/www.gruppoliturgico.com\/es\/\"},{\"@type\":\"ListItem\",\"position\":2,\"name\":\"Tienda\",\"item\":\"https:\/\/www.gruppoliturgico.com\/es\/tienda\/\"},{\"@type\":\"ListItem\",\"position\":3,\"name\":\"Relicario\"}]},{\"@type\":\"WebSite\",\"@id\":\"https:\/\/www.gruppoliturgico.com\/es\/#website\",\"url\":\"https:\/\/www.gruppoliturgico.com\/es\/\",\"name\":\"Laboratorio Gruppo Liturgico\",\"description\":\"Articoli Religiosi online\",\"publisher\":{\"@id\":\"https:\/\/www.gruppoliturgico.com\/es\/#organization\"},\"potentialAction\":[{\"@type\":\"SearchAction\",\"target\":{\"@type\":\"EntryPoint\",\"urlTemplate\":\"https:\/\/www.gruppoliturgico.com\/es\/?s={search_term_string}\"},\"query-input\":\"required name=search_term_string\"}],\"inLanguage\":\"es\"},{\"@type\":\"Organization\",\"@id\":\"https:\/\/www.gruppoliturgico.com\/es\/#organization\",\"name\":\"Laboratorio Gruppo Liturgico\",\"url\":\"https:\/\/www.gruppoliturgico.com\/es\/\",\"logo\":{\"@type\":\"ImageObject\",\"inLanguage\":\"es\",\"@id\":\"https:\/\/www.gruppoliturgico.com\/es\/#\/schema\/logo\/image\/\",\"url\":\"https:\/\/www.gruppoliturgico.com\/wp-content\/uploads\/2022\/02\/logo-laboratoriogruppoliturgico.png\",\"contentUrl\":\"https:\/\/www.gruppoliturgico.com\/wp-content\/uploads\/2022\/02\/logo-laboratoriogruppoliturgico.png\",\"width\":400,\"height\":114,\"caption\":\"Laboratorio Gruppo Liturgico\"},\"image\":{\"@id\":\"https:\/\/www.gruppoliturgico.com\/es\/#\/schema\/logo\/image\/\"}}]}<\/script>\n<!-- \/ Yoast SEO plugin. -->","yoast_head_json":{"title":"Relicario - relicarios y Laboratorio Gruppo Liturgico","description":"Relicario totalmente de fundici\u00f3n de bronce con cincelados.  La particularidad de este art\u00edculo es la de llevar su parte superior extra\u00edble desde la base.  De este modo, es m\u00e1s simple presentar la reliquia a los fieles. Dimensiones de la caja de reliquias cm 6 x 5. Altura cm 53.","robots":{"index":"index","follow":"follow","max-snippet":"max-snippet:-1","max-image-preview":"max-image-preview:large","max-video-preview":"max-video-preview:-1"},"canonical":"https:\/\/www.gruppoliturgico.com\/es\/producto\/relicario-6\/","og_locale":"es_ES","og_type":"article","og_title":"Relicario - relicarios y Laboratorio Gruppo Liturgico","og_description":"Relicario totalmente de fundici\u00f3n de bronce con cincelados.  La particularidad de este art\u00edculo es la de llevar su parte superior extra\u00edble desde la base.  De este modo, es m\u00e1s simple presentar la reliquia a los fieles. Dimensiones de la caja de reliquias cm 6 x 5. Altura cm 53.","og_url":"https:\/\/www.gruppoliturgico.com\/es\/producto\/relicario-6\/","og_site_name":"Laboratorio Gruppo Liturgico","article_modified_time":"2022-10-12T09:37:07+00:00","og_image":[{"width":623,"height":1500,"url":"https:\/\/www.gruppoliturgico.com\/wp-content\/uploads\/2022\/05\/3084.jpg","type":"image\/jpeg"}],"twitter_card":"summary_large_image","schema":{"@context":"https:\/\/schema.org","@graph":[{"@type":"WebPage","@id":"https:\/\/www.gruppoliturgico.com\/es\/producto\/relicario-6\/","url":"https:\/\/www.gruppoliturgico.com\/es\/producto\/relicario-6\/","name":"Relicario - relicarios y Laboratorio Gruppo Liturgico","isPartOf":{"@id":"https:\/\/www.gruppoliturgico.com\/es\/#website"},"datePublished":"2022-05-20T00:16:39+00:00","dateModified":"2022-10-12T09:37:07+00:00","description":"Relicario totalmente de fundici\u00f3n de bronce con cincelados. La particularidad de este art\u00edculo es la de llevar su parte superior extra\u00edble desde la base. De este modo, es m\u00e1s simple presentar la reliquia a los fieles. Dimensiones de la caja de reliquias cm 6 x 5. Altura cm 53.","breadcrumb":{"@id":"https:\/\/www.gruppoliturgico.com\/es\/producto\/relicario-6\/#breadcrumb"},"inLanguage":"es","potentialAction":[{"@type":"ReadAction","target":["https:\/\/www.gruppoliturgico.com\/es\/producto\/relicario-6\/"]}]},{"@type":"BreadcrumbList","@id":"https:\/\/www.gruppoliturgico.com\/es\/producto\/relicario-6\/#breadcrumb","itemListElement":[{"@type":"ListItem","position":1,"name":"Home","item":"https:\/\/www.gruppoliturgico.com\/es\/"},{"@type":"ListItem","position":2,"name":"Tienda","item":"https:\/\/www.gruppoliturgico.com\/es\/tienda\/"},{"@type":"ListItem","position":3,"name":"Relicario"}]},{"@type":"WebSite","@id":"https:\/\/www.gruppoliturgico.com\/es\/#website","url":"https:\/\/www.gruppoliturgico.com\/es\/","name":"Laboratorio Gruppo Liturgico","description":"Articoli Religiosi online","publisher":{"@id":"https:\/\/www.gruppoliturgico.com\/es\/#organization"},"potentialAction":[{"@type":"SearchAction","target":{"@type":"EntryPoint","urlTemplate":"https:\/\/www.gruppoliturgico.com\/es\/?s={search_term_string}"},"query-input":"required name=search_term_string"}],"inLanguage":"es"},{"@type":"Organization","@id":"https:\/\/www.gruppoliturgico.com\/es\/#organization","name":"Laboratorio Gruppo Liturgico","url":"https:\/\/www.gruppoliturgico.com\/es\/","logo":{"@type":"ImageObject","inLanguage":"es","@id":"https:\/\/www.gruppoliturgico.com\/es\/#\/schema\/logo\/image\/","url":"https:\/\/www.gruppoliturgico.com\/wp-content\/uploads\/2022\/02\/logo-laboratoriogruppoliturgico.png","contentUrl":"https:\/\/www.gruppoliturgico.com\/wp-content\/uploads\/2022\/02\/logo-laboratoriogruppoliturgico.png","width":400,"height":114,"caption":"Laboratorio Gruppo Liturgico"},"image":{"@id":"https:\/\/www.gruppoliturgico.com\/es\/#\/schema\/logo\/image\/"}}]}},"_links":{"self":[{"href":"https:\/\/www.gruppoliturgico.com\/es\/wp-json\/wp\/v2\/product\/67044"}],"collection":[{"href":"https:\/\/www.gruppoliturgico.com\/es\/wp-json\/wp\/v2\/product"}],"about":[{"href":"https:\/\/www.gruppoliturgico.com\/es\/wp-json\/wp\/v2\/types\/product"}],"wp:featuredmedia":[{"embeddable":true,"href":"https:\/\/www.gruppoliturgico.com\/es\/wp-json\/wp\/v2\/media\/77379"}],"wp:attachment":[{"href":"https:\/\/www.gruppoliturgico.com\/es\/wp-json\/wp\/v2\/media?parent=67044"}],"wp:term":[{"taxonomy":"product_cat","embeddable":true,"href":"https:\/\/www.gruppoliturgico.com\/es\/wp-json\/wp\/v2\/product_cat?post=67044"},{"taxonomy":"product_tag","embeddable":true,"href":"https:\/\/www.gruppoliturgico.com\/es\/wp-json\/wp\/v2\/product_tag?post=67044"}],"curies":[{"name":"wp","href":"https:\/\/api.w.org\/{rel}","templated":true}]}}