{"id":67020,"date":"2022-05-20T02:15:16","date_gmt":"2022-05-20T00:15:27","guid":{"rendered":"https:\/\/www.gruppoliturgico.com\/prodotto\/cruz-pectoral-8\/"},"modified":"2026-01-24T09:27:21","modified_gmt":"2026-01-24T08:27:21","slug":"cruz-pectoral-8","status":"publish","type":"product","link":"https:\/\/www.gruppoliturgico.com\/es\/producto\/cruz-pectoral-8\/","title":{"rendered":"cruz pectoral en plata maciza"},"content":{"rendered":"<html><body><p>Cruz pectoral de plata maciza.<br>\nDorada en oro fino.<br>\nDe estilo gotico, lleva ricos cincelados hechos a mano y amatistas ornamentales.<br>\nMedidas 11 x 7,5 cm.<\/p>\n<p>El precio de la plata var\u00eda cada d\u00eda.<br>\nPor este motivo, le rogamos que nos consulte el precio actualizado de este art\u00edculo.<\/p>\n<\/body><\/html>","protected":false},"excerpt":{"rendered":"<p>Cruz pectoral de plata maciza.<br \/>\nDorada en oro fino.<br \/>\nDe estilo gotico, lleva ricos cincelados hechos a mano y amatistas ornamentales.<br \/>\nMedidas 11 x 7,5 cm.<\/p>\n<p>El precio de la plata var\u00eda cada d\u00eda.<br \/>\nPor este motivo, le rogamos que nos consulte el precio actualizado de este art\u00edculo.<\/p>\n","protected":false},"featured_media":77355,"template":"","meta":[],"product_cat":[12115],"product_tag":[],"yoast_head":"<!-- This site is optimized with the Yoast SEO plugin v20.4 - https:\/\/yoast.com\/wordpress\/plugins\/seo\/ -->\n<title>cruz pectoral en plata maciza - cruces pectorales y Laboratorio Gruppo Liturgico<\/title>\n<meta name=\"description\" content=\"Cruz pectoral de plata maciza. Dorada en oro fino. De estilo gotico, lleva ricos cincelados hechos a mano y amatistas ornamentales. Medidas 11 x 7,5 cm.  El precio de la plata var\u00eda cada d\u00eda. Por este motivo, le rogamos que nos consulte el precio actualizado de este art\u00edculo.\" \/>\n<meta name=\"robots\" content=\"index, follow, max-snippet:-1, max-image-preview:large, max-video-preview:-1\" \/>\n<link rel=\"canonical\" href=\"https:\/\/www.gruppoliturgico.com\/es\/producto\/cruz-pectoral-8\/\" \/>\n<meta property=\"og:locale\" content=\"es_ES\" \/>\n<meta property=\"og:type\" content=\"article\" \/>\n<meta property=\"og:title\" content=\"cruz pectoral en plata maciza - cruces pectorales y Laboratorio Gruppo Liturgico\" \/>\n<meta property=\"og:description\" content=\"Cruz pectoral de plata maciza. Dorada en oro fino. De estilo gotico, lleva ricos cincelados hechos a mano y amatistas ornamentales. Medidas 11 x 7,5 cm.  El precio de la plata var\u00eda cada d\u00eda. Por este motivo, le rogamos que nos consulte el precio actualizado de este art\u00edculo.\" \/>\n<meta property=\"og:url\" content=\"https:\/\/www.gruppoliturgico.com\/es\/producto\/cruz-pectoral-8\/\" \/>\n<meta property=\"og:site_name\" content=\"Laboratorio Gruppo Liturgico\" \/>\n<meta property=\"article:modified_time\" content=\"2026-01-24T08:27:21+00:00\" \/>\n<meta property=\"og:image\" content=\"https:\/\/www.gruppoliturgico.com\/wp-content\/uploads\/2022\/05\/255620croce20p.jpg\" \/>\n\t<meta property=\"og:image:width\" content=\"993\" \/>\n\t<meta property=\"og:image:height\" content=\"1500\" \/>\n\t<meta property=\"og:image:type\" content=\"image\/jpeg\" \/>\n<meta name=\"twitter:card\" content=\"summary_large_image\" \/>\n<script type=\"application\/ld+json\" class=\"yoast-schema-graph\">{\"@context\":\"https:\/\/schema.org\",\"@graph\":[{\"@type\":\"WebPage\",\"@id\":\"https:\/\/www.gruppoliturgico.com\/es\/producto\/cruz-pectoral-8\/\",\"url\":\"https:\/\/www.gruppoliturgico.com\/es\/producto\/cruz-pectoral-8\/\",\"name\":\"cruz pectoral en plata maciza - cruces pectorales y Laboratorio Gruppo Liturgico\",\"isPartOf\":{\"@id\":\"https:\/\/www.gruppoliturgico.com\/es\/#website\"},\"datePublished\":\"2022-05-20T00:15:27+00:00\",\"dateModified\":\"2026-01-24T08:27:21+00:00\",\"description\":\"Cruz pectoral de plata maciza. Dorada en oro fino. De estilo gotico, lleva ricos cincelados hechos a mano y amatistas ornamentales. Medidas 11 x 7,5 cm. El precio de la plata var\u00eda cada d\u00eda. Por este motivo, le rogamos que nos consulte el precio actualizado de este art\u00edculo.\",\"breadcrumb\":{\"@id\":\"https:\/\/www.gruppoliturgico.com\/es\/producto\/cruz-pectoral-8\/#breadcrumb\"},\"inLanguage\":\"es\",\"potentialAction\":[{\"@type\":\"ReadAction\",\"target\":[\"https:\/\/www.gruppoliturgico.com\/es\/producto\/cruz-pectoral-8\/\"]}]},{\"@type\":\"BreadcrumbList\",\"@id\":\"https:\/\/www.gruppoliturgico.com\/es\/producto\/cruz-pectoral-8\/#breadcrumb\",\"itemListElement\":[{\"@type\":\"ListItem\",\"position\":1,\"name\":\"Home\",\"item\":\"https:\/\/www.gruppoliturgico.com\/es\/\"},{\"@type\":\"ListItem\",\"position\":2,\"name\":\"Tienda\",\"item\":\"https:\/\/www.gruppoliturgico.com\/es\/tienda\/\"},{\"@type\":\"ListItem\",\"position\":3,\"name\":\"cruz pectoral en plata maciza\"}]},{\"@type\":\"WebSite\",\"@id\":\"https:\/\/www.gruppoliturgico.com\/es\/#website\",\"url\":\"https:\/\/www.gruppoliturgico.com\/es\/\",\"name\":\"Laboratorio Gruppo Liturgico\",\"description\":\"Articoli Religiosi online\",\"publisher\":{\"@id\":\"https:\/\/www.gruppoliturgico.com\/es\/#organization\"},\"potentialAction\":[{\"@type\":\"SearchAction\",\"target\":{\"@type\":\"EntryPoint\",\"urlTemplate\":\"https:\/\/www.gruppoliturgico.com\/es\/?s={search_term_string}\"},\"query-input\":\"required name=search_term_string\"}],\"inLanguage\":\"es\"},{\"@type\":\"Organization\",\"@id\":\"https:\/\/www.gruppoliturgico.com\/es\/#organization\",\"name\":\"Laboratorio Gruppo Liturgico\",\"url\":\"https:\/\/www.gruppoliturgico.com\/es\/\",\"logo\":{\"@type\":\"ImageObject\",\"inLanguage\":\"es\",\"@id\":\"https:\/\/www.gruppoliturgico.com\/es\/#\/schema\/logo\/image\/\",\"url\":\"https:\/\/www.gruppoliturgico.com\/wp-content\/uploads\/2022\/02\/logo-laboratoriogruppoliturgico.png\",\"contentUrl\":\"https:\/\/www.gruppoliturgico.com\/wp-content\/uploads\/2022\/02\/logo-laboratoriogruppoliturgico.png\",\"width\":400,\"height\":114,\"caption\":\"Laboratorio Gruppo Liturgico\"},\"image\":{\"@id\":\"https:\/\/www.gruppoliturgico.com\/es\/#\/schema\/logo\/image\/\"}}]}<\/script>\n<!-- \/ Yoast SEO plugin. -->","yoast_head_json":{"title":"cruz pectoral en plata maciza - cruces pectorales y Laboratorio Gruppo Liturgico","description":"Cruz pectoral de plata maciza. Dorada en oro fino. De estilo gotico, lleva ricos cincelados hechos a mano y amatistas ornamentales. Medidas 11 x 7,5 cm.  El precio de la plata var\u00eda cada d\u00eda. Por este motivo, le rogamos que nos consulte el precio actualizado de este art\u00edculo.","robots":{"index":"index","follow":"follow","max-snippet":"max-snippet:-1","max-image-preview":"max-image-preview:large","max-video-preview":"max-video-preview:-1"},"canonical":"https:\/\/www.gruppoliturgico.com\/es\/producto\/cruz-pectoral-8\/","og_locale":"es_ES","og_type":"article","og_title":"cruz pectoral en plata maciza - cruces pectorales y Laboratorio Gruppo Liturgico","og_description":"Cruz pectoral de plata maciza. Dorada en oro fino. De estilo gotico, lleva ricos cincelados hechos a mano y amatistas ornamentales. Medidas 11 x 7,5 cm.  El precio de la plata var\u00eda cada d\u00eda. Por este motivo, le rogamos que nos consulte el precio actualizado de este art\u00edculo.","og_url":"https:\/\/www.gruppoliturgico.com\/es\/producto\/cruz-pectoral-8\/","og_site_name":"Laboratorio Gruppo Liturgico","article_modified_time":"2026-01-24T08:27:21+00:00","og_image":[{"width":993,"height":1500,"url":"https:\/\/www.gruppoliturgico.com\/wp-content\/uploads\/2022\/05\/255620croce20p.jpg","type":"image\/jpeg"}],"twitter_card":"summary_large_image","schema":{"@context":"https:\/\/schema.org","@graph":[{"@type":"WebPage","@id":"https:\/\/www.gruppoliturgico.com\/es\/producto\/cruz-pectoral-8\/","url":"https:\/\/www.gruppoliturgico.com\/es\/producto\/cruz-pectoral-8\/","name":"cruz pectoral en plata maciza - cruces pectorales y Laboratorio Gruppo Liturgico","isPartOf":{"@id":"https:\/\/www.gruppoliturgico.com\/es\/#website"},"datePublished":"2022-05-20T00:15:27+00:00","dateModified":"2026-01-24T08:27:21+00:00","description":"Cruz pectoral de plata maciza. Dorada en oro fino. De estilo gotico, lleva ricos cincelados hechos a mano y amatistas ornamentales. Medidas 11 x 7,5 cm. El precio de la plata var\u00eda cada d\u00eda. Por este motivo, le rogamos que nos consulte el precio actualizado de este art\u00edculo.","breadcrumb":{"@id":"https:\/\/www.gruppoliturgico.com\/es\/producto\/cruz-pectoral-8\/#breadcrumb"},"inLanguage":"es","potentialAction":[{"@type":"ReadAction","target":["https:\/\/www.gruppoliturgico.com\/es\/producto\/cruz-pectoral-8\/"]}]},{"@type":"BreadcrumbList","@id":"https:\/\/www.gruppoliturgico.com\/es\/producto\/cruz-pectoral-8\/#breadcrumb","itemListElement":[{"@type":"ListItem","position":1,"name":"Home","item":"https:\/\/www.gruppoliturgico.com\/es\/"},{"@type":"ListItem","position":2,"name":"Tienda","item":"https:\/\/www.gruppoliturgico.com\/es\/tienda\/"},{"@type":"ListItem","position":3,"name":"cruz pectoral en plata maciza"}]},{"@type":"WebSite","@id":"https:\/\/www.gruppoliturgico.com\/es\/#website","url":"https:\/\/www.gruppoliturgico.com\/es\/","name":"Laboratorio Gruppo Liturgico","description":"Articoli Religiosi online","publisher":{"@id":"https:\/\/www.gruppoliturgico.com\/es\/#organization"},"potentialAction":[{"@type":"SearchAction","target":{"@type":"EntryPoint","urlTemplate":"https:\/\/www.gruppoliturgico.com\/es\/?s={search_term_string}"},"query-input":"required name=search_term_string"}],"inLanguage":"es"},{"@type":"Organization","@id":"https:\/\/www.gruppoliturgico.com\/es\/#organization","name":"Laboratorio Gruppo Liturgico","url":"https:\/\/www.gruppoliturgico.com\/es\/","logo":{"@type":"ImageObject","inLanguage":"es","@id":"https:\/\/www.gruppoliturgico.com\/es\/#\/schema\/logo\/image\/","url":"https:\/\/www.gruppoliturgico.com\/wp-content\/uploads\/2022\/02\/logo-laboratoriogruppoliturgico.png","contentUrl":"https:\/\/www.gruppoliturgico.com\/wp-content\/uploads\/2022\/02\/logo-laboratoriogruppoliturgico.png","width":400,"height":114,"caption":"Laboratorio Gruppo Liturgico"},"image":{"@id":"https:\/\/www.gruppoliturgico.com\/es\/#\/schema\/logo\/image\/"}}]}},"_links":{"self":[{"href":"https:\/\/www.gruppoliturgico.com\/es\/wp-json\/wp\/v2\/product\/67020"}],"collection":[{"href":"https:\/\/www.gruppoliturgico.com\/es\/wp-json\/wp\/v2\/product"}],"about":[{"href":"https:\/\/www.gruppoliturgico.com\/es\/wp-json\/wp\/v2\/types\/product"}],"wp:featuredmedia":[{"embeddable":true,"href":"https:\/\/www.gruppoliturgico.com\/es\/wp-json\/wp\/v2\/media\/77355"}],"wp:attachment":[{"href":"https:\/\/www.gruppoliturgico.com\/es\/wp-json\/wp\/v2\/media?parent=67020"}],"wp:term":[{"taxonomy":"product_cat","embeddable":true,"href":"https:\/\/www.gruppoliturgico.com\/es\/wp-json\/wp\/v2\/product_cat?post=67020"},{"taxonomy":"product_tag","embeddable":true,"href":"https:\/\/www.gruppoliturgico.com\/es\/wp-json\/wp\/v2\/product_tag?post=67020"}],"curies":[{"name":"wp","href":"https:\/\/api.w.org\/{rel}","templated":true}]}}