{"id":66936,"date":"2022-05-20T02:11:00","date_gmt":"2022-05-20T00:11:28","guid":{"rendered":"https:\/\/www.gruppoliturgico.com\/prodotto\/palia-4\/"},"modified":"2022-08-30T16:59:24","modified_gmt":"2022-08-30T14:59:24","slug":"palia-4","status":"publish","type":"product","link":"https:\/\/www.gruppoliturgico.com\/es\/producto\/palia-4\/","title":{"rendered":"palia"},"content":{"rendered":"<html><body><p>Un precioso tejido lampasso ha sido utilizado para la confecci\u00f3n de esta palia muy bien adornada con piedras ornamentales.<br>\nSe combina con la casulla romana art\u00edculo 1830.<br>\nDisponible en todos los colores lit\u00fargicos.<br>\nDimensiones cm 15 x 15<\/p>\n<\/body><\/html>","protected":false},"excerpt":{"rendered":"<p>Un precioso tejido lampasso ha sido utilizado para la confecci\u00f3n de esta palia muy bien adornada con piedras ornamentales.<br \/>\nSe combina con la casulla romana art\u00edculo 1830.<br \/>\nDisponible en todos los colores lit\u00fargicos.<br \/>\nDimensiones cm 15 x 15<\/p>\n","protected":false},"featured_media":114921,"template":"","meta":[],"product_cat":[12283,12215],"product_tag":[],"yoast_head":"<!-- This site is optimized with the Yoast SEO plugin v20.4 - https:\/\/yoast.com\/wordpress\/plugins\/seo\/ -->\n<title>palia - accesorios casullas romanas, palias y Laboratorio Gruppo Liturgico<\/title>\n<meta name=\"description\" content=\"Un precioso tejido lampasso ha sido utilizado para la confecci\u00f3n de esta palia muy bien adornada con piedras ornamentales. Se combina con la casulla romana art\u00edculo 1830. Disponible en todos los colores lit\u00fargicos. Dimensiones cm 15 x 15\" \/>\n<meta name=\"robots\" content=\"index, follow, max-snippet:-1, max-image-preview:large, max-video-preview:-1\" \/>\n<link rel=\"canonical\" href=\"https:\/\/www.gruppoliturgico.com\/es\/producto\/palia-4\/\" \/>\n<meta property=\"og:locale\" content=\"es_ES\" \/>\n<meta property=\"og:type\" content=\"article\" \/>\n<meta property=\"og:title\" content=\"palia - accesorios casullas romanas, palias y Laboratorio Gruppo Liturgico\" \/>\n<meta property=\"og:description\" content=\"Un precioso tejido lampasso ha sido utilizado para la confecci\u00f3n de esta palia muy bien adornada con piedras ornamentales. Se combina con la casulla romana art\u00edculo 1830. Disponible en todos los colores lit\u00fargicos. Dimensiones cm 15 x 15\" \/>\n<meta property=\"og:url\" content=\"https:\/\/www.gruppoliturgico.com\/es\/producto\/palia-4\/\" \/>\n<meta property=\"og:site_name\" content=\"Laboratorio Gruppo Liturgico\" \/>\n<meta property=\"article:modified_time\" content=\"2022-08-30T14:59:24+00:00\" \/>\n<meta property=\"og:image\" content=\"https:\/\/www.gruppoliturgico.com\/wp-content\/uploads\/2022\/05\/183720rosso.jpg\" \/>\n\t<meta property=\"og:image:width\" content=\"1500\" \/>\n\t<meta property=\"og:image:height\" content=\"1495\" \/>\n\t<meta property=\"og:image:type\" content=\"image\/jpeg\" \/>\n<meta name=\"twitter:card\" content=\"summary_large_image\" \/>\n<meta name=\"twitter:label1\" content=\"Tiempo de lectura\" \/>\n\t<meta name=\"twitter:data1\" content=\"1 minuto\" \/>\n<script type=\"application\/ld+json\" class=\"yoast-schema-graph\">{\"@context\":\"https:\/\/schema.org\",\"@graph\":[{\"@type\":\"WebPage\",\"@id\":\"https:\/\/www.gruppoliturgico.com\/es\/producto\/palia-4\/\",\"url\":\"https:\/\/www.gruppoliturgico.com\/es\/producto\/palia-4\/\",\"name\":\"palia - accesorios casullas romanas, palias y Laboratorio Gruppo Liturgico\",\"isPartOf\":{\"@id\":\"https:\/\/www.gruppoliturgico.com\/es\/#website\"},\"datePublished\":\"2022-05-20T00:11:28+00:00\",\"dateModified\":\"2022-08-30T14:59:24+00:00\",\"description\":\"Un precioso tejido lampasso ha sido utilizado para la confecci\u00f3n de esta palia muy bien adornada con piedras ornamentales. Se combina con la casulla romana art\u00edculo 1830. Disponible en todos los colores lit\u00fargicos. Dimensiones cm 15 x 15\",\"breadcrumb\":{\"@id\":\"https:\/\/www.gruppoliturgico.com\/es\/producto\/palia-4\/#breadcrumb\"},\"inLanguage\":\"es\",\"potentialAction\":[{\"@type\":\"ReadAction\",\"target\":[\"https:\/\/www.gruppoliturgico.com\/es\/producto\/palia-4\/\"]}]},{\"@type\":\"BreadcrumbList\",\"@id\":\"https:\/\/www.gruppoliturgico.com\/es\/producto\/palia-4\/#breadcrumb\",\"itemListElement\":[{\"@type\":\"ListItem\",\"position\":1,\"name\":\"Home\",\"item\":\"https:\/\/www.gruppoliturgico.com\/es\/\"},{\"@type\":\"ListItem\",\"position\":2,\"name\":\"Tienda\",\"item\":\"https:\/\/www.gruppoliturgico.com\/es\/tienda\/\"},{\"@type\":\"ListItem\",\"position\":3,\"name\":\"palia\"}]},{\"@type\":\"WebSite\",\"@id\":\"https:\/\/www.gruppoliturgico.com\/es\/#website\",\"url\":\"https:\/\/www.gruppoliturgico.com\/es\/\",\"name\":\"Laboratorio Gruppo Liturgico\",\"description\":\"Articoli Religiosi online\",\"publisher\":{\"@id\":\"https:\/\/www.gruppoliturgico.com\/es\/#organization\"},\"potentialAction\":[{\"@type\":\"SearchAction\",\"target\":{\"@type\":\"EntryPoint\",\"urlTemplate\":\"https:\/\/www.gruppoliturgico.com\/es\/?s={search_term_string}\"},\"query-input\":\"required name=search_term_string\"}],\"inLanguage\":\"es\"},{\"@type\":\"Organization\",\"@id\":\"https:\/\/www.gruppoliturgico.com\/es\/#organization\",\"name\":\"Laboratorio Gruppo Liturgico\",\"url\":\"https:\/\/www.gruppoliturgico.com\/es\/\",\"logo\":{\"@type\":\"ImageObject\",\"inLanguage\":\"es\",\"@id\":\"https:\/\/www.gruppoliturgico.com\/es\/#\/schema\/logo\/image\/\",\"url\":\"https:\/\/www.gruppoliturgico.com\/wp-content\/uploads\/2022\/02\/logo-laboratoriogruppoliturgico.png\",\"contentUrl\":\"https:\/\/www.gruppoliturgico.com\/wp-content\/uploads\/2022\/02\/logo-laboratoriogruppoliturgico.png\",\"width\":400,\"height\":114,\"caption\":\"Laboratorio Gruppo Liturgico\"},\"image\":{\"@id\":\"https:\/\/www.gruppoliturgico.com\/es\/#\/schema\/logo\/image\/\"}}]}<\/script>\n<!-- \/ Yoast SEO plugin. -->","yoast_head_json":{"title":"palia - accesorios casullas romanas, palias y Laboratorio Gruppo Liturgico","description":"Un precioso tejido lampasso ha sido utilizado para la confecci\u00f3n de esta palia muy bien adornada con piedras ornamentales. Se combina con la casulla romana art\u00edculo 1830. Disponible en todos los colores lit\u00fargicos. Dimensiones cm 15 x 15","robots":{"index":"index","follow":"follow","max-snippet":"max-snippet:-1","max-image-preview":"max-image-preview:large","max-video-preview":"max-video-preview:-1"},"canonical":"https:\/\/www.gruppoliturgico.com\/es\/producto\/palia-4\/","og_locale":"es_ES","og_type":"article","og_title":"palia - accesorios casullas romanas, palias y Laboratorio Gruppo Liturgico","og_description":"Un precioso tejido lampasso ha sido utilizado para la confecci\u00f3n de esta palia muy bien adornada con piedras ornamentales. Se combina con la casulla romana art\u00edculo 1830. Disponible en todos los colores lit\u00fargicos. Dimensiones cm 15 x 15","og_url":"https:\/\/www.gruppoliturgico.com\/es\/producto\/palia-4\/","og_site_name":"Laboratorio Gruppo Liturgico","article_modified_time":"2022-08-30T14:59:24+00:00","og_image":[{"width":1500,"height":1495,"url":"https:\/\/www.gruppoliturgico.com\/wp-content\/uploads\/2022\/05\/183720rosso.jpg","type":"image\/jpeg"}],"twitter_card":"summary_large_image","twitter_misc":{"Tiempo de lectura":"1 minuto"},"schema":{"@context":"https:\/\/schema.org","@graph":[{"@type":"WebPage","@id":"https:\/\/www.gruppoliturgico.com\/es\/producto\/palia-4\/","url":"https:\/\/www.gruppoliturgico.com\/es\/producto\/palia-4\/","name":"palia - accesorios casullas romanas, palias y Laboratorio Gruppo Liturgico","isPartOf":{"@id":"https:\/\/www.gruppoliturgico.com\/es\/#website"},"datePublished":"2022-05-20T00:11:28+00:00","dateModified":"2022-08-30T14:59:24+00:00","description":"Un precioso tejido lampasso ha sido utilizado para la confecci\u00f3n de esta palia muy bien adornada con piedras ornamentales. Se combina con la casulla romana art\u00edculo 1830. Disponible en todos los colores lit\u00fargicos. Dimensiones cm 15 x 15","breadcrumb":{"@id":"https:\/\/www.gruppoliturgico.com\/es\/producto\/palia-4\/#breadcrumb"},"inLanguage":"es","potentialAction":[{"@type":"ReadAction","target":["https:\/\/www.gruppoliturgico.com\/es\/producto\/palia-4\/"]}]},{"@type":"BreadcrumbList","@id":"https:\/\/www.gruppoliturgico.com\/es\/producto\/palia-4\/#breadcrumb","itemListElement":[{"@type":"ListItem","position":1,"name":"Home","item":"https:\/\/www.gruppoliturgico.com\/es\/"},{"@type":"ListItem","position":2,"name":"Tienda","item":"https:\/\/www.gruppoliturgico.com\/es\/tienda\/"},{"@type":"ListItem","position":3,"name":"palia"}]},{"@type":"WebSite","@id":"https:\/\/www.gruppoliturgico.com\/es\/#website","url":"https:\/\/www.gruppoliturgico.com\/es\/","name":"Laboratorio Gruppo Liturgico","description":"Articoli Religiosi online","publisher":{"@id":"https:\/\/www.gruppoliturgico.com\/es\/#organization"},"potentialAction":[{"@type":"SearchAction","target":{"@type":"EntryPoint","urlTemplate":"https:\/\/www.gruppoliturgico.com\/es\/?s={search_term_string}"},"query-input":"required name=search_term_string"}],"inLanguage":"es"},{"@type":"Organization","@id":"https:\/\/www.gruppoliturgico.com\/es\/#organization","name":"Laboratorio Gruppo Liturgico","url":"https:\/\/www.gruppoliturgico.com\/es\/","logo":{"@type":"ImageObject","inLanguage":"es","@id":"https:\/\/www.gruppoliturgico.com\/es\/#\/schema\/logo\/image\/","url":"https:\/\/www.gruppoliturgico.com\/wp-content\/uploads\/2022\/02\/logo-laboratoriogruppoliturgico.png","contentUrl":"https:\/\/www.gruppoliturgico.com\/wp-content\/uploads\/2022\/02\/logo-laboratoriogruppoliturgico.png","width":400,"height":114,"caption":"Laboratorio Gruppo Liturgico"},"image":{"@id":"https:\/\/www.gruppoliturgico.com\/es\/#\/schema\/logo\/image\/"}}]}},"_links":{"self":[{"href":"https:\/\/www.gruppoliturgico.com\/es\/wp-json\/wp\/v2\/product\/66936"}],"collection":[{"href":"https:\/\/www.gruppoliturgico.com\/es\/wp-json\/wp\/v2\/product"}],"about":[{"href":"https:\/\/www.gruppoliturgico.com\/es\/wp-json\/wp\/v2\/types\/product"}],"wp:featuredmedia":[{"embeddable":true,"href":"https:\/\/www.gruppoliturgico.com\/es\/wp-json\/wp\/v2\/media\/114921"}],"wp:attachment":[{"href":"https:\/\/www.gruppoliturgico.com\/es\/wp-json\/wp\/v2\/media?parent=66936"}],"wp:term":[{"taxonomy":"product_cat","embeddable":true,"href":"https:\/\/www.gruppoliturgico.com\/es\/wp-json\/wp\/v2\/product_cat?post=66936"},{"taxonomy":"product_tag","embeddable":true,"href":"https:\/\/www.gruppoliturgico.com\/es\/wp-json\/wp\/v2\/product_tag?post=66936"}],"curies":[{"name":"wp","href":"https:\/\/api.w.org\/{rel}","templated":true}]}}