{"id":66584,"date":"2022-05-20T01:52:41","date_gmt":"2022-05-19T23:52:52","guid":{"rendered":"https:\/\/www.gruppoliturgico.com\/prodotto\/sagrario-37\/"},"modified":"2022-05-20T09:38:55","modified_gmt":"2022-05-20T07:38:55","slug":"sagrario-37","status":"publish","type":"product","link":"https:\/\/www.gruppoliturgico.com\/es\/producto\/sagrario-37\/","title":{"rendered":"sagrario"},"content":{"rendered":"<html><body><p>de madera maciza.<br>\nDecoraci\u00f3n fina recordando el m\u00e1rmol. Presenta una puerta entallada con s\u00edmbolos eucar\u00edsticosy dorada con hoja de oro.<br>\nLa gradaci\u00f3n crom\u00e1tica de la pintura se puede realizar con colores bajo pedido.<\/p>\n<p>medidas<br>\ninteriores cm 45 x 40 x  25<br>\nexteriores  cm 67 x 51 x 33<\/p>\n<\/body><\/html>","protected":false},"excerpt":{"rendered":"<p>de madera maciza.<br \/>\nDecoraci\u00f3n fina recordando el m\u00e1rmol. Presenta una puerta entallada con s\u00edmbolos eucar\u00edsticosy dorada con hoja de oro.<br \/>\nLa gradaci\u00f3n crom\u00e1tica de la pintura se puede realizar con colores bajo pedido.<\/p>\n<p>medidas<br \/>\ninteriores cm 45 x 40 x  25<br \/>\nexteriores  cm 67 x 51 x 33<\/p>\n","protected":false},"featured_media":131385,"template":"","meta":[],"product_cat":[12143,12075],"product_tag":[],"yoast_head":"<!-- This site is optimized with the Yoast SEO plugin v20.4 - https:\/\/yoast.com\/wordpress\/plugins\/seo\/ -->\n<title>sagrario - art 1666, Sagrarios de madera y Laboratorio Gruppo Liturgico<\/title>\n<meta name=\"description\" content=\"de madera maciza.  Decoraci\u00f3n fina recordando el m\u00e1rmol. Presenta una puerta entallada con s\u00edmbolos eucar\u00edsticosy dorada con hoja de oro.  La gradaci\u00f3n crom\u00e1tica de la pintura se puede realizar con colores bajo pedido.  medidas  interiores cm 45 x 40 x 25 exteriores cm 67 x 51 x 33\" \/>\n<meta name=\"robots\" content=\"index, follow, max-snippet:-1, max-image-preview:large, max-video-preview:-1\" \/>\n<link rel=\"canonical\" href=\"https:\/\/www.gruppoliturgico.com\/es\/producto\/sagrario-37\/\" \/>\n<meta property=\"og:locale\" content=\"es_ES\" \/>\n<meta property=\"og:type\" content=\"article\" \/>\n<meta property=\"og:title\" content=\"sagrario - art 1666, Sagrarios de madera y Laboratorio Gruppo Liturgico\" \/>\n<meta property=\"og:description\" content=\"de madera maciza.  Decoraci\u00f3n fina recordando el m\u00e1rmol. Presenta una puerta entallada con s\u00edmbolos eucar\u00edsticosy dorada con hoja de oro.  La gradaci\u00f3n crom\u00e1tica de la pintura se puede realizar con colores bajo pedido.  medidas  interiores cm 45 x 40 x 25 exteriores cm 67 x 51 x 33\" \/>\n<meta property=\"og:url\" content=\"https:\/\/www.gruppoliturgico.com\/es\/producto\/sagrario-37\/\" \/>\n<meta property=\"og:site_name\" content=\"Laboratorio Gruppo Liturgico\" \/>\n<meta property=\"article:modified_time\" content=\"2022-05-20T07:38:55+00:00\" \/>\n<meta property=\"og:image\" content=\"https:\/\/www.gruppoliturgico.com\/wp-content\/uploads\/2022\/05\/1925-nv.jpg\" \/>\n\t<meta property=\"og:image:width\" content=\"1083\" \/>\n\t<meta property=\"og:image:height\" content=\"1400\" \/>\n\t<meta property=\"og:image:type\" content=\"image\/jpeg\" \/>\n<meta name=\"twitter:card\" content=\"summary_large_image\" \/>\n<script type=\"application\/ld+json\" class=\"yoast-schema-graph\">{\"@context\":\"https:\/\/schema.org\",\"@graph\":[{\"@type\":\"WebPage\",\"@id\":\"https:\/\/www.gruppoliturgico.com\/es\/producto\/sagrario-37\/\",\"url\":\"https:\/\/www.gruppoliturgico.com\/es\/producto\/sagrario-37\/\",\"name\":\"sagrario - art 1666, Sagrarios de madera y Laboratorio Gruppo Liturgico\",\"isPartOf\":{\"@id\":\"https:\/\/www.gruppoliturgico.com\/es\/#website\"},\"datePublished\":\"2022-05-19T23:52:52+00:00\",\"dateModified\":\"2022-05-20T07:38:55+00:00\",\"description\":\"de madera maciza. Decoraci\u00f3n fina recordando el m\u00e1rmol. Presenta una puerta entallada con s\u00edmbolos eucar\u00edsticosy dorada con hoja de oro. La gradaci\u00f3n crom\u00e1tica de la pintura se puede realizar con colores bajo pedido. medidas interiores cm 45 x 40 x 25 exteriores cm 67 x 51 x 33\",\"breadcrumb\":{\"@id\":\"https:\/\/www.gruppoliturgico.com\/es\/producto\/sagrario-37\/#breadcrumb\"},\"inLanguage\":\"es\",\"potentialAction\":[{\"@type\":\"ReadAction\",\"target\":[\"https:\/\/www.gruppoliturgico.com\/es\/producto\/sagrario-37\/\"]}]},{\"@type\":\"BreadcrumbList\",\"@id\":\"https:\/\/www.gruppoliturgico.com\/es\/producto\/sagrario-37\/#breadcrumb\",\"itemListElement\":[{\"@type\":\"ListItem\",\"position\":1,\"name\":\"Home\",\"item\":\"https:\/\/www.gruppoliturgico.com\/es\/\"},{\"@type\":\"ListItem\",\"position\":2,\"name\":\"Tienda\",\"item\":\"https:\/\/www.gruppoliturgico.com\/es\/tienda\/\"},{\"@type\":\"ListItem\",\"position\":3,\"name\":\"sagrario\"}]},{\"@type\":\"WebSite\",\"@id\":\"https:\/\/www.gruppoliturgico.com\/es\/#website\",\"url\":\"https:\/\/www.gruppoliturgico.com\/es\/\",\"name\":\"Laboratorio Gruppo Liturgico\",\"description\":\"Articoli Religiosi online\",\"publisher\":{\"@id\":\"https:\/\/www.gruppoliturgico.com\/es\/#organization\"},\"potentialAction\":[{\"@type\":\"SearchAction\",\"target\":{\"@type\":\"EntryPoint\",\"urlTemplate\":\"https:\/\/www.gruppoliturgico.com\/es\/?s={search_term_string}\"},\"query-input\":\"required name=search_term_string\"}],\"inLanguage\":\"es\"},{\"@type\":\"Organization\",\"@id\":\"https:\/\/www.gruppoliturgico.com\/es\/#organization\",\"name\":\"Laboratorio Gruppo Liturgico\",\"url\":\"https:\/\/www.gruppoliturgico.com\/es\/\",\"logo\":{\"@type\":\"ImageObject\",\"inLanguage\":\"es\",\"@id\":\"https:\/\/www.gruppoliturgico.com\/es\/#\/schema\/logo\/image\/\",\"url\":\"https:\/\/www.gruppoliturgico.com\/wp-content\/uploads\/2022\/02\/logo-laboratoriogruppoliturgico.png\",\"contentUrl\":\"https:\/\/www.gruppoliturgico.com\/wp-content\/uploads\/2022\/02\/logo-laboratoriogruppoliturgico.png\",\"width\":400,\"height\":114,\"caption\":\"Laboratorio Gruppo Liturgico\"},\"image\":{\"@id\":\"https:\/\/www.gruppoliturgico.com\/es\/#\/schema\/logo\/image\/\"}}]}<\/script>\n<!-- \/ Yoast SEO plugin. -->","yoast_head_json":{"title":"sagrario - art 1666, Sagrarios de madera y Laboratorio Gruppo Liturgico","description":"de madera maciza.  Decoraci\u00f3n fina recordando el m\u00e1rmol. Presenta una puerta entallada con s\u00edmbolos eucar\u00edsticosy dorada con hoja de oro.  La gradaci\u00f3n crom\u00e1tica de la pintura se puede realizar con colores bajo pedido.  medidas  interiores cm 45 x 40 x 25 exteriores cm 67 x 51 x 33","robots":{"index":"index","follow":"follow","max-snippet":"max-snippet:-1","max-image-preview":"max-image-preview:large","max-video-preview":"max-video-preview:-1"},"canonical":"https:\/\/www.gruppoliturgico.com\/es\/producto\/sagrario-37\/","og_locale":"es_ES","og_type":"article","og_title":"sagrario - art 1666, Sagrarios de madera y Laboratorio Gruppo Liturgico","og_description":"de madera maciza.  Decoraci\u00f3n fina recordando el m\u00e1rmol. Presenta una puerta entallada con s\u00edmbolos eucar\u00edsticosy dorada con hoja de oro.  La gradaci\u00f3n crom\u00e1tica de la pintura se puede realizar con colores bajo pedido.  medidas  interiores cm 45 x 40 x 25 exteriores cm 67 x 51 x 33","og_url":"https:\/\/www.gruppoliturgico.com\/es\/producto\/sagrario-37\/","og_site_name":"Laboratorio Gruppo Liturgico","article_modified_time":"2022-05-20T07:38:55+00:00","og_image":[{"width":1083,"height":1400,"url":"https:\/\/www.gruppoliturgico.com\/wp-content\/uploads\/2022\/05\/1925-nv.jpg","type":"image\/jpeg"}],"twitter_card":"summary_large_image","schema":{"@context":"https:\/\/schema.org","@graph":[{"@type":"WebPage","@id":"https:\/\/www.gruppoliturgico.com\/es\/producto\/sagrario-37\/","url":"https:\/\/www.gruppoliturgico.com\/es\/producto\/sagrario-37\/","name":"sagrario - art 1666, Sagrarios de madera y Laboratorio Gruppo Liturgico","isPartOf":{"@id":"https:\/\/www.gruppoliturgico.com\/es\/#website"},"datePublished":"2022-05-19T23:52:52+00:00","dateModified":"2022-05-20T07:38:55+00:00","description":"de madera maciza. Decoraci\u00f3n fina recordando el m\u00e1rmol. Presenta una puerta entallada con s\u00edmbolos eucar\u00edsticosy dorada con hoja de oro. La gradaci\u00f3n crom\u00e1tica de la pintura se puede realizar con colores bajo pedido. medidas interiores cm 45 x 40 x 25 exteriores cm 67 x 51 x 33","breadcrumb":{"@id":"https:\/\/www.gruppoliturgico.com\/es\/producto\/sagrario-37\/#breadcrumb"},"inLanguage":"es","potentialAction":[{"@type":"ReadAction","target":["https:\/\/www.gruppoliturgico.com\/es\/producto\/sagrario-37\/"]}]},{"@type":"BreadcrumbList","@id":"https:\/\/www.gruppoliturgico.com\/es\/producto\/sagrario-37\/#breadcrumb","itemListElement":[{"@type":"ListItem","position":1,"name":"Home","item":"https:\/\/www.gruppoliturgico.com\/es\/"},{"@type":"ListItem","position":2,"name":"Tienda","item":"https:\/\/www.gruppoliturgico.com\/es\/tienda\/"},{"@type":"ListItem","position":3,"name":"sagrario"}]},{"@type":"WebSite","@id":"https:\/\/www.gruppoliturgico.com\/es\/#website","url":"https:\/\/www.gruppoliturgico.com\/es\/","name":"Laboratorio Gruppo Liturgico","description":"Articoli Religiosi online","publisher":{"@id":"https:\/\/www.gruppoliturgico.com\/es\/#organization"},"potentialAction":[{"@type":"SearchAction","target":{"@type":"EntryPoint","urlTemplate":"https:\/\/www.gruppoliturgico.com\/es\/?s={search_term_string}"},"query-input":"required name=search_term_string"}],"inLanguage":"es"},{"@type":"Organization","@id":"https:\/\/www.gruppoliturgico.com\/es\/#organization","name":"Laboratorio Gruppo Liturgico","url":"https:\/\/www.gruppoliturgico.com\/es\/","logo":{"@type":"ImageObject","inLanguage":"es","@id":"https:\/\/www.gruppoliturgico.com\/es\/#\/schema\/logo\/image\/","url":"https:\/\/www.gruppoliturgico.com\/wp-content\/uploads\/2022\/02\/logo-laboratoriogruppoliturgico.png","contentUrl":"https:\/\/www.gruppoliturgico.com\/wp-content\/uploads\/2022\/02\/logo-laboratoriogruppoliturgico.png","width":400,"height":114,"caption":"Laboratorio Gruppo Liturgico"},"image":{"@id":"https:\/\/www.gruppoliturgico.com\/es\/#\/schema\/logo\/image\/"}}]}},"_links":{"self":[{"href":"https:\/\/www.gruppoliturgico.com\/es\/wp-json\/wp\/v2\/product\/66584"}],"collection":[{"href":"https:\/\/www.gruppoliturgico.com\/es\/wp-json\/wp\/v2\/product"}],"about":[{"href":"https:\/\/www.gruppoliturgico.com\/es\/wp-json\/wp\/v2\/types\/product"}],"wp:featuredmedia":[{"embeddable":true,"href":"https:\/\/www.gruppoliturgico.com\/es\/wp-json\/wp\/v2\/media\/131385"}],"wp:attachment":[{"href":"https:\/\/www.gruppoliturgico.com\/es\/wp-json\/wp\/v2\/media?parent=66584"}],"wp:term":[{"taxonomy":"product_cat","embeddable":true,"href":"https:\/\/www.gruppoliturgico.com\/es\/wp-json\/wp\/v2\/product_cat?post=66584"},{"taxonomy":"product_tag","embeddable":true,"href":"https:\/\/www.gruppoliturgico.com\/es\/wp-json\/wp\/v2\/product_tag?post=66584"}],"curies":[{"name":"wp","href":"https:\/\/api.w.org\/{rel}","templated":true}]}}