{"id":66432,"date":"2022-05-20T01:45:37","date_gmt":"2022-05-19T23:45:49","guid":{"rendered":"https:\/\/www.gruppoliturgico.com\/prodotto\/crucifijos-y-ediculo-votivo\/"},"modified":"2022-05-20T09:30:54","modified_gmt":"2022-05-20T07:30:54","slug":"crucifijos-y-ediculo-votivo","status":"publish","type":"product","link":"https:\/\/www.gruppoliturgico.com\/es\/producto\/crucifijos-y-ediculo-votivo\/","title":{"rendered":"crucifijos y ed\u00edculo votivo"},"content":{"rendered":"<html><body><p>el cuerpo de Jes\u00fas es una escultura de madera de tilo de 100 cm con elegantes acabados.<br>\nCon cruz de madera de 220 cm<br>\nLa obra est\u00e1 enmarcada en un ed\u00edculo votivo realizado completamente en madera, con una altura de 250 cm.<br>\nAncho 130 cm.<\/p>\n<\/body><\/html>","protected":false},"excerpt":{"rendered":"<p>el cuerpo de Jes\u00fas es una escultura de madera de tilo de 100 cm con elegantes acabados.<br \/>\nCon cruz de madera de 220 cm<br \/>\nLa obra est\u00e1 enmarcada en un ed\u00edculo votivo realizado completamente en madera, con una altura de 250 cm.<br \/>\nAncho 130 cm.<\/p>\n","protected":false},"featured_media":76771,"template":"","meta":[],"product_cat":[11591],"product_tag":[],"yoast_head":"<!-- This site is optimized with the Yoast SEO plugin v20.4 - https:\/\/yoast.com\/wordpress\/plugins\/seo\/ -->\n<title>crucifijos y ed\u00edculo votivo - Crucifijos de madera tallada y Laboratorio Gruppo Liturgico<\/title>\n<meta name=\"description\" content=\"el cuerpo de Jes\u00fas es una escultura de madera de tilo de 100 cm con elegantes acabados.  Con cruz de madera de 220 cm La obra est\u00e1 enmarcada en un ed\u00edculo votivo realizado completamente en madera, con una altura de 250 cm. Ancho 130 cm.\" \/>\n<meta name=\"robots\" content=\"index, follow, max-snippet:-1, max-image-preview:large, max-video-preview:-1\" \/>\n<link rel=\"canonical\" href=\"https:\/\/www.gruppoliturgico.com\/es\/producto\/crucifijos-y-ediculo-votivo\/\" \/>\n<meta property=\"og:locale\" content=\"es_ES\" \/>\n<meta property=\"og:type\" content=\"article\" \/>\n<meta property=\"og:title\" content=\"crucifijos y ed\u00edculo votivo - Crucifijos de madera tallada y Laboratorio Gruppo Liturgico\" \/>\n<meta property=\"og:description\" content=\"el cuerpo de Jes\u00fas es una escultura de madera de tilo de 100 cm con elegantes acabados.  Con cruz de madera de 220 cm La obra est\u00e1 enmarcada en un ed\u00edculo votivo realizado completamente en madera, con una altura de 250 cm. Ancho 130 cm.\" \/>\n<meta property=\"og:url\" content=\"https:\/\/www.gruppoliturgico.com\/es\/producto\/crucifijos-y-ediculo-votivo\/\" \/>\n<meta property=\"og:site_name\" content=\"Laboratorio Gruppo Liturgico\" \/>\n<meta property=\"article:modified_time\" content=\"2022-05-20T07:30:54+00:00\" \/>\n<meta property=\"og:image\" content=\"https:\/\/www.gruppoliturgico.com\/wp-content\/uploads\/2022\/05\/DSC_5244.jpg\" \/>\n\t<meta property=\"og:image:width\" content=\"784\" \/>\n\t<meta property=\"og:image:height\" content=\"1500\" \/>\n\t<meta property=\"og:image:type\" content=\"image\/jpeg\" \/>\n<meta name=\"twitter:card\" content=\"summary_large_image\" \/>\n<script type=\"application\/ld+json\" class=\"yoast-schema-graph\">{\"@context\":\"https:\/\/schema.org\",\"@graph\":[{\"@type\":\"WebPage\",\"@id\":\"https:\/\/www.gruppoliturgico.com\/es\/producto\/crucifijos-y-ediculo-votivo\/\",\"url\":\"https:\/\/www.gruppoliturgico.com\/es\/producto\/crucifijos-y-ediculo-votivo\/\",\"name\":\"crucifijos y ed\u00edculo votivo - Crucifijos de madera tallada y Laboratorio Gruppo Liturgico\",\"isPartOf\":{\"@id\":\"https:\/\/www.gruppoliturgico.com\/es\/#website\"},\"datePublished\":\"2022-05-19T23:45:49+00:00\",\"dateModified\":\"2022-05-20T07:30:54+00:00\",\"description\":\"el cuerpo de Jes\u00fas es una escultura de madera de tilo de 100 cm con elegantes acabados. Con cruz de madera de 220 cm La obra est\u00e1 enmarcada en un ed\u00edculo votivo realizado completamente en madera, con una altura de 250 cm. Ancho 130 cm.\",\"breadcrumb\":{\"@id\":\"https:\/\/www.gruppoliturgico.com\/es\/producto\/crucifijos-y-ediculo-votivo\/#breadcrumb\"},\"inLanguage\":\"es\",\"potentialAction\":[{\"@type\":\"ReadAction\",\"target\":[\"https:\/\/www.gruppoliturgico.com\/es\/producto\/crucifijos-y-ediculo-votivo\/\"]}]},{\"@type\":\"BreadcrumbList\",\"@id\":\"https:\/\/www.gruppoliturgico.com\/es\/producto\/crucifijos-y-ediculo-votivo\/#breadcrumb\",\"itemListElement\":[{\"@type\":\"ListItem\",\"position\":1,\"name\":\"Home\",\"item\":\"https:\/\/www.gruppoliturgico.com\/es\/\"},{\"@type\":\"ListItem\",\"position\":2,\"name\":\"Tienda\",\"item\":\"https:\/\/www.gruppoliturgico.com\/es\/tienda\/\"},{\"@type\":\"ListItem\",\"position\":3,\"name\":\"crucifijos y ed\u00edculo votivo\"}]},{\"@type\":\"WebSite\",\"@id\":\"https:\/\/www.gruppoliturgico.com\/es\/#website\",\"url\":\"https:\/\/www.gruppoliturgico.com\/es\/\",\"name\":\"Laboratorio Gruppo Liturgico\",\"description\":\"Articoli Religiosi online\",\"publisher\":{\"@id\":\"https:\/\/www.gruppoliturgico.com\/es\/#organization\"},\"potentialAction\":[{\"@type\":\"SearchAction\",\"target\":{\"@type\":\"EntryPoint\",\"urlTemplate\":\"https:\/\/www.gruppoliturgico.com\/es\/?s={search_term_string}\"},\"query-input\":\"required name=search_term_string\"}],\"inLanguage\":\"es\"},{\"@type\":\"Organization\",\"@id\":\"https:\/\/www.gruppoliturgico.com\/es\/#organization\",\"name\":\"Laboratorio Gruppo Liturgico\",\"url\":\"https:\/\/www.gruppoliturgico.com\/es\/\",\"logo\":{\"@type\":\"ImageObject\",\"inLanguage\":\"es\",\"@id\":\"https:\/\/www.gruppoliturgico.com\/es\/#\/schema\/logo\/image\/\",\"url\":\"https:\/\/www.gruppoliturgico.com\/wp-content\/uploads\/2022\/02\/logo-laboratoriogruppoliturgico.png\",\"contentUrl\":\"https:\/\/www.gruppoliturgico.com\/wp-content\/uploads\/2022\/02\/logo-laboratoriogruppoliturgico.png\",\"width\":400,\"height\":114,\"caption\":\"Laboratorio Gruppo Liturgico\"},\"image\":{\"@id\":\"https:\/\/www.gruppoliturgico.com\/es\/#\/schema\/logo\/image\/\"}}]}<\/script>\n<!-- \/ Yoast SEO plugin. -->","yoast_head_json":{"title":"crucifijos y ed\u00edculo votivo - Crucifijos de madera tallada y Laboratorio Gruppo Liturgico","description":"el cuerpo de Jes\u00fas es una escultura de madera de tilo de 100 cm con elegantes acabados.  Con cruz de madera de 220 cm La obra est\u00e1 enmarcada en un ed\u00edculo votivo realizado completamente en madera, con una altura de 250 cm. Ancho 130 cm.","robots":{"index":"index","follow":"follow","max-snippet":"max-snippet:-1","max-image-preview":"max-image-preview:large","max-video-preview":"max-video-preview:-1"},"canonical":"https:\/\/www.gruppoliturgico.com\/es\/producto\/crucifijos-y-ediculo-votivo\/","og_locale":"es_ES","og_type":"article","og_title":"crucifijos y ed\u00edculo votivo - Crucifijos de madera tallada y Laboratorio Gruppo Liturgico","og_description":"el cuerpo de Jes\u00fas es una escultura de madera de tilo de 100 cm con elegantes acabados.  Con cruz de madera de 220 cm La obra est\u00e1 enmarcada en un ed\u00edculo votivo realizado completamente en madera, con una altura de 250 cm. Ancho 130 cm.","og_url":"https:\/\/www.gruppoliturgico.com\/es\/producto\/crucifijos-y-ediculo-votivo\/","og_site_name":"Laboratorio Gruppo Liturgico","article_modified_time":"2022-05-20T07:30:54+00:00","og_image":[{"width":784,"height":1500,"url":"https:\/\/www.gruppoliturgico.com\/wp-content\/uploads\/2022\/05\/DSC_5244.jpg","type":"image\/jpeg"}],"twitter_card":"summary_large_image","schema":{"@context":"https:\/\/schema.org","@graph":[{"@type":"WebPage","@id":"https:\/\/www.gruppoliturgico.com\/es\/producto\/crucifijos-y-ediculo-votivo\/","url":"https:\/\/www.gruppoliturgico.com\/es\/producto\/crucifijos-y-ediculo-votivo\/","name":"crucifijos y ed\u00edculo votivo - Crucifijos de madera tallada y Laboratorio Gruppo Liturgico","isPartOf":{"@id":"https:\/\/www.gruppoliturgico.com\/es\/#website"},"datePublished":"2022-05-19T23:45:49+00:00","dateModified":"2022-05-20T07:30:54+00:00","description":"el cuerpo de Jes\u00fas es una escultura de madera de tilo de 100 cm con elegantes acabados. Con cruz de madera de 220 cm La obra est\u00e1 enmarcada en un ed\u00edculo votivo realizado completamente en madera, con una altura de 250 cm. Ancho 130 cm.","breadcrumb":{"@id":"https:\/\/www.gruppoliturgico.com\/es\/producto\/crucifijos-y-ediculo-votivo\/#breadcrumb"},"inLanguage":"es","potentialAction":[{"@type":"ReadAction","target":["https:\/\/www.gruppoliturgico.com\/es\/producto\/crucifijos-y-ediculo-votivo\/"]}]},{"@type":"BreadcrumbList","@id":"https:\/\/www.gruppoliturgico.com\/es\/producto\/crucifijos-y-ediculo-votivo\/#breadcrumb","itemListElement":[{"@type":"ListItem","position":1,"name":"Home","item":"https:\/\/www.gruppoliturgico.com\/es\/"},{"@type":"ListItem","position":2,"name":"Tienda","item":"https:\/\/www.gruppoliturgico.com\/es\/tienda\/"},{"@type":"ListItem","position":3,"name":"crucifijos y ed\u00edculo votivo"}]},{"@type":"WebSite","@id":"https:\/\/www.gruppoliturgico.com\/es\/#website","url":"https:\/\/www.gruppoliturgico.com\/es\/","name":"Laboratorio Gruppo Liturgico","description":"Articoli Religiosi online","publisher":{"@id":"https:\/\/www.gruppoliturgico.com\/es\/#organization"},"potentialAction":[{"@type":"SearchAction","target":{"@type":"EntryPoint","urlTemplate":"https:\/\/www.gruppoliturgico.com\/es\/?s={search_term_string}"},"query-input":"required name=search_term_string"}],"inLanguage":"es"},{"@type":"Organization","@id":"https:\/\/www.gruppoliturgico.com\/es\/#organization","name":"Laboratorio Gruppo Liturgico","url":"https:\/\/www.gruppoliturgico.com\/es\/","logo":{"@type":"ImageObject","inLanguage":"es","@id":"https:\/\/www.gruppoliturgico.com\/es\/#\/schema\/logo\/image\/","url":"https:\/\/www.gruppoliturgico.com\/wp-content\/uploads\/2022\/02\/logo-laboratoriogruppoliturgico.png","contentUrl":"https:\/\/www.gruppoliturgico.com\/wp-content\/uploads\/2022\/02\/logo-laboratoriogruppoliturgico.png","width":400,"height":114,"caption":"Laboratorio Gruppo Liturgico"},"image":{"@id":"https:\/\/www.gruppoliturgico.com\/es\/#\/schema\/logo\/image\/"}}]}},"_links":{"self":[{"href":"https:\/\/www.gruppoliturgico.com\/es\/wp-json\/wp\/v2\/product\/66432"}],"collection":[{"href":"https:\/\/www.gruppoliturgico.com\/es\/wp-json\/wp\/v2\/product"}],"about":[{"href":"https:\/\/www.gruppoliturgico.com\/es\/wp-json\/wp\/v2\/types\/product"}],"wp:featuredmedia":[{"embeddable":true,"href":"https:\/\/www.gruppoliturgico.com\/es\/wp-json\/wp\/v2\/media\/76771"}],"wp:attachment":[{"href":"https:\/\/www.gruppoliturgico.com\/es\/wp-json\/wp\/v2\/media?parent=66432"}],"wp:term":[{"taxonomy":"product_cat","embeddable":true,"href":"https:\/\/www.gruppoliturgico.com\/es\/wp-json\/wp\/v2\/product_cat?post=66432"},{"taxonomy":"product_tag","embeddable":true,"href":"https:\/\/www.gruppoliturgico.com\/es\/wp-json\/wp\/v2\/product_tag?post=66432"}],"curies":[{"name":"wp","href":"https:\/\/api.w.org\/{rel}","templated":true}]}}