{"id":66336,"date":"2022-05-20T01:40:44","date_gmt":"2022-05-19T23:40:53","guid":{"rendered":"https:\/\/www.gruppoliturgico.com\/prodotto\/custodia-9\/"},"modified":"2022-05-20T09:26:27","modified_gmt":"2022-05-20T07:26:27","slug":"custodia-9","status":"publish","type":"product","link":"https:\/\/www.gruppoliturgico.com\/es\/producto\/custodia-9\/","title":{"rendered":"Custodia"},"content":{"rendered":"<html><body><p>elegante obra en fundici\u00f3n dorada.<br>\nPresenta una rica base sobre la cual est\u00e1 apoyado un angelito que sostiene la estrella de 20 cm de di\u00e1metro.<br>\nPara Sagrada Forma de 7,5 cm.<\/p>\n<p>Altura 40 cm  <\/p>\n<\/body><\/html>","protected":false},"excerpt":{"rendered":"<p>elegante obra en fundici\u00f3n dorada.<br \/>\nPresenta una rica base sobre la cual est\u00e1 apoyado un angelito que sostiene la estrella de 20 cm de di\u00e1metro.<br \/>\nPara Sagrada Forma de 7,5 cm.<\/p>\n<p>Altura 40 cm  <\/p>\n","protected":false},"featured_media":118740,"template":"","meta":[],"product_cat":[12063],"product_tag":[],"yoast_head":"<!-- This site is optimized with the Yoast SEO plugin v20.4 - https:\/\/yoast.com\/wordpress\/plugins\/seo\/ -->\n<title>Custodia - custodias y Laboratorio Gruppo Liturgico<\/title>\n<meta name=\"description\" content=\"elegante obra en fundici\u00f3n dorada.  Presenta una rica base sobre la cual est\u00e1 apoyado un angelito que sostiene la estrella de 20 cm de di\u00e1metro.  Para Sagrada Forma de 7,5 cm.  Altura 40 cm\" \/>\n<meta name=\"robots\" content=\"index, follow, max-snippet:-1, max-image-preview:large, max-video-preview:-1\" \/>\n<link rel=\"canonical\" href=\"https:\/\/www.gruppoliturgico.com\/es\/producto\/custodia-9\/\" \/>\n<meta property=\"og:locale\" content=\"es_ES\" \/>\n<meta property=\"og:type\" content=\"article\" \/>\n<meta property=\"og:title\" content=\"Custodia - custodias y Laboratorio Gruppo Liturgico\" \/>\n<meta property=\"og:description\" content=\"elegante obra en fundici\u00f3n dorada.  Presenta una rica base sobre la cual est\u00e1 apoyado un angelito que sostiene la estrella de 20 cm de di\u00e1metro.  Para Sagrada Forma de 7,5 cm.  Altura 40 cm\" \/>\n<meta property=\"og:url\" content=\"https:\/\/www.gruppoliturgico.com\/es\/producto\/custodia-9\/\" \/>\n<meta property=\"og:site_name\" content=\"Laboratorio Gruppo Liturgico\" \/>\n<meta property=\"article:modified_time\" content=\"2022-05-20T07:26:27+00:00\" \/>\n<meta property=\"og:image\" content=\"https:\/\/www.gruppoliturgico.com\/wp-content\/uploads\/2022\/05\/ostensorio-rifatto.jpg\" \/>\n\t<meta property=\"og:image:width\" content=\"989\" \/>\n\t<meta property=\"og:image:height\" content=\"2000\" \/>\n\t<meta property=\"og:image:type\" content=\"image\/jpeg\" \/>\n<meta name=\"twitter:card\" content=\"summary_large_image\" \/>\n<script type=\"application\/ld+json\" class=\"yoast-schema-graph\">{\"@context\":\"https:\/\/schema.org\",\"@graph\":[{\"@type\":\"WebPage\",\"@id\":\"https:\/\/www.gruppoliturgico.com\/es\/producto\/custodia-9\/\",\"url\":\"https:\/\/www.gruppoliturgico.com\/es\/producto\/custodia-9\/\",\"name\":\"Custodia - custodias y Laboratorio Gruppo Liturgico\",\"isPartOf\":{\"@id\":\"https:\/\/www.gruppoliturgico.com\/es\/#website\"},\"datePublished\":\"2022-05-19T23:40:53+00:00\",\"dateModified\":\"2022-05-20T07:26:27+00:00\",\"description\":\"elegante obra en fundici\u00f3n dorada. Presenta una rica base sobre la cual est\u00e1 apoyado un angelito que sostiene la estrella de 20 cm de di\u00e1metro. Para Sagrada Forma de 7,5 cm. Altura 40 cm\",\"breadcrumb\":{\"@id\":\"https:\/\/www.gruppoliturgico.com\/es\/producto\/custodia-9\/#breadcrumb\"},\"inLanguage\":\"es\",\"potentialAction\":[{\"@type\":\"ReadAction\",\"target\":[\"https:\/\/www.gruppoliturgico.com\/es\/producto\/custodia-9\/\"]}]},{\"@type\":\"BreadcrumbList\",\"@id\":\"https:\/\/www.gruppoliturgico.com\/es\/producto\/custodia-9\/#breadcrumb\",\"itemListElement\":[{\"@type\":\"ListItem\",\"position\":1,\"name\":\"Home\",\"item\":\"https:\/\/www.gruppoliturgico.com\/es\/\"},{\"@type\":\"ListItem\",\"position\":2,\"name\":\"Tienda\",\"item\":\"https:\/\/www.gruppoliturgico.com\/es\/tienda\/\"},{\"@type\":\"ListItem\",\"position\":3,\"name\":\"Custodia\"}]},{\"@type\":\"WebSite\",\"@id\":\"https:\/\/www.gruppoliturgico.com\/es\/#website\",\"url\":\"https:\/\/www.gruppoliturgico.com\/es\/\",\"name\":\"Laboratorio Gruppo Liturgico\",\"description\":\"Articoli Religiosi online\",\"publisher\":{\"@id\":\"https:\/\/www.gruppoliturgico.com\/es\/#organization\"},\"potentialAction\":[{\"@type\":\"SearchAction\",\"target\":{\"@type\":\"EntryPoint\",\"urlTemplate\":\"https:\/\/www.gruppoliturgico.com\/es\/?s={search_term_string}\"},\"query-input\":\"required name=search_term_string\"}],\"inLanguage\":\"es\"},{\"@type\":\"Organization\",\"@id\":\"https:\/\/www.gruppoliturgico.com\/es\/#organization\",\"name\":\"Laboratorio Gruppo Liturgico\",\"url\":\"https:\/\/www.gruppoliturgico.com\/es\/\",\"logo\":{\"@type\":\"ImageObject\",\"inLanguage\":\"es\",\"@id\":\"https:\/\/www.gruppoliturgico.com\/es\/#\/schema\/logo\/image\/\",\"url\":\"https:\/\/www.gruppoliturgico.com\/wp-content\/uploads\/2022\/02\/logo-laboratoriogruppoliturgico.png\",\"contentUrl\":\"https:\/\/www.gruppoliturgico.com\/wp-content\/uploads\/2022\/02\/logo-laboratoriogruppoliturgico.png\",\"width\":400,\"height\":114,\"caption\":\"Laboratorio Gruppo Liturgico\"},\"image\":{\"@id\":\"https:\/\/www.gruppoliturgico.com\/es\/#\/schema\/logo\/image\/\"}}]}<\/script>\n<!-- \/ Yoast SEO plugin. -->","yoast_head_json":{"title":"Custodia - custodias y Laboratorio Gruppo Liturgico","description":"elegante obra en fundici\u00f3n dorada.  Presenta una rica base sobre la cual est\u00e1 apoyado un angelito que sostiene la estrella de 20 cm de di\u00e1metro.  Para Sagrada Forma de 7,5 cm.  Altura 40 cm","robots":{"index":"index","follow":"follow","max-snippet":"max-snippet:-1","max-image-preview":"max-image-preview:large","max-video-preview":"max-video-preview:-1"},"canonical":"https:\/\/www.gruppoliturgico.com\/es\/producto\/custodia-9\/","og_locale":"es_ES","og_type":"article","og_title":"Custodia - custodias y Laboratorio Gruppo Liturgico","og_description":"elegante obra en fundici\u00f3n dorada.  Presenta una rica base sobre la cual est\u00e1 apoyado un angelito que sostiene la estrella de 20 cm de di\u00e1metro.  Para Sagrada Forma de 7,5 cm.  Altura 40 cm","og_url":"https:\/\/www.gruppoliturgico.com\/es\/producto\/custodia-9\/","og_site_name":"Laboratorio Gruppo Liturgico","article_modified_time":"2022-05-20T07:26:27+00:00","og_image":[{"width":989,"height":2000,"url":"https:\/\/www.gruppoliturgico.com\/wp-content\/uploads\/2022\/05\/ostensorio-rifatto.jpg","type":"image\/jpeg"}],"twitter_card":"summary_large_image","schema":{"@context":"https:\/\/schema.org","@graph":[{"@type":"WebPage","@id":"https:\/\/www.gruppoliturgico.com\/es\/producto\/custodia-9\/","url":"https:\/\/www.gruppoliturgico.com\/es\/producto\/custodia-9\/","name":"Custodia - custodias y Laboratorio Gruppo Liturgico","isPartOf":{"@id":"https:\/\/www.gruppoliturgico.com\/es\/#website"},"datePublished":"2022-05-19T23:40:53+00:00","dateModified":"2022-05-20T07:26:27+00:00","description":"elegante obra en fundici\u00f3n dorada. Presenta una rica base sobre la cual est\u00e1 apoyado un angelito que sostiene la estrella de 20 cm de di\u00e1metro. Para Sagrada Forma de 7,5 cm. Altura 40 cm","breadcrumb":{"@id":"https:\/\/www.gruppoliturgico.com\/es\/producto\/custodia-9\/#breadcrumb"},"inLanguage":"es","potentialAction":[{"@type":"ReadAction","target":["https:\/\/www.gruppoliturgico.com\/es\/producto\/custodia-9\/"]}]},{"@type":"BreadcrumbList","@id":"https:\/\/www.gruppoliturgico.com\/es\/producto\/custodia-9\/#breadcrumb","itemListElement":[{"@type":"ListItem","position":1,"name":"Home","item":"https:\/\/www.gruppoliturgico.com\/es\/"},{"@type":"ListItem","position":2,"name":"Tienda","item":"https:\/\/www.gruppoliturgico.com\/es\/tienda\/"},{"@type":"ListItem","position":3,"name":"Custodia"}]},{"@type":"WebSite","@id":"https:\/\/www.gruppoliturgico.com\/es\/#website","url":"https:\/\/www.gruppoliturgico.com\/es\/","name":"Laboratorio Gruppo Liturgico","description":"Articoli Religiosi online","publisher":{"@id":"https:\/\/www.gruppoliturgico.com\/es\/#organization"},"potentialAction":[{"@type":"SearchAction","target":{"@type":"EntryPoint","urlTemplate":"https:\/\/www.gruppoliturgico.com\/es\/?s={search_term_string}"},"query-input":"required name=search_term_string"}],"inLanguage":"es"},{"@type":"Organization","@id":"https:\/\/www.gruppoliturgico.com\/es\/#organization","name":"Laboratorio Gruppo Liturgico","url":"https:\/\/www.gruppoliturgico.com\/es\/","logo":{"@type":"ImageObject","inLanguage":"es","@id":"https:\/\/www.gruppoliturgico.com\/es\/#\/schema\/logo\/image\/","url":"https:\/\/www.gruppoliturgico.com\/wp-content\/uploads\/2022\/02\/logo-laboratoriogruppoliturgico.png","contentUrl":"https:\/\/www.gruppoliturgico.com\/wp-content\/uploads\/2022\/02\/logo-laboratoriogruppoliturgico.png","width":400,"height":114,"caption":"Laboratorio Gruppo Liturgico"},"image":{"@id":"https:\/\/www.gruppoliturgico.com\/es\/#\/schema\/logo\/image\/"}}]}},"_links":{"self":[{"href":"https:\/\/www.gruppoliturgico.com\/es\/wp-json\/wp\/v2\/product\/66336"}],"collection":[{"href":"https:\/\/www.gruppoliturgico.com\/es\/wp-json\/wp\/v2\/product"}],"about":[{"href":"https:\/\/www.gruppoliturgico.com\/es\/wp-json\/wp\/v2\/types\/product"}],"wp:featuredmedia":[{"embeddable":true,"href":"https:\/\/www.gruppoliturgico.com\/es\/wp-json\/wp\/v2\/media\/118740"}],"wp:attachment":[{"href":"https:\/\/www.gruppoliturgico.com\/es\/wp-json\/wp\/v2\/media?parent=66336"}],"wp:term":[{"taxonomy":"product_cat","embeddable":true,"href":"https:\/\/www.gruppoliturgico.com\/es\/wp-json\/wp\/v2\/product_cat?post=66336"},{"taxonomy":"product_tag","embeddable":true,"href":"https:\/\/www.gruppoliturgico.com\/es\/wp-json\/wp\/v2\/product_tag?post=66336"}],"curies":[{"name":"wp","href":"https:\/\/api.w.org\/{rel}","templated":true}]}}