{"id":66280,"date":"2022-05-20T01:37:39","date_gmt":"2022-05-19T23:37:49","guid":{"rendered":"https:\/\/www.gruppoliturgico.com\/prodotto\/base-porta-cruces-procesionales\/"},"modified":"2022-10-21T16:05:40","modified_gmt":"2022-10-21T14:05:40","slug":"base-porta-cruces-procesionales","status":"publish","type":"product","link":"https:\/\/www.gruppoliturgico.com\/es\/producto\/base-porta-cruces-procesionales\/","title":{"rendered":"Base Porta Cruce Procesionale"},"content":{"rendered":"<html><body><p>Base Porta Cruce Procesionale en madera maciza con delicada decoraci\u00f3n en m\u00e1rmol.<br>\nFrisos ornamentales en hoja de oro.<br>\nLa gradaci\u00f3n crom\u00e1tica de la pintura se puede realizar con colores bajo pedido.<br>\nAltura cm 36 <\/p>\n<\/body><\/html>","protected":false},"excerpt":{"rendered":"<p>Base Porta Cruce Procesionale en madera maciza con delicada decoraci\u00f3n en m\u00e1rmol.<br \/>\nFrisos ornamentales en hoja de oro.<br \/>\nLa gradaci\u00f3n crom\u00e1tica de la pintura se puede realizar con colores bajo pedido.<br \/>\nAltura cm 36 <\/p>\n","protected":false},"featured_media":131497,"template":"","meta":[],"product_cat":[12163],"product_tag":[],"yoast_head":"<!-- This site is optimized with the Yoast SEO plugin v20.4 - https:\/\/yoast.com\/wordpress\/plugins\/seo\/ -->\n<title>Base Porta Cruce Procesionale - Art 1865 y Laboratorio Gruppo Liturgico<\/title>\n<meta name=\"description\" content=\"Base Porta Cruce Procesionale en madera maciza con delicada decoraci\u00f3n en m\u00e1rmol. Frisos ornamentales en hoja de oro. La gradaci\u00f3n crom\u00e1tica de la pintura se puede realizar con colores bajo pedido.  Altura cm 36\" \/>\n<meta name=\"robots\" content=\"index, follow, max-snippet:-1, max-image-preview:large, max-video-preview:-1\" \/>\n<link rel=\"canonical\" href=\"https:\/\/www.gruppoliturgico.com\/es\/producto\/base-porta-cruces-procesionales\/\" \/>\n<meta property=\"og:locale\" content=\"es_ES\" \/>\n<meta property=\"og:type\" content=\"article\" \/>\n<meta property=\"og:title\" content=\"Base Porta Cruce Procesionale - Art 1865 y Laboratorio Gruppo Liturgico\" \/>\n<meta property=\"og:description\" content=\"Base Porta Cruce Procesionale en madera maciza con delicada decoraci\u00f3n en m\u00e1rmol. Frisos ornamentales en hoja de oro. La gradaci\u00f3n crom\u00e1tica de la pintura se puede realizar con colores bajo pedido.  Altura cm 36\" \/>\n<meta property=\"og:url\" content=\"https:\/\/www.gruppoliturgico.com\/es\/producto\/base-porta-cruces-procesionales\/\" \/>\n<meta property=\"og:site_name\" content=\"Laboratorio Gruppo Liturgico\" \/>\n<meta property=\"article:modified_time\" content=\"2022-10-21T14:05:40+00:00\" \/>\n<meta property=\"og:image\" content=\"https:\/\/www.gruppoliturgico.com\/wp-content\/uploads\/2022\/05\/1871.1.jpg\" \/>\n\t<meta property=\"og:image:width\" content=\"965\" \/>\n\t<meta property=\"og:image:height\" content=\"1500\" \/>\n\t<meta property=\"og:image:type\" content=\"image\/jpeg\" \/>\n<meta name=\"twitter:card\" content=\"summary_large_image\" \/>\n<script type=\"application\/ld+json\" class=\"yoast-schema-graph\">{\"@context\":\"https:\/\/schema.org\",\"@graph\":[{\"@type\":\"WebPage\",\"@id\":\"https:\/\/www.gruppoliturgico.com\/es\/producto\/base-porta-cruces-procesionales\/\",\"url\":\"https:\/\/www.gruppoliturgico.com\/es\/producto\/base-porta-cruces-procesionales\/\",\"name\":\"Base Porta Cruce Procesionale - Art 1865 y Laboratorio Gruppo Liturgico\",\"isPartOf\":{\"@id\":\"https:\/\/www.gruppoliturgico.com\/es\/#website\"},\"datePublished\":\"2022-05-19T23:37:49+00:00\",\"dateModified\":\"2022-10-21T14:05:40+00:00\",\"description\":\"Base Porta Cruce Procesionale en madera maciza con delicada decoraci\u00f3n en m\u00e1rmol. Frisos ornamentales en hoja de oro. La gradaci\u00f3n crom\u00e1tica de la pintura se puede realizar con colores bajo pedido. Altura cm 36\",\"breadcrumb\":{\"@id\":\"https:\/\/www.gruppoliturgico.com\/es\/producto\/base-porta-cruces-procesionales\/#breadcrumb\"},\"inLanguage\":\"es\",\"potentialAction\":[{\"@type\":\"ReadAction\",\"target\":[\"https:\/\/www.gruppoliturgico.com\/es\/producto\/base-porta-cruces-procesionales\/\"]}]},{\"@type\":\"BreadcrumbList\",\"@id\":\"https:\/\/www.gruppoliturgico.com\/es\/producto\/base-porta-cruces-procesionales\/#breadcrumb\",\"itemListElement\":[{\"@type\":\"ListItem\",\"position\":1,\"name\":\"Home\",\"item\":\"https:\/\/www.gruppoliturgico.com\/es\/\"},{\"@type\":\"ListItem\",\"position\":2,\"name\":\"Tienda\",\"item\":\"https:\/\/www.gruppoliturgico.com\/es\/tienda\/\"},{\"@type\":\"ListItem\",\"position\":3,\"name\":\"Base Porta Cruce Procesionale\"}]},{\"@type\":\"WebSite\",\"@id\":\"https:\/\/www.gruppoliturgico.com\/es\/#website\",\"url\":\"https:\/\/www.gruppoliturgico.com\/es\/\",\"name\":\"Laboratorio Gruppo Liturgico\",\"description\":\"Articoli Religiosi online\",\"publisher\":{\"@id\":\"https:\/\/www.gruppoliturgico.com\/es\/#organization\"},\"potentialAction\":[{\"@type\":\"SearchAction\",\"target\":{\"@type\":\"EntryPoint\",\"urlTemplate\":\"https:\/\/www.gruppoliturgico.com\/es\/?s={search_term_string}\"},\"query-input\":\"required name=search_term_string\"}],\"inLanguage\":\"es\"},{\"@type\":\"Organization\",\"@id\":\"https:\/\/www.gruppoliturgico.com\/es\/#organization\",\"name\":\"Laboratorio Gruppo Liturgico\",\"url\":\"https:\/\/www.gruppoliturgico.com\/es\/\",\"logo\":{\"@type\":\"ImageObject\",\"inLanguage\":\"es\",\"@id\":\"https:\/\/www.gruppoliturgico.com\/es\/#\/schema\/logo\/image\/\",\"url\":\"https:\/\/www.gruppoliturgico.com\/wp-content\/uploads\/2022\/02\/logo-laboratoriogruppoliturgico.png\",\"contentUrl\":\"https:\/\/www.gruppoliturgico.com\/wp-content\/uploads\/2022\/02\/logo-laboratoriogruppoliturgico.png\",\"width\":400,\"height\":114,\"caption\":\"Laboratorio Gruppo Liturgico\"},\"image\":{\"@id\":\"https:\/\/www.gruppoliturgico.com\/es\/#\/schema\/logo\/image\/\"}}]}<\/script>\n<!-- \/ Yoast SEO plugin. -->","yoast_head_json":{"title":"Base Porta Cruce Procesionale - Art 1865 y Laboratorio Gruppo Liturgico","description":"Base Porta Cruce Procesionale en madera maciza con delicada decoraci\u00f3n en m\u00e1rmol. Frisos ornamentales en hoja de oro. La gradaci\u00f3n crom\u00e1tica de la pintura se puede realizar con colores bajo pedido.  Altura cm 36","robots":{"index":"index","follow":"follow","max-snippet":"max-snippet:-1","max-image-preview":"max-image-preview:large","max-video-preview":"max-video-preview:-1"},"canonical":"https:\/\/www.gruppoliturgico.com\/es\/producto\/base-porta-cruces-procesionales\/","og_locale":"es_ES","og_type":"article","og_title":"Base Porta Cruce Procesionale - Art 1865 y Laboratorio Gruppo Liturgico","og_description":"Base Porta Cruce Procesionale en madera maciza con delicada decoraci\u00f3n en m\u00e1rmol. Frisos ornamentales en hoja de oro. La gradaci\u00f3n crom\u00e1tica de la pintura se puede realizar con colores bajo pedido.  Altura cm 36","og_url":"https:\/\/www.gruppoliturgico.com\/es\/producto\/base-porta-cruces-procesionales\/","og_site_name":"Laboratorio Gruppo Liturgico","article_modified_time":"2022-10-21T14:05:40+00:00","og_image":[{"width":965,"height":1500,"url":"https:\/\/www.gruppoliturgico.com\/wp-content\/uploads\/2022\/05\/1871.1.jpg","type":"image\/jpeg"}],"twitter_card":"summary_large_image","schema":{"@context":"https:\/\/schema.org","@graph":[{"@type":"WebPage","@id":"https:\/\/www.gruppoliturgico.com\/es\/producto\/base-porta-cruces-procesionales\/","url":"https:\/\/www.gruppoliturgico.com\/es\/producto\/base-porta-cruces-procesionales\/","name":"Base Porta Cruce Procesionale - Art 1865 y Laboratorio Gruppo Liturgico","isPartOf":{"@id":"https:\/\/www.gruppoliturgico.com\/es\/#website"},"datePublished":"2022-05-19T23:37:49+00:00","dateModified":"2022-10-21T14:05:40+00:00","description":"Base Porta Cruce Procesionale en madera maciza con delicada decoraci\u00f3n en m\u00e1rmol. Frisos ornamentales en hoja de oro. La gradaci\u00f3n crom\u00e1tica de la pintura se puede realizar con colores bajo pedido. Altura cm 36","breadcrumb":{"@id":"https:\/\/www.gruppoliturgico.com\/es\/producto\/base-porta-cruces-procesionales\/#breadcrumb"},"inLanguage":"es","potentialAction":[{"@type":"ReadAction","target":["https:\/\/www.gruppoliturgico.com\/es\/producto\/base-porta-cruces-procesionales\/"]}]},{"@type":"BreadcrumbList","@id":"https:\/\/www.gruppoliturgico.com\/es\/producto\/base-porta-cruces-procesionales\/#breadcrumb","itemListElement":[{"@type":"ListItem","position":1,"name":"Home","item":"https:\/\/www.gruppoliturgico.com\/es\/"},{"@type":"ListItem","position":2,"name":"Tienda","item":"https:\/\/www.gruppoliturgico.com\/es\/tienda\/"},{"@type":"ListItem","position":3,"name":"Base Porta Cruce Procesionale"}]},{"@type":"WebSite","@id":"https:\/\/www.gruppoliturgico.com\/es\/#website","url":"https:\/\/www.gruppoliturgico.com\/es\/","name":"Laboratorio Gruppo Liturgico","description":"Articoli Religiosi online","publisher":{"@id":"https:\/\/www.gruppoliturgico.com\/es\/#organization"},"potentialAction":[{"@type":"SearchAction","target":{"@type":"EntryPoint","urlTemplate":"https:\/\/www.gruppoliturgico.com\/es\/?s={search_term_string}"},"query-input":"required name=search_term_string"}],"inLanguage":"es"},{"@type":"Organization","@id":"https:\/\/www.gruppoliturgico.com\/es\/#organization","name":"Laboratorio Gruppo Liturgico","url":"https:\/\/www.gruppoliturgico.com\/es\/","logo":{"@type":"ImageObject","inLanguage":"es","@id":"https:\/\/www.gruppoliturgico.com\/es\/#\/schema\/logo\/image\/","url":"https:\/\/www.gruppoliturgico.com\/wp-content\/uploads\/2022\/02\/logo-laboratoriogruppoliturgico.png","contentUrl":"https:\/\/www.gruppoliturgico.com\/wp-content\/uploads\/2022\/02\/logo-laboratoriogruppoliturgico.png","width":400,"height":114,"caption":"Laboratorio Gruppo Liturgico"},"image":{"@id":"https:\/\/www.gruppoliturgico.com\/es\/#\/schema\/logo\/image\/"}}]}},"_links":{"self":[{"href":"https:\/\/www.gruppoliturgico.com\/es\/wp-json\/wp\/v2\/product\/66280"}],"collection":[{"href":"https:\/\/www.gruppoliturgico.com\/es\/wp-json\/wp\/v2\/product"}],"about":[{"href":"https:\/\/www.gruppoliturgico.com\/es\/wp-json\/wp\/v2\/types\/product"}],"wp:featuredmedia":[{"embeddable":true,"href":"https:\/\/www.gruppoliturgico.com\/es\/wp-json\/wp\/v2\/media\/131497"}],"wp:attachment":[{"href":"https:\/\/www.gruppoliturgico.com\/es\/wp-json\/wp\/v2\/media?parent=66280"}],"wp:term":[{"taxonomy":"product_cat","embeddable":true,"href":"https:\/\/www.gruppoliturgico.com\/es\/wp-json\/wp\/v2\/product_cat?post=66280"},{"taxonomy":"product_tag","embeddable":true,"href":"https:\/\/www.gruppoliturgico.com\/es\/wp-json\/wp\/v2\/product_tag?post=66280"}],"curies":[{"name":"wp","href":"https:\/\/api.w.org\/{rel}","templated":true}]}}