{"id":66272,"date":"2022-05-20T01:37:15","date_gmt":"2022-05-19T23:37:23","guid":{"rendered":"https:\/\/www.gruppoliturgico.com\/prodotto\/baptisterio-7\/"},"modified":"2022-10-21T15:12:27","modified_gmt":"2022-10-21T13:12:27","slug":"baptisterio-7","status":"publish","type":"product","link":"https:\/\/www.gruppoliturgico.com\/es\/producto\/baptisterio-7\/","title":{"rendered":"baptisterio"},"content":{"rendered":"<html><body><p>Baptisterio en madera maciza con delicada decoraci\u00f3n en m\u00e1rmol.<br>\nFrisos ornamentales en hoja de oro.<br>\nLa gradaci\u00f3n crom\u00e1tica de la pintura se puede realizar con colores bajo pedido.<br>\nPila de cobre martillado a mano de 40 cm di\u00e1m.<br>\nBase cm 30 x 30<br>\nAltura cm 115<\/p>\n<\/body><\/html>","protected":false},"excerpt":{"rendered":"<p>Baptisterio en madera maciza con delicada decoraci\u00f3n en m\u00e1rmol.<br \/>\nFrisos ornamentales en hoja de oro.<br \/>\nLa gradaci\u00f3n crom\u00e1tica de la pintura se puede realizar con colores bajo pedido.<br \/>\nPila de cobre martillado a mano de 40 cm di\u00e1m.<br \/>\nBase cm 30 x 30<br \/>\nAltura cm 115<\/p>\n","protected":false},"featured_media":131642,"template":"","meta":[],"product_cat":[12163,11731],"product_tag":[],"yoast_head":"<!-- This site is optimized with the Yoast SEO plugin v20.4 - https:\/\/yoast.com\/wordpress\/plugins\/seo\/ -->\n<title>baptisterio - Art 1865, baptisterios y Laboratorio Gruppo Liturgico<\/title>\n<meta name=\"description\" content=\"Baptisterio en madera maciza con delicada decoraci\u00f3n en m\u00e1rmol. Frisos ornamentales en hoja de oro. La gradaci\u00f3n crom\u00e1tica de la pintura se puede realizar con colores bajo pedido. Pila de cobre martillado a mano de 40 cm di\u00e1m. Base cm 30 x 30 Altura cm 115\" \/>\n<meta name=\"robots\" content=\"index, follow, max-snippet:-1, max-image-preview:large, max-video-preview:-1\" \/>\n<link rel=\"canonical\" href=\"https:\/\/www.gruppoliturgico.com\/es\/producto\/baptisterio-7\/\" \/>\n<meta property=\"og:locale\" content=\"es_ES\" \/>\n<meta property=\"og:type\" content=\"article\" \/>\n<meta property=\"og:title\" content=\"baptisterio - Art 1865, baptisterios y Laboratorio Gruppo Liturgico\" \/>\n<meta property=\"og:description\" content=\"Baptisterio en madera maciza con delicada decoraci\u00f3n en m\u00e1rmol. Frisos ornamentales en hoja de oro. La gradaci\u00f3n crom\u00e1tica de la pintura se puede realizar con colores bajo pedido. Pila de cobre martillado a mano de 40 cm di\u00e1m. Base cm 30 x 30 Altura cm 115\" \/>\n<meta property=\"og:url\" content=\"https:\/\/www.gruppoliturgico.com\/es\/producto\/baptisterio-7\/\" \/>\n<meta property=\"og:site_name\" content=\"Laboratorio Gruppo Liturgico\" \/>\n<meta property=\"article:modified_time\" content=\"2022-10-21T13:12:27+00:00\" \/>\n<meta property=\"og:image\" content=\"https:\/\/www.gruppoliturgico.com\/wp-content\/uploads\/2022\/05\/1869-nv.jpg\" \/>\n\t<meta property=\"og:image:width\" content=\"800\" \/>\n\t<meta property=\"og:image:height\" content=\"2000\" \/>\n\t<meta property=\"og:image:type\" content=\"image\/jpeg\" \/>\n<meta name=\"twitter:card\" content=\"summary_large_image\" \/>\n<script type=\"application\/ld+json\" class=\"yoast-schema-graph\">{\"@context\":\"https:\/\/schema.org\",\"@graph\":[{\"@type\":\"WebPage\",\"@id\":\"https:\/\/www.gruppoliturgico.com\/es\/producto\/baptisterio-7\/\",\"url\":\"https:\/\/www.gruppoliturgico.com\/es\/producto\/baptisterio-7\/\",\"name\":\"baptisterio - Art 1865, baptisterios y Laboratorio Gruppo Liturgico\",\"isPartOf\":{\"@id\":\"https:\/\/www.gruppoliturgico.com\/es\/#website\"},\"datePublished\":\"2022-05-19T23:37:23+00:00\",\"dateModified\":\"2022-10-21T13:12:27+00:00\",\"description\":\"Baptisterio en madera maciza con delicada decoraci\u00f3n en m\u00e1rmol. Frisos ornamentales en hoja de oro. La gradaci\u00f3n crom\u00e1tica de la pintura se puede realizar con colores bajo pedido. Pila de cobre martillado a mano de 40 cm di\u00e1m. Base cm 30 x 30 Altura cm 115\",\"breadcrumb\":{\"@id\":\"https:\/\/www.gruppoliturgico.com\/es\/producto\/baptisterio-7\/#breadcrumb\"},\"inLanguage\":\"es\",\"potentialAction\":[{\"@type\":\"ReadAction\",\"target\":[\"https:\/\/www.gruppoliturgico.com\/es\/producto\/baptisterio-7\/\"]}]},{\"@type\":\"BreadcrumbList\",\"@id\":\"https:\/\/www.gruppoliturgico.com\/es\/producto\/baptisterio-7\/#breadcrumb\",\"itemListElement\":[{\"@type\":\"ListItem\",\"position\":1,\"name\":\"Home\",\"item\":\"https:\/\/www.gruppoliturgico.com\/es\/\"},{\"@type\":\"ListItem\",\"position\":2,\"name\":\"Tienda\",\"item\":\"https:\/\/www.gruppoliturgico.com\/es\/tienda\/\"},{\"@type\":\"ListItem\",\"position\":3,\"name\":\"baptisterio\"}]},{\"@type\":\"WebSite\",\"@id\":\"https:\/\/www.gruppoliturgico.com\/es\/#website\",\"url\":\"https:\/\/www.gruppoliturgico.com\/es\/\",\"name\":\"Laboratorio Gruppo Liturgico\",\"description\":\"Articoli Religiosi online\",\"publisher\":{\"@id\":\"https:\/\/www.gruppoliturgico.com\/es\/#organization\"},\"potentialAction\":[{\"@type\":\"SearchAction\",\"target\":{\"@type\":\"EntryPoint\",\"urlTemplate\":\"https:\/\/www.gruppoliturgico.com\/es\/?s={search_term_string}\"},\"query-input\":\"required name=search_term_string\"}],\"inLanguage\":\"es\"},{\"@type\":\"Organization\",\"@id\":\"https:\/\/www.gruppoliturgico.com\/es\/#organization\",\"name\":\"Laboratorio Gruppo Liturgico\",\"url\":\"https:\/\/www.gruppoliturgico.com\/es\/\",\"logo\":{\"@type\":\"ImageObject\",\"inLanguage\":\"es\",\"@id\":\"https:\/\/www.gruppoliturgico.com\/es\/#\/schema\/logo\/image\/\",\"url\":\"https:\/\/www.gruppoliturgico.com\/wp-content\/uploads\/2022\/02\/logo-laboratoriogruppoliturgico.png\",\"contentUrl\":\"https:\/\/www.gruppoliturgico.com\/wp-content\/uploads\/2022\/02\/logo-laboratoriogruppoliturgico.png\",\"width\":400,\"height\":114,\"caption\":\"Laboratorio Gruppo Liturgico\"},\"image\":{\"@id\":\"https:\/\/www.gruppoliturgico.com\/es\/#\/schema\/logo\/image\/\"}}]}<\/script>\n<!-- \/ Yoast SEO plugin. -->","yoast_head_json":{"title":"baptisterio - Art 1865, baptisterios y Laboratorio Gruppo Liturgico","description":"Baptisterio en madera maciza con delicada decoraci\u00f3n en m\u00e1rmol. Frisos ornamentales en hoja de oro. La gradaci\u00f3n crom\u00e1tica de la pintura se puede realizar con colores bajo pedido. Pila de cobre martillado a mano de 40 cm di\u00e1m. Base cm 30 x 30 Altura cm 115","robots":{"index":"index","follow":"follow","max-snippet":"max-snippet:-1","max-image-preview":"max-image-preview:large","max-video-preview":"max-video-preview:-1"},"canonical":"https:\/\/www.gruppoliturgico.com\/es\/producto\/baptisterio-7\/","og_locale":"es_ES","og_type":"article","og_title":"baptisterio - Art 1865, baptisterios y Laboratorio Gruppo Liturgico","og_description":"Baptisterio en madera maciza con delicada decoraci\u00f3n en m\u00e1rmol. Frisos ornamentales en hoja de oro. La gradaci\u00f3n crom\u00e1tica de la pintura se puede realizar con colores bajo pedido. Pila de cobre martillado a mano de 40 cm di\u00e1m. Base cm 30 x 30 Altura cm 115","og_url":"https:\/\/www.gruppoliturgico.com\/es\/producto\/baptisterio-7\/","og_site_name":"Laboratorio Gruppo Liturgico","article_modified_time":"2022-10-21T13:12:27+00:00","og_image":[{"width":800,"height":2000,"url":"https:\/\/www.gruppoliturgico.com\/wp-content\/uploads\/2022\/05\/1869-nv.jpg","type":"image\/jpeg"}],"twitter_card":"summary_large_image","schema":{"@context":"https:\/\/schema.org","@graph":[{"@type":"WebPage","@id":"https:\/\/www.gruppoliturgico.com\/es\/producto\/baptisterio-7\/","url":"https:\/\/www.gruppoliturgico.com\/es\/producto\/baptisterio-7\/","name":"baptisterio - Art 1865, baptisterios y Laboratorio Gruppo Liturgico","isPartOf":{"@id":"https:\/\/www.gruppoliturgico.com\/es\/#website"},"datePublished":"2022-05-19T23:37:23+00:00","dateModified":"2022-10-21T13:12:27+00:00","description":"Baptisterio en madera maciza con delicada decoraci\u00f3n en m\u00e1rmol. Frisos ornamentales en hoja de oro. La gradaci\u00f3n crom\u00e1tica de la pintura se puede realizar con colores bajo pedido. Pila de cobre martillado a mano de 40 cm di\u00e1m. Base cm 30 x 30 Altura cm 115","breadcrumb":{"@id":"https:\/\/www.gruppoliturgico.com\/es\/producto\/baptisterio-7\/#breadcrumb"},"inLanguage":"es","potentialAction":[{"@type":"ReadAction","target":["https:\/\/www.gruppoliturgico.com\/es\/producto\/baptisterio-7\/"]}]},{"@type":"BreadcrumbList","@id":"https:\/\/www.gruppoliturgico.com\/es\/producto\/baptisterio-7\/#breadcrumb","itemListElement":[{"@type":"ListItem","position":1,"name":"Home","item":"https:\/\/www.gruppoliturgico.com\/es\/"},{"@type":"ListItem","position":2,"name":"Tienda","item":"https:\/\/www.gruppoliturgico.com\/es\/tienda\/"},{"@type":"ListItem","position":3,"name":"baptisterio"}]},{"@type":"WebSite","@id":"https:\/\/www.gruppoliturgico.com\/es\/#website","url":"https:\/\/www.gruppoliturgico.com\/es\/","name":"Laboratorio Gruppo Liturgico","description":"Articoli Religiosi online","publisher":{"@id":"https:\/\/www.gruppoliturgico.com\/es\/#organization"},"potentialAction":[{"@type":"SearchAction","target":{"@type":"EntryPoint","urlTemplate":"https:\/\/www.gruppoliturgico.com\/es\/?s={search_term_string}"},"query-input":"required name=search_term_string"}],"inLanguage":"es"},{"@type":"Organization","@id":"https:\/\/www.gruppoliturgico.com\/es\/#organization","name":"Laboratorio Gruppo Liturgico","url":"https:\/\/www.gruppoliturgico.com\/es\/","logo":{"@type":"ImageObject","inLanguage":"es","@id":"https:\/\/www.gruppoliturgico.com\/es\/#\/schema\/logo\/image\/","url":"https:\/\/www.gruppoliturgico.com\/wp-content\/uploads\/2022\/02\/logo-laboratoriogruppoliturgico.png","contentUrl":"https:\/\/www.gruppoliturgico.com\/wp-content\/uploads\/2022\/02\/logo-laboratoriogruppoliturgico.png","width":400,"height":114,"caption":"Laboratorio Gruppo Liturgico"},"image":{"@id":"https:\/\/www.gruppoliturgico.com\/es\/#\/schema\/logo\/image\/"}}]}},"_links":{"self":[{"href":"https:\/\/www.gruppoliturgico.com\/es\/wp-json\/wp\/v2\/product\/66272"}],"collection":[{"href":"https:\/\/www.gruppoliturgico.com\/es\/wp-json\/wp\/v2\/product"}],"about":[{"href":"https:\/\/www.gruppoliturgico.com\/es\/wp-json\/wp\/v2\/types\/product"}],"wp:featuredmedia":[{"embeddable":true,"href":"https:\/\/www.gruppoliturgico.com\/es\/wp-json\/wp\/v2\/media\/131642"}],"wp:attachment":[{"href":"https:\/\/www.gruppoliturgico.com\/es\/wp-json\/wp\/v2\/media?parent=66272"}],"wp:term":[{"taxonomy":"product_cat","embeddable":true,"href":"https:\/\/www.gruppoliturgico.com\/es\/wp-json\/wp\/v2\/product_cat?post=66272"},{"taxonomy":"product_tag","embeddable":true,"href":"https:\/\/www.gruppoliturgico.com\/es\/wp-json\/wp\/v2\/product_tag?post=66272"}],"curies":[{"name":"wp","href":"https:\/\/api.w.org\/{rel}","templated":true}]}}