{"id":66268,"date":"2022-05-20T01:37:04","date_gmt":"2022-05-19T23:37:12","guid":{"rendered":"https:\/\/www.gruppoliturgico.com\/prodotto\/sagrario-34\/"},"modified":"2022-10-21T15:51:46","modified_gmt":"2022-10-21T13:51:46","slug":"sagrario-34","status":"publish","type":"product","link":"https:\/\/www.gruppoliturgico.com\/es\/producto\/sagrario-34\/","title":{"rendered":"sagrario"},"content":{"rendered":"<html><body><p>Sagrario en madera esculpida con decoraci\u00f3n fina recordando el m\u00e1rmol y dorada con hoja de oro.<br>\nFiel imitaci\u00f3n de antiguos tabern\u00e1culos, presenta una puerta entallada con s\u00edmbolos eucar\u00edsticos.<br>\nDecoraci\u00f3n de imitaci\u00f3n de m\u00e1rmol tambi\u00e9n realizable con colores a pedido.<br>\nSagrario interior dorado con hoja de oro.<br>\nDimensiones:<br>\nexteriores  cm 66 x 46 x 36<br>\ninteriores cm 43 x 28 x 26<\/p>\n<\/body><\/html>","protected":false},"excerpt":{"rendered":"<p>Sagrario en madera esculpida con decoraci\u00f3n fina recordando el m\u00e1rmol y dorada con hoja de oro.<br \/>\nFiel imitaci\u00f3n de antiguos tabern\u00e1culos, presenta una puerta entallada con s\u00edmbolos eucar\u00edsticos.<br \/>\nDecoraci\u00f3n de imitaci\u00f3n de m\u00e1rmol tambi\u00e9n realizable con colores a pedido.<br \/>\nSagrario interior dorado con hoja de oro.<br \/>\nDimensiones:<br \/>\nexteriores  cm 66 x 46 x 36<br \/>\ninteriores cm 43 x 28 x 26<\/p>\n","protected":false},"featured_media":131453,"template":"","meta":[],"product_cat":[12163,12075],"product_tag":[],"yoast_head":"<!-- This site is optimized with the Yoast SEO plugin v20.4 - https:\/\/yoast.com\/wordpress\/plugins\/seo\/ -->\n<title>sagrario - Art 1865, Sagrarios de madera y Laboratorio Gruppo Liturgico<\/title>\n<meta name=\"description\" content=\"Sagrario en madera esculpida con decoraci\u00f3n fina recordando el m\u00e1rmol y dorada con hoja de oro.  Fiel imitaci\u00f3n de antiguos tabern\u00e1culos, presenta una puerta entallada con s\u00edmbolos eucar\u00edsticos. Decoraci\u00f3n de imitaci\u00f3n de m\u00e1rmol tambi\u00e9n realizable con colores a pedido. Sagrario interior dorado con hoja de oro. Dimensiones:  exteriores cm 66 x 46 x 36 interiores cm 43 x 28 x 26\" \/>\n<meta name=\"robots\" content=\"index, follow, max-snippet:-1, max-image-preview:large, max-video-preview:-1\" \/>\n<link rel=\"canonical\" href=\"https:\/\/www.gruppoliturgico.com\/es\/producto\/sagrario-34\/\" \/>\n<meta property=\"og:locale\" content=\"es_ES\" \/>\n<meta property=\"og:type\" content=\"article\" \/>\n<meta property=\"og:title\" content=\"sagrario - Art 1865, Sagrarios de madera y Laboratorio Gruppo Liturgico\" \/>\n<meta property=\"og:description\" content=\"Sagrario en madera esculpida con decoraci\u00f3n fina recordando el m\u00e1rmol y dorada con hoja de oro.  Fiel imitaci\u00f3n de antiguos tabern\u00e1culos, presenta una puerta entallada con s\u00edmbolos eucar\u00edsticos. Decoraci\u00f3n de imitaci\u00f3n de m\u00e1rmol tambi\u00e9n realizable con colores a pedido. Sagrario interior dorado con hoja de oro. Dimensiones:  exteriores cm 66 x 46 x 36 interiores cm 43 x 28 x 26\" \/>\n<meta property=\"og:url\" content=\"https:\/\/www.gruppoliturgico.com\/es\/producto\/sagrario-34\/\" \/>\n<meta property=\"og:site_name\" content=\"Laboratorio Gruppo Liturgico\" \/>\n<meta property=\"article:modified_time\" content=\"2022-10-21T13:51:46+00:00\" \/>\n<meta property=\"og:image\" content=\"https:\/\/www.gruppoliturgico.com\/wp-content\/uploads\/2022\/05\/1868-nv3.jpg\" \/>\n\t<meta property=\"og:image:width\" content=\"1481\" \/>\n\t<meta property=\"og:image:height\" content=\"2000\" \/>\n\t<meta property=\"og:image:type\" content=\"image\/jpeg\" \/>\n<meta name=\"twitter:card\" content=\"summary_large_image\" \/>\n<script type=\"application\/ld+json\" class=\"yoast-schema-graph\">{\"@context\":\"https:\/\/schema.org\",\"@graph\":[{\"@type\":\"WebPage\",\"@id\":\"https:\/\/www.gruppoliturgico.com\/es\/producto\/sagrario-34\/\",\"url\":\"https:\/\/www.gruppoliturgico.com\/es\/producto\/sagrario-34\/\",\"name\":\"sagrario - Art 1865, Sagrarios de madera y Laboratorio Gruppo Liturgico\",\"isPartOf\":{\"@id\":\"https:\/\/www.gruppoliturgico.com\/es\/#website\"},\"datePublished\":\"2022-05-19T23:37:12+00:00\",\"dateModified\":\"2022-10-21T13:51:46+00:00\",\"description\":\"Sagrario en madera esculpida con decoraci\u00f3n fina recordando el m\u00e1rmol y dorada con hoja de oro. Fiel imitaci\u00f3n de antiguos tabern\u00e1culos, presenta una puerta entallada con s\u00edmbolos eucar\u00edsticos. Decoraci\u00f3n de imitaci\u00f3n de m\u00e1rmol tambi\u00e9n realizable con colores a pedido. Sagrario interior dorado con hoja de oro. Dimensiones: exteriores cm 66 x 46 x 36 interiores cm 43 x 28 x 26\",\"breadcrumb\":{\"@id\":\"https:\/\/www.gruppoliturgico.com\/es\/producto\/sagrario-34\/#breadcrumb\"},\"inLanguage\":\"es\",\"potentialAction\":[{\"@type\":\"ReadAction\",\"target\":[\"https:\/\/www.gruppoliturgico.com\/es\/producto\/sagrario-34\/\"]}]},{\"@type\":\"BreadcrumbList\",\"@id\":\"https:\/\/www.gruppoliturgico.com\/es\/producto\/sagrario-34\/#breadcrumb\",\"itemListElement\":[{\"@type\":\"ListItem\",\"position\":1,\"name\":\"Home\",\"item\":\"https:\/\/www.gruppoliturgico.com\/es\/\"},{\"@type\":\"ListItem\",\"position\":2,\"name\":\"Tienda\",\"item\":\"https:\/\/www.gruppoliturgico.com\/es\/tienda\/\"},{\"@type\":\"ListItem\",\"position\":3,\"name\":\"sagrario\"}]},{\"@type\":\"WebSite\",\"@id\":\"https:\/\/www.gruppoliturgico.com\/es\/#website\",\"url\":\"https:\/\/www.gruppoliturgico.com\/es\/\",\"name\":\"Laboratorio Gruppo Liturgico\",\"description\":\"Articoli Religiosi online\",\"publisher\":{\"@id\":\"https:\/\/www.gruppoliturgico.com\/es\/#organization\"},\"potentialAction\":[{\"@type\":\"SearchAction\",\"target\":{\"@type\":\"EntryPoint\",\"urlTemplate\":\"https:\/\/www.gruppoliturgico.com\/es\/?s={search_term_string}\"},\"query-input\":\"required name=search_term_string\"}],\"inLanguage\":\"es\"},{\"@type\":\"Organization\",\"@id\":\"https:\/\/www.gruppoliturgico.com\/es\/#organization\",\"name\":\"Laboratorio Gruppo Liturgico\",\"url\":\"https:\/\/www.gruppoliturgico.com\/es\/\",\"logo\":{\"@type\":\"ImageObject\",\"inLanguage\":\"es\",\"@id\":\"https:\/\/www.gruppoliturgico.com\/es\/#\/schema\/logo\/image\/\",\"url\":\"https:\/\/www.gruppoliturgico.com\/wp-content\/uploads\/2022\/02\/logo-laboratoriogruppoliturgico.png\",\"contentUrl\":\"https:\/\/www.gruppoliturgico.com\/wp-content\/uploads\/2022\/02\/logo-laboratoriogruppoliturgico.png\",\"width\":400,\"height\":114,\"caption\":\"Laboratorio Gruppo Liturgico\"},\"image\":{\"@id\":\"https:\/\/www.gruppoliturgico.com\/es\/#\/schema\/logo\/image\/\"}}]}<\/script>\n<!-- \/ Yoast SEO plugin. -->","yoast_head_json":{"title":"sagrario - Art 1865, Sagrarios de madera y Laboratorio Gruppo Liturgico","description":"Sagrario en madera esculpida con decoraci\u00f3n fina recordando el m\u00e1rmol y dorada con hoja de oro.  Fiel imitaci\u00f3n de antiguos tabern\u00e1culos, presenta una puerta entallada con s\u00edmbolos eucar\u00edsticos. Decoraci\u00f3n de imitaci\u00f3n de m\u00e1rmol tambi\u00e9n realizable con colores a pedido. Sagrario interior dorado con hoja de oro. Dimensiones:  exteriores cm 66 x 46 x 36 interiores cm 43 x 28 x 26","robots":{"index":"index","follow":"follow","max-snippet":"max-snippet:-1","max-image-preview":"max-image-preview:large","max-video-preview":"max-video-preview:-1"},"canonical":"https:\/\/www.gruppoliturgico.com\/es\/producto\/sagrario-34\/","og_locale":"es_ES","og_type":"article","og_title":"sagrario - Art 1865, Sagrarios de madera y Laboratorio Gruppo Liturgico","og_description":"Sagrario en madera esculpida con decoraci\u00f3n fina recordando el m\u00e1rmol y dorada con hoja de oro.  Fiel imitaci\u00f3n de antiguos tabern\u00e1culos, presenta una puerta entallada con s\u00edmbolos eucar\u00edsticos. Decoraci\u00f3n de imitaci\u00f3n de m\u00e1rmol tambi\u00e9n realizable con colores a pedido. Sagrario interior dorado con hoja de oro. Dimensiones:  exteriores cm 66 x 46 x 36 interiores cm 43 x 28 x 26","og_url":"https:\/\/www.gruppoliturgico.com\/es\/producto\/sagrario-34\/","og_site_name":"Laboratorio Gruppo Liturgico","article_modified_time":"2022-10-21T13:51:46+00:00","og_image":[{"width":1481,"height":2000,"url":"https:\/\/www.gruppoliturgico.com\/wp-content\/uploads\/2022\/05\/1868-nv3.jpg","type":"image\/jpeg"}],"twitter_card":"summary_large_image","schema":{"@context":"https:\/\/schema.org","@graph":[{"@type":"WebPage","@id":"https:\/\/www.gruppoliturgico.com\/es\/producto\/sagrario-34\/","url":"https:\/\/www.gruppoliturgico.com\/es\/producto\/sagrario-34\/","name":"sagrario - Art 1865, Sagrarios de madera y Laboratorio Gruppo Liturgico","isPartOf":{"@id":"https:\/\/www.gruppoliturgico.com\/es\/#website"},"datePublished":"2022-05-19T23:37:12+00:00","dateModified":"2022-10-21T13:51:46+00:00","description":"Sagrario en madera esculpida con decoraci\u00f3n fina recordando el m\u00e1rmol y dorada con hoja de oro. Fiel imitaci\u00f3n de antiguos tabern\u00e1culos, presenta una puerta entallada con s\u00edmbolos eucar\u00edsticos. Decoraci\u00f3n de imitaci\u00f3n de m\u00e1rmol tambi\u00e9n realizable con colores a pedido. Sagrario interior dorado con hoja de oro. Dimensiones: exteriores cm 66 x 46 x 36 interiores cm 43 x 28 x 26","breadcrumb":{"@id":"https:\/\/www.gruppoliturgico.com\/es\/producto\/sagrario-34\/#breadcrumb"},"inLanguage":"es","potentialAction":[{"@type":"ReadAction","target":["https:\/\/www.gruppoliturgico.com\/es\/producto\/sagrario-34\/"]}]},{"@type":"BreadcrumbList","@id":"https:\/\/www.gruppoliturgico.com\/es\/producto\/sagrario-34\/#breadcrumb","itemListElement":[{"@type":"ListItem","position":1,"name":"Home","item":"https:\/\/www.gruppoliturgico.com\/es\/"},{"@type":"ListItem","position":2,"name":"Tienda","item":"https:\/\/www.gruppoliturgico.com\/es\/tienda\/"},{"@type":"ListItem","position":3,"name":"sagrario"}]},{"@type":"WebSite","@id":"https:\/\/www.gruppoliturgico.com\/es\/#website","url":"https:\/\/www.gruppoliturgico.com\/es\/","name":"Laboratorio Gruppo Liturgico","description":"Articoli Religiosi online","publisher":{"@id":"https:\/\/www.gruppoliturgico.com\/es\/#organization"},"potentialAction":[{"@type":"SearchAction","target":{"@type":"EntryPoint","urlTemplate":"https:\/\/www.gruppoliturgico.com\/es\/?s={search_term_string}"},"query-input":"required name=search_term_string"}],"inLanguage":"es"},{"@type":"Organization","@id":"https:\/\/www.gruppoliturgico.com\/es\/#organization","name":"Laboratorio Gruppo Liturgico","url":"https:\/\/www.gruppoliturgico.com\/es\/","logo":{"@type":"ImageObject","inLanguage":"es","@id":"https:\/\/www.gruppoliturgico.com\/es\/#\/schema\/logo\/image\/","url":"https:\/\/www.gruppoliturgico.com\/wp-content\/uploads\/2022\/02\/logo-laboratoriogruppoliturgico.png","contentUrl":"https:\/\/www.gruppoliturgico.com\/wp-content\/uploads\/2022\/02\/logo-laboratoriogruppoliturgico.png","width":400,"height":114,"caption":"Laboratorio Gruppo Liturgico"},"image":{"@id":"https:\/\/www.gruppoliturgico.com\/es\/#\/schema\/logo\/image\/"}}]}},"_links":{"self":[{"href":"https:\/\/www.gruppoliturgico.com\/es\/wp-json\/wp\/v2\/product\/66268"}],"collection":[{"href":"https:\/\/www.gruppoliturgico.com\/es\/wp-json\/wp\/v2\/product"}],"about":[{"href":"https:\/\/www.gruppoliturgico.com\/es\/wp-json\/wp\/v2\/types\/product"}],"wp:featuredmedia":[{"embeddable":true,"href":"https:\/\/www.gruppoliturgico.com\/es\/wp-json\/wp\/v2\/media\/131453"}],"wp:attachment":[{"href":"https:\/\/www.gruppoliturgico.com\/es\/wp-json\/wp\/v2\/media?parent=66268"}],"wp:term":[{"taxonomy":"product_cat","embeddable":true,"href":"https:\/\/www.gruppoliturgico.com\/es\/wp-json\/wp\/v2\/product_cat?post=66268"},{"taxonomy":"product_tag","embeddable":true,"href":"https:\/\/www.gruppoliturgico.com\/es\/wp-json\/wp\/v2\/product_tag?post=66268"}],"curies":[{"name":"wp","href":"https:\/\/api.w.org\/{rel}","templated":true}]}}