{"id":66256,"date":"2022-05-20T01:36:34","date_gmt":"2022-05-19T23:36:41","guid":{"rendered":"https:\/\/www.gruppoliturgico.com\/prodotto\/altar-11\/"},"modified":"2022-10-21T14:26:04","modified_gmt":"2022-10-21T12:26:04","slug":"altar-11","status":"publish","type":"product","link":"https:\/\/www.gruppoliturgico.com\/es\/producto\/altar-11\/","title":{"rendered":"altar"},"content":{"rendered":"<html><body><p>Altar e madera maciza con decoraci\u00f3n fina recordando el m\u00e1rmol.<br>\nPrecioso friso central en madera esculpida y dorada con hoja de oro.<br>\nLa gradaci\u00f3n crom\u00e1tica de la pintura se puede realizar con colores bajo pedido.<br>\nLa base mide 142 x 68 cm<br>\nLa mesa 180 x 80 cm tambi\u00e9n disponible a la medida.<\/p>\n<\/body><\/html>","protected":false},"excerpt":{"rendered":"<p>Altar e madera maciza con decoraci\u00f3n fina recordando el m\u00e1rmol.<br \/>\nPrecioso friso central en madera esculpida y dorada con hoja de oro.<br \/>\nLa gradaci\u00f3n crom\u00e1tica de la pintura se puede realizar con colores bajo pedido.<br \/>\nLa base mide 142 x 68 cm<br \/>\nLa mesa 180 x 80 cm tambi\u00e9n disponible a la medida.<\/p>\n<p><img loading=\"lazy\" class=\"alignnone wp-image-76815 size-large\" src=\"https:\/\/www.gruppoliturgico.com\/wp-content\/uploads\/2022\/05\/1865_3-1024x683.jpg\" alt=\"\" width=\"1024\" height=\"683\" srcset=\"https:\/\/www.gruppoliturgico.com\/wp-content\/uploads\/2022\/05\/1865_3-1024x683.jpg 1024w, https:\/\/www.gruppoliturgico.com\/wp-content\/uploads\/2022\/05\/1865_3-300x200.jpg 300w, https:\/\/www.gruppoliturgico.com\/wp-content\/uploads\/2022\/05\/1865_3-768x512.jpg 768w, https:\/\/www.gruppoliturgico.com\/wp-content\/uploads\/2022\/05\/1865_3-920x613.jpg 920w, https:\/\/www.gruppoliturgico.com\/wp-content\/uploads\/2022\/05\/1865_3-230x153.jpg 230w, https:\/\/www.gruppoliturgico.com\/wp-content\/uploads\/2022\/05\/1865_3-350x233.jpg 350w, https:\/\/www.gruppoliturgico.com\/wp-content\/uploads\/2022\/05\/1865_3-480x320.jpg 480w, https:\/\/www.gruppoliturgico.com\/wp-content\/uploads\/2022\/05\/1865_3-600x400.jpg 600w, https:\/\/www.gruppoliturgico.com\/wp-content\/uploads\/2022\/05\/1865_3.jpg 1500w\" sizes=\"(max-width: 1024px) 100vw, 1024px\" \/><\/p>\n<p>Fotograf\u00eda del conjunto del altar con sus correspondientes accesorios.<\/p>\n<p>&nbsp;<\/p>\n<p>&nbsp;<\/p>\n","protected":false},"featured_media":131465,"template":"","meta":[],"product_cat":[12163],"product_tag":[],"yoast_head":"<!-- This site is optimized with the Yoast SEO plugin v20.4 - https:\/\/yoast.com\/wordpress\/plugins\/seo\/ -->\n<title>altar - Art 1865 y Laboratorio Gruppo Liturgico<\/title>\n<meta name=\"description\" content=\"Altar e madera maciza con decoraci\u00f3n fina recordando el m\u00e1rmol. Precioso friso central en madera esculpida y dorada con hoja de oro. La gradaci\u00f3n crom\u00e1tica de la pintura se puede realizar con colores bajo pedido. La base mide 142 x 68 cm La mesa 180 x 80 cm tambi\u00e9n disponible a la medida.    Fotograf\u00eda del conjunto del altar con sus correspondientes accesorios.  &nbsp;  &nbsp;\" \/>\n<meta name=\"robots\" content=\"index, follow, max-snippet:-1, max-image-preview:large, max-video-preview:-1\" \/>\n<link rel=\"canonical\" href=\"https:\/\/www.gruppoliturgico.com\/es\/producto\/altar-11\/\" \/>\n<meta property=\"og:locale\" content=\"es_ES\" \/>\n<meta property=\"og:type\" content=\"article\" \/>\n<meta property=\"og:title\" content=\"altar - Art 1865 y Laboratorio Gruppo Liturgico\" \/>\n<meta property=\"og:description\" content=\"Altar e madera maciza con decoraci\u00f3n fina recordando el m\u00e1rmol. Precioso friso central en madera esculpida y dorada con hoja de oro. La gradaci\u00f3n crom\u00e1tica de la pintura se puede realizar con colores bajo pedido. La base mide 142 x 68 cm La mesa 180 x 80 cm tambi\u00e9n disponible a la medida.    Fotograf\u00eda del conjunto del altar con sus correspondientes accesorios.  &nbsp;  &nbsp;\" \/>\n<meta property=\"og:url\" content=\"https:\/\/www.gruppoliturgico.com\/es\/producto\/altar-11\/\" \/>\n<meta property=\"og:site_name\" content=\"Laboratorio Gruppo Liturgico\" \/>\n<meta property=\"article:modified_time\" content=\"2022-10-21T12:26:04+00:00\" \/>\n<meta property=\"og:image\" content=\"https:\/\/www.gruppoliturgico.com\/wp-content\/uploads\/2022\/05\/1865-rit2-1024x938.jpg\" \/>\n\t<meta property=\"og:image:width\" content=\"1024\" \/>\n\t<meta property=\"og:image:height\" content=\"938\" \/>\n\t<meta property=\"og:image:type\" content=\"image\/jpeg\" \/>\n<meta name=\"twitter:card\" content=\"summary_large_image\" \/>\n<script type=\"application\/ld+json\" class=\"yoast-schema-graph\">{\"@context\":\"https:\/\/schema.org\",\"@graph\":[{\"@type\":\"WebPage\",\"@id\":\"https:\/\/www.gruppoliturgico.com\/es\/producto\/altar-11\/\",\"url\":\"https:\/\/www.gruppoliturgico.com\/es\/producto\/altar-11\/\",\"name\":\"altar - Art 1865 y Laboratorio Gruppo Liturgico\",\"isPartOf\":{\"@id\":\"https:\/\/www.gruppoliturgico.com\/es\/#website\"},\"datePublished\":\"2022-05-19T23:36:41+00:00\",\"dateModified\":\"2022-10-21T12:26:04+00:00\",\"description\":\"Altar e madera maciza con decoraci\u00f3n fina recordando el m\u00e1rmol. Precioso friso central en madera esculpida y dorada con hoja de oro. La gradaci\u00f3n crom\u00e1tica de la pintura se puede realizar con colores bajo pedido. La base mide 142 x 68 cm La mesa 180 x 80 cm tambi\u00e9n disponible a la medida. Fotograf\u00eda del conjunto del altar con sus correspondientes accesorios. &nbsp; &nbsp;\",\"breadcrumb\":{\"@id\":\"https:\/\/www.gruppoliturgico.com\/es\/producto\/altar-11\/#breadcrumb\"},\"inLanguage\":\"es\",\"potentialAction\":[{\"@type\":\"ReadAction\",\"target\":[\"https:\/\/www.gruppoliturgico.com\/es\/producto\/altar-11\/\"]}]},{\"@type\":\"BreadcrumbList\",\"@id\":\"https:\/\/www.gruppoliturgico.com\/es\/producto\/altar-11\/#breadcrumb\",\"itemListElement\":[{\"@type\":\"ListItem\",\"position\":1,\"name\":\"Home\",\"item\":\"https:\/\/www.gruppoliturgico.com\/es\/\"},{\"@type\":\"ListItem\",\"position\":2,\"name\":\"Tienda\",\"item\":\"https:\/\/www.gruppoliturgico.com\/es\/tienda\/\"},{\"@type\":\"ListItem\",\"position\":3,\"name\":\"altar\"}]},{\"@type\":\"WebSite\",\"@id\":\"https:\/\/www.gruppoliturgico.com\/es\/#website\",\"url\":\"https:\/\/www.gruppoliturgico.com\/es\/\",\"name\":\"Laboratorio Gruppo Liturgico\",\"description\":\"Articoli Religiosi online\",\"publisher\":{\"@id\":\"https:\/\/www.gruppoliturgico.com\/es\/#organization\"},\"potentialAction\":[{\"@type\":\"SearchAction\",\"target\":{\"@type\":\"EntryPoint\",\"urlTemplate\":\"https:\/\/www.gruppoliturgico.com\/es\/?s={search_term_string}\"},\"query-input\":\"required name=search_term_string\"}],\"inLanguage\":\"es\"},{\"@type\":\"Organization\",\"@id\":\"https:\/\/www.gruppoliturgico.com\/es\/#organization\",\"name\":\"Laboratorio Gruppo Liturgico\",\"url\":\"https:\/\/www.gruppoliturgico.com\/es\/\",\"logo\":{\"@type\":\"ImageObject\",\"inLanguage\":\"es\",\"@id\":\"https:\/\/www.gruppoliturgico.com\/es\/#\/schema\/logo\/image\/\",\"url\":\"https:\/\/www.gruppoliturgico.com\/wp-content\/uploads\/2022\/02\/logo-laboratoriogruppoliturgico.png\",\"contentUrl\":\"https:\/\/www.gruppoliturgico.com\/wp-content\/uploads\/2022\/02\/logo-laboratoriogruppoliturgico.png\",\"width\":400,\"height\":114,\"caption\":\"Laboratorio Gruppo Liturgico\"},\"image\":{\"@id\":\"https:\/\/www.gruppoliturgico.com\/es\/#\/schema\/logo\/image\/\"}}]}<\/script>\n<!-- \/ Yoast SEO plugin. -->","yoast_head_json":{"title":"altar - Art 1865 y Laboratorio Gruppo Liturgico","description":"Altar e madera maciza con decoraci\u00f3n fina recordando el m\u00e1rmol. Precioso friso central en madera esculpida y dorada con hoja de oro. La gradaci\u00f3n crom\u00e1tica de la pintura se puede realizar con colores bajo pedido. La base mide 142 x 68 cm La mesa 180 x 80 cm tambi\u00e9n disponible a la medida.    Fotograf\u00eda del conjunto del altar con sus correspondientes accesorios.  &nbsp;  &nbsp;","robots":{"index":"index","follow":"follow","max-snippet":"max-snippet:-1","max-image-preview":"max-image-preview:large","max-video-preview":"max-video-preview:-1"},"canonical":"https:\/\/www.gruppoliturgico.com\/es\/producto\/altar-11\/","og_locale":"es_ES","og_type":"article","og_title":"altar - Art 1865 y Laboratorio Gruppo Liturgico","og_description":"Altar e madera maciza con decoraci\u00f3n fina recordando el m\u00e1rmol. Precioso friso central en madera esculpida y dorada con hoja de oro. La gradaci\u00f3n crom\u00e1tica de la pintura se puede realizar con colores bajo pedido. La base mide 142 x 68 cm La mesa 180 x 80 cm tambi\u00e9n disponible a la medida.    Fotograf\u00eda del conjunto del altar con sus correspondientes accesorios.  &nbsp;  &nbsp;","og_url":"https:\/\/www.gruppoliturgico.com\/es\/producto\/altar-11\/","og_site_name":"Laboratorio Gruppo Liturgico","article_modified_time":"2022-10-21T12:26:04+00:00","og_image":[{"width":1024,"height":938,"url":"https:\/\/www.gruppoliturgico.com\/wp-content\/uploads\/2022\/05\/1865-rit2-1024x938.jpg","type":"image\/jpeg"}],"twitter_card":"summary_large_image","schema":{"@context":"https:\/\/schema.org","@graph":[{"@type":"WebPage","@id":"https:\/\/www.gruppoliturgico.com\/es\/producto\/altar-11\/","url":"https:\/\/www.gruppoliturgico.com\/es\/producto\/altar-11\/","name":"altar - Art 1865 y Laboratorio Gruppo Liturgico","isPartOf":{"@id":"https:\/\/www.gruppoliturgico.com\/es\/#website"},"datePublished":"2022-05-19T23:36:41+00:00","dateModified":"2022-10-21T12:26:04+00:00","description":"Altar e madera maciza con decoraci\u00f3n fina recordando el m\u00e1rmol. Precioso friso central en madera esculpida y dorada con hoja de oro. La gradaci\u00f3n crom\u00e1tica de la pintura se puede realizar con colores bajo pedido. La base mide 142 x 68 cm La mesa 180 x 80 cm tambi\u00e9n disponible a la medida. Fotograf\u00eda del conjunto del altar con sus correspondientes accesorios. &nbsp; &nbsp;","breadcrumb":{"@id":"https:\/\/www.gruppoliturgico.com\/es\/producto\/altar-11\/#breadcrumb"},"inLanguage":"es","potentialAction":[{"@type":"ReadAction","target":["https:\/\/www.gruppoliturgico.com\/es\/producto\/altar-11\/"]}]},{"@type":"BreadcrumbList","@id":"https:\/\/www.gruppoliturgico.com\/es\/producto\/altar-11\/#breadcrumb","itemListElement":[{"@type":"ListItem","position":1,"name":"Home","item":"https:\/\/www.gruppoliturgico.com\/es\/"},{"@type":"ListItem","position":2,"name":"Tienda","item":"https:\/\/www.gruppoliturgico.com\/es\/tienda\/"},{"@type":"ListItem","position":3,"name":"altar"}]},{"@type":"WebSite","@id":"https:\/\/www.gruppoliturgico.com\/es\/#website","url":"https:\/\/www.gruppoliturgico.com\/es\/","name":"Laboratorio Gruppo Liturgico","description":"Articoli Religiosi online","publisher":{"@id":"https:\/\/www.gruppoliturgico.com\/es\/#organization"},"potentialAction":[{"@type":"SearchAction","target":{"@type":"EntryPoint","urlTemplate":"https:\/\/www.gruppoliturgico.com\/es\/?s={search_term_string}"},"query-input":"required name=search_term_string"}],"inLanguage":"es"},{"@type":"Organization","@id":"https:\/\/www.gruppoliturgico.com\/es\/#organization","name":"Laboratorio Gruppo Liturgico","url":"https:\/\/www.gruppoliturgico.com\/es\/","logo":{"@type":"ImageObject","inLanguage":"es","@id":"https:\/\/www.gruppoliturgico.com\/es\/#\/schema\/logo\/image\/","url":"https:\/\/www.gruppoliturgico.com\/wp-content\/uploads\/2022\/02\/logo-laboratoriogruppoliturgico.png","contentUrl":"https:\/\/www.gruppoliturgico.com\/wp-content\/uploads\/2022\/02\/logo-laboratoriogruppoliturgico.png","width":400,"height":114,"caption":"Laboratorio Gruppo Liturgico"},"image":{"@id":"https:\/\/www.gruppoliturgico.com\/es\/#\/schema\/logo\/image\/"}}]}},"_links":{"self":[{"href":"https:\/\/www.gruppoliturgico.com\/es\/wp-json\/wp\/v2\/product\/66256"}],"collection":[{"href":"https:\/\/www.gruppoliturgico.com\/es\/wp-json\/wp\/v2\/product"}],"about":[{"href":"https:\/\/www.gruppoliturgico.com\/es\/wp-json\/wp\/v2\/types\/product"}],"wp:featuredmedia":[{"embeddable":true,"href":"https:\/\/www.gruppoliturgico.com\/es\/wp-json\/wp\/v2\/media\/131465"}],"wp:attachment":[{"href":"https:\/\/www.gruppoliturgico.com\/es\/wp-json\/wp\/v2\/media?parent=66256"}],"wp:term":[{"taxonomy":"product_cat","embeddable":true,"href":"https:\/\/www.gruppoliturgico.com\/es\/wp-json\/wp\/v2\/product_cat?post=66256"},{"taxonomy":"product_tag","embeddable":true,"href":"https:\/\/www.gruppoliturgico.com\/es\/wp-json\/wp\/v2\/product_tag?post=66256"}],"curies":[{"name":"wp","href":"https:\/\/api.w.org\/{rel}","templated":true}]}}