{"id":66236,"date":"2022-05-20T01:35:00","date_gmt":"2022-05-19T23:35:48","guid":{"rendered":"https:\/\/www.gruppoliturgico.com\/prodotto\/alba-18\/"},"modified":"2022-09-14T14:37:49","modified_gmt":"2022-09-14T12:37:49","slug":"alba-18","status":"publish","type":"product","link":"https:\/\/www.gruppoliturgico.com\/es\/producto\/alba-18\/","title":{"rendered":"alba"},"content":{"rendered":"<html><body><p>Alba en tela de tergal de algod\u00f3n.<br>\nMuy ligera y pr\u00e1ctica, est\u00e1 decorada de color rojo, verde, violeta y gris neutro.<br>\nEl alba est\u00e1 disponible con cuello alto para llevarla sin amito o con cuello normal.<\/p>\n<\/body><\/html>","protected":false},"excerpt":{"rendered":"<p>Alba en tela de tergal de algod\u00f3n.<br \/>\nMuy ligera y pr\u00e1ctica, est\u00e1 decorada de color rojo, verde, violeta y gris neutro.<br \/>\nEl alba est\u00e1 disponible con cuello alto para llevarla sin amito o con cuello normal.<\/p>\n","protected":false},"featured_media":130070,"template":"","meta":[],"product_cat":[12223],"product_tag":[],"yoast_head":"<!-- This site is optimized with the Yoast SEO plugin v20.4 - https:\/\/yoast.com\/wordpress\/plugins\/seo\/ -->\n<title>alba - albas y Laboratorio Gruppo Liturgico<\/title>\n<meta name=\"description\" content=\"Alba en tela de tergal de algod\u00f3n. Muy ligera y pr\u00e1ctica, est\u00e1 decorada de color rojo, verde, violeta y gris neutro. El alba est\u00e1 disponible con cuello alto para llevarla sin amito o con cuello normal.\" \/>\n<meta name=\"robots\" content=\"index, follow, max-snippet:-1, max-image-preview:large, max-video-preview:-1\" \/>\n<link rel=\"canonical\" href=\"https:\/\/www.gruppoliturgico.com\/es\/producto\/alba-18\/\" \/>\n<meta property=\"og:locale\" content=\"es_ES\" \/>\n<meta property=\"og:type\" content=\"article\" \/>\n<meta property=\"og:title\" content=\"alba - albas y Laboratorio Gruppo Liturgico\" \/>\n<meta property=\"og:description\" content=\"Alba en tela de tergal de algod\u00f3n. Muy ligera y pr\u00e1ctica, est\u00e1 decorada de color rojo, verde, violeta y gris neutro. El alba est\u00e1 disponible con cuello alto para llevarla sin amito o con cuello normal.\" \/>\n<meta property=\"og:url\" content=\"https:\/\/www.gruppoliturgico.com\/es\/producto\/alba-18\/\" \/>\n<meta property=\"og:site_name\" content=\"Laboratorio Gruppo Liturgico\" \/>\n<meta property=\"article:modified_time\" content=\"2022-09-14T12:37:49+00:00\" \/>\n<meta property=\"og:image\" content=\"https:\/\/www.gruppoliturgico.com\/wp-content\/uploads\/2022\/05\/186420rosso.jpg\" \/>\n\t<meta property=\"og:image:width\" content=\"735\" \/>\n\t<meta property=\"og:image:height\" content=\"1500\" \/>\n\t<meta property=\"og:image:type\" content=\"image\/jpeg\" \/>\n<meta name=\"twitter:card\" content=\"summary_large_image\" \/>\n<script type=\"application\/ld+json\" class=\"yoast-schema-graph\">{\"@context\":\"https:\/\/schema.org\",\"@graph\":[{\"@type\":\"WebPage\",\"@id\":\"https:\/\/www.gruppoliturgico.com\/es\/producto\/alba-18\/\",\"url\":\"https:\/\/www.gruppoliturgico.com\/es\/producto\/alba-18\/\",\"name\":\"alba - albas y Laboratorio Gruppo Liturgico\",\"isPartOf\":{\"@id\":\"https:\/\/www.gruppoliturgico.com\/es\/#website\"},\"datePublished\":\"2022-05-19T23:35:48+00:00\",\"dateModified\":\"2022-09-14T12:37:49+00:00\",\"description\":\"Alba en tela de tergal de algod\u00f3n. Muy ligera y pr\u00e1ctica, est\u00e1 decorada de color rojo, verde, violeta y gris neutro. El alba est\u00e1 disponible con cuello alto para llevarla sin amito o con cuello normal.\",\"breadcrumb\":{\"@id\":\"https:\/\/www.gruppoliturgico.com\/es\/producto\/alba-18\/#breadcrumb\"},\"inLanguage\":\"es\",\"potentialAction\":[{\"@type\":\"ReadAction\",\"target\":[\"https:\/\/www.gruppoliturgico.com\/es\/producto\/alba-18\/\"]}]},{\"@type\":\"BreadcrumbList\",\"@id\":\"https:\/\/www.gruppoliturgico.com\/es\/producto\/alba-18\/#breadcrumb\",\"itemListElement\":[{\"@type\":\"ListItem\",\"position\":1,\"name\":\"Home\",\"item\":\"https:\/\/www.gruppoliturgico.com\/es\/\"},{\"@type\":\"ListItem\",\"position\":2,\"name\":\"Tienda\",\"item\":\"https:\/\/www.gruppoliturgico.com\/es\/tienda\/\"},{\"@type\":\"ListItem\",\"position\":3,\"name\":\"alba\"}]},{\"@type\":\"WebSite\",\"@id\":\"https:\/\/www.gruppoliturgico.com\/es\/#website\",\"url\":\"https:\/\/www.gruppoliturgico.com\/es\/\",\"name\":\"Laboratorio Gruppo Liturgico\",\"description\":\"Articoli Religiosi online\",\"publisher\":{\"@id\":\"https:\/\/www.gruppoliturgico.com\/es\/#organization\"},\"potentialAction\":[{\"@type\":\"SearchAction\",\"target\":{\"@type\":\"EntryPoint\",\"urlTemplate\":\"https:\/\/www.gruppoliturgico.com\/es\/?s={search_term_string}\"},\"query-input\":\"required name=search_term_string\"}],\"inLanguage\":\"es\"},{\"@type\":\"Organization\",\"@id\":\"https:\/\/www.gruppoliturgico.com\/es\/#organization\",\"name\":\"Laboratorio Gruppo Liturgico\",\"url\":\"https:\/\/www.gruppoliturgico.com\/es\/\",\"logo\":{\"@type\":\"ImageObject\",\"inLanguage\":\"es\",\"@id\":\"https:\/\/www.gruppoliturgico.com\/es\/#\/schema\/logo\/image\/\",\"url\":\"https:\/\/www.gruppoliturgico.com\/wp-content\/uploads\/2022\/02\/logo-laboratoriogruppoliturgico.png\",\"contentUrl\":\"https:\/\/www.gruppoliturgico.com\/wp-content\/uploads\/2022\/02\/logo-laboratoriogruppoliturgico.png\",\"width\":400,\"height\":114,\"caption\":\"Laboratorio Gruppo Liturgico\"},\"image\":{\"@id\":\"https:\/\/www.gruppoliturgico.com\/es\/#\/schema\/logo\/image\/\"}}]}<\/script>\n<!-- \/ Yoast SEO plugin. -->","yoast_head_json":{"title":"alba - albas y Laboratorio Gruppo Liturgico","description":"Alba en tela de tergal de algod\u00f3n. Muy ligera y pr\u00e1ctica, est\u00e1 decorada de color rojo, verde, violeta y gris neutro. El alba est\u00e1 disponible con cuello alto para llevarla sin amito o con cuello normal.","robots":{"index":"index","follow":"follow","max-snippet":"max-snippet:-1","max-image-preview":"max-image-preview:large","max-video-preview":"max-video-preview:-1"},"canonical":"https:\/\/www.gruppoliturgico.com\/es\/producto\/alba-18\/","og_locale":"es_ES","og_type":"article","og_title":"alba - albas y Laboratorio Gruppo Liturgico","og_description":"Alba en tela de tergal de algod\u00f3n. Muy ligera y pr\u00e1ctica, est\u00e1 decorada de color rojo, verde, violeta y gris neutro. El alba est\u00e1 disponible con cuello alto para llevarla sin amito o con cuello normal.","og_url":"https:\/\/www.gruppoliturgico.com\/es\/producto\/alba-18\/","og_site_name":"Laboratorio Gruppo Liturgico","article_modified_time":"2022-09-14T12:37:49+00:00","og_image":[{"width":735,"height":1500,"url":"https:\/\/www.gruppoliturgico.com\/wp-content\/uploads\/2022\/05\/186420rosso.jpg","type":"image\/jpeg"}],"twitter_card":"summary_large_image","schema":{"@context":"https:\/\/schema.org","@graph":[{"@type":"WebPage","@id":"https:\/\/www.gruppoliturgico.com\/es\/producto\/alba-18\/","url":"https:\/\/www.gruppoliturgico.com\/es\/producto\/alba-18\/","name":"alba - albas y Laboratorio Gruppo Liturgico","isPartOf":{"@id":"https:\/\/www.gruppoliturgico.com\/es\/#website"},"datePublished":"2022-05-19T23:35:48+00:00","dateModified":"2022-09-14T12:37:49+00:00","description":"Alba en tela de tergal de algod\u00f3n. Muy ligera y pr\u00e1ctica, est\u00e1 decorada de color rojo, verde, violeta y gris neutro. El alba est\u00e1 disponible con cuello alto para llevarla sin amito o con cuello normal.","breadcrumb":{"@id":"https:\/\/www.gruppoliturgico.com\/es\/producto\/alba-18\/#breadcrumb"},"inLanguage":"es","potentialAction":[{"@type":"ReadAction","target":["https:\/\/www.gruppoliturgico.com\/es\/producto\/alba-18\/"]}]},{"@type":"BreadcrumbList","@id":"https:\/\/www.gruppoliturgico.com\/es\/producto\/alba-18\/#breadcrumb","itemListElement":[{"@type":"ListItem","position":1,"name":"Home","item":"https:\/\/www.gruppoliturgico.com\/es\/"},{"@type":"ListItem","position":2,"name":"Tienda","item":"https:\/\/www.gruppoliturgico.com\/es\/tienda\/"},{"@type":"ListItem","position":3,"name":"alba"}]},{"@type":"WebSite","@id":"https:\/\/www.gruppoliturgico.com\/es\/#website","url":"https:\/\/www.gruppoliturgico.com\/es\/","name":"Laboratorio Gruppo Liturgico","description":"Articoli Religiosi online","publisher":{"@id":"https:\/\/www.gruppoliturgico.com\/es\/#organization"},"potentialAction":[{"@type":"SearchAction","target":{"@type":"EntryPoint","urlTemplate":"https:\/\/www.gruppoliturgico.com\/es\/?s={search_term_string}"},"query-input":"required name=search_term_string"}],"inLanguage":"es"},{"@type":"Organization","@id":"https:\/\/www.gruppoliturgico.com\/es\/#organization","name":"Laboratorio Gruppo Liturgico","url":"https:\/\/www.gruppoliturgico.com\/es\/","logo":{"@type":"ImageObject","inLanguage":"es","@id":"https:\/\/www.gruppoliturgico.com\/es\/#\/schema\/logo\/image\/","url":"https:\/\/www.gruppoliturgico.com\/wp-content\/uploads\/2022\/02\/logo-laboratoriogruppoliturgico.png","contentUrl":"https:\/\/www.gruppoliturgico.com\/wp-content\/uploads\/2022\/02\/logo-laboratoriogruppoliturgico.png","width":400,"height":114,"caption":"Laboratorio Gruppo Liturgico"},"image":{"@id":"https:\/\/www.gruppoliturgico.com\/es\/#\/schema\/logo\/image\/"}}]}},"_links":{"self":[{"href":"https:\/\/www.gruppoliturgico.com\/es\/wp-json\/wp\/v2\/product\/66236"}],"collection":[{"href":"https:\/\/www.gruppoliturgico.com\/es\/wp-json\/wp\/v2\/product"}],"about":[{"href":"https:\/\/www.gruppoliturgico.com\/es\/wp-json\/wp\/v2\/types\/product"}],"wp:featuredmedia":[{"embeddable":true,"href":"https:\/\/www.gruppoliturgico.com\/es\/wp-json\/wp\/v2\/media\/130070"}],"wp:attachment":[{"href":"https:\/\/www.gruppoliturgico.com\/es\/wp-json\/wp\/v2\/media?parent=66236"}],"wp:term":[{"taxonomy":"product_cat","embeddable":true,"href":"https:\/\/www.gruppoliturgico.com\/es\/wp-json\/wp\/v2\/product_cat?post=66236"},{"taxonomy":"product_tag","embeddable":true,"href":"https:\/\/www.gruppoliturgico.com\/es\/wp-json\/wp\/v2\/product_tag?post=66236"}],"curies":[{"name":"wp","href":"https:\/\/api.w.org\/{rel}","templated":true}]}}