{"id":66216,"date":"2022-05-20T01:34:47","date_gmt":"2022-05-19T23:34:54","guid":{"rendered":"https:\/\/www.gruppoliturgico.com\/prodotto\/roquete-7\/"},"modified":"2022-09-14T16:12:52","modified_gmt":"2022-09-14T14:12:52","slug":"roquete-7","status":"publish","type":"product","link":"https:\/\/www.gruppoliturgico.com\/es\/producto\/roquete-7\/","title":{"rendered":"Roquete"},"content":{"rendered":"<html><body><p>Roquete en tejido lino mixto.<br>\nSe caracteriza por un notable encaje realizado en telar con una altura de 55 cent\u00edmetros.<br>\nEl efecto del fest\u00f3n transparente el color de abajo, que a petici\u00f3n del cliente, podr\u00e1 ser rojo o negro.<\/p>\n<\/body><\/html>","protected":false},"excerpt":{"rendered":"<p>Roquete en tejido lino mixto.<br \/>\nSe caracteriza por un notable encaje realizado en telar con una altura de 55 cent\u00edmetros.<br \/>\nEl efecto del fest\u00f3n transparente el color de abajo, que a petici\u00f3n del cliente, podr\u00e1 ser rojo o negro.<\/p>\n","protected":false},"featured_media":130138,"template":"","meta":[],"product_cat":[12227],"product_tag":[],"yoast_head":"<!-- This site is optimized with the Yoast SEO plugin v20.4 - https:\/\/yoast.com\/wordpress\/plugins\/seo\/ -->\n<title>Roquete - Roquetes y Laboratorio Gruppo Liturgico<\/title>\n<meta name=\"description\" content=\"Roquete en tejido lino mixto.  Se caracteriza por un notable encaje realizado en telar con una altura de 55 cent\u00edmetros.  El efecto del fest\u00f3n transparente el color de abajo, que a petici\u00f3n del cliente, podr\u00e1 ser rojo o negro.\" \/>\n<meta name=\"robots\" content=\"index, follow, max-snippet:-1, max-image-preview:large, max-video-preview:-1\" \/>\n<link rel=\"canonical\" href=\"https:\/\/www.gruppoliturgico.com\/es\/producto\/roquete-7\/\" \/>\n<meta property=\"og:locale\" content=\"es_ES\" \/>\n<meta property=\"og:type\" content=\"article\" \/>\n<meta property=\"og:title\" content=\"Roquete - Roquetes y Laboratorio Gruppo Liturgico\" \/>\n<meta property=\"og:description\" content=\"Roquete en tejido lino mixto.  Se caracteriza por un notable encaje realizado en telar con una altura de 55 cent\u00edmetros.  El efecto del fest\u00f3n transparente el color de abajo, que a petici\u00f3n del cliente, podr\u00e1 ser rojo o negro.\" \/>\n<meta property=\"og:url\" content=\"https:\/\/www.gruppoliturgico.com\/es\/producto\/roquete-7\/\" \/>\n<meta property=\"og:site_name\" content=\"Laboratorio Gruppo Liturgico\" \/>\n<meta property=\"article:modified_time\" content=\"2022-09-14T14:12:52+00:00\" \/>\n<meta property=\"og:image\" content=\"https:\/\/www.gruppoliturgico.com\/wp-content\/uploads\/2022\/05\/1859.jpg\" \/>\n\t<meta property=\"og:image:width\" content=\"888\" \/>\n\t<meta property=\"og:image:height\" content=\"1500\" \/>\n\t<meta property=\"og:image:type\" content=\"image\/jpeg\" \/>\n<meta name=\"twitter:card\" content=\"summary_large_image\" \/>\n<script type=\"application\/ld+json\" class=\"yoast-schema-graph\">{\"@context\":\"https:\/\/schema.org\",\"@graph\":[{\"@type\":\"WebPage\",\"@id\":\"https:\/\/www.gruppoliturgico.com\/es\/producto\/roquete-7\/\",\"url\":\"https:\/\/www.gruppoliturgico.com\/es\/producto\/roquete-7\/\",\"name\":\"Roquete - Roquetes y Laboratorio Gruppo Liturgico\",\"isPartOf\":{\"@id\":\"https:\/\/www.gruppoliturgico.com\/es\/#website\"},\"datePublished\":\"2022-05-19T23:34:54+00:00\",\"dateModified\":\"2022-09-14T14:12:52+00:00\",\"description\":\"Roquete en tejido lino mixto. Se caracteriza por un notable encaje realizado en telar con una altura de 55 cent\u00edmetros. El efecto del fest\u00f3n transparente el color de abajo, que a petici\u00f3n del cliente, podr\u00e1 ser rojo o negro.\",\"breadcrumb\":{\"@id\":\"https:\/\/www.gruppoliturgico.com\/es\/producto\/roquete-7\/#breadcrumb\"},\"inLanguage\":\"es\",\"potentialAction\":[{\"@type\":\"ReadAction\",\"target\":[\"https:\/\/www.gruppoliturgico.com\/es\/producto\/roquete-7\/\"]}]},{\"@type\":\"BreadcrumbList\",\"@id\":\"https:\/\/www.gruppoliturgico.com\/es\/producto\/roquete-7\/#breadcrumb\",\"itemListElement\":[{\"@type\":\"ListItem\",\"position\":1,\"name\":\"Home\",\"item\":\"https:\/\/www.gruppoliturgico.com\/es\/\"},{\"@type\":\"ListItem\",\"position\":2,\"name\":\"Tienda\",\"item\":\"https:\/\/www.gruppoliturgico.com\/es\/tienda\/\"},{\"@type\":\"ListItem\",\"position\":3,\"name\":\"Roquete\"}]},{\"@type\":\"WebSite\",\"@id\":\"https:\/\/www.gruppoliturgico.com\/es\/#website\",\"url\":\"https:\/\/www.gruppoliturgico.com\/es\/\",\"name\":\"Laboratorio Gruppo Liturgico\",\"description\":\"Articoli Religiosi online\",\"publisher\":{\"@id\":\"https:\/\/www.gruppoliturgico.com\/es\/#organization\"},\"potentialAction\":[{\"@type\":\"SearchAction\",\"target\":{\"@type\":\"EntryPoint\",\"urlTemplate\":\"https:\/\/www.gruppoliturgico.com\/es\/?s={search_term_string}\"},\"query-input\":\"required name=search_term_string\"}],\"inLanguage\":\"es\"},{\"@type\":\"Organization\",\"@id\":\"https:\/\/www.gruppoliturgico.com\/es\/#organization\",\"name\":\"Laboratorio Gruppo Liturgico\",\"url\":\"https:\/\/www.gruppoliturgico.com\/es\/\",\"logo\":{\"@type\":\"ImageObject\",\"inLanguage\":\"es\",\"@id\":\"https:\/\/www.gruppoliturgico.com\/es\/#\/schema\/logo\/image\/\",\"url\":\"https:\/\/www.gruppoliturgico.com\/wp-content\/uploads\/2022\/02\/logo-laboratoriogruppoliturgico.png\",\"contentUrl\":\"https:\/\/www.gruppoliturgico.com\/wp-content\/uploads\/2022\/02\/logo-laboratoriogruppoliturgico.png\",\"width\":400,\"height\":114,\"caption\":\"Laboratorio Gruppo Liturgico\"},\"image\":{\"@id\":\"https:\/\/www.gruppoliturgico.com\/es\/#\/schema\/logo\/image\/\"}}]}<\/script>\n<!-- \/ Yoast SEO plugin. -->","yoast_head_json":{"title":"Roquete - Roquetes y Laboratorio Gruppo Liturgico","description":"Roquete en tejido lino mixto.  Se caracteriza por un notable encaje realizado en telar con una altura de 55 cent\u00edmetros.  El efecto del fest\u00f3n transparente el color de abajo, que a petici\u00f3n del cliente, podr\u00e1 ser rojo o negro.","robots":{"index":"index","follow":"follow","max-snippet":"max-snippet:-1","max-image-preview":"max-image-preview:large","max-video-preview":"max-video-preview:-1"},"canonical":"https:\/\/www.gruppoliturgico.com\/es\/producto\/roquete-7\/","og_locale":"es_ES","og_type":"article","og_title":"Roquete - Roquetes y Laboratorio Gruppo Liturgico","og_description":"Roquete en tejido lino mixto.  Se caracteriza por un notable encaje realizado en telar con una altura de 55 cent\u00edmetros.  El efecto del fest\u00f3n transparente el color de abajo, que a petici\u00f3n del cliente, podr\u00e1 ser rojo o negro.","og_url":"https:\/\/www.gruppoliturgico.com\/es\/producto\/roquete-7\/","og_site_name":"Laboratorio Gruppo Liturgico","article_modified_time":"2022-09-14T14:12:52+00:00","og_image":[{"width":888,"height":1500,"url":"https:\/\/www.gruppoliturgico.com\/wp-content\/uploads\/2022\/05\/1859.jpg","type":"image\/jpeg"}],"twitter_card":"summary_large_image","schema":{"@context":"https:\/\/schema.org","@graph":[{"@type":"WebPage","@id":"https:\/\/www.gruppoliturgico.com\/es\/producto\/roquete-7\/","url":"https:\/\/www.gruppoliturgico.com\/es\/producto\/roquete-7\/","name":"Roquete - Roquetes y Laboratorio Gruppo Liturgico","isPartOf":{"@id":"https:\/\/www.gruppoliturgico.com\/es\/#website"},"datePublished":"2022-05-19T23:34:54+00:00","dateModified":"2022-09-14T14:12:52+00:00","description":"Roquete en tejido lino mixto. Se caracteriza por un notable encaje realizado en telar con una altura de 55 cent\u00edmetros. El efecto del fest\u00f3n transparente el color de abajo, que a petici\u00f3n del cliente, podr\u00e1 ser rojo o negro.","breadcrumb":{"@id":"https:\/\/www.gruppoliturgico.com\/es\/producto\/roquete-7\/#breadcrumb"},"inLanguage":"es","potentialAction":[{"@type":"ReadAction","target":["https:\/\/www.gruppoliturgico.com\/es\/producto\/roquete-7\/"]}]},{"@type":"BreadcrumbList","@id":"https:\/\/www.gruppoliturgico.com\/es\/producto\/roquete-7\/#breadcrumb","itemListElement":[{"@type":"ListItem","position":1,"name":"Home","item":"https:\/\/www.gruppoliturgico.com\/es\/"},{"@type":"ListItem","position":2,"name":"Tienda","item":"https:\/\/www.gruppoliturgico.com\/es\/tienda\/"},{"@type":"ListItem","position":3,"name":"Roquete"}]},{"@type":"WebSite","@id":"https:\/\/www.gruppoliturgico.com\/es\/#website","url":"https:\/\/www.gruppoliturgico.com\/es\/","name":"Laboratorio Gruppo Liturgico","description":"Articoli Religiosi online","publisher":{"@id":"https:\/\/www.gruppoliturgico.com\/es\/#organization"},"potentialAction":[{"@type":"SearchAction","target":{"@type":"EntryPoint","urlTemplate":"https:\/\/www.gruppoliturgico.com\/es\/?s={search_term_string}"},"query-input":"required name=search_term_string"}],"inLanguage":"es"},{"@type":"Organization","@id":"https:\/\/www.gruppoliturgico.com\/es\/#organization","name":"Laboratorio Gruppo Liturgico","url":"https:\/\/www.gruppoliturgico.com\/es\/","logo":{"@type":"ImageObject","inLanguage":"es","@id":"https:\/\/www.gruppoliturgico.com\/es\/#\/schema\/logo\/image\/","url":"https:\/\/www.gruppoliturgico.com\/wp-content\/uploads\/2022\/02\/logo-laboratoriogruppoliturgico.png","contentUrl":"https:\/\/www.gruppoliturgico.com\/wp-content\/uploads\/2022\/02\/logo-laboratoriogruppoliturgico.png","width":400,"height":114,"caption":"Laboratorio Gruppo Liturgico"},"image":{"@id":"https:\/\/www.gruppoliturgico.com\/es\/#\/schema\/logo\/image\/"}}]}},"_links":{"self":[{"href":"https:\/\/www.gruppoliturgico.com\/es\/wp-json\/wp\/v2\/product\/66216"}],"collection":[{"href":"https:\/\/www.gruppoliturgico.com\/es\/wp-json\/wp\/v2\/product"}],"about":[{"href":"https:\/\/www.gruppoliturgico.com\/es\/wp-json\/wp\/v2\/types\/product"}],"wp:featuredmedia":[{"embeddable":true,"href":"https:\/\/www.gruppoliturgico.com\/es\/wp-json\/wp\/v2\/media\/130138"}],"wp:attachment":[{"href":"https:\/\/www.gruppoliturgico.com\/es\/wp-json\/wp\/v2\/media?parent=66216"}],"wp:term":[{"taxonomy":"product_cat","embeddable":true,"href":"https:\/\/www.gruppoliturgico.com\/es\/wp-json\/wp\/v2\/product_cat?post=66216"},{"taxonomy":"product_tag","embeddable":true,"href":"https:\/\/www.gruppoliturgico.com\/es\/wp-json\/wp\/v2\/product_tag?post=66216"}],"curies":[{"name":"wp","href":"https:\/\/api.w.org\/{rel}","templated":true}]}}