{"id":66124,"date":"2022-05-20T01:30:15","date_gmt":"2022-05-19T23:30:26","guid":{"rendered":"https:\/\/www.gruppoliturgico.com\/prodotto\/tunica-14\/"},"modified":"2022-06-02T12:25:30","modified_gmt":"2022-06-02T10:25:30","slug":"tunica-14","status":"publish","type":"product","link":"https:\/\/www.gruppoliturgico.com\/es\/producto\/tunica-14\/","title":{"rendered":"t\u00fanica"},"content":{"rendered":"<html><body><p>es un modelo amplio que presenta un escapulario bordado con elementos en dorado tanto delante como detr\u00e1s.<br>\nUna elegante capucha completa la armon\u00eda de esta confecci\u00f3n.<br>\nLa cruz est\u00e1 incluida en el precio. <\/p>\n<p>Para realizar el pedido de esta t\u00fanica solamente hace falta especificar la medida de la longitud total (que se toma desde el centro de los hombros hasta el tal\u00f3n).<\/p>\n<\/body><\/html>","protected":false},"excerpt":{"rendered":"<p>es un modelo amplio que presenta un escapulario bordado con elementos en dorado tanto delante como detr\u00e1s.<br \/>\nUna elegante capucha completa la armon\u00eda de esta confecci\u00f3n.<br \/>\nLa cruz est\u00e1 incluida en el precio. <\/p>\n<p>Para realizar el pedido de esta t\u00fanica solamente hace falta especificar la medida de la longitud total (que se toma desde el centro de los hombros hasta el tal\u00f3n).<\/p>\n","protected":false},"featured_media":135717,"template":"","meta":[],"product_cat":[11807],"product_tag":[],"yoast_head":"<!-- This site is optimized with the Yoast SEO plugin v20.4 - https:\/\/yoast.com\/wordpress\/plugins\/seo\/ -->\n<title>t\u00fanica - t\u00fanicas y Laboratorio Gruppo Liturgico<\/title>\n<meta name=\"description\" content=\"es un modelo amplio que presenta un escapulario bordado con elementos en dorado tanto delante como detr\u00e1s.  Una elegante capucha completa la armon\u00eda de esta confecci\u00f3n. La cruz est\u00e1 incluida en el precio.   Para realizar el pedido de esta t\u00fanica solamente hace falta especificar la medida de la longitud total (que se toma desde el centro de los hombros hasta el tal\u00f3n).\" \/>\n<meta name=\"robots\" content=\"index, follow, max-snippet:-1, max-image-preview:large, max-video-preview:-1\" \/>\n<link rel=\"canonical\" href=\"https:\/\/www.gruppoliturgico.com\/es\/producto\/tunica-14\/\" \/>\n<meta property=\"og:locale\" content=\"es_ES\" \/>\n<meta property=\"og:type\" content=\"article\" \/>\n<meta property=\"og:title\" content=\"t\u00fanica - t\u00fanicas y Laboratorio Gruppo Liturgico\" \/>\n<meta property=\"og:description\" content=\"es un modelo amplio que presenta un escapulario bordado con elementos en dorado tanto delante como detr\u00e1s.  Una elegante capucha completa la armon\u00eda de esta confecci\u00f3n. La cruz est\u00e1 incluida en el precio.   Para realizar el pedido de esta t\u00fanica solamente hace falta especificar la medida de la longitud total (que se toma desde el centro de los hombros hasta el tal\u00f3n).\" \/>\n<meta property=\"og:url\" content=\"https:\/\/www.gruppoliturgico.com\/es\/producto\/tunica-14\/\" \/>\n<meta property=\"og:site_name\" content=\"Laboratorio Gruppo Liturgico\" \/>\n<meta property=\"article:modified_time\" content=\"2022-06-02T10:25:30+00:00\" \/>\n<meta property=\"og:image\" content=\"https:\/\/www.gruppoliturgico.com\/wp-content\/uploads\/2022\/05\/Domenico.jpg\" \/>\n\t<meta property=\"og:image:width\" content=\"728\" \/>\n\t<meta property=\"og:image:height\" content=\"1500\" \/>\n\t<meta property=\"og:image:type\" content=\"image\/jpeg\" \/>\n<meta name=\"twitter:card\" content=\"summary_large_image\" \/>\n<script type=\"application\/ld+json\" class=\"yoast-schema-graph\">{\"@context\":\"https:\/\/schema.org\",\"@graph\":[{\"@type\":\"WebPage\",\"@id\":\"https:\/\/www.gruppoliturgico.com\/es\/producto\/tunica-14\/\",\"url\":\"https:\/\/www.gruppoliturgico.com\/es\/producto\/tunica-14\/\",\"name\":\"t\u00fanica - t\u00fanicas y Laboratorio Gruppo Liturgico\",\"isPartOf\":{\"@id\":\"https:\/\/www.gruppoliturgico.com\/es\/#website\"},\"datePublished\":\"2022-05-19T23:30:26+00:00\",\"dateModified\":\"2022-06-02T10:25:30+00:00\",\"description\":\"es un modelo amplio que presenta un escapulario bordado con elementos en dorado tanto delante como detr\u00e1s. Una elegante capucha completa la armon\u00eda de esta confecci\u00f3n. La cruz est\u00e1 incluida en el precio. Para realizar el pedido de esta t\u00fanica solamente hace falta especificar la medida de la longitud total (que se toma desde el centro de los hombros hasta el tal\u00f3n).\",\"breadcrumb\":{\"@id\":\"https:\/\/www.gruppoliturgico.com\/es\/producto\/tunica-14\/#breadcrumb\"},\"inLanguage\":\"es\",\"potentialAction\":[{\"@type\":\"ReadAction\",\"target\":[\"https:\/\/www.gruppoliturgico.com\/es\/producto\/tunica-14\/\"]}]},{\"@type\":\"BreadcrumbList\",\"@id\":\"https:\/\/www.gruppoliturgico.com\/es\/producto\/tunica-14\/#breadcrumb\",\"itemListElement\":[{\"@type\":\"ListItem\",\"position\":1,\"name\":\"Home\",\"item\":\"https:\/\/www.gruppoliturgico.com\/es\/\"},{\"@type\":\"ListItem\",\"position\":2,\"name\":\"Tienda\",\"item\":\"https:\/\/www.gruppoliturgico.com\/es\/tienda\/\"},{\"@type\":\"ListItem\",\"position\":3,\"name\":\"t\u00fanica\"}]},{\"@type\":\"WebSite\",\"@id\":\"https:\/\/www.gruppoliturgico.com\/es\/#website\",\"url\":\"https:\/\/www.gruppoliturgico.com\/es\/\",\"name\":\"Laboratorio Gruppo Liturgico\",\"description\":\"Articoli Religiosi online\",\"publisher\":{\"@id\":\"https:\/\/www.gruppoliturgico.com\/es\/#organization\"},\"potentialAction\":[{\"@type\":\"SearchAction\",\"target\":{\"@type\":\"EntryPoint\",\"urlTemplate\":\"https:\/\/www.gruppoliturgico.com\/es\/?s={search_term_string}\"},\"query-input\":\"required name=search_term_string\"}],\"inLanguage\":\"es\"},{\"@type\":\"Organization\",\"@id\":\"https:\/\/www.gruppoliturgico.com\/es\/#organization\",\"name\":\"Laboratorio Gruppo Liturgico\",\"url\":\"https:\/\/www.gruppoliturgico.com\/es\/\",\"logo\":{\"@type\":\"ImageObject\",\"inLanguage\":\"es\",\"@id\":\"https:\/\/www.gruppoliturgico.com\/es\/#\/schema\/logo\/image\/\",\"url\":\"https:\/\/www.gruppoliturgico.com\/wp-content\/uploads\/2022\/02\/logo-laboratoriogruppoliturgico.png\",\"contentUrl\":\"https:\/\/www.gruppoliturgico.com\/wp-content\/uploads\/2022\/02\/logo-laboratoriogruppoliturgico.png\",\"width\":400,\"height\":114,\"caption\":\"Laboratorio Gruppo Liturgico\"},\"image\":{\"@id\":\"https:\/\/www.gruppoliturgico.com\/es\/#\/schema\/logo\/image\/\"}}]}<\/script>\n<!-- \/ Yoast SEO plugin. -->","yoast_head_json":{"title":"t\u00fanica - t\u00fanicas y Laboratorio Gruppo Liturgico","description":"es un modelo amplio que presenta un escapulario bordado con elementos en dorado tanto delante como detr\u00e1s.  Una elegante capucha completa la armon\u00eda de esta confecci\u00f3n. La cruz est\u00e1 incluida en el precio.   Para realizar el pedido de esta t\u00fanica solamente hace falta especificar la medida de la longitud total (que se toma desde el centro de los hombros hasta el tal\u00f3n).","robots":{"index":"index","follow":"follow","max-snippet":"max-snippet:-1","max-image-preview":"max-image-preview:large","max-video-preview":"max-video-preview:-1"},"canonical":"https:\/\/www.gruppoliturgico.com\/es\/producto\/tunica-14\/","og_locale":"es_ES","og_type":"article","og_title":"t\u00fanica - t\u00fanicas y Laboratorio Gruppo Liturgico","og_description":"es un modelo amplio que presenta un escapulario bordado con elementos en dorado tanto delante como detr\u00e1s.  Una elegante capucha completa la armon\u00eda de esta confecci\u00f3n. La cruz est\u00e1 incluida en el precio.   Para realizar el pedido de esta t\u00fanica solamente hace falta especificar la medida de la longitud total (que se toma desde el centro de los hombros hasta el tal\u00f3n).","og_url":"https:\/\/www.gruppoliturgico.com\/es\/producto\/tunica-14\/","og_site_name":"Laboratorio Gruppo Liturgico","article_modified_time":"2022-06-02T10:25:30+00:00","og_image":[{"width":728,"height":1500,"url":"https:\/\/www.gruppoliturgico.com\/wp-content\/uploads\/2022\/05\/Domenico.jpg","type":"image\/jpeg"}],"twitter_card":"summary_large_image","schema":{"@context":"https:\/\/schema.org","@graph":[{"@type":"WebPage","@id":"https:\/\/www.gruppoliturgico.com\/es\/producto\/tunica-14\/","url":"https:\/\/www.gruppoliturgico.com\/es\/producto\/tunica-14\/","name":"t\u00fanica - t\u00fanicas y Laboratorio Gruppo Liturgico","isPartOf":{"@id":"https:\/\/www.gruppoliturgico.com\/es\/#website"},"datePublished":"2022-05-19T23:30:26+00:00","dateModified":"2022-06-02T10:25:30+00:00","description":"es un modelo amplio que presenta un escapulario bordado con elementos en dorado tanto delante como detr\u00e1s. Una elegante capucha completa la armon\u00eda de esta confecci\u00f3n. La cruz est\u00e1 incluida en el precio. Para realizar el pedido de esta t\u00fanica solamente hace falta especificar la medida de la longitud total (que se toma desde el centro de los hombros hasta el tal\u00f3n).","breadcrumb":{"@id":"https:\/\/www.gruppoliturgico.com\/es\/producto\/tunica-14\/#breadcrumb"},"inLanguage":"es","potentialAction":[{"@type":"ReadAction","target":["https:\/\/www.gruppoliturgico.com\/es\/producto\/tunica-14\/"]}]},{"@type":"BreadcrumbList","@id":"https:\/\/www.gruppoliturgico.com\/es\/producto\/tunica-14\/#breadcrumb","itemListElement":[{"@type":"ListItem","position":1,"name":"Home","item":"https:\/\/www.gruppoliturgico.com\/es\/"},{"@type":"ListItem","position":2,"name":"Tienda","item":"https:\/\/www.gruppoliturgico.com\/es\/tienda\/"},{"@type":"ListItem","position":3,"name":"t\u00fanica"}]},{"@type":"WebSite","@id":"https:\/\/www.gruppoliturgico.com\/es\/#website","url":"https:\/\/www.gruppoliturgico.com\/es\/","name":"Laboratorio Gruppo Liturgico","description":"Articoli Religiosi online","publisher":{"@id":"https:\/\/www.gruppoliturgico.com\/es\/#organization"},"potentialAction":[{"@type":"SearchAction","target":{"@type":"EntryPoint","urlTemplate":"https:\/\/www.gruppoliturgico.com\/es\/?s={search_term_string}"},"query-input":"required name=search_term_string"}],"inLanguage":"es"},{"@type":"Organization","@id":"https:\/\/www.gruppoliturgico.com\/es\/#organization","name":"Laboratorio Gruppo Liturgico","url":"https:\/\/www.gruppoliturgico.com\/es\/","logo":{"@type":"ImageObject","inLanguage":"es","@id":"https:\/\/www.gruppoliturgico.com\/es\/#\/schema\/logo\/image\/","url":"https:\/\/www.gruppoliturgico.com\/wp-content\/uploads\/2022\/02\/logo-laboratoriogruppoliturgico.png","contentUrl":"https:\/\/www.gruppoliturgico.com\/wp-content\/uploads\/2022\/02\/logo-laboratoriogruppoliturgico.png","width":400,"height":114,"caption":"Laboratorio Gruppo Liturgico"},"image":{"@id":"https:\/\/www.gruppoliturgico.com\/es\/#\/schema\/logo\/image\/"}}]}},"_links":{"self":[{"href":"https:\/\/www.gruppoliturgico.com\/es\/wp-json\/wp\/v2\/product\/66124"}],"collection":[{"href":"https:\/\/www.gruppoliturgico.com\/es\/wp-json\/wp\/v2\/product"}],"about":[{"href":"https:\/\/www.gruppoliturgico.com\/es\/wp-json\/wp\/v2\/types\/product"}],"wp:featuredmedia":[{"embeddable":true,"href":"https:\/\/www.gruppoliturgico.com\/es\/wp-json\/wp\/v2\/media\/135717"}],"wp:attachment":[{"href":"https:\/\/www.gruppoliturgico.com\/es\/wp-json\/wp\/v2\/media?parent=66124"}],"wp:term":[{"taxonomy":"product_cat","embeddable":true,"href":"https:\/\/www.gruppoliturgico.com\/es\/wp-json\/wp\/v2\/product_cat?post=66124"},{"taxonomy":"product_tag","embeddable":true,"href":"https:\/\/www.gruppoliturgico.com\/es\/wp-json\/wp\/v2\/product_tag?post=66124"}],"curies":[{"name":"wp","href":"https:\/\/api.w.org\/{rel}","templated":true}]}}