{"id":66108,"date":"2022-05-20T01:29:28","date_gmt":"2022-05-19T23:29:36","guid":{"rendered":"https:\/\/www.gruppoliturgico.com\/prodotto\/tunica-10\/"},"modified":"2022-06-02T12:24:19","modified_gmt":"2022-06-02T10:24:19","slug":"tunica-10","status":"publish","type":"product","link":"https:\/\/www.gruppoliturgico.com\/es\/producto\/tunica-10\/","title":{"rendered":"t\u00fanica"},"content":{"rendered":"<html><body><p>una cenefa classica con fantas\u00edas doradas recorre los pliegues y resalta las mangas de esta elegante t\u00fanica, con cuello monacal.<br>\nLa cruz y el c\u00edngulo est\u00e1n incluidas en el precio.<\/p>\n<p>Para realizar el pedido de esta t\u00fanica solamente hace falta especificar la medida de la longitud total (que se toma desde el centro de los hombros hasta el tal\u00f3n).<\/p>\n<\/body><\/html>","protected":false},"excerpt":{"rendered":"<p>una cenefa classica con fantas\u00edas doradas recorre los pliegues y resalta las mangas de esta elegante t\u00fanica, con cuello monacal.<br \/>\nLa cruz y el c\u00edngulo est\u00e1n incluidas en el precio.<\/p>\n<p>Para realizar el pedido de esta t\u00fanica solamente hace falta especificar la medida de la longitud total (que se toma desde el centro de los hombros hasta el tal\u00f3n).<\/p>\n","protected":false},"featured_media":135697,"template":"","meta":[],"product_cat":[11807],"product_tag":[],"yoast_head":"<!-- This site is optimized with the Yoast SEO plugin v20.4 - https:\/\/yoast.com\/wordpress\/plugins\/seo\/ -->\n<title>t\u00fanica - t\u00fanicas y Laboratorio Gruppo Liturgico<\/title>\n<meta name=\"description\" content=\"una cenefa classica con fantas\u00edas doradas recorre los pliegues y resalta las mangas de esta elegante t\u00fanica, con cuello monacal. La cruz y el c\u00edngulo est\u00e1n incluidas en el precio.  Para realizar el pedido de esta t\u00fanica solamente hace falta especificar la medida de la longitud total (que se toma desde el centro de los hombros hasta el tal\u00f3n).\" \/>\n<meta name=\"robots\" content=\"index, follow, max-snippet:-1, max-image-preview:large, max-video-preview:-1\" \/>\n<link rel=\"canonical\" href=\"https:\/\/www.gruppoliturgico.com\/es\/producto\/tunica-10\/\" \/>\n<meta property=\"og:locale\" content=\"es_ES\" \/>\n<meta property=\"og:type\" content=\"article\" \/>\n<meta property=\"og:title\" content=\"t\u00fanica - t\u00fanicas y Laboratorio Gruppo Liturgico\" \/>\n<meta property=\"og:description\" content=\"una cenefa classica con fantas\u00edas doradas recorre los pliegues y resalta las mangas de esta elegante t\u00fanica, con cuello monacal. La cruz y el c\u00edngulo est\u00e1n incluidas en el precio.  Para realizar el pedido de esta t\u00fanica solamente hace falta especificar la medida de la longitud total (que se toma desde el centro de los hombros hasta el tal\u00f3n).\" \/>\n<meta property=\"og:url\" content=\"https:\/\/www.gruppoliturgico.com\/es\/producto\/tunica-10\/\" \/>\n<meta property=\"og:site_name\" content=\"Laboratorio Gruppo Liturgico\" \/>\n<meta property=\"article:modified_time\" content=\"2022-06-02T10:24:19+00:00\" \/>\n<meta property=\"og:image\" content=\"https:\/\/www.gruppoliturgico.com\/wp-content\/uploads\/2022\/05\/oro.femmina.jpg\" \/>\n\t<meta property=\"og:image:width\" content=\"666\" \/>\n\t<meta property=\"og:image:height\" content=\"1500\" \/>\n\t<meta property=\"og:image:type\" content=\"image\/jpeg\" \/>\n<meta name=\"twitter:card\" content=\"summary_large_image\" \/>\n<script type=\"application\/ld+json\" class=\"yoast-schema-graph\">{\"@context\":\"https:\/\/schema.org\",\"@graph\":[{\"@type\":\"WebPage\",\"@id\":\"https:\/\/www.gruppoliturgico.com\/es\/producto\/tunica-10\/\",\"url\":\"https:\/\/www.gruppoliturgico.com\/es\/producto\/tunica-10\/\",\"name\":\"t\u00fanica - t\u00fanicas y Laboratorio Gruppo Liturgico\",\"isPartOf\":{\"@id\":\"https:\/\/www.gruppoliturgico.com\/es\/#website\"},\"datePublished\":\"2022-05-19T23:29:36+00:00\",\"dateModified\":\"2022-06-02T10:24:19+00:00\",\"description\":\"una cenefa classica con fantas\u00edas doradas recorre los pliegues y resalta las mangas de esta elegante t\u00fanica, con cuello monacal. La cruz y el c\u00edngulo est\u00e1n incluidas en el precio. Para realizar el pedido de esta t\u00fanica solamente hace falta especificar la medida de la longitud total (que se toma desde el centro de los hombros hasta el tal\u00f3n).\",\"breadcrumb\":{\"@id\":\"https:\/\/www.gruppoliturgico.com\/es\/producto\/tunica-10\/#breadcrumb\"},\"inLanguage\":\"es\",\"potentialAction\":[{\"@type\":\"ReadAction\",\"target\":[\"https:\/\/www.gruppoliturgico.com\/es\/producto\/tunica-10\/\"]}]},{\"@type\":\"BreadcrumbList\",\"@id\":\"https:\/\/www.gruppoliturgico.com\/es\/producto\/tunica-10\/#breadcrumb\",\"itemListElement\":[{\"@type\":\"ListItem\",\"position\":1,\"name\":\"Home\",\"item\":\"https:\/\/www.gruppoliturgico.com\/es\/\"},{\"@type\":\"ListItem\",\"position\":2,\"name\":\"Tienda\",\"item\":\"https:\/\/www.gruppoliturgico.com\/es\/tienda\/\"},{\"@type\":\"ListItem\",\"position\":3,\"name\":\"t\u00fanica\"}]},{\"@type\":\"WebSite\",\"@id\":\"https:\/\/www.gruppoliturgico.com\/es\/#website\",\"url\":\"https:\/\/www.gruppoliturgico.com\/es\/\",\"name\":\"Laboratorio Gruppo Liturgico\",\"description\":\"Articoli Religiosi online\",\"publisher\":{\"@id\":\"https:\/\/www.gruppoliturgico.com\/es\/#organization\"},\"potentialAction\":[{\"@type\":\"SearchAction\",\"target\":{\"@type\":\"EntryPoint\",\"urlTemplate\":\"https:\/\/www.gruppoliturgico.com\/es\/?s={search_term_string}\"},\"query-input\":\"required name=search_term_string\"}],\"inLanguage\":\"es\"},{\"@type\":\"Organization\",\"@id\":\"https:\/\/www.gruppoliturgico.com\/es\/#organization\",\"name\":\"Laboratorio Gruppo Liturgico\",\"url\":\"https:\/\/www.gruppoliturgico.com\/es\/\",\"logo\":{\"@type\":\"ImageObject\",\"inLanguage\":\"es\",\"@id\":\"https:\/\/www.gruppoliturgico.com\/es\/#\/schema\/logo\/image\/\",\"url\":\"https:\/\/www.gruppoliturgico.com\/wp-content\/uploads\/2022\/02\/logo-laboratoriogruppoliturgico.png\",\"contentUrl\":\"https:\/\/www.gruppoliturgico.com\/wp-content\/uploads\/2022\/02\/logo-laboratoriogruppoliturgico.png\",\"width\":400,\"height\":114,\"caption\":\"Laboratorio Gruppo Liturgico\"},\"image\":{\"@id\":\"https:\/\/www.gruppoliturgico.com\/es\/#\/schema\/logo\/image\/\"}}]}<\/script>\n<!-- \/ Yoast SEO plugin. -->","yoast_head_json":{"title":"t\u00fanica - t\u00fanicas y Laboratorio Gruppo Liturgico","description":"una cenefa classica con fantas\u00edas doradas recorre los pliegues y resalta las mangas de esta elegante t\u00fanica, con cuello monacal. La cruz y el c\u00edngulo est\u00e1n incluidas en el precio.  Para realizar el pedido de esta t\u00fanica solamente hace falta especificar la medida de la longitud total (que se toma desde el centro de los hombros hasta el tal\u00f3n).","robots":{"index":"index","follow":"follow","max-snippet":"max-snippet:-1","max-image-preview":"max-image-preview:large","max-video-preview":"max-video-preview:-1"},"canonical":"https:\/\/www.gruppoliturgico.com\/es\/producto\/tunica-10\/","og_locale":"es_ES","og_type":"article","og_title":"t\u00fanica - t\u00fanicas y Laboratorio Gruppo Liturgico","og_description":"una cenefa classica con fantas\u00edas doradas recorre los pliegues y resalta las mangas de esta elegante t\u00fanica, con cuello monacal. La cruz y el c\u00edngulo est\u00e1n incluidas en el precio.  Para realizar el pedido de esta t\u00fanica solamente hace falta especificar la medida de la longitud total (que se toma desde el centro de los hombros hasta el tal\u00f3n).","og_url":"https:\/\/www.gruppoliturgico.com\/es\/producto\/tunica-10\/","og_site_name":"Laboratorio Gruppo Liturgico","article_modified_time":"2022-06-02T10:24:19+00:00","og_image":[{"width":666,"height":1500,"url":"https:\/\/www.gruppoliturgico.com\/wp-content\/uploads\/2022\/05\/oro.femmina.jpg","type":"image\/jpeg"}],"twitter_card":"summary_large_image","schema":{"@context":"https:\/\/schema.org","@graph":[{"@type":"WebPage","@id":"https:\/\/www.gruppoliturgico.com\/es\/producto\/tunica-10\/","url":"https:\/\/www.gruppoliturgico.com\/es\/producto\/tunica-10\/","name":"t\u00fanica - t\u00fanicas y Laboratorio Gruppo Liturgico","isPartOf":{"@id":"https:\/\/www.gruppoliturgico.com\/es\/#website"},"datePublished":"2022-05-19T23:29:36+00:00","dateModified":"2022-06-02T10:24:19+00:00","description":"una cenefa classica con fantas\u00edas doradas recorre los pliegues y resalta las mangas de esta elegante t\u00fanica, con cuello monacal. La cruz y el c\u00edngulo est\u00e1n incluidas en el precio. Para realizar el pedido de esta t\u00fanica solamente hace falta especificar la medida de la longitud total (que se toma desde el centro de los hombros hasta el tal\u00f3n).","breadcrumb":{"@id":"https:\/\/www.gruppoliturgico.com\/es\/producto\/tunica-10\/#breadcrumb"},"inLanguage":"es","potentialAction":[{"@type":"ReadAction","target":["https:\/\/www.gruppoliturgico.com\/es\/producto\/tunica-10\/"]}]},{"@type":"BreadcrumbList","@id":"https:\/\/www.gruppoliturgico.com\/es\/producto\/tunica-10\/#breadcrumb","itemListElement":[{"@type":"ListItem","position":1,"name":"Home","item":"https:\/\/www.gruppoliturgico.com\/es\/"},{"@type":"ListItem","position":2,"name":"Tienda","item":"https:\/\/www.gruppoliturgico.com\/es\/tienda\/"},{"@type":"ListItem","position":3,"name":"t\u00fanica"}]},{"@type":"WebSite","@id":"https:\/\/www.gruppoliturgico.com\/es\/#website","url":"https:\/\/www.gruppoliturgico.com\/es\/","name":"Laboratorio Gruppo Liturgico","description":"Articoli Religiosi online","publisher":{"@id":"https:\/\/www.gruppoliturgico.com\/es\/#organization"},"potentialAction":[{"@type":"SearchAction","target":{"@type":"EntryPoint","urlTemplate":"https:\/\/www.gruppoliturgico.com\/es\/?s={search_term_string}"},"query-input":"required name=search_term_string"}],"inLanguage":"es"},{"@type":"Organization","@id":"https:\/\/www.gruppoliturgico.com\/es\/#organization","name":"Laboratorio Gruppo Liturgico","url":"https:\/\/www.gruppoliturgico.com\/es\/","logo":{"@type":"ImageObject","inLanguage":"es","@id":"https:\/\/www.gruppoliturgico.com\/es\/#\/schema\/logo\/image\/","url":"https:\/\/www.gruppoliturgico.com\/wp-content\/uploads\/2022\/02\/logo-laboratoriogruppoliturgico.png","contentUrl":"https:\/\/www.gruppoliturgico.com\/wp-content\/uploads\/2022\/02\/logo-laboratoriogruppoliturgico.png","width":400,"height":114,"caption":"Laboratorio Gruppo Liturgico"},"image":{"@id":"https:\/\/www.gruppoliturgico.com\/es\/#\/schema\/logo\/image\/"}}]}},"_links":{"self":[{"href":"https:\/\/www.gruppoliturgico.com\/es\/wp-json\/wp\/v2\/product\/66108"}],"collection":[{"href":"https:\/\/www.gruppoliturgico.com\/es\/wp-json\/wp\/v2\/product"}],"about":[{"href":"https:\/\/www.gruppoliturgico.com\/es\/wp-json\/wp\/v2\/types\/product"}],"wp:featuredmedia":[{"embeddable":true,"href":"https:\/\/www.gruppoliturgico.com\/es\/wp-json\/wp\/v2\/media\/135697"}],"wp:attachment":[{"href":"https:\/\/www.gruppoliturgico.com\/es\/wp-json\/wp\/v2\/media?parent=66108"}],"wp:term":[{"taxonomy":"product_cat","embeddable":true,"href":"https:\/\/www.gruppoliturgico.com\/es\/wp-json\/wp\/v2\/product_cat?post=66108"},{"taxonomy":"product_tag","embeddable":true,"href":"https:\/\/www.gruppoliturgico.com\/es\/wp-json\/wp\/v2\/product_tag?post=66108"}],"curies":[{"name":"wp","href":"https:\/\/api.w.org\/{rel}","templated":true}]}}