{"id":66064,"date":"2022-05-20T01:27:26","date_gmt":"2022-05-19T23:27:35","guid":{"rendered":"https:\/\/www.gruppoliturgico.com\/prodotto\/tabernaculo-2\/"},"modified":"2022-05-20T09:13:02","modified_gmt":"2022-05-20T07:13:02","slug":"tabernaculo-2","status":"publish","type":"product","link":"https:\/\/www.gruppoliturgico.com\/es\/producto\/tabernaculo-2\/","title":{"rendered":"tabern\u00e1culo"},"content":{"rendered":"<html><body><p>magn\u00edfico tabern\u00e1culo con ricos adornos de estilo g\u00f3tico.<br>\nLa puerta est\u00e1 adornada con la representaci\u00f3n cincelada a mano de Cristo Pantocrator.<br>\nEn los lados lleva estatuillas de bronce fundido del Esp\u00edritu Santo, el Sagrado Coraz\u00f3n de Jes\u00fas y de los Doce Ap\u00f3stoles.<br>\nEl interior est\u00e1 muy bien acabado con dorados de oro fino.<\/p>\n<p>Dimensiones<br>\naltura cm 94<br>\nancho cm 56<br>\nprofundidad cm 43<\/p>\n<p>Precio bajo pedido.<br>\nEnv\u00eda un correo electr\u00f3nico a &#x69;n&#x66;&#111;&#x40;&#103;r&#x75;p&#x70;&#111;&#x6c;&#105;t&#x75;&#114;&#x67;&#105;c&#x6f;&#46;&#x63;&#111;&#x6d;<\/p>\n<\/body><\/html>","protected":false},"excerpt":{"rendered":"<p>magn\u00edfico tabern\u00e1culo con ricos adornos de estilo g\u00f3tico.<br \/>\nLa puerta est\u00e1 adornada con la representaci\u00f3n cincelada a mano de Cristo Pantocrator.<br \/>\nEn los lados lleva estatuillas de bronce fundido del Esp\u00edritu Santo, el Sagrado Coraz\u00f3n de Jes\u00fas y de los Doce Ap\u00f3stoles.<br \/>\nEl interior est\u00e1 muy bien acabado con dorados de oro fino.<\/p>\n<p>Dimensiones<br \/>\naltura cm 94<br \/>\nancho cm 56<br \/>\nprofundidad cm 43<\/p>\n<p>Precio bajo pedido.<br \/>\nEnv\u00eda un correo electr\u00f3nico a in&#102;&#111;&#x40;&#x67;&#x72;&#x75;pp&#111;&#108;&#x69;&#x74;&#x75;&#x72;gi&#99;&#111;&#46;&#x63;&#x6f;&#x6d;<\/p>\n","protected":false},"featured_media":76403,"template":"","meta":[],"product_cat":[],"product_tag":[],"yoast_head":"<!-- This site is optimized with the Yoast SEO plugin v20.4 - https:\/\/yoast.com\/wordpress\/plugins\/seo\/ -->\n<title>tabern\u00e1culo - y Laboratorio Gruppo Liturgico<\/title>\n<meta name=\"description\" content=\"magn\u00edfico tabern\u00e1culo con ricos adornos de estilo g\u00f3tico. La puerta est\u00e1 adornada con la representaci\u00f3n cincelada a mano de Cristo Pantocrator. En los lados lleva estatuillas de bronce fundido del Esp\u00edritu Santo, el Sagrado Coraz\u00f3n de Jes\u00fas y de los Doce Ap\u00f3stoles.  El interior est\u00e1 muy bien acabado con dorados de oro fino.  Dimensiones altura cm 94 ancho cm 56 profundidad cm 43  Precio bajo pedido. Env\u00eda un correo electr\u00f3nico a info@gruppoliturgico.com\" \/>\n<meta name=\"robots\" content=\"index, follow, max-snippet:-1, max-image-preview:large, max-video-preview:-1\" \/>\n<link rel=\"canonical\" href=\"https:\/\/www.gruppoliturgico.com\/es\/producto\/tabernaculo-2\/\" \/>\n<meta property=\"og:locale\" content=\"es_ES\" \/>\n<meta property=\"og:type\" content=\"article\" \/>\n<meta property=\"og:title\" content=\"tabern\u00e1culo - y Laboratorio Gruppo Liturgico\" \/>\n<meta property=\"og:description\" content=\"magn\u00edfico tabern\u00e1culo con ricos adornos de estilo g\u00f3tico. La puerta est\u00e1 adornada con la representaci\u00f3n cincelada a mano de Cristo Pantocrator. En los lados lleva estatuillas de bronce fundido del Esp\u00edritu Santo, el Sagrado Coraz\u00f3n de Jes\u00fas y de los Doce Ap\u00f3stoles.  El interior est\u00e1 muy bien acabado con dorados de oro fino.  Dimensiones altura cm 94 ancho cm 56 profundidad cm 43  Precio bajo pedido. Env\u00eda un correo electr\u00f3nico a info@gruppoliturgico.com\" \/>\n<meta property=\"og:url\" content=\"https:\/\/www.gruppoliturgico.com\/es\/producto\/tabernaculo-2\/\" \/>\n<meta property=\"og:site_name\" content=\"Laboratorio Gruppo Liturgico\" \/>\n<meta property=\"article:modified_time\" content=\"2022-05-20T07:13:02+00:00\" \/>\n<meta property=\"og:image\" content=\"https:\/\/www.gruppoliturgico.com\/wp-content\/uploads\/2022\/05\/402520thr20gothic20new_0.jpg\" \/>\n\t<meta property=\"og:image:width\" content=\"985\" \/>\n\t<meta property=\"og:image:height\" content=\"1500\" \/>\n\t<meta property=\"og:image:type\" content=\"image\/jpeg\" \/>\n<meta name=\"twitter:card\" content=\"summary_large_image\" \/>\n<script type=\"application\/ld+json\" class=\"yoast-schema-graph\">{\"@context\":\"https:\/\/schema.org\",\"@graph\":[{\"@type\":\"WebPage\",\"@id\":\"https:\/\/www.gruppoliturgico.com\/es\/producto\/tabernaculo-2\/\",\"url\":\"https:\/\/www.gruppoliturgico.com\/es\/producto\/tabernaculo-2\/\",\"name\":\"tabern\u00e1culo - y Laboratorio Gruppo Liturgico\",\"isPartOf\":{\"@id\":\"https:\/\/www.gruppoliturgico.com\/es\/#website\"},\"datePublished\":\"2022-05-19T23:27:35+00:00\",\"dateModified\":\"2022-05-20T07:13:02+00:00\",\"description\":\"magn\u00edfico tabern\u00e1culo con ricos adornos de estilo g\u00f3tico. La puerta est\u00e1 adornada con la representaci\u00f3n cincelada a mano de Cristo Pantocrator. En los lados lleva estatuillas de bronce fundido del Esp\u00edritu Santo, el Sagrado Coraz\u00f3n de Jes\u00fas y de los Doce Ap\u00f3stoles. El interior est\u00e1 muy bien acabado con dorados de oro fino. Dimensiones altura cm 94 ancho cm 56 profundidad cm 43 Precio bajo pedido. Env\u00eda un correo electr\u00f3nico a info@gruppoliturgico.com\",\"breadcrumb\":{\"@id\":\"https:\/\/www.gruppoliturgico.com\/es\/producto\/tabernaculo-2\/#breadcrumb\"},\"inLanguage\":\"es\",\"potentialAction\":[{\"@type\":\"ReadAction\",\"target\":[\"https:\/\/www.gruppoliturgico.com\/es\/producto\/tabernaculo-2\/\"]}]},{\"@type\":\"BreadcrumbList\",\"@id\":\"https:\/\/www.gruppoliturgico.com\/es\/producto\/tabernaculo-2\/#breadcrumb\",\"itemListElement\":[{\"@type\":\"ListItem\",\"position\":1,\"name\":\"Home\",\"item\":\"https:\/\/www.gruppoliturgico.com\/es\/\"},{\"@type\":\"ListItem\",\"position\":2,\"name\":\"Tienda\",\"item\":\"https:\/\/www.gruppoliturgico.com\/es\/tienda\/\"},{\"@type\":\"ListItem\",\"position\":3,\"name\":\"tabern\u00e1culo\"}]},{\"@type\":\"WebSite\",\"@id\":\"https:\/\/www.gruppoliturgico.com\/es\/#website\",\"url\":\"https:\/\/www.gruppoliturgico.com\/es\/\",\"name\":\"Laboratorio Gruppo Liturgico\",\"description\":\"Articoli Religiosi online\",\"publisher\":{\"@id\":\"https:\/\/www.gruppoliturgico.com\/es\/#organization\"},\"potentialAction\":[{\"@type\":\"SearchAction\",\"target\":{\"@type\":\"EntryPoint\",\"urlTemplate\":\"https:\/\/www.gruppoliturgico.com\/es\/?s={search_term_string}\"},\"query-input\":\"required name=search_term_string\"}],\"inLanguage\":\"es\"},{\"@type\":\"Organization\",\"@id\":\"https:\/\/www.gruppoliturgico.com\/es\/#organization\",\"name\":\"Laboratorio Gruppo Liturgico\",\"url\":\"https:\/\/www.gruppoliturgico.com\/es\/\",\"logo\":{\"@type\":\"ImageObject\",\"inLanguage\":\"es\",\"@id\":\"https:\/\/www.gruppoliturgico.com\/es\/#\/schema\/logo\/image\/\",\"url\":\"https:\/\/www.gruppoliturgico.com\/wp-content\/uploads\/2022\/02\/logo-laboratoriogruppoliturgico.png\",\"contentUrl\":\"https:\/\/www.gruppoliturgico.com\/wp-content\/uploads\/2022\/02\/logo-laboratoriogruppoliturgico.png\",\"width\":400,\"height\":114,\"caption\":\"Laboratorio Gruppo Liturgico\"},\"image\":{\"@id\":\"https:\/\/www.gruppoliturgico.com\/es\/#\/schema\/logo\/image\/\"}}]}<\/script>\n<!-- \/ Yoast SEO plugin. -->","yoast_head_json":{"title":"tabern\u00e1culo - y Laboratorio Gruppo Liturgico","description":"magn\u00edfico tabern\u00e1culo con ricos adornos de estilo g\u00f3tico. La puerta est\u00e1 adornada con la representaci\u00f3n cincelada a mano de Cristo Pantocrator. En los lados lleva estatuillas de bronce fundido del Esp\u00edritu Santo, el Sagrado Coraz\u00f3n de Jes\u00fas y de los Doce Ap\u00f3stoles.  El interior est\u00e1 muy bien acabado con dorados de oro fino.  Dimensiones altura cm 94 ancho cm 56 profundidad cm 43  Precio bajo pedido. Env\u00eda un correo electr\u00f3nico a info@gruppoliturgico.com","robots":{"index":"index","follow":"follow","max-snippet":"max-snippet:-1","max-image-preview":"max-image-preview:large","max-video-preview":"max-video-preview:-1"},"canonical":"https:\/\/www.gruppoliturgico.com\/es\/producto\/tabernaculo-2\/","og_locale":"es_ES","og_type":"article","og_title":"tabern\u00e1culo - y Laboratorio Gruppo Liturgico","og_description":"magn\u00edfico tabern\u00e1culo con ricos adornos de estilo g\u00f3tico. La puerta est\u00e1 adornada con la representaci\u00f3n cincelada a mano de Cristo Pantocrator. En los lados lleva estatuillas de bronce fundido del Esp\u00edritu Santo, el Sagrado Coraz\u00f3n de Jes\u00fas y de los Doce Ap\u00f3stoles.  El interior est\u00e1 muy bien acabado con dorados de oro fino.  Dimensiones altura cm 94 ancho cm 56 profundidad cm 43  Precio bajo pedido. Env\u00eda un correo electr\u00f3nico a info@gruppoliturgico.com","og_url":"https:\/\/www.gruppoliturgico.com\/es\/producto\/tabernaculo-2\/","og_site_name":"Laboratorio Gruppo Liturgico","article_modified_time":"2022-05-20T07:13:02+00:00","og_image":[{"width":985,"height":1500,"url":"https:\/\/www.gruppoliturgico.com\/wp-content\/uploads\/2022\/05\/402520thr20gothic20new_0.jpg","type":"image\/jpeg"}],"twitter_card":"summary_large_image","schema":{"@context":"https:\/\/schema.org","@graph":[{"@type":"WebPage","@id":"https:\/\/www.gruppoliturgico.com\/es\/producto\/tabernaculo-2\/","url":"https:\/\/www.gruppoliturgico.com\/es\/producto\/tabernaculo-2\/","name":"tabern\u00e1culo - y Laboratorio Gruppo Liturgico","isPartOf":{"@id":"https:\/\/www.gruppoliturgico.com\/es\/#website"},"datePublished":"2022-05-19T23:27:35+00:00","dateModified":"2022-05-20T07:13:02+00:00","description":"magn\u00edfico tabern\u00e1culo con ricos adornos de estilo g\u00f3tico. La puerta est\u00e1 adornada con la representaci\u00f3n cincelada a mano de Cristo Pantocrator. En los lados lleva estatuillas de bronce fundido del Esp\u00edritu Santo, el Sagrado Coraz\u00f3n de Jes\u00fas y de los Doce Ap\u00f3stoles. El interior est\u00e1 muy bien acabado con dorados de oro fino. Dimensiones altura cm 94 ancho cm 56 profundidad cm 43 Precio bajo pedido. Env\u00eda un correo electr\u00f3nico a info@gruppoliturgico.com","breadcrumb":{"@id":"https:\/\/www.gruppoliturgico.com\/es\/producto\/tabernaculo-2\/#breadcrumb"},"inLanguage":"es","potentialAction":[{"@type":"ReadAction","target":["https:\/\/www.gruppoliturgico.com\/es\/producto\/tabernaculo-2\/"]}]},{"@type":"BreadcrumbList","@id":"https:\/\/www.gruppoliturgico.com\/es\/producto\/tabernaculo-2\/#breadcrumb","itemListElement":[{"@type":"ListItem","position":1,"name":"Home","item":"https:\/\/www.gruppoliturgico.com\/es\/"},{"@type":"ListItem","position":2,"name":"Tienda","item":"https:\/\/www.gruppoliturgico.com\/es\/tienda\/"},{"@type":"ListItem","position":3,"name":"tabern\u00e1culo"}]},{"@type":"WebSite","@id":"https:\/\/www.gruppoliturgico.com\/es\/#website","url":"https:\/\/www.gruppoliturgico.com\/es\/","name":"Laboratorio Gruppo Liturgico","description":"Articoli Religiosi online","publisher":{"@id":"https:\/\/www.gruppoliturgico.com\/es\/#organization"},"potentialAction":[{"@type":"SearchAction","target":{"@type":"EntryPoint","urlTemplate":"https:\/\/www.gruppoliturgico.com\/es\/?s={search_term_string}"},"query-input":"required name=search_term_string"}],"inLanguage":"es"},{"@type":"Organization","@id":"https:\/\/www.gruppoliturgico.com\/es\/#organization","name":"Laboratorio Gruppo Liturgico","url":"https:\/\/www.gruppoliturgico.com\/es\/","logo":{"@type":"ImageObject","inLanguage":"es","@id":"https:\/\/www.gruppoliturgico.com\/es\/#\/schema\/logo\/image\/","url":"https:\/\/www.gruppoliturgico.com\/wp-content\/uploads\/2022\/02\/logo-laboratoriogruppoliturgico.png","contentUrl":"https:\/\/www.gruppoliturgico.com\/wp-content\/uploads\/2022\/02\/logo-laboratoriogruppoliturgico.png","width":400,"height":114,"caption":"Laboratorio Gruppo Liturgico"},"image":{"@id":"https:\/\/www.gruppoliturgico.com\/es\/#\/schema\/logo\/image\/"}}]}},"_links":{"self":[{"href":"https:\/\/www.gruppoliturgico.com\/es\/wp-json\/wp\/v2\/product\/66064"}],"collection":[{"href":"https:\/\/www.gruppoliturgico.com\/es\/wp-json\/wp\/v2\/product"}],"about":[{"href":"https:\/\/www.gruppoliturgico.com\/es\/wp-json\/wp\/v2\/types\/product"}],"wp:featuredmedia":[{"embeddable":true,"href":"https:\/\/www.gruppoliturgico.com\/es\/wp-json\/wp\/v2\/media\/76403"}],"wp:attachment":[{"href":"https:\/\/www.gruppoliturgico.com\/es\/wp-json\/wp\/v2\/media?parent=66064"}],"wp:term":[{"taxonomy":"product_cat","embeddable":true,"href":"https:\/\/www.gruppoliturgico.com\/es\/wp-json\/wp\/v2\/product_cat?post=66064"},{"taxonomy":"product_tag","embeddable":true,"href":"https:\/\/www.gruppoliturgico.com\/es\/wp-json\/wp\/v2\/product_tag?post=66064"}],"curies":[{"name":"wp","href":"https:\/\/api.w.org\/{rel}","templated":true}]}}