{"id":65732,"date":"2022-05-20T01:11:00","date_gmt":"2022-05-19T23:11:24","guid":{"rendered":"https:\/\/www.gruppoliturgico.com\/prodotto\/nacimiento-12-piezas\/"},"modified":"2022-11-08T10:48:53","modified_gmt":"2022-11-08T09:48:53","slug":"nacimiento-12-piezas","status":"publish","type":"product","link":"https:\/\/www.gruppoliturgico.com\/es\/producto\/nacimiento-12-piezas\/","title":{"rendered":"nacimiento 14 piezas"},"content":{"rendered":"<html><body><p>Nacimiento completo en granito regenerado realizado por las monjas de la Orden de Bel\u00e9n en Francia.<br>\nLa decoraci\u00f3n est\u00e1 hecha a mano con acabados dorados.<br>\nLas estatuas pueden tener las prendas decoradas en blanco o rojo de su elecci\u00f3n.<br>\nPara alturas y caracter\u00edsticas ver la descripci\u00f3n de cada estatuilla individual.<br>\nOfrecemos el bel\u00e9n completo de las 14 estatuillas presentes en la fotograf\u00eda a un precio especial con descuento.<\/p>\n<\/body><\/html>","protected":false},"excerpt":{"rendered":"<p>Nacimiento completo en granito regenerado realizado por las monjas de la Orden de Bel\u00e9n en Francia.<br \/>\nLa decoraci\u00f3n est\u00e1 hecha a mano con acabados dorados.<br \/>\nLas estatuas pueden tener las prendas decoradas en blanco o rojo de su elecci\u00f3n.<br \/>\nPara alturas y caracter\u00edsticas ver la descripci\u00f3n de cada estatuilla individual.<br \/>\nOfrecemos el bel\u00e9n completo de las 14 estatuillas presentes en la fotograf\u00eda a un precio especial con descuento.<\/p>\n","protected":false},"featured_media":123358,"template":"","meta":[],"product_cat":[11827],"product_tag":[],"yoast_head":"<!-- This site is optimized with the Yoast SEO plugin v20.4 - https:\/\/yoast.com\/wordpress\/plugins\/seo\/ -->\n<title>nacimiento 14 piezas - nacimiento granito y Laboratorio Gruppo Liturgico<\/title>\n<meta name=\"description\" content=\"Nacimiento completo en granito regenerado realizado por las monjas de la Orden de Bel\u00e9n en Francia. La decoraci\u00f3n est\u00e1 hecha a mano con acabados dorados. Las estatuas pueden tener las prendas decoradas en blanco o rojo de su elecci\u00f3n. Para alturas y caracter\u00edsticas ver la descripci\u00f3n de cada estatuilla individual. Ofrecemos el bel\u00e9n completo de las 14 estatuillas presentes en la fotograf\u00eda a un precio especial con descuento.\" \/>\n<meta name=\"robots\" content=\"index, follow, max-snippet:-1, max-image-preview:large, max-video-preview:-1\" \/>\n<link rel=\"canonical\" href=\"https:\/\/www.gruppoliturgico.com\/es\/producto\/nacimiento-12-piezas\/\" \/>\n<meta property=\"og:locale\" content=\"es_ES\" \/>\n<meta property=\"og:type\" content=\"article\" \/>\n<meta property=\"og:title\" content=\"nacimiento 14 piezas - nacimiento granito y Laboratorio Gruppo Liturgico\" \/>\n<meta property=\"og:description\" content=\"Nacimiento completo en granito regenerado realizado por las monjas de la Orden de Bel\u00e9n en Francia. La decoraci\u00f3n est\u00e1 hecha a mano con acabados dorados. Las estatuas pueden tener las prendas decoradas en blanco o rojo de su elecci\u00f3n. Para alturas y caracter\u00edsticas ver la descripci\u00f3n de cada estatuilla individual. Ofrecemos el bel\u00e9n completo de las 14 estatuillas presentes en la fotograf\u00eda a un precio especial con descuento.\" \/>\n<meta property=\"og:url\" content=\"https:\/\/www.gruppoliturgico.com\/es\/producto\/nacimiento-12-piezas\/\" \/>\n<meta property=\"og:site_name\" content=\"Laboratorio Gruppo Liturgico\" \/>\n<meta property=\"article:modified_time\" content=\"2022-11-08T09:48:53+00:00\" \/>\n<meta property=\"og:image\" content=\"https:\/\/www.gruppoliturgico.com\/wp-content\/uploads\/2022\/05\/1744-rosso-completo_.jpg\" \/>\n\t<meta property=\"og:image:width\" content=\"2000\" \/>\n\t<meta property=\"og:image:height\" content=\"1476\" \/>\n\t<meta property=\"og:image:type\" content=\"image\/jpeg\" \/>\n<meta name=\"twitter:card\" content=\"summary_large_image\" \/>\n<script type=\"application\/ld+json\" class=\"yoast-schema-graph\">{\"@context\":\"https:\/\/schema.org\",\"@graph\":[{\"@type\":\"WebPage\",\"@id\":\"https:\/\/www.gruppoliturgico.com\/es\/producto\/nacimiento-12-piezas\/\",\"url\":\"https:\/\/www.gruppoliturgico.com\/es\/producto\/nacimiento-12-piezas\/\",\"name\":\"nacimiento 14 piezas - nacimiento granito y Laboratorio Gruppo Liturgico\",\"isPartOf\":{\"@id\":\"https:\/\/www.gruppoliturgico.com\/es\/#website\"},\"datePublished\":\"2022-05-19T23:11:24+00:00\",\"dateModified\":\"2022-11-08T09:48:53+00:00\",\"description\":\"Nacimiento completo en granito regenerado realizado por las monjas de la Orden de Bel\u00e9n en Francia. La decoraci\u00f3n est\u00e1 hecha a mano con acabados dorados. Las estatuas pueden tener las prendas decoradas en blanco o rojo de su elecci\u00f3n. Para alturas y caracter\u00edsticas ver la descripci\u00f3n de cada estatuilla individual. Ofrecemos el bel\u00e9n completo de las 14 estatuillas presentes en la fotograf\u00eda a un precio especial con descuento.\",\"breadcrumb\":{\"@id\":\"https:\/\/www.gruppoliturgico.com\/es\/producto\/nacimiento-12-piezas\/#breadcrumb\"},\"inLanguage\":\"es\",\"potentialAction\":[{\"@type\":\"ReadAction\",\"target\":[\"https:\/\/www.gruppoliturgico.com\/es\/producto\/nacimiento-12-piezas\/\"]}]},{\"@type\":\"BreadcrumbList\",\"@id\":\"https:\/\/www.gruppoliturgico.com\/es\/producto\/nacimiento-12-piezas\/#breadcrumb\",\"itemListElement\":[{\"@type\":\"ListItem\",\"position\":1,\"name\":\"Home\",\"item\":\"https:\/\/www.gruppoliturgico.com\/es\/\"},{\"@type\":\"ListItem\",\"position\":2,\"name\":\"Tienda\",\"item\":\"https:\/\/www.gruppoliturgico.com\/es\/tienda\/\"},{\"@type\":\"ListItem\",\"position\":3,\"name\":\"nacimiento 14 piezas\"}]},{\"@type\":\"WebSite\",\"@id\":\"https:\/\/www.gruppoliturgico.com\/es\/#website\",\"url\":\"https:\/\/www.gruppoliturgico.com\/es\/\",\"name\":\"Laboratorio Gruppo Liturgico\",\"description\":\"Articoli Religiosi online\",\"publisher\":{\"@id\":\"https:\/\/www.gruppoliturgico.com\/es\/#organization\"},\"potentialAction\":[{\"@type\":\"SearchAction\",\"target\":{\"@type\":\"EntryPoint\",\"urlTemplate\":\"https:\/\/www.gruppoliturgico.com\/es\/?s={search_term_string}\"},\"query-input\":\"required name=search_term_string\"}],\"inLanguage\":\"es\"},{\"@type\":\"Organization\",\"@id\":\"https:\/\/www.gruppoliturgico.com\/es\/#organization\",\"name\":\"Laboratorio Gruppo Liturgico\",\"url\":\"https:\/\/www.gruppoliturgico.com\/es\/\",\"logo\":{\"@type\":\"ImageObject\",\"inLanguage\":\"es\",\"@id\":\"https:\/\/www.gruppoliturgico.com\/es\/#\/schema\/logo\/image\/\",\"url\":\"https:\/\/www.gruppoliturgico.com\/wp-content\/uploads\/2022\/02\/logo-laboratoriogruppoliturgico.png\",\"contentUrl\":\"https:\/\/www.gruppoliturgico.com\/wp-content\/uploads\/2022\/02\/logo-laboratoriogruppoliturgico.png\",\"width\":400,\"height\":114,\"caption\":\"Laboratorio Gruppo Liturgico\"},\"image\":{\"@id\":\"https:\/\/www.gruppoliturgico.com\/es\/#\/schema\/logo\/image\/\"}}]}<\/script>\n<!-- \/ Yoast SEO plugin. -->","yoast_head_json":{"title":"nacimiento 14 piezas - nacimiento granito y Laboratorio Gruppo Liturgico","description":"Nacimiento completo en granito regenerado realizado por las monjas de la Orden de Bel\u00e9n en Francia. La decoraci\u00f3n est\u00e1 hecha a mano con acabados dorados. Las estatuas pueden tener las prendas decoradas en blanco o rojo de su elecci\u00f3n. Para alturas y caracter\u00edsticas ver la descripci\u00f3n de cada estatuilla individual. Ofrecemos el bel\u00e9n completo de las 14 estatuillas presentes en la fotograf\u00eda a un precio especial con descuento.","robots":{"index":"index","follow":"follow","max-snippet":"max-snippet:-1","max-image-preview":"max-image-preview:large","max-video-preview":"max-video-preview:-1"},"canonical":"https:\/\/www.gruppoliturgico.com\/es\/producto\/nacimiento-12-piezas\/","og_locale":"es_ES","og_type":"article","og_title":"nacimiento 14 piezas - nacimiento granito y Laboratorio Gruppo Liturgico","og_description":"Nacimiento completo en granito regenerado realizado por las monjas de la Orden de Bel\u00e9n en Francia. La decoraci\u00f3n est\u00e1 hecha a mano con acabados dorados. Las estatuas pueden tener las prendas decoradas en blanco o rojo de su elecci\u00f3n. Para alturas y caracter\u00edsticas ver la descripci\u00f3n de cada estatuilla individual. Ofrecemos el bel\u00e9n completo de las 14 estatuillas presentes en la fotograf\u00eda a un precio especial con descuento.","og_url":"https:\/\/www.gruppoliturgico.com\/es\/producto\/nacimiento-12-piezas\/","og_site_name":"Laboratorio Gruppo Liturgico","article_modified_time":"2022-11-08T09:48:53+00:00","og_image":[{"width":2000,"height":1476,"url":"https:\/\/www.gruppoliturgico.com\/wp-content\/uploads\/2022\/05\/1744-rosso-completo_.jpg","type":"image\/jpeg"}],"twitter_card":"summary_large_image","schema":{"@context":"https:\/\/schema.org","@graph":[{"@type":"WebPage","@id":"https:\/\/www.gruppoliturgico.com\/es\/producto\/nacimiento-12-piezas\/","url":"https:\/\/www.gruppoliturgico.com\/es\/producto\/nacimiento-12-piezas\/","name":"nacimiento 14 piezas - nacimiento granito y Laboratorio Gruppo Liturgico","isPartOf":{"@id":"https:\/\/www.gruppoliturgico.com\/es\/#website"},"datePublished":"2022-05-19T23:11:24+00:00","dateModified":"2022-11-08T09:48:53+00:00","description":"Nacimiento completo en granito regenerado realizado por las monjas de la Orden de Bel\u00e9n en Francia. La decoraci\u00f3n est\u00e1 hecha a mano con acabados dorados. Las estatuas pueden tener las prendas decoradas en blanco o rojo de su elecci\u00f3n. Para alturas y caracter\u00edsticas ver la descripci\u00f3n de cada estatuilla individual. Ofrecemos el bel\u00e9n completo de las 14 estatuillas presentes en la fotograf\u00eda a un precio especial con descuento.","breadcrumb":{"@id":"https:\/\/www.gruppoliturgico.com\/es\/producto\/nacimiento-12-piezas\/#breadcrumb"},"inLanguage":"es","potentialAction":[{"@type":"ReadAction","target":["https:\/\/www.gruppoliturgico.com\/es\/producto\/nacimiento-12-piezas\/"]}]},{"@type":"BreadcrumbList","@id":"https:\/\/www.gruppoliturgico.com\/es\/producto\/nacimiento-12-piezas\/#breadcrumb","itemListElement":[{"@type":"ListItem","position":1,"name":"Home","item":"https:\/\/www.gruppoliturgico.com\/es\/"},{"@type":"ListItem","position":2,"name":"Tienda","item":"https:\/\/www.gruppoliturgico.com\/es\/tienda\/"},{"@type":"ListItem","position":3,"name":"nacimiento 14 piezas"}]},{"@type":"WebSite","@id":"https:\/\/www.gruppoliturgico.com\/es\/#website","url":"https:\/\/www.gruppoliturgico.com\/es\/","name":"Laboratorio Gruppo Liturgico","description":"Articoli Religiosi online","publisher":{"@id":"https:\/\/www.gruppoliturgico.com\/es\/#organization"},"potentialAction":[{"@type":"SearchAction","target":{"@type":"EntryPoint","urlTemplate":"https:\/\/www.gruppoliturgico.com\/es\/?s={search_term_string}"},"query-input":"required name=search_term_string"}],"inLanguage":"es"},{"@type":"Organization","@id":"https:\/\/www.gruppoliturgico.com\/es\/#organization","name":"Laboratorio Gruppo Liturgico","url":"https:\/\/www.gruppoliturgico.com\/es\/","logo":{"@type":"ImageObject","inLanguage":"es","@id":"https:\/\/www.gruppoliturgico.com\/es\/#\/schema\/logo\/image\/","url":"https:\/\/www.gruppoliturgico.com\/wp-content\/uploads\/2022\/02\/logo-laboratoriogruppoliturgico.png","contentUrl":"https:\/\/www.gruppoliturgico.com\/wp-content\/uploads\/2022\/02\/logo-laboratoriogruppoliturgico.png","width":400,"height":114,"caption":"Laboratorio Gruppo Liturgico"},"image":{"@id":"https:\/\/www.gruppoliturgico.com\/es\/#\/schema\/logo\/image\/"}}]}},"_links":{"self":[{"href":"https:\/\/www.gruppoliturgico.com\/es\/wp-json\/wp\/v2\/product\/65732"}],"collection":[{"href":"https:\/\/www.gruppoliturgico.com\/es\/wp-json\/wp\/v2\/product"}],"about":[{"href":"https:\/\/www.gruppoliturgico.com\/es\/wp-json\/wp\/v2\/types\/product"}],"wp:featuredmedia":[{"embeddable":true,"href":"https:\/\/www.gruppoliturgico.com\/es\/wp-json\/wp\/v2\/media\/123358"}],"wp:attachment":[{"href":"https:\/\/www.gruppoliturgico.com\/es\/wp-json\/wp\/v2\/media?parent=65732"}],"wp:term":[{"taxonomy":"product_cat","embeddable":true,"href":"https:\/\/www.gruppoliturgico.com\/es\/wp-json\/wp\/v2\/product_cat?post=65732"},{"taxonomy":"product_tag","embeddable":true,"href":"https:\/\/www.gruppoliturgico.com\/es\/wp-json\/wp\/v2\/product_tag?post=65732"}],"curies":[{"name":"wp","href":"https:\/\/api.w.org\/{rel}","templated":true}]}}