{"id":65680,"date":"2022-05-20T01:08:04","date_gmt":"2022-05-19T23:08:17","guid":{"rendered":"https:\/\/www.gruppoliturgico.com\/prodotto\/nacimiento-3\/"},"modified":"2022-11-07T10:46:41","modified_gmt":"2022-11-07T09:46:41","slug":"nacimiento-3","status":"publish","type":"product","link":"https:\/\/www.gruppoliturgico.com\/es\/producto\/nacimiento-3\/","title":{"rendered":"nacimiento"},"content":{"rendered":"<html><body><p>Nacimiento en fibra de vidrio.<br>\nLas decoraciones est\u00e1n hechas a mano con colores indelebles tambi\u00e9n aptas para colocar en exterior<br>\nLa estatua de San Jos\u00e9 tiene 125 cm de altura.<br>\nLa virgen arrodillada realizada con las mismas proporciones mide 90 cm.<br>\nEl ni\u00f1o Jes\u00fas, con numerosos detalles en oro, mide 60 cm y yace en una cuna de madera tallada a mano. <\/p>\n<\/body><\/html>","protected":false},"excerpt":{"rendered":"<p>Nacimiento en fibra de vidrio.<br \/>\nLas decoraciones est\u00e1n hechas a mano con colores indelebles tambi\u00e9n aptas para colocar en exterior<br \/>\nLa estatua de San Jos\u00e9 tiene 125 cm de altura.<br \/>\nLa virgen arrodillada realizada con las mismas proporciones mide 90 cm.<br \/>\nEl ni\u00f1o Jes\u00fas, con numerosos detalles en oro, mide 60 cm y yace en una cuna de madera tallada a mano. <\/p>\n","protected":false},"featured_media":135150,"template":"","meta":[],"product_cat":[12351],"product_tag":[],"yoast_head":"<!-- This site is optimized with the Yoast SEO plugin v20.4 - https:\/\/yoast.com\/wordpress\/plugins\/seo\/ -->\n<title>nacimiento - nacimiento cm 125 y Laboratorio Gruppo Liturgico<\/title>\n<meta name=\"description\" content=\"Nacimiento en fibra de vidrio.  Las decoraciones est\u00e1n hechas a mano con colores indelebles tambi\u00e9n aptas para colocar en exterior La estatua de San Jos\u00e9 tiene 125 cm de altura.  La virgen arrodillada realizada con las mismas proporciones mide 90 cm. El ni\u00f1o Jes\u00fas, con numerosos detalles en oro, mide 60 cm y yace en una cuna de madera tallada a mano.\" \/>\n<meta name=\"robots\" content=\"index, follow, max-snippet:-1, max-image-preview:large, max-video-preview:-1\" \/>\n<link rel=\"canonical\" href=\"https:\/\/www.gruppoliturgico.com\/es\/producto\/nacimiento-3\/\" \/>\n<meta property=\"og:locale\" content=\"es_ES\" \/>\n<meta property=\"og:type\" content=\"article\" \/>\n<meta property=\"og:title\" content=\"nacimiento - nacimiento cm 125 y Laboratorio Gruppo Liturgico\" \/>\n<meta property=\"og:description\" content=\"Nacimiento en fibra de vidrio.  Las decoraciones est\u00e1n hechas a mano con colores indelebles tambi\u00e9n aptas para colocar en exterior La estatua de San Jos\u00e9 tiene 125 cm de altura.  La virgen arrodillada realizada con las mismas proporciones mide 90 cm. El ni\u00f1o Jes\u00fas, con numerosos detalles en oro, mide 60 cm y yace en una cuna de madera tallada a mano.\" \/>\n<meta property=\"og:url\" content=\"https:\/\/www.gruppoliturgico.com\/es\/producto\/nacimiento-3\/\" \/>\n<meta property=\"og:site_name\" content=\"Laboratorio Gruppo Liturgico\" \/>\n<meta property=\"article:modified_time\" content=\"2022-11-07T09:46:41+00:00\" \/>\n<meta property=\"og:image\" content=\"https:\/\/www.gruppoliturgico.com\/wp-content\/uploads\/2022\/05\/1751-a-nv.jpg\" \/>\n\t<meta property=\"og:image:width\" content=\"1464\" \/>\n\t<meta property=\"og:image:height\" content=\"2000\" \/>\n\t<meta property=\"og:image:type\" content=\"image\/jpeg\" \/>\n<meta name=\"twitter:card\" content=\"summary_large_image\" \/>\n<script type=\"application\/ld+json\" class=\"yoast-schema-graph\">{\"@context\":\"https:\/\/schema.org\",\"@graph\":[{\"@type\":\"WebPage\",\"@id\":\"https:\/\/www.gruppoliturgico.com\/es\/producto\/nacimiento-3\/\",\"url\":\"https:\/\/www.gruppoliturgico.com\/es\/producto\/nacimiento-3\/\",\"name\":\"nacimiento - nacimiento cm 125 y Laboratorio Gruppo Liturgico\",\"isPartOf\":{\"@id\":\"https:\/\/www.gruppoliturgico.com\/es\/#website\"},\"datePublished\":\"2022-05-19T23:08:17+00:00\",\"dateModified\":\"2022-11-07T09:46:41+00:00\",\"description\":\"Nacimiento en fibra de vidrio. Las decoraciones est\u00e1n hechas a mano con colores indelebles tambi\u00e9n aptas para colocar en exterior La estatua de San Jos\u00e9 tiene 125 cm de altura. La virgen arrodillada realizada con las mismas proporciones mide 90 cm. El ni\u00f1o Jes\u00fas, con numerosos detalles en oro, mide 60 cm y yace en una cuna de madera tallada a mano.\",\"breadcrumb\":{\"@id\":\"https:\/\/www.gruppoliturgico.com\/es\/producto\/nacimiento-3\/#breadcrumb\"},\"inLanguage\":\"es\",\"potentialAction\":[{\"@type\":\"ReadAction\",\"target\":[\"https:\/\/www.gruppoliturgico.com\/es\/producto\/nacimiento-3\/\"]}]},{\"@type\":\"BreadcrumbList\",\"@id\":\"https:\/\/www.gruppoliturgico.com\/es\/producto\/nacimiento-3\/#breadcrumb\",\"itemListElement\":[{\"@type\":\"ListItem\",\"position\":1,\"name\":\"Home\",\"item\":\"https:\/\/www.gruppoliturgico.com\/es\/\"},{\"@type\":\"ListItem\",\"position\":2,\"name\":\"Tienda\",\"item\":\"https:\/\/www.gruppoliturgico.com\/es\/tienda\/\"},{\"@type\":\"ListItem\",\"position\":3,\"name\":\"nacimiento\"}]},{\"@type\":\"WebSite\",\"@id\":\"https:\/\/www.gruppoliturgico.com\/es\/#website\",\"url\":\"https:\/\/www.gruppoliturgico.com\/es\/\",\"name\":\"Laboratorio Gruppo Liturgico\",\"description\":\"Articoli Religiosi online\",\"publisher\":{\"@id\":\"https:\/\/www.gruppoliturgico.com\/es\/#organization\"},\"potentialAction\":[{\"@type\":\"SearchAction\",\"target\":{\"@type\":\"EntryPoint\",\"urlTemplate\":\"https:\/\/www.gruppoliturgico.com\/es\/?s={search_term_string}\"},\"query-input\":\"required name=search_term_string\"}],\"inLanguage\":\"es\"},{\"@type\":\"Organization\",\"@id\":\"https:\/\/www.gruppoliturgico.com\/es\/#organization\",\"name\":\"Laboratorio Gruppo Liturgico\",\"url\":\"https:\/\/www.gruppoliturgico.com\/es\/\",\"logo\":{\"@type\":\"ImageObject\",\"inLanguage\":\"es\",\"@id\":\"https:\/\/www.gruppoliturgico.com\/es\/#\/schema\/logo\/image\/\",\"url\":\"https:\/\/www.gruppoliturgico.com\/wp-content\/uploads\/2022\/02\/logo-laboratoriogruppoliturgico.png\",\"contentUrl\":\"https:\/\/www.gruppoliturgico.com\/wp-content\/uploads\/2022\/02\/logo-laboratoriogruppoliturgico.png\",\"width\":400,\"height\":114,\"caption\":\"Laboratorio Gruppo Liturgico\"},\"image\":{\"@id\":\"https:\/\/www.gruppoliturgico.com\/es\/#\/schema\/logo\/image\/\"}}]}<\/script>\n<!-- \/ Yoast SEO plugin. -->","yoast_head_json":{"title":"nacimiento - nacimiento cm 125 y Laboratorio Gruppo Liturgico","description":"Nacimiento en fibra de vidrio.  Las decoraciones est\u00e1n hechas a mano con colores indelebles tambi\u00e9n aptas para colocar en exterior La estatua de San Jos\u00e9 tiene 125 cm de altura.  La virgen arrodillada realizada con las mismas proporciones mide 90 cm. El ni\u00f1o Jes\u00fas, con numerosos detalles en oro, mide 60 cm y yace en una cuna de madera tallada a mano.","robots":{"index":"index","follow":"follow","max-snippet":"max-snippet:-1","max-image-preview":"max-image-preview:large","max-video-preview":"max-video-preview:-1"},"canonical":"https:\/\/www.gruppoliturgico.com\/es\/producto\/nacimiento-3\/","og_locale":"es_ES","og_type":"article","og_title":"nacimiento - nacimiento cm 125 y Laboratorio Gruppo Liturgico","og_description":"Nacimiento en fibra de vidrio.  Las decoraciones est\u00e1n hechas a mano con colores indelebles tambi\u00e9n aptas para colocar en exterior La estatua de San Jos\u00e9 tiene 125 cm de altura.  La virgen arrodillada realizada con las mismas proporciones mide 90 cm. El ni\u00f1o Jes\u00fas, con numerosos detalles en oro, mide 60 cm y yace en una cuna de madera tallada a mano.","og_url":"https:\/\/www.gruppoliturgico.com\/es\/producto\/nacimiento-3\/","og_site_name":"Laboratorio Gruppo Liturgico","article_modified_time":"2022-11-07T09:46:41+00:00","og_image":[{"width":1464,"height":2000,"url":"https:\/\/www.gruppoliturgico.com\/wp-content\/uploads\/2022\/05\/1751-a-nv.jpg","type":"image\/jpeg"}],"twitter_card":"summary_large_image","schema":{"@context":"https:\/\/schema.org","@graph":[{"@type":"WebPage","@id":"https:\/\/www.gruppoliturgico.com\/es\/producto\/nacimiento-3\/","url":"https:\/\/www.gruppoliturgico.com\/es\/producto\/nacimiento-3\/","name":"nacimiento - nacimiento cm 125 y Laboratorio Gruppo Liturgico","isPartOf":{"@id":"https:\/\/www.gruppoliturgico.com\/es\/#website"},"datePublished":"2022-05-19T23:08:17+00:00","dateModified":"2022-11-07T09:46:41+00:00","description":"Nacimiento en fibra de vidrio. Las decoraciones est\u00e1n hechas a mano con colores indelebles tambi\u00e9n aptas para colocar en exterior La estatua de San Jos\u00e9 tiene 125 cm de altura. La virgen arrodillada realizada con las mismas proporciones mide 90 cm. El ni\u00f1o Jes\u00fas, con numerosos detalles en oro, mide 60 cm y yace en una cuna de madera tallada a mano.","breadcrumb":{"@id":"https:\/\/www.gruppoliturgico.com\/es\/producto\/nacimiento-3\/#breadcrumb"},"inLanguage":"es","potentialAction":[{"@type":"ReadAction","target":["https:\/\/www.gruppoliturgico.com\/es\/producto\/nacimiento-3\/"]}]},{"@type":"BreadcrumbList","@id":"https:\/\/www.gruppoliturgico.com\/es\/producto\/nacimiento-3\/#breadcrumb","itemListElement":[{"@type":"ListItem","position":1,"name":"Home","item":"https:\/\/www.gruppoliturgico.com\/es\/"},{"@type":"ListItem","position":2,"name":"Tienda","item":"https:\/\/www.gruppoliturgico.com\/es\/tienda\/"},{"@type":"ListItem","position":3,"name":"nacimiento"}]},{"@type":"WebSite","@id":"https:\/\/www.gruppoliturgico.com\/es\/#website","url":"https:\/\/www.gruppoliturgico.com\/es\/","name":"Laboratorio Gruppo Liturgico","description":"Articoli Religiosi online","publisher":{"@id":"https:\/\/www.gruppoliturgico.com\/es\/#organization"},"potentialAction":[{"@type":"SearchAction","target":{"@type":"EntryPoint","urlTemplate":"https:\/\/www.gruppoliturgico.com\/es\/?s={search_term_string}"},"query-input":"required name=search_term_string"}],"inLanguage":"es"},{"@type":"Organization","@id":"https:\/\/www.gruppoliturgico.com\/es\/#organization","name":"Laboratorio Gruppo Liturgico","url":"https:\/\/www.gruppoliturgico.com\/es\/","logo":{"@type":"ImageObject","inLanguage":"es","@id":"https:\/\/www.gruppoliturgico.com\/es\/#\/schema\/logo\/image\/","url":"https:\/\/www.gruppoliturgico.com\/wp-content\/uploads\/2022\/02\/logo-laboratoriogruppoliturgico.png","contentUrl":"https:\/\/www.gruppoliturgico.com\/wp-content\/uploads\/2022\/02\/logo-laboratoriogruppoliturgico.png","width":400,"height":114,"caption":"Laboratorio Gruppo Liturgico"},"image":{"@id":"https:\/\/www.gruppoliturgico.com\/es\/#\/schema\/logo\/image\/"}}]}},"_links":{"self":[{"href":"https:\/\/www.gruppoliturgico.com\/es\/wp-json\/wp\/v2\/product\/65680"}],"collection":[{"href":"https:\/\/www.gruppoliturgico.com\/es\/wp-json\/wp\/v2\/product"}],"about":[{"href":"https:\/\/www.gruppoliturgico.com\/es\/wp-json\/wp\/v2\/types\/product"}],"wp:featuredmedia":[{"embeddable":true,"href":"https:\/\/www.gruppoliturgico.com\/es\/wp-json\/wp\/v2\/media\/135150"}],"wp:attachment":[{"href":"https:\/\/www.gruppoliturgico.com\/es\/wp-json\/wp\/v2\/media?parent=65680"}],"wp:term":[{"taxonomy":"product_cat","embeddable":true,"href":"https:\/\/www.gruppoliturgico.com\/es\/wp-json\/wp\/v2\/product_cat?post=65680"},{"taxonomy":"product_tag","embeddable":true,"href":"https:\/\/www.gruppoliturgico.com\/es\/wp-json\/wp\/v2\/product_tag?post=65680"}],"curies":[{"name":"wp","href":"https:\/\/api.w.org\/{rel}","templated":true}]}}