{"id":65583,"date":"2022-05-20T01:02:00","date_gmt":"2022-05-19T23:03:01","guid":{"rendered":"https:\/\/www.gruppoliturgico.com\/prodotto\/casulla-34\/"},"modified":"2024-06-24T15:45:04","modified_gmt":"2024-06-24T13:45:04","slug":"casulla-34","status":"publish","type":"product","link":"https:\/\/www.gruppoliturgico.com\/es\/producto\/casulla-34\/","title":{"rendered":"Casulla"},"content":{"rendered":"<html><body><p>Casulla con escapulario bordado con cruces estilizadas compuesta por dos estolones, id\u00e9nticos por delante y por detr\u00e1s, rematada con pasamaner\u00eda dorada aplicada a mano.<br>\nEl escapulario se puede quitar simplemente de la casulla para adaptarlo a otra vestidura.<br>\nEst\u00e1 disponible en todos los colores Lit\u00fargicos.<\/p>\n<p>\u00a0<\/p>\n<p>A petici\u00f3n, tambi\u00e9n podemos suministrar el escapulario solo sin la casulla.<br>\nSolicite informaci\u00f3n en: &#x69;&#110;&#x66;&#111;&#64;&#x67;&#114;u&#x70;&#112;&#x6f;&#x6c;i&#x74;&#117;r&#x67;&#105;&#x63;&#x6f;&#46;&#x63;&#111;m<\/p>\n<\/body><\/html>","protected":false},"excerpt":{"rendered":"<p>Casulla con escapulario bordado con cruces estilizadas compuesta por dos estolones, id\u00e9nticos por delante y por detr\u00e1s, rematada con pasamaner\u00eda dorada aplicada a mano.<br \/>\nEl escapulario se puede quitar simplemente de la casulla para adaptarlo a otra vestidura.<br \/>\nEst\u00e1 disponible en todos los colores Lit\u00fargicos.<\/p>\n<p>&nbsp;<\/p>\n<p>A petici\u00f3n, tambi\u00e9n podemos suministrar el escapulario solo sin la casulla.<br \/>\nSolicite informaci\u00f3n en: in&#102;&#111;&#64;&#x67;&#x72;&#x75;&#x70;po&#108;&#105;&#116;&#x75;&#x72;&#x67;&#x69;co&#46;&#99;&#111;&#x6d;<\/p>\n","protected":false},"featured_media":129088,"template":"","meta":[],"product_cat":[12255],"product_tag":[],"yoast_head":"<!-- This site is optimized with the Yoast SEO plugin v20.4 - https:\/\/yoast.com\/wordpress\/plugins\/seo\/ -->\n<title>Casulla - bordado en telar y Laboratorio Gruppo Liturgico<\/title>\n<meta name=\"description\" content=\"Casulla con escapulario bordado con cruces estilizadas compuesta por dos estolones, id\u00e9nticos por delante y por detr\u00e1s, rematada con pasamaner\u00eda dorada aplicada a mano. El escapulario se puede quitar simplemente de la casulla para adaptarlo a otra vestidura. Est\u00e1 disponible en todos los colores Lit\u00fargicos.  &nbsp;  A petici\u00f3n, tambi\u00e9n podemos suministrar el escapulario solo sin la casulla. Solicite informaci\u00f3n en: info@gruppoliturgico.com\" \/>\n<meta name=\"robots\" content=\"index, follow, max-snippet:-1, max-image-preview:large, max-video-preview:-1\" \/>\n<link rel=\"canonical\" href=\"https:\/\/www.gruppoliturgico.com\/es\/producto\/casulla-34\/\" \/>\n<meta property=\"og:locale\" content=\"es_ES\" \/>\n<meta property=\"og:type\" content=\"article\" \/>\n<meta property=\"og:title\" content=\"Casulla - bordado en telar y Laboratorio Gruppo Liturgico\" \/>\n<meta property=\"og:description\" content=\"Casulla con escapulario bordado con cruces estilizadas compuesta por dos estolones, id\u00e9nticos por delante y por detr\u00e1s, rematada con pasamaner\u00eda dorada aplicada a mano. El escapulario se puede quitar simplemente de la casulla para adaptarlo a otra vestidura. Est\u00e1 disponible en todos los colores Lit\u00fargicos.  &nbsp;  A petici\u00f3n, tambi\u00e9n podemos suministrar el escapulario solo sin la casulla. Solicite informaci\u00f3n en: info@gruppoliturgico.com\" \/>\n<meta property=\"og:url\" content=\"https:\/\/www.gruppoliturgico.com\/es\/producto\/casulla-34\/\" \/>\n<meta property=\"og:site_name\" content=\"Laboratorio Gruppo Liturgico\" \/>\n<meta property=\"article:modified_time\" content=\"2024-06-24T13:45:04+00:00\" \/>\n<meta property=\"og:image\" content=\"https:\/\/www.gruppoliturgico.com\/wp-content\/uploads\/2022\/05\/2073-BIANCA.jpg\" \/>\n\t<meta property=\"og:image:width\" content=\"1597\" \/>\n\t<meta property=\"og:image:height\" content=\"2000\" \/>\n\t<meta property=\"og:image:type\" content=\"image\/jpeg\" \/>\n<meta name=\"twitter:card\" content=\"summary_large_image\" \/>\n<script type=\"application\/ld+json\" class=\"yoast-schema-graph\">{\"@context\":\"https:\/\/schema.org\",\"@graph\":[{\"@type\":\"WebPage\",\"@id\":\"https:\/\/www.gruppoliturgico.com\/es\/producto\/casulla-34\/\",\"url\":\"https:\/\/www.gruppoliturgico.com\/es\/producto\/casulla-34\/\",\"name\":\"Casulla - bordado en telar y Laboratorio Gruppo Liturgico\",\"isPartOf\":{\"@id\":\"https:\/\/www.gruppoliturgico.com\/es\/#website\"},\"datePublished\":\"2022-05-19T23:03:01+00:00\",\"dateModified\":\"2024-06-24T13:45:04+00:00\",\"description\":\"Casulla con escapulario bordado con cruces estilizadas compuesta por dos estolones, id\u00e9nticos por delante y por detr\u00e1s, rematada con pasamaner\u00eda dorada aplicada a mano. El escapulario se puede quitar simplemente de la casulla para adaptarlo a otra vestidura. Est\u00e1 disponible en todos los colores Lit\u00fargicos. &nbsp; A petici\u00f3n, tambi\u00e9n podemos suministrar el escapulario solo sin la casulla. Solicite informaci\u00f3n en: info@gruppoliturgico.com\",\"breadcrumb\":{\"@id\":\"https:\/\/www.gruppoliturgico.com\/es\/producto\/casulla-34\/#breadcrumb\"},\"inLanguage\":\"es\",\"potentialAction\":[{\"@type\":\"ReadAction\",\"target\":[\"https:\/\/www.gruppoliturgico.com\/es\/producto\/casulla-34\/\"]}]},{\"@type\":\"BreadcrumbList\",\"@id\":\"https:\/\/www.gruppoliturgico.com\/es\/producto\/casulla-34\/#breadcrumb\",\"itemListElement\":[{\"@type\":\"ListItem\",\"position\":1,\"name\":\"Home\",\"item\":\"https:\/\/www.gruppoliturgico.com\/es\/\"},{\"@type\":\"ListItem\",\"position\":2,\"name\":\"Tienda\",\"item\":\"https:\/\/www.gruppoliturgico.com\/es\/tienda\/\"},{\"@type\":\"ListItem\",\"position\":3,\"name\":\"Casulla\"}]},{\"@type\":\"WebSite\",\"@id\":\"https:\/\/www.gruppoliturgico.com\/es\/#website\",\"url\":\"https:\/\/www.gruppoliturgico.com\/es\/\",\"name\":\"Laboratorio Gruppo Liturgico\",\"description\":\"Articoli Religiosi online\",\"publisher\":{\"@id\":\"https:\/\/www.gruppoliturgico.com\/es\/#organization\"},\"potentialAction\":[{\"@type\":\"SearchAction\",\"target\":{\"@type\":\"EntryPoint\",\"urlTemplate\":\"https:\/\/www.gruppoliturgico.com\/es\/?s={search_term_string}\"},\"query-input\":\"required name=search_term_string\"}],\"inLanguage\":\"es\"},{\"@type\":\"Organization\",\"@id\":\"https:\/\/www.gruppoliturgico.com\/es\/#organization\",\"name\":\"Laboratorio Gruppo Liturgico\",\"url\":\"https:\/\/www.gruppoliturgico.com\/es\/\",\"logo\":{\"@type\":\"ImageObject\",\"inLanguage\":\"es\",\"@id\":\"https:\/\/www.gruppoliturgico.com\/es\/#\/schema\/logo\/image\/\",\"url\":\"https:\/\/www.gruppoliturgico.com\/wp-content\/uploads\/2022\/02\/logo-laboratoriogruppoliturgico.png\",\"contentUrl\":\"https:\/\/www.gruppoliturgico.com\/wp-content\/uploads\/2022\/02\/logo-laboratoriogruppoliturgico.png\",\"width\":400,\"height\":114,\"caption\":\"Laboratorio Gruppo Liturgico\"},\"image\":{\"@id\":\"https:\/\/www.gruppoliturgico.com\/es\/#\/schema\/logo\/image\/\"}}]}<\/script>\n<!-- \/ Yoast SEO plugin. -->","yoast_head_json":{"title":"Casulla - bordado en telar y Laboratorio Gruppo Liturgico","description":"Casulla con escapulario bordado con cruces estilizadas compuesta por dos estolones, id\u00e9nticos por delante y por detr\u00e1s, rematada con pasamaner\u00eda dorada aplicada a mano. El escapulario se puede quitar simplemente de la casulla para adaptarlo a otra vestidura. Est\u00e1 disponible en todos los colores Lit\u00fargicos.  &nbsp;  A petici\u00f3n, tambi\u00e9n podemos suministrar el escapulario solo sin la casulla. Solicite informaci\u00f3n en: info@gruppoliturgico.com","robots":{"index":"index","follow":"follow","max-snippet":"max-snippet:-1","max-image-preview":"max-image-preview:large","max-video-preview":"max-video-preview:-1"},"canonical":"https:\/\/www.gruppoliturgico.com\/es\/producto\/casulla-34\/","og_locale":"es_ES","og_type":"article","og_title":"Casulla - bordado en telar y Laboratorio Gruppo Liturgico","og_description":"Casulla con escapulario bordado con cruces estilizadas compuesta por dos estolones, id\u00e9nticos por delante y por detr\u00e1s, rematada con pasamaner\u00eda dorada aplicada a mano. El escapulario se puede quitar simplemente de la casulla para adaptarlo a otra vestidura. Est\u00e1 disponible en todos los colores Lit\u00fargicos.  &nbsp;  A petici\u00f3n, tambi\u00e9n podemos suministrar el escapulario solo sin la casulla. Solicite informaci\u00f3n en: info@gruppoliturgico.com","og_url":"https:\/\/www.gruppoliturgico.com\/es\/producto\/casulla-34\/","og_site_name":"Laboratorio Gruppo Liturgico","article_modified_time":"2024-06-24T13:45:04+00:00","og_image":[{"width":1597,"height":2000,"url":"https:\/\/www.gruppoliturgico.com\/wp-content\/uploads\/2022\/05\/2073-BIANCA.jpg","type":"image\/jpeg"}],"twitter_card":"summary_large_image","schema":{"@context":"https:\/\/schema.org","@graph":[{"@type":"WebPage","@id":"https:\/\/www.gruppoliturgico.com\/es\/producto\/casulla-34\/","url":"https:\/\/www.gruppoliturgico.com\/es\/producto\/casulla-34\/","name":"Casulla - bordado en telar y Laboratorio Gruppo Liturgico","isPartOf":{"@id":"https:\/\/www.gruppoliturgico.com\/es\/#website"},"datePublished":"2022-05-19T23:03:01+00:00","dateModified":"2024-06-24T13:45:04+00:00","description":"Casulla con escapulario bordado con cruces estilizadas compuesta por dos estolones, id\u00e9nticos por delante y por detr\u00e1s, rematada con pasamaner\u00eda dorada aplicada a mano. El escapulario se puede quitar simplemente de la casulla para adaptarlo a otra vestidura. Est\u00e1 disponible en todos los colores Lit\u00fargicos. &nbsp; A petici\u00f3n, tambi\u00e9n podemos suministrar el escapulario solo sin la casulla. Solicite informaci\u00f3n en: info@gruppoliturgico.com","breadcrumb":{"@id":"https:\/\/www.gruppoliturgico.com\/es\/producto\/casulla-34\/#breadcrumb"},"inLanguage":"es","potentialAction":[{"@type":"ReadAction","target":["https:\/\/www.gruppoliturgico.com\/es\/producto\/casulla-34\/"]}]},{"@type":"BreadcrumbList","@id":"https:\/\/www.gruppoliturgico.com\/es\/producto\/casulla-34\/#breadcrumb","itemListElement":[{"@type":"ListItem","position":1,"name":"Home","item":"https:\/\/www.gruppoliturgico.com\/es\/"},{"@type":"ListItem","position":2,"name":"Tienda","item":"https:\/\/www.gruppoliturgico.com\/es\/tienda\/"},{"@type":"ListItem","position":3,"name":"Casulla"}]},{"@type":"WebSite","@id":"https:\/\/www.gruppoliturgico.com\/es\/#website","url":"https:\/\/www.gruppoliturgico.com\/es\/","name":"Laboratorio Gruppo Liturgico","description":"Articoli Religiosi online","publisher":{"@id":"https:\/\/www.gruppoliturgico.com\/es\/#organization"},"potentialAction":[{"@type":"SearchAction","target":{"@type":"EntryPoint","urlTemplate":"https:\/\/www.gruppoliturgico.com\/es\/?s={search_term_string}"},"query-input":"required name=search_term_string"}],"inLanguage":"es"},{"@type":"Organization","@id":"https:\/\/www.gruppoliturgico.com\/es\/#organization","name":"Laboratorio Gruppo Liturgico","url":"https:\/\/www.gruppoliturgico.com\/es\/","logo":{"@type":"ImageObject","inLanguage":"es","@id":"https:\/\/www.gruppoliturgico.com\/es\/#\/schema\/logo\/image\/","url":"https:\/\/www.gruppoliturgico.com\/wp-content\/uploads\/2022\/02\/logo-laboratoriogruppoliturgico.png","contentUrl":"https:\/\/www.gruppoliturgico.com\/wp-content\/uploads\/2022\/02\/logo-laboratoriogruppoliturgico.png","width":400,"height":114,"caption":"Laboratorio Gruppo Liturgico"},"image":{"@id":"https:\/\/www.gruppoliturgico.com\/es\/#\/schema\/logo\/image\/"}}]}},"_links":{"self":[{"href":"https:\/\/www.gruppoliturgico.com\/es\/wp-json\/wp\/v2\/product\/65583"}],"collection":[{"href":"https:\/\/www.gruppoliturgico.com\/es\/wp-json\/wp\/v2\/product"}],"about":[{"href":"https:\/\/www.gruppoliturgico.com\/es\/wp-json\/wp\/v2\/types\/product"}],"wp:featuredmedia":[{"embeddable":true,"href":"https:\/\/www.gruppoliturgico.com\/es\/wp-json\/wp\/v2\/media\/129088"}],"wp:attachment":[{"href":"https:\/\/www.gruppoliturgico.com\/es\/wp-json\/wp\/v2\/media?parent=65583"}],"wp:term":[{"taxonomy":"product_cat","embeddable":true,"href":"https:\/\/www.gruppoliturgico.com\/es\/wp-json\/wp\/v2\/product_cat?post=65583"},{"taxonomy":"product_tag","embeddable":true,"href":"https:\/\/www.gruppoliturgico.com\/es\/wp-json\/wp\/v2\/product_tag?post=65583"}],"curies":[{"name":"wp","href":"https:\/\/api.w.org\/{rel}","templated":true}]}}