{"id":65575,"date":"2022-05-20T01:02:28","date_gmt":"2022-05-19T23:02:37","guid":{"rendered":"https:\/\/www.gruppoliturgico.com\/prodotto\/casula\/"},"modified":"2022-08-08T17:33:27","modified_gmt":"2022-08-08T15:33:27","slug":"casula","status":"publish","type":"product","link":"https:\/\/www.gruppoliturgico.com\/es\/producto\/casula\/","title":{"rendered":"casulla"},"content":{"rendered":"<html><body><p>confeccionada en shantung de pura seda.<br>\nEn la confecci\u00f3n resaltan los detalles del precioso estol\u00f3n central, bordado en gran relieve, con hilos dorados y enriquecido con perlitas de colores.<br>\nEl original cuello en forma de chal se obtiene con el efecto contrastante del otro color del tejido.<br>\nSu particularidad consiste en su original confecci\u00f3n dado que se han utilizado dos piezas de tela de pura seda.<br>\nLa parte de arriba de es de un color y la de abajo de otra tonalidad con lo que se consigue un bonito efecto crom\u00e1tico.<\/p>\n<\/body><\/html>","protected":false},"excerpt":{"rendered":"<p>confeccionada en shantung de pura seda.<br \/>\nEn la confecci\u00f3n resaltan los detalles del precioso estol\u00f3n central, bordado en gran relieve, con hilos dorados y enriquecido con perlitas de colores.<br \/>\nEl original cuello en forma de chal se obtiene con el efecto contrastante del otro color del tejido.<br \/>\nSu particularidad consiste en su original confecci\u00f3n dado que se han utilizado dos piezas de tela de pura seda.<br \/>\nLa parte de arriba de es de un color y la de abajo de otra tonalidad con lo que se consigue un bonito efecto crom\u00e1tico.<\/p>\n","protected":false},"featured_media":128908,"template":"","meta":[],"product_cat":[12243],"product_tag":[],"yoast_head":"<!-- This site is optimized with the Yoast SEO plugin v20.4 - https:\/\/yoast.com\/wordpress\/plugins\/seo\/ -->\n<title>casulla - colecci\u00f3n cl\u00e1sica y Laboratorio Gruppo Liturgico<\/title>\n<meta name=\"description\" content=\"confeccionada en shantung de pura seda. En la confecci\u00f3n resaltan los detalles del precioso estol\u00f3n central, bordado en gran relieve, con hilos dorados y enriquecido con perlitas de colores. El original cuello en forma de chal se obtiene con el efecto contrastante del otro color del tejido. Su particularidad consiste en su original confecci\u00f3n dado que se han utilizado dos piezas de tela de pura seda. La parte de arriba de es de un color y la de abajo de otra tonalidad con lo que se consigue un bonito efecto crom\u00e1tico.\" \/>\n<meta name=\"robots\" content=\"index, follow, max-snippet:-1, max-image-preview:large, max-video-preview:-1\" \/>\n<link rel=\"canonical\" href=\"https:\/\/www.gruppoliturgico.com\/es\/producto\/casula\/\" \/>\n<meta property=\"og:locale\" content=\"es_ES\" \/>\n<meta property=\"og:type\" content=\"article\" \/>\n<meta property=\"og:title\" content=\"casulla - colecci\u00f3n cl\u00e1sica y Laboratorio Gruppo Liturgico\" \/>\n<meta property=\"og:description\" content=\"confeccionada en shantung de pura seda. En la confecci\u00f3n resaltan los detalles del precioso estol\u00f3n central, bordado en gran relieve, con hilos dorados y enriquecido con perlitas de colores. El original cuello en forma de chal se obtiene con el efecto contrastante del otro color del tejido. Su particularidad consiste en su original confecci\u00f3n dado que se han utilizado dos piezas de tela de pura seda. La parte de arriba de es de un color y la de abajo de otra tonalidad con lo que se consigue un bonito efecto crom\u00e1tico.\" \/>\n<meta property=\"og:url\" content=\"https:\/\/www.gruppoliturgico.com\/es\/producto\/casula\/\" \/>\n<meta property=\"og:site_name\" content=\"Laboratorio Gruppo Liturgico\" \/>\n<meta property=\"article:modified_time\" content=\"2022-08-08T15:33:27+00:00\" \/>\n<meta property=\"og:image\" content=\"https:\/\/www.gruppoliturgico.com\/wp-content\/uploads\/2022\/05\/1501_1.jpg\" \/>\n\t<meta property=\"og:image:width\" content=\"1105\" \/>\n\t<meta property=\"og:image:height\" content=\"1500\" \/>\n\t<meta property=\"og:image:type\" content=\"image\/jpeg\" \/>\n<meta name=\"twitter:card\" content=\"summary_large_image\" \/>\n<script type=\"application\/ld+json\" class=\"yoast-schema-graph\">{\"@context\":\"https:\/\/schema.org\",\"@graph\":[{\"@type\":\"WebPage\",\"@id\":\"https:\/\/www.gruppoliturgico.com\/es\/producto\/casula\/\",\"url\":\"https:\/\/www.gruppoliturgico.com\/es\/producto\/casula\/\",\"name\":\"casulla - colecci\u00f3n cl\u00e1sica y Laboratorio Gruppo Liturgico\",\"isPartOf\":{\"@id\":\"https:\/\/www.gruppoliturgico.com\/es\/#website\"},\"datePublished\":\"2022-05-19T23:02:37+00:00\",\"dateModified\":\"2022-08-08T15:33:27+00:00\",\"description\":\"confeccionada en shantung de pura seda. En la confecci\u00f3n resaltan los detalles del precioso estol\u00f3n central, bordado en gran relieve, con hilos dorados y enriquecido con perlitas de colores. El original cuello en forma de chal se obtiene con el efecto contrastante del otro color del tejido. Su particularidad consiste en su original confecci\u00f3n dado que se han utilizado dos piezas de tela de pura seda. La parte de arriba de es de un color y la de abajo de otra tonalidad con lo que se consigue un bonito efecto crom\u00e1tico.\",\"breadcrumb\":{\"@id\":\"https:\/\/www.gruppoliturgico.com\/es\/producto\/casula\/#breadcrumb\"},\"inLanguage\":\"es\",\"potentialAction\":[{\"@type\":\"ReadAction\",\"target\":[\"https:\/\/www.gruppoliturgico.com\/es\/producto\/casula\/\"]}]},{\"@type\":\"BreadcrumbList\",\"@id\":\"https:\/\/www.gruppoliturgico.com\/es\/producto\/casula\/#breadcrumb\",\"itemListElement\":[{\"@type\":\"ListItem\",\"position\":1,\"name\":\"Home\",\"item\":\"https:\/\/www.gruppoliturgico.com\/es\/\"},{\"@type\":\"ListItem\",\"position\":2,\"name\":\"Tienda\",\"item\":\"https:\/\/www.gruppoliturgico.com\/es\/tienda\/\"},{\"@type\":\"ListItem\",\"position\":3,\"name\":\"casulla\"}]},{\"@type\":\"WebSite\",\"@id\":\"https:\/\/www.gruppoliturgico.com\/es\/#website\",\"url\":\"https:\/\/www.gruppoliturgico.com\/es\/\",\"name\":\"Laboratorio Gruppo Liturgico\",\"description\":\"Articoli Religiosi online\",\"publisher\":{\"@id\":\"https:\/\/www.gruppoliturgico.com\/es\/#organization\"},\"potentialAction\":[{\"@type\":\"SearchAction\",\"target\":{\"@type\":\"EntryPoint\",\"urlTemplate\":\"https:\/\/www.gruppoliturgico.com\/es\/?s={search_term_string}\"},\"query-input\":\"required name=search_term_string\"}],\"inLanguage\":\"es\"},{\"@type\":\"Organization\",\"@id\":\"https:\/\/www.gruppoliturgico.com\/es\/#organization\",\"name\":\"Laboratorio Gruppo Liturgico\",\"url\":\"https:\/\/www.gruppoliturgico.com\/es\/\",\"logo\":{\"@type\":\"ImageObject\",\"inLanguage\":\"es\",\"@id\":\"https:\/\/www.gruppoliturgico.com\/es\/#\/schema\/logo\/image\/\",\"url\":\"https:\/\/www.gruppoliturgico.com\/wp-content\/uploads\/2022\/02\/logo-laboratoriogruppoliturgico.png\",\"contentUrl\":\"https:\/\/www.gruppoliturgico.com\/wp-content\/uploads\/2022\/02\/logo-laboratoriogruppoliturgico.png\",\"width\":400,\"height\":114,\"caption\":\"Laboratorio Gruppo Liturgico\"},\"image\":{\"@id\":\"https:\/\/www.gruppoliturgico.com\/es\/#\/schema\/logo\/image\/\"}}]}<\/script>\n<!-- \/ Yoast SEO plugin. -->","yoast_head_json":{"title":"casulla - colecci\u00f3n cl\u00e1sica y Laboratorio Gruppo Liturgico","description":"confeccionada en shantung de pura seda. En la confecci\u00f3n resaltan los detalles del precioso estol\u00f3n central, bordado en gran relieve, con hilos dorados y enriquecido con perlitas de colores. El original cuello en forma de chal se obtiene con el efecto contrastante del otro color del tejido. Su particularidad consiste en su original confecci\u00f3n dado que se han utilizado dos piezas de tela de pura seda. La parte de arriba de es de un color y la de abajo de otra tonalidad con lo que se consigue un bonito efecto crom\u00e1tico.","robots":{"index":"index","follow":"follow","max-snippet":"max-snippet:-1","max-image-preview":"max-image-preview:large","max-video-preview":"max-video-preview:-1"},"canonical":"https:\/\/www.gruppoliturgico.com\/es\/producto\/casula\/","og_locale":"es_ES","og_type":"article","og_title":"casulla - colecci\u00f3n cl\u00e1sica y Laboratorio Gruppo Liturgico","og_description":"confeccionada en shantung de pura seda. En la confecci\u00f3n resaltan los detalles del precioso estol\u00f3n central, bordado en gran relieve, con hilos dorados y enriquecido con perlitas de colores. El original cuello en forma de chal se obtiene con el efecto contrastante del otro color del tejido. Su particularidad consiste en su original confecci\u00f3n dado que se han utilizado dos piezas de tela de pura seda. La parte de arriba de es de un color y la de abajo de otra tonalidad con lo que se consigue un bonito efecto crom\u00e1tico.","og_url":"https:\/\/www.gruppoliturgico.com\/es\/producto\/casula\/","og_site_name":"Laboratorio Gruppo Liturgico","article_modified_time":"2022-08-08T15:33:27+00:00","og_image":[{"width":1105,"height":1500,"url":"https:\/\/www.gruppoliturgico.com\/wp-content\/uploads\/2022\/05\/1501_1.jpg","type":"image\/jpeg"}],"twitter_card":"summary_large_image","schema":{"@context":"https:\/\/schema.org","@graph":[{"@type":"WebPage","@id":"https:\/\/www.gruppoliturgico.com\/es\/producto\/casula\/","url":"https:\/\/www.gruppoliturgico.com\/es\/producto\/casula\/","name":"casulla - colecci\u00f3n cl\u00e1sica y Laboratorio Gruppo Liturgico","isPartOf":{"@id":"https:\/\/www.gruppoliturgico.com\/es\/#website"},"datePublished":"2022-05-19T23:02:37+00:00","dateModified":"2022-08-08T15:33:27+00:00","description":"confeccionada en shantung de pura seda. En la confecci\u00f3n resaltan los detalles del precioso estol\u00f3n central, bordado en gran relieve, con hilos dorados y enriquecido con perlitas de colores. El original cuello en forma de chal se obtiene con el efecto contrastante del otro color del tejido. Su particularidad consiste en su original confecci\u00f3n dado que se han utilizado dos piezas de tela de pura seda. La parte de arriba de es de un color y la de abajo de otra tonalidad con lo que se consigue un bonito efecto crom\u00e1tico.","breadcrumb":{"@id":"https:\/\/www.gruppoliturgico.com\/es\/producto\/casula\/#breadcrumb"},"inLanguage":"es","potentialAction":[{"@type":"ReadAction","target":["https:\/\/www.gruppoliturgico.com\/es\/producto\/casula\/"]}]},{"@type":"BreadcrumbList","@id":"https:\/\/www.gruppoliturgico.com\/es\/producto\/casula\/#breadcrumb","itemListElement":[{"@type":"ListItem","position":1,"name":"Home","item":"https:\/\/www.gruppoliturgico.com\/es\/"},{"@type":"ListItem","position":2,"name":"Tienda","item":"https:\/\/www.gruppoliturgico.com\/es\/tienda\/"},{"@type":"ListItem","position":3,"name":"casulla"}]},{"@type":"WebSite","@id":"https:\/\/www.gruppoliturgico.com\/es\/#website","url":"https:\/\/www.gruppoliturgico.com\/es\/","name":"Laboratorio Gruppo Liturgico","description":"Articoli Religiosi online","publisher":{"@id":"https:\/\/www.gruppoliturgico.com\/es\/#organization"},"potentialAction":[{"@type":"SearchAction","target":{"@type":"EntryPoint","urlTemplate":"https:\/\/www.gruppoliturgico.com\/es\/?s={search_term_string}"},"query-input":"required name=search_term_string"}],"inLanguage":"es"},{"@type":"Organization","@id":"https:\/\/www.gruppoliturgico.com\/es\/#organization","name":"Laboratorio Gruppo Liturgico","url":"https:\/\/www.gruppoliturgico.com\/es\/","logo":{"@type":"ImageObject","inLanguage":"es","@id":"https:\/\/www.gruppoliturgico.com\/es\/#\/schema\/logo\/image\/","url":"https:\/\/www.gruppoliturgico.com\/wp-content\/uploads\/2022\/02\/logo-laboratoriogruppoliturgico.png","contentUrl":"https:\/\/www.gruppoliturgico.com\/wp-content\/uploads\/2022\/02\/logo-laboratoriogruppoliturgico.png","width":400,"height":114,"caption":"Laboratorio Gruppo Liturgico"},"image":{"@id":"https:\/\/www.gruppoliturgico.com\/es\/#\/schema\/logo\/image\/"}}]}},"_links":{"self":[{"href":"https:\/\/www.gruppoliturgico.com\/es\/wp-json\/wp\/v2\/product\/65575"}],"collection":[{"href":"https:\/\/www.gruppoliturgico.com\/es\/wp-json\/wp\/v2\/product"}],"about":[{"href":"https:\/\/www.gruppoliturgico.com\/es\/wp-json\/wp\/v2\/types\/product"}],"wp:featuredmedia":[{"embeddable":true,"href":"https:\/\/www.gruppoliturgico.com\/es\/wp-json\/wp\/v2\/media\/128908"}],"wp:attachment":[{"href":"https:\/\/www.gruppoliturgico.com\/es\/wp-json\/wp\/v2\/media?parent=65575"}],"wp:term":[{"taxonomy":"product_cat","embeddable":true,"href":"https:\/\/www.gruppoliturgico.com\/es\/wp-json\/wp\/v2\/product_cat?post=65575"},{"taxonomy":"product_tag","embeddable":true,"href":"https:\/\/www.gruppoliturgico.com\/es\/wp-json\/wp\/v2\/product_tag?post=65575"}],"curies":[{"name":"wp","href":"https:\/\/api.w.org\/{rel}","templated":true}]}}