{"id":65555,"date":"2022-05-20T01:01:17","date_gmt":"2022-05-19T23:01:28","guid":{"rendered":"https:\/\/www.gruppoliturgico.com\/prodotto\/via-crucis-19\/"},"modified":"2022-10-13T16:59:19","modified_gmt":"2022-10-13T14:59:19","slug":"via-crucis-19","status":"publish","type":"product","link":"https:\/\/www.gruppoliturgico.com\/es\/producto\/via-crucis-19\/","title":{"rendered":"Via Crucis"},"content":{"rendered":"<html><body><p>Art\u00edstica via crucis compuesta por 15 estaciones.<br>\nEn un panel de madera, protegido por una placa de cristal, est\u00e1 fijada una reconstrucci\u00f3n de  fragmento de fresco con aspecto de desgarro de enlucido, obtenido por elaboraci\u00f3n artesanal manual de arena y yeso.<br>\nMedidas del panel cm 27 x 23.<br>\nA petici\u00f3n se enviar\u00e1n fotograf\u00edas de todas las estaciones.<\/p>\n<\/body><\/html>","protected":false},"excerpt":{"rendered":"<p>Art\u00edstica via crucis compuesta por 15 estaciones.<br \/>\nEn un panel de madera, protegido por una placa de cristal, est\u00e1 fijada una reconstrucci\u00f3n de  fragmento de fresco con aspecto de desgarro de enlucido, obtenido por elaboraci\u00f3n artesanal manual de arena y yeso.<br \/>\nMedidas del panel cm 27 x 23.<br \/>\nA petici\u00f3n se enviar\u00e1n fotograf\u00edas de todas las estaciones.<\/p>\n","protected":false},"featured_media":124740,"template":"","meta":[],"product_cat":[11719],"product_tag":[],"yoast_head":"<!-- This site is optimized with the Yoast SEO plugin v20.4 - https:\/\/yoast.com\/wordpress\/plugins\/seo\/ -->\n<title>Via Crucis - via crucis y Laboratorio Gruppo Liturgico<\/title>\n<meta name=\"description\" content=\"Art\u00edstica via crucis compuesta por 15 estaciones.  En un panel de madera, protegido por una placa de cristal, est\u00e1 fijada una reconstrucci\u00f3n de fragmento de fresco con aspecto de desgarro de enlucido, obtenido por elaboraci\u00f3n artesanal manual de arena y yeso.  Medidas del panel cm 27 x 23. A petici\u00f3n se enviar\u00e1n fotograf\u00edas de todas las estaciones.\" \/>\n<meta name=\"robots\" content=\"index, follow, max-snippet:-1, max-image-preview:large, max-video-preview:-1\" \/>\n<link rel=\"canonical\" href=\"https:\/\/www.gruppoliturgico.com\/es\/producto\/via-crucis-19\/\" \/>\n<meta property=\"og:locale\" content=\"es_ES\" \/>\n<meta property=\"og:type\" content=\"article\" \/>\n<meta property=\"og:title\" content=\"Via Crucis - via crucis y Laboratorio Gruppo Liturgico\" \/>\n<meta property=\"og:description\" content=\"Art\u00edstica via crucis compuesta por 15 estaciones.  En un panel de madera, protegido por una placa de cristal, est\u00e1 fijada una reconstrucci\u00f3n de fragmento de fresco con aspecto de desgarro de enlucido, obtenido por elaboraci\u00f3n artesanal manual de arena y yeso.  Medidas del panel cm 27 x 23. A petici\u00f3n se enviar\u00e1n fotograf\u00edas de todas las estaciones.\" \/>\n<meta property=\"og:url\" content=\"https:\/\/www.gruppoliturgico.com\/es\/producto\/via-crucis-19\/\" \/>\n<meta property=\"og:site_name\" content=\"Laboratorio Gruppo Liturgico\" \/>\n<meta property=\"article:modified_time\" content=\"2022-10-13T14:59:19+00:00\" \/>\n<meta property=\"og:image\" content=\"https:\/\/www.gruppoliturgico.com\/wp-content\/uploads\/2022\/05\/2827-4.jpg\" \/>\n\t<meta property=\"og:image:width\" content=\"1702\" \/>\n\t<meta property=\"og:image:height\" content=\"2000\" \/>\n\t<meta property=\"og:image:type\" content=\"image\/jpeg\" \/>\n<meta name=\"twitter:card\" content=\"summary_large_image\" \/>\n<script type=\"application\/ld+json\" class=\"yoast-schema-graph\">{\"@context\":\"https:\/\/schema.org\",\"@graph\":[{\"@type\":\"WebPage\",\"@id\":\"https:\/\/www.gruppoliturgico.com\/es\/producto\/via-crucis-19\/\",\"url\":\"https:\/\/www.gruppoliturgico.com\/es\/producto\/via-crucis-19\/\",\"name\":\"Via Crucis - via crucis y Laboratorio Gruppo Liturgico\",\"isPartOf\":{\"@id\":\"https:\/\/www.gruppoliturgico.com\/es\/#website\"},\"datePublished\":\"2022-05-19T23:01:28+00:00\",\"dateModified\":\"2022-10-13T14:59:19+00:00\",\"description\":\"Art\u00edstica via crucis compuesta por 15 estaciones. En un panel de madera, protegido por una placa de cristal, est\u00e1 fijada una reconstrucci\u00f3n de fragmento de fresco con aspecto de desgarro de enlucido, obtenido por elaboraci\u00f3n artesanal manual de arena y yeso. Medidas del panel cm 27 x 23. A petici\u00f3n se enviar\u00e1n fotograf\u00edas de todas las estaciones.\",\"breadcrumb\":{\"@id\":\"https:\/\/www.gruppoliturgico.com\/es\/producto\/via-crucis-19\/#breadcrumb\"},\"inLanguage\":\"es\",\"potentialAction\":[{\"@type\":\"ReadAction\",\"target\":[\"https:\/\/www.gruppoliturgico.com\/es\/producto\/via-crucis-19\/\"]}]},{\"@type\":\"BreadcrumbList\",\"@id\":\"https:\/\/www.gruppoliturgico.com\/es\/producto\/via-crucis-19\/#breadcrumb\",\"itemListElement\":[{\"@type\":\"ListItem\",\"position\":1,\"name\":\"Home\",\"item\":\"https:\/\/www.gruppoliturgico.com\/es\/\"},{\"@type\":\"ListItem\",\"position\":2,\"name\":\"Tienda\",\"item\":\"https:\/\/www.gruppoliturgico.com\/es\/tienda\/\"},{\"@type\":\"ListItem\",\"position\":3,\"name\":\"Via Crucis\"}]},{\"@type\":\"WebSite\",\"@id\":\"https:\/\/www.gruppoliturgico.com\/es\/#website\",\"url\":\"https:\/\/www.gruppoliturgico.com\/es\/\",\"name\":\"Laboratorio Gruppo Liturgico\",\"description\":\"Articoli Religiosi online\",\"publisher\":{\"@id\":\"https:\/\/www.gruppoliturgico.com\/es\/#organization\"},\"potentialAction\":[{\"@type\":\"SearchAction\",\"target\":{\"@type\":\"EntryPoint\",\"urlTemplate\":\"https:\/\/www.gruppoliturgico.com\/es\/?s={search_term_string}\"},\"query-input\":\"required name=search_term_string\"}],\"inLanguage\":\"es\"},{\"@type\":\"Organization\",\"@id\":\"https:\/\/www.gruppoliturgico.com\/es\/#organization\",\"name\":\"Laboratorio Gruppo Liturgico\",\"url\":\"https:\/\/www.gruppoliturgico.com\/es\/\",\"logo\":{\"@type\":\"ImageObject\",\"inLanguage\":\"es\",\"@id\":\"https:\/\/www.gruppoliturgico.com\/es\/#\/schema\/logo\/image\/\",\"url\":\"https:\/\/www.gruppoliturgico.com\/wp-content\/uploads\/2022\/02\/logo-laboratoriogruppoliturgico.png\",\"contentUrl\":\"https:\/\/www.gruppoliturgico.com\/wp-content\/uploads\/2022\/02\/logo-laboratoriogruppoliturgico.png\",\"width\":400,\"height\":114,\"caption\":\"Laboratorio Gruppo Liturgico\"},\"image\":{\"@id\":\"https:\/\/www.gruppoliturgico.com\/es\/#\/schema\/logo\/image\/\"}}]}<\/script>\n<!-- \/ Yoast SEO plugin. -->","yoast_head_json":{"title":"Via Crucis - via crucis y Laboratorio Gruppo Liturgico","description":"Art\u00edstica via crucis compuesta por 15 estaciones.  En un panel de madera, protegido por una placa de cristal, est\u00e1 fijada una reconstrucci\u00f3n de fragmento de fresco con aspecto de desgarro de enlucido, obtenido por elaboraci\u00f3n artesanal manual de arena y yeso.  Medidas del panel cm 27 x 23. A petici\u00f3n se enviar\u00e1n fotograf\u00edas de todas las estaciones.","robots":{"index":"index","follow":"follow","max-snippet":"max-snippet:-1","max-image-preview":"max-image-preview:large","max-video-preview":"max-video-preview:-1"},"canonical":"https:\/\/www.gruppoliturgico.com\/es\/producto\/via-crucis-19\/","og_locale":"es_ES","og_type":"article","og_title":"Via Crucis - via crucis y Laboratorio Gruppo Liturgico","og_description":"Art\u00edstica via crucis compuesta por 15 estaciones.  En un panel de madera, protegido por una placa de cristal, est\u00e1 fijada una reconstrucci\u00f3n de fragmento de fresco con aspecto de desgarro de enlucido, obtenido por elaboraci\u00f3n artesanal manual de arena y yeso.  Medidas del panel cm 27 x 23. A petici\u00f3n se enviar\u00e1n fotograf\u00edas de todas las estaciones.","og_url":"https:\/\/www.gruppoliturgico.com\/es\/producto\/via-crucis-19\/","og_site_name":"Laboratorio Gruppo Liturgico","article_modified_time":"2022-10-13T14:59:19+00:00","og_image":[{"width":1702,"height":2000,"url":"https:\/\/www.gruppoliturgico.com\/wp-content\/uploads\/2022\/05\/2827-4.jpg","type":"image\/jpeg"}],"twitter_card":"summary_large_image","schema":{"@context":"https:\/\/schema.org","@graph":[{"@type":"WebPage","@id":"https:\/\/www.gruppoliturgico.com\/es\/producto\/via-crucis-19\/","url":"https:\/\/www.gruppoliturgico.com\/es\/producto\/via-crucis-19\/","name":"Via Crucis - via crucis y Laboratorio Gruppo Liturgico","isPartOf":{"@id":"https:\/\/www.gruppoliturgico.com\/es\/#website"},"datePublished":"2022-05-19T23:01:28+00:00","dateModified":"2022-10-13T14:59:19+00:00","description":"Art\u00edstica via crucis compuesta por 15 estaciones. En un panel de madera, protegido por una placa de cristal, est\u00e1 fijada una reconstrucci\u00f3n de fragmento de fresco con aspecto de desgarro de enlucido, obtenido por elaboraci\u00f3n artesanal manual de arena y yeso. Medidas del panel cm 27 x 23. A petici\u00f3n se enviar\u00e1n fotograf\u00edas de todas las estaciones.","breadcrumb":{"@id":"https:\/\/www.gruppoliturgico.com\/es\/producto\/via-crucis-19\/#breadcrumb"},"inLanguage":"es","potentialAction":[{"@type":"ReadAction","target":["https:\/\/www.gruppoliturgico.com\/es\/producto\/via-crucis-19\/"]}]},{"@type":"BreadcrumbList","@id":"https:\/\/www.gruppoliturgico.com\/es\/producto\/via-crucis-19\/#breadcrumb","itemListElement":[{"@type":"ListItem","position":1,"name":"Home","item":"https:\/\/www.gruppoliturgico.com\/es\/"},{"@type":"ListItem","position":2,"name":"Tienda","item":"https:\/\/www.gruppoliturgico.com\/es\/tienda\/"},{"@type":"ListItem","position":3,"name":"Via Crucis"}]},{"@type":"WebSite","@id":"https:\/\/www.gruppoliturgico.com\/es\/#website","url":"https:\/\/www.gruppoliturgico.com\/es\/","name":"Laboratorio Gruppo Liturgico","description":"Articoli Religiosi online","publisher":{"@id":"https:\/\/www.gruppoliturgico.com\/es\/#organization"},"potentialAction":[{"@type":"SearchAction","target":{"@type":"EntryPoint","urlTemplate":"https:\/\/www.gruppoliturgico.com\/es\/?s={search_term_string}"},"query-input":"required name=search_term_string"}],"inLanguage":"es"},{"@type":"Organization","@id":"https:\/\/www.gruppoliturgico.com\/es\/#organization","name":"Laboratorio Gruppo Liturgico","url":"https:\/\/www.gruppoliturgico.com\/es\/","logo":{"@type":"ImageObject","inLanguage":"es","@id":"https:\/\/www.gruppoliturgico.com\/es\/#\/schema\/logo\/image\/","url":"https:\/\/www.gruppoliturgico.com\/wp-content\/uploads\/2022\/02\/logo-laboratoriogruppoliturgico.png","contentUrl":"https:\/\/www.gruppoliturgico.com\/wp-content\/uploads\/2022\/02\/logo-laboratoriogruppoliturgico.png","width":400,"height":114,"caption":"Laboratorio Gruppo Liturgico"},"image":{"@id":"https:\/\/www.gruppoliturgico.com\/es\/#\/schema\/logo\/image\/"}}]}},"_links":{"self":[{"href":"https:\/\/www.gruppoliturgico.com\/es\/wp-json\/wp\/v2\/product\/65555"}],"collection":[{"href":"https:\/\/www.gruppoliturgico.com\/es\/wp-json\/wp\/v2\/product"}],"about":[{"href":"https:\/\/www.gruppoliturgico.com\/es\/wp-json\/wp\/v2\/types\/product"}],"wp:featuredmedia":[{"embeddable":true,"href":"https:\/\/www.gruppoliturgico.com\/es\/wp-json\/wp\/v2\/media\/124740"}],"wp:attachment":[{"href":"https:\/\/www.gruppoliturgico.com\/es\/wp-json\/wp\/v2\/media?parent=65555"}],"wp:term":[{"taxonomy":"product_cat","embeddable":true,"href":"https:\/\/www.gruppoliturgico.com\/es\/wp-json\/wp\/v2\/product_cat?post=65555"},{"taxonomy":"product_tag","embeddable":true,"href":"https:\/\/www.gruppoliturgico.com\/es\/wp-json\/wp\/v2\/product_tag?post=65555"}],"curies":[{"name":"wp","href":"https:\/\/api.w.org\/{rel}","templated":true}]}}