{"id":65479,"date":"2022-05-20T00:56:34","date_gmt":"2022-05-19T22:56:44","guid":{"rendered":"https:\/\/www.gruppoliturgico.com\/prodotto\/capa-pluvial-8\/"},"modified":"2022-09-15T16:32:52","modified_gmt":"2022-09-15T14:32:52","slug":"capa-pluvial-8","status":"publish","type":"product","link":"https:\/\/www.gruppoliturgico.com\/es\/producto\/capa-pluvial-8\/","title":{"rendered":"capa pluvial"},"content":{"rendered":"<html><body><p>Capa pluvial confeccionada en un preciado tejido brocado de oro.<br>\nMagn\u00edfico bordado barroco, realizado con preciados hilos de oro, sobre un tejido de terciopelo alem\u00e1n color p\u00farpura.<br>\nEnteramente rematada con un borde dorado.<br>\nLongitud  cm 145.<\/p>\n<\/body><\/html>","protected":false},"excerpt":{"rendered":"<p>Capa pluvial confeccionada en un preciado tejido brocado de oro.<br \/>\nMagn\u00edfico bordado barroco, realizado con preciados hilos de oro, sobre un tejido de terciopelo alem\u00e1n color p\u00farpura.<br \/>\nEnteramente rematada con un borde dorado.<br \/>\nLongitud  cm 145.<\/p>\n","protected":false},"featured_media":130264,"template":"","meta":[],"product_cat":[12287],"product_tag":[],"yoast_head":"<!-- This site is optimized with the Yoast SEO plugin v20.4 - https:\/\/yoast.com\/wordpress\/plugins\/seo\/ -->\n<title>capa pluvial - capas pluviales y Laboratorio Gruppo Liturgico<\/title>\n<meta name=\"description\" content=\"Capa pluvial confeccionada en un preciado tejido brocado de oro. Magn\u00edfico bordado barroco, realizado con preciados hilos de oro, sobre un tejido de terciopelo alem\u00e1n color p\u00farpura.  Enteramente rematada con un borde dorado.  Longitud cm 145.\" \/>\n<meta name=\"robots\" content=\"index, follow, max-snippet:-1, max-image-preview:large, max-video-preview:-1\" \/>\n<link rel=\"canonical\" href=\"https:\/\/www.gruppoliturgico.com\/es\/producto\/capa-pluvial-8\/\" \/>\n<meta property=\"og:locale\" content=\"es_ES\" \/>\n<meta property=\"og:type\" content=\"article\" \/>\n<meta property=\"og:title\" content=\"capa pluvial - capas pluviales y Laboratorio Gruppo Liturgico\" \/>\n<meta property=\"og:description\" content=\"Capa pluvial confeccionada en un preciado tejido brocado de oro. Magn\u00edfico bordado barroco, realizado con preciados hilos de oro, sobre un tejido de terciopelo alem\u00e1n color p\u00farpura.  Enteramente rematada con un borde dorado.  Longitud cm 145.\" \/>\n<meta property=\"og:url\" content=\"https:\/\/www.gruppoliturgico.com\/es\/producto\/capa-pluvial-8\/\" \/>\n<meta property=\"og:site_name\" content=\"Laboratorio Gruppo Liturgico\" \/>\n<meta property=\"article:modified_time\" content=\"2022-09-15T14:32:52+00:00\" \/>\n<meta property=\"og:image\" content=\"https:\/\/www.gruppoliturgico.com\/wp-content\/uploads\/2022\/05\/1774.jpg\" \/>\n\t<meta property=\"og:image:width\" content=\"1249\" \/>\n\t<meta property=\"og:image:height\" content=\"1500\" \/>\n\t<meta property=\"og:image:type\" content=\"image\/jpeg\" \/>\n<meta name=\"twitter:card\" content=\"summary_large_image\" \/>\n<script type=\"application\/ld+json\" class=\"yoast-schema-graph\">{\"@context\":\"https:\/\/schema.org\",\"@graph\":[{\"@type\":\"WebPage\",\"@id\":\"https:\/\/www.gruppoliturgico.com\/es\/producto\/capa-pluvial-8\/\",\"url\":\"https:\/\/www.gruppoliturgico.com\/es\/producto\/capa-pluvial-8\/\",\"name\":\"capa pluvial - capas pluviales y Laboratorio Gruppo Liturgico\",\"isPartOf\":{\"@id\":\"https:\/\/www.gruppoliturgico.com\/es\/#website\"},\"datePublished\":\"2022-05-19T22:56:44+00:00\",\"dateModified\":\"2022-09-15T14:32:52+00:00\",\"description\":\"Capa pluvial confeccionada en un preciado tejido brocado de oro. Magn\u00edfico bordado barroco, realizado con preciados hilos de oro, sobre un tejido de terciopelo alem\u00e1n color p\u00farpura. Enteramente rematada con un borde dorado. Longitud cm 145.\",\"breadcrumb\":{\"@id\":\"https:\/\/www.gruppoliturgico.com\/es\/producto\/capa-pluvial-8\/#breadcrumb\"},\"inLanguage\":\"es\",\"potentialAction\":[{\"@type\":\"ReadAction\",\"target\":[\"https:\/\/www.gruppoliturgico.com\/es\/producto\/capa-pluvial-8\/\"]}]},{\"@type\":\"BreadcrumbList\",\"@id\":\"https:\/\/www.gruppoliturgico.com\/es\/producto\/capa-pluvial-8\/#breadcrumb\",\"itemListElement\":[{\"@type\":\"ListItem\",\"position\":1,\"name\":\"Home\",\"item\":\"https:\/\/www.gruppoliturgico.com\/es\/\"},{\"@type\":\"ListItem\",\"position\":2,\"name\":\"Tienda\",\"item\":\"https:\/\/www.gruppoliturgico.com\/es\/tienda\/\"},{\"@type\":\"ListItem\",\"position\":3,\"name\":\"capa pluvial\"}]},{\"@type\":\"WebSite\",\"@id\":\"https:\/\/www.gruppoliturgico.com\/es\/#website\",\"url\":\"https:\/\/www.gruppoliturgico.com\/es\/\",\"name\":\"Laboratorio Gruppo Liturgico\",\"description\":\"Articoli Religiosi online\",\"publisher\":{\"@id\":\"https:\/\/www.gruppoliturgico.com\/es\/#organization\"},\"potentialAction\":[{\"@type\":\"SearchAction\",\"target\":{\"@type\":\"EntryPoint\",\"urlTemplate\":\"https:\/\/www.gruppoliturgico.com\/es\/?s={search_term_string}\"},\"query-input\":\"required name=search_term_string\"}],\"inLanguage\":\"es\"},{\"@type\":\"Organization\",\"@id\":\"https:\/\/www.gruppoliturgico.com\/es\/#organization\",\"name\":\"Laboratorio Gruppo Liturgico\",\"url\":\"https:\/\/www.gruppoliturgico.com\/es\/\",\"logo\":{\"@type\":\"ImageObject\",\"inLanguage\":\"es\",\"@id\":\"https:\/\/www.gruppoliturgico.com\/es\/#\/schema\/logo\/image\/\",\"url\":\"https:\/\/www.gruppoliturgico.com\/wp-content\/uploads\/2022\/02\/logo-laboratoriogruppoliturgico.png\",\"contentUrl\":\"https:\/\/www.gruppoliturgico.com\/wp-content\/uploads\/2022\/02\/logo-laboratoriogruppoliturgico.png\",\"width\":400,\"height\":114,\"caption\":\"Laboratorio Gruppo Liturgico\"},\"image\":{\"@id\":\"https:\/\/www.gruppoliturgico.com\/es\/#\/schema\/logo\/image\/\"}}]}<\/script>\n<!-- \/ Yoast SEO plugin. -->","yoast_head_json":{"title":"capa pluvial - capas pluviales y Laboratorio Gruppo Liturgico","description":"Capa pluvial confeccionada en un preciado tejido brocado de oro. Magn\u00edfico bordado barroco, realizado con preciados hilos de oro, sobre un tejido de terciopelo alem\u00e1n color p\u00farpura.  Enteramente rematada con un borde dorado.  Longitud cm 145.","robots":{"index":"index","follow":"follow","max-snippet":"max-snippet:-1","max-image-preview":"max-image-preview:large","max-video-preview":"max-video-preview:-1"},"canonical":"https:\/\/www.gruppoliturgico.com\/es\/producto\/capa-pluvial-8\/","og_locale":"es_ES","og_type":"article","og_title":"capa pluvial - capas pluviales y Laboratorio Gruppo Liturgico","og_description":"Capa pluvial confeccionada en un preciado tejido brocado de oro. Magn\u00edfico bordado barroco, realizado con preciados hilos de oro, sobre un tejido de terciopelo alem\u00e1n color p\u00farpura.  Enteramente rematada con un borde dorado.  Longitud cm 145.","og_url":"https:\/\/www.gruppoliturgico.com\/es\/producto\/capa-pluvial-8\/","og_site_name":"Laboratorio Gruppo Liturgico","article_modified_time":"2022-09-15T14:32:52+00:00","og_image":[{"width":1249,"height":1500,"url":"https:\/\/www.gruppoliturgico.com\/wp-content\/uploads\/2022\/05\/1774.jpg","type":"image\/jpeg"}],"twitter_card":"summary_large_image","schema":{"@context":"https:\/\/schema.org","@graph":[{"@type":"WebPage","@id":"https:\/\/www.gruppoliturgico.com\/es\/producto\/capa-pluvial-8\/","url":"https:\/\/www.gruppoliturgico.com\/es\/producto\/capa-pluvial-8\/","name":"capa pluvial - capas pluviales y Laboratorio Gruppo Liturgico","isPartOf":{"@id":"https:\/\/www.gruppoliturgico.com\/es\/#website"},"datePublished":"2022-05-19T22:56:44+00:00","dateModified":"2022-09-15T14:32:52+00:00","description":"Capa pluvial confeccionada en un preciado tejido brocado de oro. Magn\u00edfico bordado barroco, realizado con preciados hilos de oro, sobre un tejido de terciopelo alem\u00e1n color p\u00farpura. Enteramente rematada con un borde dorado. Longitud cm 145.","breadcrumb":{"@id":"https:\/\/www.gruppoliturgico.com\/es\/producto\/capa-pluvial-8\/#breadcrumb"},"inLanguage":"es","potentialAction":[{"@type":"ReadAction","target":["https:\/\/www.gruppoliturgico.com\/es\/producto\/capa-pluvial-8\/"]}]},{"@type":"BreadcrumbList","@id":"https:\/\/www.gruppoliturgico.com\/es\/producto\/capa-pluvial-8\/#breadcrumb","itemListElement":[{"@type":"ListItem","position":1,"name":"Home","item":"https:\/\/www.gruppoliturgico.com\/es\/"},{"@type":"ListItem","position":2,"name":"Tienda","item":"https:\/\/www.gruppoliturgico.com\/es\/tienda\/"},{"@type":"ListItem","position":3,"name":"capa pluvial"}]},{"@type":"WebSite","@id":"https:\/\/www.gruppoliturgico.com\/es\/#website","url":"https:\/\/www.gruppoliturgico.com\/es\/","name":"Laboratorio Gruppo Liturgico","description":"Articoli Religiosi online","publisher":{"@id":"https:\/\/www.gruppoliturgico.com\/es\/#organization"},"potentialAction":[{"@type":"SearchAction","target":{"@type":"EntryPoint","urlTemplate":"https:\/\/www.gruppoliturgico.com\/es\/?s={search_term_string}"},"query-input":"required name=search_term_string"}],"inLanguage":"es"},{"@type":"Organization","@id":"https:\/\/www.gruppoliturgico.com\/es\/#organization","name":"Laboratorio Gruppo Liturgico","url":"https:\/\/www.gruppoliturgico.com\/es\/","logo":{"@type":"ImageObject","inLanguage":"es","@id":"https:\/\/www.gruppoliturgico.com\/es\/#\/schema\/logo\/image\/","url":"https:\/\/www.gruppoliturgico.com\/wp-content\/uploads\/2022\/02\/logo-laboratoriogruppoliturgico.png","contentUrl":"https:\/\/www.gruppoliturgico.com\/wp-content\/uploads\/2022\/02\/logo-laboratoriogruppoliturgico.png","width":400,"height":114,"caption":"Laboratorio Gruppo Liturgico"},"image":{"@id":"https:\/\/www.gruppoliturgico.com\/es\/#\/schema\/logo\/image\/"}}]}},"_links":{"self":[{"href":"https:\/\/www.gruppoliturgico.com\/es\/wp-json\/wp\/v2\/product\/65479"}],"collection":[{"href":"https:\/\/www.gruppoliturgico.com\/es\/wp-json\/wp\/v2\/product"}],"about":[{"href":"https:\/\/www.gruppoliturgico.com\/es\/wp-json\/wp\/v2\/types\/product"}],"wp:featuredmedia":[{"embeddable":true,"href":"https:\/\/www.gruppoliturgico.com\/es\/wp-json\/wp\/v2\/media\/130264"}],"wp:attachment":[{"href":"https:\/\/www.gruppoliturgico.com\/es\/wp-json\/wp\/v2\/media?parent=65479"}],"wp:term":[{"taxonomy":"product_cat","embeddable":true,"href":"https:\/\/www.gruppoliturgico.com\/es\/wp-json\/wp\/v2\/product_cat?post=65479"},{"taxonomy":"product_tag","embeddable":true,"href":"https:\/\/www.gruppoliturgico.com\/es\/wp-json\/wp\/v2\/product_tag?post=65479"}],"curies":[{"name":"wp","href":"https:\/\/api.w.org\/{rel}","templated":true}]}}