{"id":65451,"date":"2022-05-20T00:54:52","date_gmt":"2022-05-19T22:55:01","guid":{"rendered":"https:\/\/www.gruppoliturgico.com\/prodotto\/servicio-en-ceramica\/"},"modified":"2022-10-05T15:11:57","modified_gmt":"2022-10-05T13:11:57","slug":"servicio-en-ceramica","status":"publish","type":"product","link":"https:\/\/www.gruppoliturgico.com\/es\/producto\/servicio-en-ceramica\/","title":{"rendered":"Juego completo de cer\u00e1mica"},"content":{"rendered":"<html><body><p>Juego completo en cer\u00e1mica con preciosas decoraciones realizadas a mano en colores verde antiguo y oro.<br>\nIncluye 5 piezas: c\u00e1liz con su correspondiente patena, cop\u00f3n, cop\u00f3n patena y juego de vinajeras.<br>\nTodo el conjunto a precio especial<\/p>\n<p>Dimensiones<br>\nC\u00e1liz cm 15<br>\nPatena \u00d8 cm 15<br>\nCop\u00f3n cm 16<br>\nCop\u00f3n patena \u00d8 cm 14<br>\nJuego de vinajeras cm 18 x 13<\/p>\n<\/body><\/html>","protected":false},"excerpt":{"rendered":"<p>Juego completo en cer\u00e1mica con preciosas decoraciones realizadas a mano en colores verde antiguo y oro.<br \/>\nIncluye 5 piezas: c\u00e1liz con su correspondiente patena, cop\u00f3n, cop\u00f3n patena y juego de vinajeras.<br \/>\nTodo el conjunto a precio especial<\/p>\n<p>Dimensiones<br \/>\nC\u00e1liz cm 15<br \/>\nPatena \u00d8 cm 15<br \/>\nCop\u00f3n cm 16<br \/>\nCop\u00f3n patena \u00d8 cm 14<br \/>\nJuego de vinajeras cm 18 x 13<\/p>\n","protected":false},"featured_media":131025,"template":"","meta":[],"product_cat":[11695],"product_tag":[],"yoast_head":"<!-- This site is optimized with the Yoast SEO plugin v20.4 - https:\/\/yoast.com\/wordpress\/plugins\/seo\/ -->\n<title>Juego completo de cer\u00e1mica - cer\u00e1mica de arte y Laboratorio Gruppo Liturgico<\/title>\n<meta name=\"description\" content=\"Juego completo en cer\u00e1mica con preciosas decoraciones realizadas a mano en colores verde antiguo y oro. Incluye 5 piezas: c\u00e1liz con su correspondiente patena, cop\u00f3n, cop\u00f3n patena y juego de vinajeras. Todo el conjunto a precio especial  Dimensiones C\u00e1liz cm 15 Patena \u00d8 cm 15 Cop\u00f3n cm 16 Cop\u00f3n patena \u00d8 cm 14 Juego de vinajeras cm 18 x 13\" \/>\n<meta name=\"robots\" content=\"index, follow, max-snippet:-1, max-image-preview:large, max-video-preview:-1\" \/>\n<link rel=\"canonical\" href=\"https:\/\/www.gruppoliturgico.com\/es\/producto\/servicio-en-ceramica\/\" \/>\n<meta property=\"og:locale\" content=\"es_ES\" \/>\n<meta property=\"og:type\" content=\"article\" \/>\n<meta property=\"og:title\" content=\"Juego completo de cer\u00e1mica - cer\u00e1mica de arte y Laboratorio Gruppo Liturgico\" \/>\n<meta property=\"og:description\" content=\"Juego completo en cer\u00e1mica con preciosas decoraciones realizadas a mano en colores verde antiguo y oro. Incluye 5 piezas: c\u00e1liz con su correspondiente patena, cop\u00f3n, cop\u00f3n patena y juego de vinajeras. Todo el conjunto a precio especial  Dimensiones C\u00e1liz cm 15 Patena \u00d8 cm 15 Cop\u00f3n cm 16 Cop\u00f3n patena \u00d8 cm 14 Juego de vinajeras cm 18 x 13\" \/>\n<meta property=\"og:url\" content=\"https:\/\/www.gruppoliturgico.com\/es\/producto\/servicio-en-ceramica\/\" \/>\n<meta property=\"og:site_name\" content=\"Laboratorio Gruppo Liturgico\" \/>\n<meta property=\"article:modified_time\" content=\"2022-10-05T13:11:57+00:00\" \/>\n<meta property=\"og:image\" content=\"https:\/\/www.gruppoliturgico.com\/wp-content\/uploads\/2022\/05\/1912-serv.completo-scaled.jpg\" \/>\n\t<meta property=\"og:image:width\" content=\"2560\" \/>\n\t<meta property=\"og:image:height\" content=\"1714\" \/>\n\t<meta property=\"og:image:type\" content=\"image\/jpeg\" \/>\n<meta name=\"twitter:card\" content=\"summary_large_image\" \/>\n<script type=\"application\/ld+json\" class=\"yoast-schema-graph\">{\"@context\":\"https:\/\/schema.org\",\"@graph\":[{\"@type\":\"WebPage\",\"@id\":\"https:\/\/www.gruppoliturgico.com\/es\/producto\/servicio-en-ceramica\/\",\"url\":\"https:\/\/www.gruppoliturgico.com\/es\/producto\/servicio-en-ceramica\/\",\"name\":\"Juego completo de cer\u00e1mica - cer\u00e1mica de arte y Laboratorio Gruppo Liturgico\",\"isPartOf\":{\"@id\":\"https:\/\/www.gruppoliturgico.com\/es\/#website\"},\"datePublished\":\"2022-05-19T22:55:01+00:00\",\"dateModified\":\"2022-10-05T13:11:57+00:00\",\"description\":\"Juego completo en cer\u00e1mica con preciosas decoraciones realizadas a mano en colores verde antiguo y oro. Incluye 5 piezas: c\u00e1liz con su correspondiente patena, cop\u00f3n, cop\u00f3n patena y juego de vinajeras. Todo el conjunto a precio especial Dimensiones C\u00e1liz cm 15 Patena \u00d8 cm 15 Cop\u00f3n cm 16 Cop\u00f3n patena \u00d8 cm 14 Juego de vinajeras cm 18 x 13\",\"breadcrumb\":{\"@id\":\"https:\/\/www.gruppoliturgico.com\/es\/producto\/servicio-en-ceramica\/#breadcrumb\"},\"inLanguage\":\"es\",\"potentialAction\":[{\"@type\":\"ReadAction\",\"target\":[\"https:\/\/www.gruppoliturgico.com\/es\/producto\/servicio-en-ceramica\/\"]}]},{\"@type\":\"BreadcrumbList\",\"@id\":\"https:\/\/www.gruppoliturgico.com\/es\/producto\/servicio-en-ceramica\/#breadcrumb\",\"itemListElement\":[{\"@type\":\"ListItem\",\"position\":1,\"name\":\"Home\",\"item\":\"https:\/\/www.gruppoliturgico.com\/es\/\"},{\"@type\":\"ListItem\",\"position\":2,\"name\":\"Tienda\",\"item\":\"https:\/\/www.gruppoliturgico.com\/es\/tienda\/\"},{\"@type\":\"ListItem\",\"position\":3,\"name\":\"Juego completo de cer\u00e1mica\"}]},{\"@type\":\"WebSite\",\"@id\":\"https:\/\/www.gruppoliturgico.com\/es\/#website\",\"url\":\"https:\/\/www.gruppoliturgico.com\/es\/\",\"name\":\"Laboratorio Gruppo Liturgico\",\"description\":\"Articoli Religiosi online\",\"publisher\":{\"@id\":\"https:\/\/www.gruppoliturgico.com\/es\/#organization\"},\"potentialAction\":[{\"@type\":\"SearchAction\",\"target\":{\"@type\":\"EntryPoint\",\"urlTemplate\":\"https:\/\/www.gruppoliturgico.com\/es\/?s={search_term_string}\"},\"query-input\":\"required name=search_term_string\"}],\"inLanguage\":\"es\"},{\"@type\":\"Organization\",\"@id\":\"https:\/\/www.gruppoliturgico.com\/es\/#organization\",\"name\":\"Laboratorio Gruppo Liturgico\",\"url\":\"https:\/\/www.gruppoliturgico.com\/es\/\",\"logo\":{\"@type\":\"ImageObject\",\"inLanguage\":\"es\",\"@id\":\"https:\/\/www.gruppoliturgico.com\/es\/#\/schema\/logo\/image\/\",\"url\":\"https:\/\/www.gruppoliturgico.com\/wp-content\/uploads\/2022\/02\/logo-laboratoriogruppoliturgico.png\",\"contentUrl\":\"https:\/\/www.gruppoliturgico.com\/wp-content\/uploads\/2022\/02\/logo-laboratoriogruppoliturgico.png\",\"width\":400,\"height\":114,\"caption\":\"Laboratorio Gruppo Liturgico\"},\"image\":{\"@id\":\"https:\/\/www.gruppoliturgico.com\/es\/#\/schema\/logo\/image\/\"}}]}<\/script>\n<!-- \/ Yoast SEO plugin. -->","yoast_head_json":{"title":"Juego completo de cer\u00e1mica - cer\u00e1mica de arte y Laboratorio Gruppo Liturgico","description":"Juego completo en cer\u00e1mica con preciosas decoraciones realizadas a mano en colores verde antiguo y oro. Incluye 5 piezas: c\u00e1liz con su correspondiente patena, cop\u00f3n, cop\u00f3n patena y juego de vinajeras. Todo el conjunto a precio especial  Dimensiones C\u00e1liz cm 15 Patena \u00d8 cm 15 Cop\u00f3n cm 16 Cop\u00f3n patena \u00d8 cm 14 Juego de vinajeras cm 18 x 13","robots":{"index":"index","follow":"follow","max-snippet":"max-snippet:-1","max-image-preview":"max-image-preview:large","max-video-preview":"max-video-preview:-1"},"canonical":"https:\/\/www.gruppoliturgico.com\/es\/producto\/servicio-en-ceramica\/","og_locale":"es_ES","og_type":"article","og_title":"Juego completo de cer\u00e1mica - cer\u00e1mica de arte y Laboratorio Gruppo Liturgico","og_description":"Juego completo en cer\u00e1mica con preciosas decoraciones realizadas a mano en colores verde antiguo y oro. Incluye 5 piezas: c\u00e1liz con su correspondiente patena, cop\u00f3n, cop\u00f3n patena y juego de vinajeras. Todo el conjunto a precio especial  Dimensiones C\u00e1liz cm 15 Patena \u00d8 cm 15 Cop\u00f3n cm 16 Cop\u00f3n patena \u00d8 cm 14 Juego de vinajeras cm 18 x 13","og_url":"https:\/\/www.gruppoliturgico.com\/es\/producto\/servicio-en-ceramica\/","og_site_name":"Laboratorio Gruppo Liturgico","article_modified_time":"2022-10-05T13:11:57+00:00","og_image":[{"width":2560,"height":1714,"url":"https:\/\/www.gruppoliturgico.com\/wp-content\/uploads\/2022\/05\/1912-serv.completo-scaled.jpg","type":"image\/jpeg"}],"twitter_card":"summary_large_image","schema":{"@context":"https:\/\/schema.org","@graph":[{"@type":"WebPage","@id":"https:\/\/www.gruppoliturgico.com\/es\/producto\/servicio-en-ceramica\/","url":"https:\/\/www.gruppoliturgico.com\/es\/producto\/servicio-en-ceramica\/","name":"Juego completo de cer\u00e1mica - cer\u00e1mica de arte y Laboratorio Gruppo Liturgico","isPartOf":{"@id":"https:\/\/www.gruppoliturgico.com\/es\/#website"},"datePublished":"2022-05-19T22:55:01+00:00","dateModified":"2022-10-05T13:11:57+00:00","description":"Juego completo en cer\u00e1mica con preciosas decoraciones realizadas a mano en colores verde antiguo y oro. Incluye 5 piezas: c\u00e1liz con su correspondiente patena, cop\u00f3n, cop\u00f3n patena y juego de vinajeras. Todo el conjunto a precio especial Dimensiones C\u00e1liz cm 15 Patena \u00d8 cm 15 Cop\u00f3n cm 16 Cop\u00f3n patena \u00d8 cm 14 Juego de vinajeras cm 18 x 13","breadcrumb":{"@id":"https:\/\/www.gruppoliturgico.com\/es\/producto\/servicio-en-ceramica\/#breadcrumb"},"inLanguage":"es","potentialAction":[{"@type":"ReadAction","target":["https:\/\/www.gruppoliturgico.com\/es\/producto\/servicio-en-ceramica\/"]}]},{"@type":"BreadcrumbList","@id":"https:\/\/www.gruppoliturgico.com\/es\/producto\/servicio-en-ceramica\/#breadcrumb","itemListElement":[{"@type":"ListItem","position":1,"name":"Home","item":"https:\/\/www.gruppoliturgico.com\/es\/"},{"@type":"ListItem","position":2,"name":"Tienda","item":"https:\/\/www.gruppoliturgico.com\/es\/tienda\/"},{"@type":"ListItem","position":3,"name":"Juego completo de cer\u00e1mica"}]},{"@type":"WebSite","@id":"https:\/\/www.gruppoliturgico.com\/es\/#website","url":"https:\/\/www.gruppoliturgico.com\/es\/","name":"Laboratorio Gruppo Liturgico","description":"Articoli Religiosi online","publisher":{"@id":"https:\/\/www.gruppoliturgico.com\/es\/#organization"},"potentialAction":[{"@type":"SearchAction","target":{"@type":"EntryPoint","urlTemplate":"https:\/\/www.gruppoliturgico.com\/es\/?s={search_term_string}"},"query-input":"required name=search_term_string"}],"inLanguage":"es"},{"@type":"Organization","@id":"https:\/\/www.gruppoliturgico.com\/es\/#organization","name":"Laboratorio Gruppo Liturgico","url":"https:\/\/www.gruppoliturgico.com\/es\/","logo":{"@type":"ImageObject","inLanguage":"es","@id":"https:\/\/www.gruppoliturgico.com\/es\/#\/schema\/logo\/image\/","url":"https:\/\/www.gruppoliturgico.com\/wp-content\/uploads\/2022\/02\/logo-laboratoriogruppoliturgico.png","contentUrl":"https:\/\/www.gruppoliturgico.com\/wp-content\/uploads\/2022\/02\/logo-laboratoriogruppoliturgico.png","width":400,"height":114,"caption":"Laboratorio Gruppo Liturgico"},"image":{"@id":"https:\/\/www.gruppoliturgico.com\/es\/#\/schema\/logo\/image\/"}}]}},"_links":{"self":[{"href":"https:\/\/www.gruppoliturgico.com\/es\/wp-json\/wp\/v2\/product\/65451"}],"collection":[{"href":"https:\/\/www.gruppoliturgico.com\/es\/wp-json\/wp\/v2\/product"}],"about":[{"href":"https:\/\/www.gruppoliturgico.com\/es\/wp-json\/wp\/v2\/types\/product"}],"wp:featuredmedia":[{"embeddable":true,"href":"https:\/\/www.gruppoliturgico.com\/es\/wp-json\/wp\/v2\/media\/131025"}],"wp:attachment":[{"href":"https:\/\/www.gruppoliturgico.com\/es\/wp-json\/wp\/v2\/media?parent=65451"}],"wp:term":[{"taxonomy":"product_cat","embeddable":true,"href":"https:\/\/www.gruppoliturgico.com\/es\/wp-json\/wp\/v2\/product_cat?post=65451"},{"taxonomy":"product_tag","embeddable":true,"href":"https:\/\/www.gruppoliturgico.com\/es\/wp-json\/wp\/v2\/product_tag?post=65451"}],"curies":[{"name":"wp","href":"https:\/\/api.w.org\/{rel}","templated":true}]}}