{"id":65435,"date":"2022-05-20T00:53:00","date_gmt":"2022-05-19T22:54:04","guid":{"rendered":"https:\/\/www.gruppoliturgico.com\/prodotto\/casulla-30\/"},"modified":"2022-06-02T12:12:20","modified_gmt":"2022-06-02T10:12:20","slug":"casulla-30","status":"publish","type":"product","link":"https:\/\/www.gruppoliturgico.com\/es\/producto\/casulla-30\/","title":{"rendered":"Casulla"},"content":{"rendered":"<html><body><p>Casulla de lana 65% y trevira 35%.<br>\nRealizada en telar y a mano se distingue por su sencillez y por su gran distinci\u00f3n.<br>\nEl tejido lleva una urdimbre de l\u00edneas formadas por hilos del color lit\u00fargico deseado.<br>\nEl bordado se repite en la parte trasera de la casulla.<br>\n La gran cruz central est\u00e1 bordada en relieve con hilos dorados.   <\/p>\n<\/body><\/html>","protected":false},"excerpt":{"rendered":"<p>Casulla de lana 65% y trevira 35%.<br \/>\nRealizada en telar y a mano se distingue por su sencillez y por su gran distinci\u00f3n.<br \/>\nEl tejido lleva una urdimbre de l\u00edneas formadas por hilos del color lit\u00fargico deseado.<br \/>\nEl bordado se repite en la parte trasera de la casulla.<br \/>\n La gran cruz central est\u00e1 bordada en relieve con hilos dorados.   <\/p>\n","protected":false},"featured_media":128703,"template":"","meta":[],"product_cat":[12239,12243],"product_tag":[],"yoast_head":"<!-- This site is optimized with the Yoast SEO plugin v20.4 - https:\/\/yoast.com\/wordpress\/plugins\/seo\/ -->\n<title>Casulla - tejidas a mano, colecci\u00f3n cl\u00e1sica y Laboratorio Gruppo Liturgico<\/title>\n<meta name=\"description\" content=\"Casulla de lana 65% y trevira 35%.  Realizada en telar y a mano se distingue por su sencillez y por su gran distinci\u00f3n.  El tejido lleva una urdimbre de l\u00edneas formadas por hilos del color lit\u00fargico deseado. El bordado se repite en la parte trasera de la casulla.  La gran cruz central est\u00e1 bordada en relieve con hilos dorados.\" \/>\n<meta name=\"robots\" content=\"index, follow, max-snippet:-1, max-image-preview:large, max-video-preview:-1\" \/>\n<link rel=\"canonical\" href=\"https:\/\/www.gruppoliturgico.com\/es\/producto\/casulla-30\/\" \/>\n<meta property=\"og:locale\" content=\"es_ES\" \/>\n<meta property=\"og:type\" content=\"article\" \/>\n<meta property=\"og:title\" content=\"Casulla - tejidas a mano, colecci\u00f3n cl\u00e1sica y Laboratorio Gruppo Liturgico\" \/>\n<meta property=\"og:description\" content=\"Casulla de lana 65% y trevira 35%.  Realizada en telar y a mano se distingue por su sencillez y por su gran distinci\u00f3n.  El tejido lleva una urdimbre de l\u00edneas formadas por hilos del color lit\u00fargico deseado. El bordado se repite en la parte trasera de la casulla.  La gran cruz central est\u00e1 bordada en relieve con hilos dorados.\" \/>\n<meta property=\"og:url\" content=\"https:\/\/www.gruppoliturgico.com\/es\/producto\/casulla-30\/\" \/>\n<meta property=\"og:site_name\" content=\"Laboratorio Gruppo Liturgico\" \/>\n<meta property=\"article:modified_time\" content=\"2022-06-02T10:12:20+00:00\" \/>\n<meta property=\"og:image\" content=\"https:\/\/www.gruppoliturgico.com\/wp-content\/uploads\/2022\/05\/3082.jpg\" \/>\n\t<meta property=\"og:image:width\" content=\"1336\" \/>\n\t<meta property=\"og:image:height\" content=\"2000\" \/>\n\t<meta property=\"og:image:type\" content=\"image\/jpeg\" \/>\n<meta name=\"twitter:card\" content=\"summary_large_image\" \/>\n<script type=\"application\/ld+json\" class=\"yoast-schema-graph\">{\"@context\":\"https:\/\/schema.org\",\"@graph\":[{\"@type\":\"WebPage\",\"@id\":\"https:\/\/www.gruppoliturgico.com\/es\/producto\/casulla-30\/\",\"url\":\"https:\/\/www.gruppoliturgico.com\/es\/producto\/casulla-30\/\",\"name\":\"Casulla - tejidas a mano, colecci\u00f3n cl\u00e1sica y Laboratorio Gruppo Liturgico\",\"isPartOf\":{\"@id\":\"https:\/\/www.gruppoliturgico.com\/es\/#website\"},\"datePublished\":\"2022-05-19T22:54:04+00:00\",\"dateModified\":\"2022-06-02T10:12:20+00:00\",\"description\":\"Casulla de lana 65% y trevira 35%. Realizada en telar y a mano se distingue por su sencillez y por su gran distinci\u00f3n. El tejido lleva una urdimbre de l\u00edneas formadas por hilos del color lit\u00fargico deseado. El bordado se repite en la parte trasera de la casulla. La gran cruz central est\u00e1 bordada en relieve con hilos dorados.\",\"breadcrumb\":{\"@id\":\"https:\/\/www.gruppoliturgico.com\/es\/producto\/casulla-30\/#breadcrumb\"},\"inLanguage\":\"es\",\"potentialAction\":[{\"@type\":\"ReadAction\",\"target\":[\"https:\/\/www.gruppoliturgico.com\/es\/producto\/casulla-30\/\"]}]},{\"@type\":\"BreadcrumbList\",\"@id\":\"https:\/\/www.gruppoliturgico.com\/es\/producto\/casulla-30\/#breadcrumb\",\"itemListElement\":[{\"@type\":\"ListItem\",\"position\":1,\"name\":\"Home\",\"item\":\"https:\/\/www.gruppoliturgico.com\/es\/\"},{\"@type\":\"ListItem\",\"position\":2,\"name\":\"Tienda\",\"item\":\"https:\/\/www.gruppoliturgico.com\/es\/tienda\/\"},{\"@type\":\"ListItem\",\"position\":3,\"name\":\"Casulla\"}]},{\"@type\":\"WebSite\",\"@id\":\"https:\/\/www.gruppoliturgico.com\/es\/#website\",\"url\":\"https:\/\/www.gruppoliturgico.com\/es\/\",\"name\":\"Laboratorio Gruppo Liturgico\",\"description\":\"Articoli Religiosi online\",\"publisher\":{\"@id\":\"https:\/\/www.gruppoliturgico.com\/es\/#organization\"},\"potentialAction\":[{\"@type\":\"SearchAction\",\"target\":{\"@type\":\"EntryPoint\",\"urlTemplate\":\"https:\/\/www.gruppoliturgico.com\/es\/?s={search_term_string}\"},\"query-input\":\"required name=search_term_string\"}],\"inLanguage\":\"es\"},{\"@type\":\"Organization\",\"@id\":\"https:\/\/www.gruppoliturgico.com\/es\/#organization\",\"name\":\"Laboratorio Gruppo Liturgico\",\"url\":\"https:\/\/www.gruppoliturgico.com\/es\/\",\"logo\":{\"@type\":\"ImageObject\",\"inLanguage\":\"es\",\"@id\":\"https:\/\/www.gruppoliturgico.com\/es\/#\/schema\/logo\/image\/\",\"url\":\"https:\/\/www.gruppoliturgico.com\/wp-content\/uploads\/2022\/02\/logo-laboratoriogruppoliturgico.png\",\"contentUrl\":\"https:\/\/www.gruppoliturgico.com\/wp-content\/uploads\/2022\/02\/logo-laboratoriogruppoliturgico.png\",\"width\":400,\"height\":114,\"caption\":\"Laboratorio Gruppo Liturgico\"},\"image\":{\"@id\":\"https:\/\/www.gruppoliturgico.com\/es\/#\/schema\/logo\/image\/\"}}]}<\/script>\n<!-- \/ Yoast SEO plugin. -->","yoast_head_json":{"title":"Casulla - tejidas a mano, colecci\u00f3n cl\u00e1sica y Laboratorio Gruppo Liturgico","description":"Casulla de lana 65% y trevira 35%.  Realizada en telar y a mano se distingue por su sencillez y por su gran distinci\u00f3n.  El tejido lleva una urdimbre de l\u00edneas formadas por hilos del color lit\u00fargico deseado. El bordado se repite en la parte trasera de la casulla.  La gran cruz central est\u00e1 bordada en relieve con hilos dorados.","robots":{"index":"index","follow":"follow","max-snippet":"max-snippet:-1","max-image-preview":"max-image-preview:large","max-video-preview":"max-video-preview:-1"},"canonical":"https:\/\/www.gruppoliturgico.com\/es\/producto\/casulla-30\/","og_locale":"es_ES","og_type":"article","og_title":"Casulla - tejidas a mano, colecci\u00f3n cl\u00e1sica y Laboratorio Gruppo Liturgico","og_description":"Casulla de lana 65% y trevira 35%.  Realizada en telar y a mano se distingue por su sencillez y por su gran distinci\u00f3n.  El tejido lleva una urdimbre de l\u00edneas formadas por hilos del color lit\u00fargico deseado. El bordado se repite en la parte trasera de la casulla.  La gran cruz central est\u00e1 bordada en relieve con hilos dorados.","og_url":"https:\/\/www.gruppoliturgico.com\/es\/producto\/casulla-30\/","og_site_name":"Laboratorio Gruppo Liturgico","article_modified_time":"2022-06-02T10:12:20+00:00","og_image":[{"width":1336,"height":2000,"url":"https:\/\/www.gruppoliturgico.com\/wp-content\/uploads\/2022\/05\/3082.jpg","type":"image\/jpeg"}],"twitter_card":"summary_large_image","schema":{"@context":"https:\/\/schema.org","@graph":[{"@type":"WebPage","@id":"https:\/\/www.gruppoliturgico.com\/es\/producto\/casulla-30\/","url":"https:\/\/www.gruppoliturgico.com\/es\/producto\/casulla-30\/","name":"Casulla - tejidas a mano, colecci\u00f3n cl\u00e1sica y Laboratorio Gruppo Liturgico","isPartOf":{"@id":"https:\/\/www.gruppoliturgico.com\/es\/#website"},"datePublished":"2022-05-19T22:54:04+00:00","dateModified":"2022-06-02T10:12:20+00:00","description":"Casulla de lana 65% y trevira 35%. Realizada en telar y a mano se distingue por su sencillez y por su gran distinci\u00f3n. El tejido lleva una urdimbre de l\u00edneas formadas por hilos del color lit\u00fargico deseado. El bordado se repite en la parte trasera de la casulla. La gran cruz central est\u00e1 bordada en relieve con hilos dorados.","breadcrumb":{"@id":"https:\/\/www.gruppoliturgico.com\/es\/producto\/casulla-30\/#breadcrumb"},"inLanguage":"es","potentialAction":[{"@type":"ReadAction","target":["https:\/\/www.gruppoliturgico.com\/es\/producto\/casulla-30\/"]}]},{"@type":"BreadcrumbList","@id":"https:\/\/www.gruppoliturgico.com\/es\/producto\/casulla-30\/#breadcrumb","itemListElement":[{"@type":"ListItem","position":1,"name":"Home","item":"https:\/\/www.gruppoliturgico.com\/es\/"},{"@type":"ListItem","position":2,"name":"Tienda","item":"https:\/\/www.gruppoliturgico.com\/es\/tienda\/"},{"@type":"ListItem","position":3,"name":"Casulla"}]},{"@type":"WebSite","@id":"https:\/\/www.gruppoliturgico.com\/es\/#website","url":"https:\/\/www.gruppoliturgico.com\/es\/","name":"Laboratorio Gruppo Liturgico","description":"Articoli Religiosi online","publisher":{"@id":"https:\/\/www.gruppoliturgico.com\/es\/#organization"},"potentialAction":[{"@type":"SearchAction","target":{"@type":"EntryPoint","urlTemplate":"https:\/\/www.gruppoliturgico.com\/es\/?s={search_term_string}"},"query-input":"required name=search_term_string"}],"inLanguage":"es"},{"@type":"Organization","@id":"https:\/\/www.gruppoliturgico.com\/es\/#organization","name":"Laboratorio Gruppo Liturgico","url":"https:\/\/www.gruppoliturgico.com\/es\/","logo":{"@type":"ImageObject","inLanguage":"es","@id":"https:\/\/www.gruppoliturgico.com\/es\/#\/schema\/logo\/image\/","url":"https:\/\/www.gruppoliturgico.com\/wp-content\/uploads\/2022\/02\/logo-laboratoriogruppoliturgico.png","contentUrl":"https:\/\/www.gruppoliturgico.com\/wp-content\/uploads\/2022\/02\/logo-laboratoriogruppoliturgico.png","width":400,"height":114,"caption":"Laboratorio Gruppo Liturgico"},"image":{"@id":"https:\/\/www.gruppoliturgico.com\/es\/#\/schema\/logo\/image\/"}}]}},"_links":{"self":[{"href":"https:\/\/www.gruppoliturgico.com\/es\/wp-json\/wp\/v2\/product\/65435"}],"collection":[{"href":"https:\/\/www.gruppoliturgico.com\/es\/wp-json\/wp\/v2\/product"}],"about":[{"href":"https:\/\/www.gruppoliturgico.com\/es\/wp-json\/wp\/v2\/types\/product"}],"wp:featuredmedia":[{"embeddable":true,"href":"https:\/\/www.gruppoliturgico.com\/es\/wp-json\/wp\/v2\/media\/128703"}],"wp:attachment":[{"href":"https:\/\/www.gruppoliturgico.com\/es\/wp-json\/wp\/v2\/media?parent=65435"}],"wp:term":[{"taxonomy":"product_cat","embeddable":true,"href":"https:\/\/www.gruppoliturgico.com\/es\/wp-json\/wp\/v2\/product_cat?post=65435"},{"taxonomy":"product_tag","embeddable":true,"href":"https:\/\/www.gruppoliturgico.com\/es\/wp-json\/wp\/v2\/product_tag?post=65435"}],"curies":[{"name":"wp","href":"https:\/\/api.w.org\/{rel}","templated":true}]}}