{"id":65431,"date":"2022-05-20T00:53:42","date_gmt":"2022-05-19T22:53:51","guid":{"rendered":"https:\/\/www.gruppoliturgico.com\/prodotto\/icono-bizantino\/"},"modified":"2022-05-20T08:45:30","modified_gmt":"2022-05-20T06:45:30","slug":"icono-bizantino","status":"publish","type":"product","link":"https:\/\/www.gruppoliturgico.com\/es\/producto\/icono-bizantino\/","title":{"rendered":"Icono bizantino"},"content":{"rendered":"<html><body><p>Icono bizantino pintado a mano.<br>\nTanto la madera como la tela han sido sometidos a un proceso de envejecimiento.<br>\nLa decoraci\u00f3n de la figura se ha obtenido con t\u00e9mpera, las doraduras se han realizado con hoja de oro.<br>\nSe env\u00eda en un elegante estuche con certificado de calidad.<\/p>\n<p>Dimensiones 18 x 22 cm<\/p>\n<\/body><\/html>","protected":false},"excerpt":{"rendered":"<p>Icono bizantino pintado a mano.<br \/>\nTanto la madera como la tela han sido sometidos a un proceso de envejecimiento.<br \/>\nLa decoraci\u00f3n de la figura se ha obtenido con t\u00e9mpera, las doraduras se han realizado con hoja de oro.<br \/>\nSe env\u00eda en un elegante estuche con certificado de calidad.<\/p>\n<p>Dimensiones 18 x 22 cm<\/p>\n","protected":false},"featured_media":75771,"template":"","meta":[],"product_cat":[11979],"product_tag":[],"yoast_head":"<!-- This site is optimized with the Yoast SEO plugin v20.4 - https:\/\/yoast.com\/wordpress\/plugins\/seo\/ -->\n<title>Icono bizantino - iconos y Laboratorio Gruppo Liturgico<\/title>\n<meta name=\"description\" content=\"Icono bizantino pintado a mano. Tanto la madera como la tela han sido sometidos a un proceso de envejecimiento. La decoraci\u00f3n de la figura se ha obtenido con t\u00e9mpera, las doraduras se han realizado con hoja de oro. Se env\u00eda en un elegante estuche con certificado de calidad.  Dimensiones 18 x 22 cm\" \/>\n<meta name=\"robots\" content=\"index, follow, max-snippet:-1, max-image-preview:large, max-video-preview:-1\" \/>\n<link rel=\"canonical\" href=\"https:\/\/www.gruppoliturgico.com\/es\/producto\/icono-bizantino\/\" \/>\n<meta property=\"og:locale\" content=\"es_ES\" \/>\n<meta property=\"og:type\" content=\"article\" \/>\n<meta property=\"og:title\" content=\"Icono bizantino - iconos y Laboratorio Gruppo Liturgico\" \/>\n<meta property=\"og:description\" content=\"Icono bizantino pintado a mano. Tanto la madera como la tela han sido sometidos a un proceso de envejecimiento. La decoraci\u00f3n de la figura se ha obtenido con t\u00e9mpera, las doraduras se han realizado con hoja de oro. Se env\u00eda en un elegante estuche con certificado de calidad.  Dimensiones 18 x 22 cm\" \/>\n<meta property=\"og:url\" content=\"https:\/\/www.gruppoliturgico.com\/es\/producto\/icono-bizantino\/\" \/>\n<meta property=\"og:site_name\" content=\"Laboratorio Gruppo Liturgico\" \/>\n<meta property=\"article:modified_time\" content=\"2022-05-20T06:45:30+00:00\" \/>\n<meta property=\"og:image\" content=\"https:\/\/www.gruppoliturgico.com\/wp-content\/uploads\/2022\/05\/2504_0.jpg\" \/>\n\t<meta property=\"og:image:width\" content=\"1164\" \/>\n\t<meta property=\"og:image:height\" content=\"1500\" \/>\n\t<meta property=\"og:image:type\" content=\"image\/jpeg\" \/>\n<meta name=\"twitter:card\" content=\"summary_large_image\" \/>\n<script type=\"application\/ld+json\" class=\"yoast-schema-graph\">{\"@context\":\"https:\/\/schema.org\",\"@graph\":[{\"@type\":\"WebPage\",\"@id\":\"https:\/\/www.gruppoliturgico.com\/es\/producto\/icono-bizantino\/\",\"url\":\"https:\/\/www.gruppoliturgico.com\/es\/producto\/icono-bizantino\/\",\"name\":\"Icono bizantino - iconos y Laboratorio Gruppo Liturgico\",\"isPartOf\":{\"@id\":\"https:\/\/www.gruppoliturgico.com\/es\/#website\"},\"datePublished\":\"2022-05-19T22:53:51+00:00\",\"dateModified\":\"2022-05-20T06:45:30+00:00\",\"description\":\"Icono bizantino pintado a mano. Tanto la madera como la tela han sido sometidos a un proceso de envejecimiento. La decoraci\u00f3n de la figura se ha obtenido con t\u00e9mpera, las doraduras se han realizado con hoja de oro. Se env\u00eda en un elegante estuche con certificado de calidad. Dimensiones 18 x 22 cm\",\"breadcrumb\":{\"@id\":\"https:\/\/www.gruppoliturgico.com\/es\/producto\/icono-bizantino\/#breadcrumb\"},\"inLanguage\":\"es\",\"potentialAction\":[{\"@type\":\"ReadAction\",\"target\":[\"https:\/\/www.gruppoliturgico.com\/es\/producto\/icono-bizantino\/\"]}]},{\"@type\":\"BreadcrumbList\",\"@id\":\"https:\/\/www.gruppoliturgico.com\/es\/producto\/icono-bizantino\/#breadcrumb\",\"itemListElement\":[{\"@type\":\"ListItem\",\"position\":1,\"name\":\"Home\",\"item\":\"https:\/\/www.gruppoliturgico.com\/es\/\"},{\"@type\":\"ListItem\",\"position\":2,\"name\":\"Tienda\",\"item\":\"https:\/\/www.gruppoliturgico.com\/es\/tienda\/\"},{\"@type\":\"ListItem\",\"position\":3,\"name\":\"Icono bizantino\"}]},{\"@type\":\"WebSite\",\"@id\":\"https:\/\/www.gruppoliturgico.com\/es\/#website\",\"url\":\"https:\/\/www.gruppoliturgico.com\/es\/\",\"name\":\"Laboratorio Gruppo Liturgico\",\"description\":\"Articoli Religiosi online\",\"publisher\":{\"@id\":\"https:\/\/www.gruppoliturgico.com\/es\/#organization\"},\"potentialAction\":[{\"@type\":\"SearchAction\",\"target\":{\"@type\":\"EntryPoint\",\"urlTemplate\":\"https:\/\/www.gruppoliturgico.com\/es\/?s={search_term_string}\"},\"query-input\":\"required name=search_term_string\"}],\"inLanguage\":\"es\"},{\"@type\":\"Organization\",\"@id\":\"https:\/\/www.gruppoliturgico.com\/es\/#organization\",\"name\":\"Laboratorio Gruppo Liturgico\",\"url\":\"https:\/\/www.gruppoliturgico.com\/es\/\",\"logo\":{\"@type\":\"ImageObject\",\"inLanguage\":\"es\",\"@id\":\"https:\/\/www.gruppoliturgico.com\/es\/#\/schema\/logo\/image\/\",\"url\":\"https:\/\/www.gruppoliturgico.com\/wp-content\/uploads\/2022\/02\/logo-laboratoriogruppoliturgico.png\",\"contentUrl\":\"https:\/\/www.gruppoliturgico.com\/wp-content\/uploads\/2022\/02\/logo-laboratoriogruppoliturgico.png\",\"width\":400,\"height\":114,\"caption\":\"Laboratorio Gruppo Liturgico\"},\"image\":{\"@id\":\"https:\/\/www.gruppoliturgico.com\/es\/#\/schema\/logo\/image\/\"}}]}<\/script>\n<!-- \/ Yoast SEO plugin. -->","yoast_head_json":{"title":"Icono bizantino - iconos y Laboratorio Gruppo Liturgico","description":"Icono bizantino pintado a mano. Tanto la madera como la tela han sido sometidos a un proceso de envejecimiento. La decoraci\u00f3n de la figura se ha obtenido con t\u00e9mpera, las doraduras se han realizado con hoja de oro. Se env\u00eda en un elegante estuche con certificado de calidad.  Dimensiones 18 x 22 cm","robots":{"index":"index","follow":"follow","max-snippet":"max-snippet:-1","max-image-preview":"max-image-preview:large","max-video-preview":"max-video-preview:-1"},"canonical":"https:\/\/www.gruppoliturgico.com\/es\/producto\/icono-bizantino\/","og_locale":"es_ES","og_type":"article","og_title":"Icono bizantino - iconos y Laboratorio Gruppo Liturgico","og_description":"Icono bizantino pintado a mano. Tanto la madera como la tela han sido sometidos a un proceso de envejecimiento. La decoraci\u00f3n de la figura se ha obtenido con t\u00e9mpera, las doraduras se han realizado con hoja de oro. Se env\u00eda en un elegante estuche con certificado de calidad.  Dimensiones 18 x 22 cm","og_url":"https:\/\/www.gruppoliturgico.com\/es\/producto\/icono-bizantino\/","og_site_name":"Laboratorio Gruppo Liturgico","article_modified_time":"2022-05-20T06:45:30+00:00","og_image":[{"width":1164,"height":1500,"url":"https:\/\/www.gruppoliturgico.com\/wp-content\/uploads\/2022\/05\/2504_0.jpg","type":"image\/jpeg"}],"twitter_card":"summary_large_image","schema":{"@context":"https:\/\/schema.org","@graph":[{"@type":"WebPage","@id":"https:\/\/www.gruppoliturgico.com\/es\/producto\/icono-bizantino\/","url":"https:\/\/www.gruppoliturgico.com\/es\/producto\/icono-bizantino\/","name":"Icono bizantino - iconos y Laboratorio Gruppo Liturgico","isPartOf":{"@id":"https:\/\/www.gruppoliturgico.com\/es\/#website"},"datePublished":"2022-05-19T22:53:51+00:00","dateModified":"2022-05-20T06:45:30+00:00","description":"Icono bizantino pintado a mano. Tanto la madera como la tela han sido sometidos a un proceso de envejecimiento. La decoraci\u00f3n de la figura se ha obtenido con t\u00e9mpera, las doraduras se han realizado con hoja de oro. Se env\u00eda en un elegante estuche con certificado de calidad. Dimensiones 18 x 22 cm","breadcrumb":{"@id":"https:\/\/www.gruppoliturgico.com\/es\/producto\/icono-bizantino\/#breadcrumb"},"inLanguage":"es","potentialAction":[{"@type":"ReadAction","target":["https:\/\/www.gruppoliturgico.com\/es\/producto\/icono-bizantino\/"]}]},{"@type":"BreadcrumbList","@id":"https:\/\/www.gruppoliturgico.com\/es\/producto\/icono-bizantino\/#breadcrumb","itemListElement":[{"@type":"ListItem","position":1,"name":"Home","item":"https:\/\/www.gruppoliturgico.com\/es\/"},{"@type":"ListItem","position":2,"name":"Tienda","item":"https:\/\/www.gruppoliturgico.com\/es\/tienda\/"},{"@type":"ListItem","position":3,"name":"Icono bizantino"}]},{"@type":"WebSite","@id":"https:\/\/www.gruppoliturgico.com\/es\/#website","url":"https:\/\/www.gruppoliturgico.com\/es\/","name":"Laboratorio Gruppo Liturgico","description":"Articoli Religiosi online","publisher":{"@id":"https:\/\/www.gruppoliturgico.com\/es\/#organization"},"potentialAction":[{"@type":"SearchAction","target":{"@type":"EntryPoint","urlTemplate":"https:\/\/www.gruppoliturgico.com\/es\/?s={search_term_string}"},"query-input":"required name=search_term_string"}],"inLanguage":"es"},{"@type":"Organization","@id":"https:\/\/www.gruppoliturgico.com\/es\/#organization","name":"Laboratorio Gruppo Liturgico","url":"https:\/\/www.gruppoliturgico.com\/es\/","logo":{"@type":"ImageObject","inLanguage":"es","@id":"https:\/\/www.gruppoliturgico.com\/es\/#\/schema\/logo\/image\/","url":"https:\/\/www.gruppoliturgico.com\/wp-content\/uploads\/2022\/02\/logo-laboratoriogruppoliturgico.png","contentUrl":"https:\/\/www.gruppoliturgico.com\/wp-content\/uploads\/2022\/02\/logo-laboratoriogruppoliturgico.png","width":400,"height":114,"caption":"Laboratorio Gruppo Liturgico"},"image":{"@id":"https:\/\/www.gruppoliturgico.com\/es\/#\/schema\/logo\/image\/"}}]}},"_links":{"self":[{"href":"https:\/\/www.gruppoliturgico.com\/es\/wp-json\/wp\/v2\/product\/65431"}],"collection":[{"href":"https:\/\/www.gruppoliturgico.com\/es\/wp-json\/wp\/v2\/product"}],"about":[{"href":"https:\/\/www.gruppoliturgico.com\/es\/wp-json\/wp\/v2\/types\/product"}],"wp:featuredmedia":[{"embeddable":true,"href":"https:\/\/www.gruppoliturgico.com\/es\/wp-json\/wp\/v2\/media\/75771"}],"wp:attachment":[{"href":"https:\/\/www.gruppoliturgico.com\/es\/wp-json\/wp\/v2\/media?parent=65431"}],"wp:term":[{"taxonomy":"product_cat","embeddable":true,"href":"https:\/\/www.gruppoliturgico.com\/es\/wp-json\/wp\/v2\/product_cat?post=65431"},{"taxonomy":"product_tag","embeddable":true,"href":"https:\/\/www.gruppoliturgico.com\/es\/wp-json\/wp\/v2\/product_tag?post=65431"}],"curies":[{"name":"wp","href":"https:\/\/api.w.org\/{rel}","templated":true}]}}