{"id":65331,"date":"2022-05-20T00:47:36","date_gmt":"2022-05-19T22:47:47","guid":{"rendered":"https:\/\/www.gruppoliturgico.com\/prodotto\/lamparario-electronico-4\/"},"modified":"2022-06-02T12:08:30","modified_gmt":"2022-06-02T10:08:30","slug":"lamparario-electronico-4","status":"publish","type":"product","link":"https:\/\/www.gruppoliturgico.com\/es\/producto\/lamparario-electronico-4\/","title":{"rendered":"Lamparario electr\u00f3nico"},"content":{"rendered":"<html><body><p>Candelero votivo con pie de imitaci\u00f3n de m\u00e1rmol de metal dorado.<br>\nDisponible tanto en la versi\u00f3n de encendido autom\u00e1tico como manual, con 31 mini velones.<br>\nAUTOM\u00c1TICO \u2013<br>\n31 mini velones independientes con encendido y apagado autom\u00e1ticos.<br>\nTemporizador de 5 a 120 minutos.<br>\nMANUAL \u2013 31 mini velones de encendido manual.<\/p>\n<p>Dimensiones 80 x 21 x 100 cm<\/p>\n<\/body><\/html>","protected":false},"excerpt":{"rendered":"<p>Candelero votivo con pie de imitaci\u00f3n de m\u00e1rmol de metal dorado.<br \/>\nDisponible tanto en la versi\u00f3n de encendido autom\u00e1tico como manual, con 31 mini velones.<br \/>\nAUTOM\u00c1TICO &#8211;<br \/>\n31 mini velones independientes con encendido y apagado autom\u00e1ticos.<br \/>\nTemporizador de 5 a 120 minutos.<br \/>\nMANUAL &#8211; 31 mini velones de encendido manual.<\/p>\n<p>Dimensiones 80 x 21 x 100 cm<\/p>\n","protected":false},"featured_media":132451,"template":"","meta":[],"product_cat":[12375],"product_tag":[],"yoast_head":"<!-- This site is optimized with the Yoast SEO plugin v20.4 - https:\/\/yoast.com\/wordpress\/plugins\/seo\/ -->\n<title>Lamparario electr\u00f3nico - lampararios electr\u00f3nicos y Laboratorio Gruppo Liturgico<\/title>\n<meta name=\"description\" content=\"Candelero votivo con pie de imitaci\u00f3n de m\u00e1rmol de metal dorado.  Disponible tanto en la versi\u00f3n de encendido autom\u00e1tico como manual, con 31 mini velones. AUTOM\u00c1TICO -  31 mini velones independientes con encendido y apagado autom\u00e1ticos. Temporizador de 5 a 120 minutos. MANUAL - 31 mini velones de encendido manual.  Dimensiones 80 x 21 x 100 cm\" \/>\n<meta name=\"robots\" content=\"index, follow, max-snippet:-1, max-image-preview:large, max-video-preview:-1\" \/>\n<link rel=\"canonical\" href=\"https:\/\/www.gruppoliturgico.com\/es\/producto\/lamparario-electronico-4\/\" \/>\n<meta property=\"og:locale\" content=\"es_ES\" \/>\n<meta property=\"og:type\" content=\"article\" \/>\n<meta property=\"og:title\" content=\"Lamparario electr\u00f3nico - lampararios electr\u00f3nicos y Laboratorio Gruppo Liturgico\" \/>\n<meta property=\"og:description\" content=\"Candelero votivo con pie de imitaci\u00f3n de m\u00e1rmol de metal dorado.  Disponible tanto en la versi\u00f3n de encendido autom\u00e1tico como manual, con 31 mini velones. AUTOM\u00c1TICO -  31 mini velones independientes con encendido y apagado autom\u00e1ticos. Temporizador de 5 a 120 minutos. MANUAL - 31 mini velones de encendido manual.  Dimensiones 80 x 21 x 100 cm\" \/>\n<meta property=\"og:url\" content=\"https:\/\/www.gruppoliturgico.com\/es\/producto\/lamparario-electronico-4\/\" \/>\n<meta property=\"og:site_name\" content=\"Laboratorio Gruppo Liturgico\" \/>\n<meta property=\"article:modified_time\" content=\"2022-06-02T10:08:30+00:00\" \/>\n<meta property=\"og:image\" content=\"https:\/\/www.gruppoliturgico.com\/wp-content\/uploads\/2022\/05\/86020lumini.jpg\" \/>\n\t<meta property=\"og:image:width\" content=\"1215\" \/>\n\t<meta property=\"og:image:height\" content=\"1500\" \/>\n\t<meta property=\"og:image:type\" content=\"image\/jpeg\" \/>\n<meta name=\"twitter:card\" content=\"summary_large_image\" \/>\n<script type=\"application\/ld+json\" class=\"yoast-schema-graph\">{\"@context\":\"https:\/\/schema.org\",\"@graph\":[{\"@type\":\"WebPage\",\"@id\":\"https:\/\/www.gruppoliturgico.com\/es\/producto\/lamparario-electronico-4\/\",\"url\":\"https:\/\/www.gruppoliturgico.com\/es\/producto\/lamparario-electronico-4\/\",\"name\":\"Lamparario electr\u00f3nico - lampararios electr\u00f3nicos y Laboratorio Gruppo Liturgico\",\"isPartOf\":{\"@id\":\"https:\/\/www.gruppoliturgico.com\/es\/#website\"},\"datePublished\":\"2022-05-19T22:47:47+00:00\",\"dateModified\":\"2022-06-02T10:08:30+00:00\",\"description\":\"Candelero votivo con pie de imitaci\u00f3n de m\u00e1rmol de metal dorado. Disponible tanto en la versi\u00f3n de encendido autom\u00e1tico como manual, con 31 mini velones. AUTOM\u00c1TICO - 31 mini velones independientes con encendido y apagado autom\u00e1ticos. Temporizador de 5 a 120 minutos. MANUAL - 31 mini velones de encendido manual. Dimensiones 80 x 21 x 100 cm\",\"breadcrumb\":{\"@id\":\"https:\/\/www.gruppoliturgico.com\/es\/producto\/lamparario-electronico-4\/#breadcrumb\"},\"inLanguage\":\"es\",\"potentialAction\":[{\"@type\":\"ReadAction\",\"target\":[\"https:\/\/www.gruppoliturgico.com\/es\/producto\/lamparario-electronico-4\/\"]}]},{\"@type\":\"BreadcrumbList\",\"@id\":\"https:\/\/www.gruppoliturgico.com\/es\/producto\/lamparario-electronico-4\/#breadcrumb\",\"itemListElement\":[{\"@type\":\"ListItem\",\"position\":1,\"name\":\"Home\",\"item\":\"https:\/\/www.gruppoliturgico.com\/es\/\"},{\"@type\":\"ListItem\",\"position\":2,\"name\":\"Tienda\",\"item\":\"https:\/\/www.gruppoliturgico.com\/es\/tienda\/\"},{\"@type\":\"ListItem\",\"position\":3,\"name\":\"Lamparario electr\u00f3nico\"}]},{\"@type\":\"WebSite\",\"@id\":\"https:\/\/www.gruppoliturgico.com\/es\/#website\",\"url\":\"https:\/\/www.gruppoliturgico.com\/es\/\",\"name\":\"Laboratorio Gruppo Liturgico\",\"description\":\"Articoli Religiosi online\",\"publisher\":{\"@id\":\"https:\/\/www.gruppoliturgico.com\/es\/#organization\"},\"potentialAction\":[{\"@type\":\"SearchAction\",\"target\":{\"@type\":\"EntryPoint\",\"urlTemplate\":\"https:\/\/www.gruppoliturgico.com\/es\/?s={search_term_string}\"},\"query-input\":\"required name=search_term_string\"}],\"inLanguage\":\"es\"},{\"@type\":\"Organization\",\"@id\":\"https:\/\/www.gruppoliturgico.com\/es\/#organization\",\"name\":\"Laboratorio Gruppo Liturgico\",\"url\":\"https:\/\/www.gruppoliturgico.com\/es\/\",\"logo\":{\"@type\":\"ImageObject\",\"inLanguage\":\"es\",\"@id\":\"https:\/\/www.gruppoliturgico.com\/es\/#\/schema\/logo\/image\/\",\"url\":\"https:\/\/www.gruppoliturgico.com\/wp-content\/uploads\/2022\/02\/logo-laboratoriogruppoliturgico.png\",\"contentUrl\":\"https:\/\/www.gruppoliturgico.com\/wp-content\/uploads\/2022\/02\/logo-laboratoriogruppoliturgico.png\",\"width\":400,\"height\":114,\"caption\":\"Laboratorio Gruppo Liturgico\"},\"image\":{\"@id\":\"https:\/\/www.gruppoliturgico.com\/es\/#\/schema\/logo\/image\/\"}}]}<\/script>\n<!-- \/ Yoast SEO plugin. -->","yoast_head_json":{"title":"Lamparario electr\u00f3nico - lampararios electr\u00f3nicos y Laboratorio Gruppo Liturgico","description":"Candelero votivo con pie de imitaci\u00f3n de m\u00e1rmol de metal dorado.  Disponible tanto en la versi\u00f3n de encendido autom\u00e1tico como manual, con 31 mini velones. AUTOM\u00c1TICO -  31 mini velones independientes con encendido y apagado autom\u00e1ticos. Temporizador de 5 a 120 minutos. MANUAL - 31 mini velones de encendido manual.  Dimensiones 80 x 21 x 100 cm","robots":{"index":"index","follow":"follow","max-snippet":"max-snippet:-1","max-image-preview":"max-image-preview:large","max-video-preview":"max-video-preview:-1"},"canonical":"https:\/\/www.gruppoliturgico.com\/es\/producto\/lamparario-electronico-4\/","og_locale":"es_ES","og_type":"article","og_title":"Lamparario electr\u00f3nico - lampararios electr\u00f3nicos y Laboratorio Gruppo Liturgico","og_description":"Candelero votivo con pie de imitaci\u00f3n de m\u00e1rmol de metal dorado.  Disponible tanto en la versi\u00f3n de encendido autom\u00e1tico como manual, con 31 mini velones. AUTOM\u00c1TICO -  31 mini velones independientes con encendido y apagado autom\u00e1ticos. Temporizador de 5 a 120 minutos. MANUAL - 31 mini velones de encendido manual.  Dimensiones 80 x 21 x 100 cm","og_url":"https:\/\/www.gruppoliturgico.com\/es\/producto\/lamparario-electronico-4\/","og_site_name":"Laboratorio Gruppo Liturgico","article_modified_time":"2022-06-02T10:08:30+00:00","og_image":[{"width":1215,"height":1500,"url":"https:\/\/www.gruppoliturgico.com\/wp-content\/uploads\/2022\/05\/86020lumini.jpg","type":"image\/jpeg"}],"twitter_card":"summary_large_image","schema":{"@context":"https:\/\/schema.org","@graph":[{"@type":"WebPage","@id":"https:\/\/www.gruppoliturgico.com\/es\/producto\/lamparario-electronico-4\/","url":"https:\/\/www.gruppoliturgico.com\/es\/producto\/lamparario-electronico-4\/","name":"Lamparario electr\u00f3nico - lampararios electr\u00f3nicos y Laboratorio Gruppo Liturgico","isPartOf":{"@id":"https:\/\/www.gruppoliturgico.com\/es\/#website"},"datePublished":"2022-05-19T22:47:47+00:00","dateModified":"2022-06-02T10:08:30+00:00","description":"Candelero votivo con pie de imitaci\u00f3n de m\u00e1rmol de metal dorado. Disponible tanto en la versi\u00f3n de encendido autom\u00e1tico como manual, con 31 mini velones. AUTOM\u00c1TICO - 31 mini velones independientes con encendido y apagado autom\u00e1ticos. Temporizador de 5 a 120 minutos. MANUAL - 31 mini velones de encendido manual. Dimensiones 80 x 21 x 100 cm","breadcrumb":{"@id":"https:\/\/www.gruppoliturgico.com\/es\/producto\/lamparario-electronico-4\/#breadcrumb"},"inLanguage":"es","potentialAction":[{"@type":"ReadAction","target":["https:\/\/www.gruppoliturgico.com\/es\/producto\/lamparario-electronico-4\/"]}]},{"@type":"BreadcrumbList","@id":"https:\/\/www.gruppoliturgico.com\/es\/producto\/lamparario-electronico-4\/#breadcrumb","itemListElement":[{"@type":"ListItem","position":1,"name":"Home","item":"https:\/\/www.gruppoliturgico.com\/es\/"},{"@type":"ListItem","position":2,"name":"Tienda","item":"https:\/\/www.gruppoliturgico.com\/es\/tienda\/"},{"@type":"ListItem","position":3,"name":"Lamparario electr\u00f3nico"}]},{"@type":"WebSite","@id":"https:\/\/www.gruppoliturgico.com\/es\/#website","url":"https:\/\/www.gruppoliturgico.com\/es\/","name":"Laboratorio Gruppo Liturgico","description":"Articoli Religiosi online","publisher":{"@id":"https:\/\/www.gruppoliturgico.com\/es\/#organization"},"potentialAction":[{"@type":"SearchAction","target":{"@type":"EntryPoint","urlTemplate":"https:\/\/www.gruppoliturgico.com\/es\/?s={search_term_string}"},"query-input":"required name=search_term_string"}],"inLanguage":"es"},{"@type":"Organization","@id":"https:\/\/www.gruppoliturgico.com\/es\/#organization","name":"Laboratorio Gruppo Liturgico","url":"https:\/\/www.gruppoliturgico.com\/es\/","logo":{"@type":"ImageObject","inLanguage":"es","@id":"https:\/\/www.gruppoliturgico.com\/es\/#\/schema\/logo\/image\/","url":"https:\/\/www.gruppoliturgico.com\/wp-content\/uploads\/2022\/02\/logo-laboratoriogruppoliturgico.png","contentUrl":"https:\/\/www.gruppoliturgico.com\/wp-content\/uploads\/2022\/02\/logo-laboratoriogruppoliturgico.png","width":400,"height":114,"caption":"Laboratorio Gruppo Liturgico"},"image":{"@id":"https:\/\/www.gruppoliturgico.com\/es\/#\/schema\/logo\/image\/"}}]}},"_links":{"self":[{"href":"https:\/\/www.gruppoliturgico.com\/es\/wp-json\/wp\/v2\/product\/65331"}],"collection":[{"href":"https:\/\/www.gruppoliturgico.com\/es\/wp-json\/wp\/v2\/product"}],"about":[{"href":"https:\/\/www.gruppoliturgico.com\/es\/wp-json\/wp\/v2\/types\/product"}],"wp:featuredmedia":[{"embeddable":true,"href":"https:\/\/www.gruppoliturgico.com\/es\/wp-json\/wp\/v2\/media\/132451"}],"wp:attachment":[{"href":"https:\/\/www.gruppoliturgico.com\/es\/wp-json\/wp\/v2\/media?parent=65331"}],"wp:term":[{"taxonomy":"product_cat","embeddable":true,"href":"https:\/\/www.gruppoliturgico.com\/es\/wp-json\/wp\/v2\/product_cat?post=65331"},{"taxonomy":"product_tag","embeddable":true,"href":"https:\/\/www.gruppoliturgico.com\/es\/wp-json\/wp\/v2\/product_tag?post=65331"}],"curies":[{"name":"wp","href":"https:\/\/api.w.org\/{rel}","templated":true}]}}