{"id":65159,"date":"2022-05-20T00:36:24","date_gmt":"2022-05-19T22:36:36","guid":{"rendered":"https:\/\/www.gruppoliturgico.com\/prodotto\/custodia-6\/"},"modified":"2022-10-04T15:29:51","modified_gmt":"2022-10-04T13:29:51","slug":"custodia-6","status":"publish","type":"product","link":"https:\/\/www.gruppoliturgico.com\/es\/producto\/custodia-6\/","title":{"rendered":"Custodia"},"content":{"rendered":"<html><body><p>Custodia de lat\u00f3n dorado con partes de bronce fundido.<br>\nEstrella de 24 cm decorada con detalles de fundici\u00f3n de plata.<br>\nEn la base una fusi\u00f3n de espiga de trigo.<br>\nPara Sagrada Forma de 7,5 cm.<br>\nAltura cm 44. <\/p>\n<\/body><\/html>","protected":false},"excerpt":{"rendered":"<p>Custodia de lat\u00f3n dorado con partes de bronce fundido.<br \/>\nEstrella de 24 cm decorada con detalles de fundici\u00f3n de plata.<br \/>\nEn la base una fusi\u00f3n de espiga de trigo.<br \/>\nPara Sagrada Forma de 7,5 cm.<br \/>\nAltura cm 44. <\/p>\n","protected":false},"featured_media":75499,"template":"","meta":[],"product_cat":[12063],"product_tag":[],"yoast_head":"<!-- This site is optimized with the Yoast SEO plugin v20.4 - https:\/\/yoast.com\/wordpress\/plugins\/seo\/ -->\n<title>Custodia - custodias y Laboratorio Gruppo Liturgico<\/title>\n<meta name=\"description\" content=\"Custodia de lat\u00f3n dorado con partes de bronce fundido.  Estrella de 24 cm decorada con detalles de fundici\u00f3n de plata.  En la base una fusi\u00f3n de espiga de trigo. Para Sagrada Forma de 7,5 cm. Altura cm 44.\" \/>\n<meta name=\"robots\" content=\"index, follow, max-snippet:-1, max-image-preview:large, max-video-preview:-1\" \/>\n<link rel=\"canonical\" href=\"https:\/\/www.gruppoliturgico.com\/es\/producto\/custodia-6\/\" \/>\n<meta property=\"og:locale\" content=\"es_ES\" \/>\n<meta property=\"og:type\" content=\"article\" \/>\n<meta property=\"og:title\" content=\"Custodia - custodias y Laboratorio Gruppo Liturgico\" \/>\n<meta property=\"og:description\" content=\"Custodia de lat\u00f3n dorado con partes de bronce fundido.  Estrella de 24 cm decorada con detalles de fundici\u00f3n de plata.  En la base una fusi\u00f3n de espiga de trigo. Para Sagrada Forma de 7,5 cm. Altura cm 44.\" \/>\n<meta property=\"og:url\" content=\"https:\/\/www.gruppoliturgico.com\/es\/producto\/custodia-6\/\" \/>\n<meta property=\"og:site_name\" content=\"Laboratorio Gruppo Liturgico\" \/>\n<meta property=\"article:modified_time\" content=\"2022-10-04T13:29:51+00:00\" \/>\n<meta property=\"og:image\" content=\"https:\/\/www.gruppoliturgico.com\/wp-content\/uploads\/2022\/05\/2865-1.jpg\" \/>\n\t<meta property=\"og:image:width\" content=\"813\" \/>\n\t<meta property=\"og:image:height\" content=\"1500\" \/>\n\t<meta property=\"og:image:type\" content=\"image\/jpeg\" \/>\n<meta name=\"twitter:card\" content=\"summary_large_image\" \/>\n<script type=\"application\/ld+json\" class=\"yoast-schema-graph\">{\"@context\":\"https:\/\/schema.org\",\"@graph\":[{\"@type\":\"WebPage\",\"@id\":\"https:\/\/www.gruppoliturgico.com\/es\/producto\/custodia-6\/\",\"url\":\"https:\/\/www.gruppoliturgico.com\/es\/producto\/custodia-6\/\",\"name\":\"Custodia - custodias y Laboratorio Gruppo Liturgico\",\"isPartOf\":{\"@id\":\"https:\/\/www.gruppoliturgico.com\/es\/#website\"},\"datePublished\":\"2022-05-19T22:36:36+00:00\",\"dateModified\":\"2022-10-04T13:29:51+00:00\",\"description\":\"Custodia de lat\u00f3n dorado con partes de bronce fundido. Estrella de 24 cm decorada con detalles de fundici\u00f3n de plata. En la base una fusi\u00f3n de espiga de trigo. Para Sagrada Forma de 7,5 cm. Altura cm 44.\",\"breadcrumb\":{\"@id\":\"https:\/\/www.gruppoliturgico.com\/es\/producto\/custodia-6\/#breadcrumb\"},\"inLanguage\":\"es\",\"potentialAction\":[{\"@type\":\"ReadAction\",\"target\":[\"https:\/\/www.gruppoliturgico.com\/es\/producto\/custodia-6\/\"]}]},{\"@type\":\"BreadcrumbList\",\"@id\":\"https:\/\/www.gruppoliturgico.com\/es\/producto\/custodia-6\/#breadcrumb\",\"itemListElement\":[{\"@type\":\"ListItem\",\"position\":1,\"name\":\"Home\",\"item\":\"https:\/\/www.gruppoliturgico.com\/es\/\"},{\"@type\":\"ListItem\",\"position\":2,\"name\":\"Tienda\",\"item\":\"https:\/\/www.gruppoliturgico.com\/es\/tienda\/\"},{\"@type\":\"ListItem\",\"position\":3,\"name\":\"Custodia\"}]},{\"@type\":\"WebSite\",\"@id\":\"https:\/\/www.gruppoliturgico.com\/es\/#website\",\"url\":\"https:\/\/www.gruppoliturgico.com\/es\/\",\"name\":\"Laboratorio Gruppo Liturgico\",\"description\":\"Articoli Religiosi online\",\"publisher\":{\"@id\":\"https:\/\/www.gruppoliturgico.com\/es\/#organization\"},\"potentialAction\":[{\"@type\":\"SearchAction\",\"target\":{\"@type\":\"EntryPoint\",\"urlTemplate\":\"https:\/\/www.gruppoliturgico.com\/es\/?s={search_term_string}\"},\"query-input\":\"required name=search_term_string\"}],\"inLanguage\":\"es\"},{\"@type\":\"Organization\",\"@id\":\"https:\/\/www.gruppoliturgico.com\/es\/#organization\",\"name\":\"Laboratorio Gruppo Liturgico\",\"url\":\"https:\/\/www.gruppoliturgico.com\/es\/\",\"logo\":{\"@type\":\"ImageObject\",\"inLanguage\":\"es\",\"@id\":\"https:\/\/www.gruppoliturgico.com\/es\/#\/schema\/logo\/image\/\",\"url\":\"https:\/\/www.gruppoliturgico.com\/wp-content\/uploads\/2022\/02\/logo-laboratoriogruppoliturgico.png\",\"contentUrl\":\"https:\/\/www.gruppoliturgico.com\/wp-content\/uploads\/2022\/02\/logo-laboratoriogruppoliturgico.png\",\"width\":400,\"height\":114,\"caption\":\"Laboratorio Gruppo Liturgico\"},\"image\":{\"@id\":\"https:\/\/www.gruppoliturgico.com\/es\/#\/schema\/logo\/image\/\"}}]}<\/script>\n<!-- \/ Yoast SEO plugin. -->","yoast_head_json":{"title":"Custodia - custodias y Laboratorio Gruppo Liturgico","description":"Custodia de lat\u00f3n dorado con partes de bronce fundido.  Estrella de 24 cm decorada con detalles de fundici\u00f3n de plata.  En la base una fusi\u00f3n de espiga de trigo. Para Sagrada Forma de 7,5 cm. Altura cm 44.","robots":{"index":"index","follow":"follow","max-snippet":"max-snippet:-1","max-image-preview":"max-image-preview:large","max-video-preview":"max-video-preview:-1"},"canonical":"https:\/\/www.gruppoliturgico.com\/es\/producto\/custodia-6\/","og_locale":"es_ES","og_type":"article","og_title":"Custodia - custodias y Laboratorio Gruppo Liturgico","og_description":"Custodia de lat\u00f3n dorado con partes de bronce fundido.  Estrella de 24 cm decorada con detalles de fundici\u00f3n de plata.  En la base una fusi\u00f3n de espiga de trigo. Para Sagrada Forma de 7,5 cm. Altura cm 44.","og_url":"https:\/\/www.gruppoliturgico.com\/es\/producto\/custodia-6\/","og_site_name":"Laboratorio Gruppo Liturgico","article_modified_time":"2022-10-04T13:29:51+00:00","og_image":[{"width":813,"height":1500,"url":"https:\/\/www.gruppoliturgico.com\/wp-content\/uploads\/2022\/05\/2865-1.jpg","type":"image\/jpeg"}],"twitter_card":"summary_large_image","schema":{"@context":"https:\/\/schema.org","@graph":[{"@type":"WebPage","@id":"https:\/\/www.gruppoliturgico.com\/es\/producto\/custodia-6\/","url":"https:\/\/www.gruppoliturgico.com\/es\/producto\/custodia-6\/","name":"Custodia - custodias y Laboratorio Gruppo Liturgico","isPartOf":{"@id":"https:\/\/www.gruppoliturgico.com\/es\/#website"},"datePublished":"2022-05-19T22:36:36+00:00","dateModified":"2022-10-04T13:29:51+00:00","description":"Custodia de lat\u00f3n dorado con partes de bronce fundido. Estrella de 24 cm decorada con detalles de fundici\u00f3n de plata. En la base una fusi\u00f3n de espiga de trigo. Para Sagrada Forma de 7,5 cm. Altura cm 44.","breadcrumb":{"@id":"https:\/\/www.gruppoliturgico.com\/es\/producto\/custodia-6\/#breadcrumb"},"inLanguage":"es","potentialAction":[{"@type":"ReadAction","target":["https:\/\/www.gruppoliturgico.com\/es\/producto\/custodia-6\/"]}]},{"@type":"BreadcrumbList","@id":"https:\/\/www.gruppoliturgico.com\/es\/producto\/custodia-6\/#breadcrumb","itemListElement":[{"@type":"ListItem","position":1,"name":"Home","item":"https:\/\/www.gruppoliturgico.com\/es\/"},{"@type":"ListItem","position":2,"name":"Tienda","item":"https:\/\/www.gruppoliturgico.com\/es\/tienda\/"},{"@type":"ListItem","position":3,"name":"Custodia"}]},{"@type":"WebSite","@id":"https:\/\/www.gruppoliturgico.com\/es\/#website","url":"https:\/\/www.gruppoliturgico.com\/es\/","name":"Laboratorio Gruppo Liturgico","description":"Articoli Religiosi online","publisher":{"@id":"https:\/\/www.gruppoliturgico.com\/es\/#organization"},"potentialAction":[{"@type":"SearchAction","target":{"@type":"EntryPoint","urlTemplate":"https:\/\/www.gruppoliturgico.com\/es\/?s={search_term_string}"},"query-input":"required name=search_term_string"}],"inLanguage":"es"},{"@type":"Organization","@id":"https:\/\/www.gruppoliturgico.com\/es\/#organization","name":"Laboratorio Gruppo Liturgico","url":"https:\/\/www.gruppoliturgico.com\/es\/","logo":{"@type":"ImageObject","inLanguage":"es","@id":"https:\/\/www.gruppoliturgico.com\/es\/#\/schema\/logo\/image\/","url":"https:\/\/www.gruppoliturgico.com\/wp-content\/uploads\/2022\/02\/logo-laboratoriogruppoliturgico.png","contentUrl":"https:\/\/www.gruppoliturgico.com\/wp-content\/uploads\/2022\/02\/logo-laboratoriogruppoliturgico.png","width":400,"height":114,"caption":"Laboratorio Gruppo Liturgico"},"image":{"@id":"https:\/\/www.gruppoliturgico.com\/es\/#\/schema\/logo\/image\/"}}]}},"_links":{"self":[{"href":"https:\/\/www.gruppoliturgico.com\/es\/wp-json\/wp\/v2\/product\/65159"}],"collection":[{"href":"https:\/\/www.gruppoliturgico.com\/es\/wp-json\/wp\/v2\/product"}],"about":[{"href":"https:\/\/www.gruppoliturgico.com\/es\/wp-json\/wp\/v2\/types\/product"}],"wp:featuredmedia":[{"embeddable":true,"href":"https:\/\/www.gruppoliturgico.com\/es\/wp-json\/wp\/v2\/media\/75499"}],"wp:attachment":[{"href":"https:\/\/www.gruppoliturgico.com\/es\/wp-json\/wp\/v2\/media?parent=65159"}],"wp:term":[{"taxonomy":"product_cat","embeddable":true,"href":"https:\/\/www.gruppoliturgico.com\/es\/wp-json\/wp\/v2\/product_cat?post=65159"},{"taxonomy":"product_tag","embeddable":true,"href":"https:\/\/www.gruppoliturgico.com\/es\/wp-json\/wp\/v2\/product_tag?post=65159"}],"curies":[{"name":"wp","href":"https:\/\/api.w.org\/{rel}","templated":true}]}}