{"id":64943,"date":"2022-05-20T00:23:21","date_gmt":"2022-05-19T22:23:32","guid":{"rendered":"https:\/\/www.gruppoliturgico.com\/prodotto\/via-crucis-16\/"},"modified":"2022-10-12T17:01:56","modified_gmt":"2022-10-12T15:01:56","slug":"via-crucis-16","status":"publish","type":"product","link":"https:\/\/www.gruppoliturgico.com\/es\/producto\/via-crucis-16\/","title":{"rendered":"via cr\u00facis"},"content":{"rendered":"<html><body><p>Via cr\u00facis en madera dorada con hoja de oro de estilo florentino.<br>\nLas figuras en color est\u00e1n serigrafiadas y, por lo tanto, son muy resistentes.<br>\nUna forma muy particular con marco muy elaborado.<br>\nLas 15 estaciones.<br>\nA petici\u00f3n se enviar\u00e1n fotograf\u00edas de todas las estaciones.<br>\nAvailable in two different sizes.<\/p>\n<\/body><\/html>","protected":false},"excerpt":{"rendered":"<p>Via cr\u00facis en madera dorada con hoja de oro de estilo florentino.<br \/>\nLas figuras en color est\u00e1n serigrafiadas y, por lo tanto, son muy resistentes.<br \/>\nUna forma muy particular con marco muy elaborado.<br \/>\nLas 15 estaciones.<br \/>\nA petici\u00f3n se enviar\u00e1n fotograf\u00edas de todas las estaciones.<br \/>\nAvailable in two different sizes.<\/p>\n","protected":false},"featured_media":133253,"template":"","meta":[],"product_cat":[11719],"product_tag":[],"yoast_head":"<!-- This site is optimized with the Yoast SEO plugin v20.4 - https:\/\/yoast.com\/wordpress\/plugins\/seo\/ -->\n<title>via cr\u00facis - via crucis y Laboratorio Gruppo Liturgico<\/title>\n<meta name=\"description\" content=\"Via cr\u00facis en madera dorada con hoja de oro de estilo florentino. Las figuras en color est\u00e1n serigrafiadas y, por lo tanto, son muy resistentes.  Una forma muy particular con marco muy elaborado.  Las 15 estaciones. A petici\u00f3n se enviar\u00e1n fotograf\u00edas de todas las estaciones. Available in two different sizes.\" \/>\n<meta name=\"robots\" content=\"index, follow, max-snippet:-1, max-image-preview:large, max-video-preview:-1\" \/>\n<link rel=\"canonical\" href=\"https:\/\/www.gruppoliturgico.com\/es\/producto\/via-crucis-16\/\" \/>\n<meta property=\"og:locale\" content=\"es_ES\" \/>\n<meta property=\"og:type\" content=\"article\" \/>\n<meta property=\"og:title\" content=\"via cr\u00facis - via crucis y Laboratorio Gruppo Liturgico\" \/>\n<meta property=\"og:description\" content=\"Via cr\u00facis en madera dorada con hoja de oro de estilo florentino. Las figuras en color est\u00e1n serigrafiadas y, por lo tanto, son muy resistentes.  Una forma muy particular con marco muy elaborado.  Las 15 estaciones. A petici\u00f3n se enviar\u00e1n fotograf\u00edas de todas las estaciones. Available in two different sizes.\" \/>\n<meta property=\"og:url\" content=\"https:\/\/www.gruppoliturgico.com\/es\/producto\/via-crucis-16\/\" \/>\n<meta property=\"og:site_name\" content=\"Laboratorio Gruppo Liturgico\" \/>\n<meta property=\"article:modified_time\" content=\"2022-10-12T15:01:56+00:00\" \/>\n<meta property=\"og:image\" content=\"https:\/\/www.gruppoliturgico.com\/wp-content\/uploads\/2022\/05\/306.2_0.jpg\" \/>\n\t<meta property=\"og:image:width\" content=\"1025\" \/>\n\t<meta property=\"og:image:height\" content=\"1500\" \/>\n\t<meta property=\"og:image:type\" content=\"image\/jpeg\" \/>\n<meta name=\"twitter:card\" content=\"summary_large_image\" \/>\n<script type=\"application\/ld+json\" class=\"yoast-schema-graph\">{\"@context\":\"https:\/\/schema.org\",\"@graph\":[{\"@type\":\"WebPage\",\"@id\":\"https:\/\/www.gruppoliturgico.com\/es\/producto\/via-crucis-16\/\",\"url\":\"https:\/\/www.gruppoliturgico.com\/es\/producto\/via-crucis-16\/\",\"name\":\"via cr\u00facis - via crucis y Laboratorio Gruppo Liturgico\",\"isPartOf\":{\"@id\":\"https:\/\/www.gruppoliturgico.com\/es\/#website\"},\"datePublished\":\"2022-05-19T22:23:32+00:00\",\"dateModified\":\"2022-10-12T15:01:56+00:00\",\"description\":\"Via cr\u00facis en madera dorada con hoja de oro de estilo florentino. Las figuras en color est\u00e1n serigrafiadas y, por lo tanto, son muy resistentes. Una forma muy particular con marco muy elaborado. Las 15 estaciones. A petici\u00f3n se enviar\u00e1n fotograf\u00edas de todas las estaciones. Available in two different sizes.\",\"breadcrumb\":{\"@id\":\"https:\/\/www.gruppoliturgico.com\/es\/producto\/via-crucis-16\/#breadcrumb\"},\"inLanguage\":\"es\",\"potentialAction\":[{\"@type\":\"ReadAction\",\"target\":[\"https:\/\/www.gruppoliturgico.com\/es\/producto\/via-crucis-16\/\"]}]},{\"@type\":\"BreadcrumbList\",\"@id\":\"https:\/\/www.gruppoliturgico.com\/es\/producto\/via-crucis-16\/#breadcrumb\",\"itemListElement\":[{\"@type\":\"ListItem\",\"position\":1,\"name\":\"Home\",\"item\":\"https:\/\/www.gruppoliturgico.com\/es\/\"},{\"@type\":\"ListItem\",\"position\":2,\"name\":\"Tienda\",\"item\":\"https:\/\/www.gruppoliturgico.com\/es\/tienda\/\"},{\"@type\":\"ListItem\",\"position\":3,\"name\":\"via cr\u00facis\"}]},{\"@type\":\"WebSite\",\"@id\":\"https:\/\/www.gruppoliturgico.com\/es\/#website\",\"url\":\"https:\/\/www.gruppoliturgico.com\/es\/\",\"name\":\"Laboratorio Gruppo Liturgico\",\"description\":\"Articoli Religiosi online\",\"publisher\":{\"@id\":\"https:\/\/www.gruppoliturgico.com\/es\/#organization\"},\"potentialAction\":[{\"@type\":\"SearchAction\",\"target\":{\"@type\":\"EntryPoint\",\"urlTemplate\":\"https:\/\/www.gruppoliturgico.com\/es\/?s={search_term_string}\"},\"query-input\":\"required name=search_term_string\"}],\"inLanguage\":\"es\"},{\"@type\":\"Organization\",\"@id\":\"https:\/\/www.gruppoliturgico.com\/es\/#organization\",\"name\":\"Laboratorio Gruppo Liturgico\",\"url\":\"https:\/\/www.gruppoliturgico.com\/es\/\",\"logo\":{\"@type\":\"ImageObject\",\"inLanguage\":\"es\",\"@id\":\"https:\/\/www.gruppoliturgico.com\/es\/#\/schema\/logo\/image\/\",\"url\":\"https:\/\/www.gruppoliturgico.com\/wp-content\/uploads\/2022\/02\/logo-laboratoriogruppoliturgico.png\",\"contentUrl\":\"https:\/\/www.gruppoliturgico.com\/wp-content\/uploads\/2022\/02\/logo-laboratoriogruppoliturgico.png\",\"width\":400,\"height\":114,\"caption\":\"Laboratorio Gruppo Liturgico\"},\"image\":{\"@id\":\"https:\/\/www.gruppoliturgico.com\/es\/#\/schema\/logo\/image\/\"}}]}<\/script>\n<!-- \/ Yoast SEO plugin. -->","yoast_head_json":{"title":"via cr\u00facis - via crucis y Laboratorio Gruppo Liturgico","description":"Via cr\u00facis en madera dorada con hoja de oro de estilo florentino. Las figuras en color est\u00e1n serigrafiadas y, por lo tanto, son muy resistentes.  Una forma muy particular con marco muy elaborado.  Las 15 estaciones. A petici\u00f3n se enviar\u00e1n fotograf\u00edas de todas las estaciones. Available in two different sizes.","robots":{"index":"index","follow":"follow","max-snippet":"max-snippet:-1","max-image-preview":"max-image-preview:large","max-video-preview":"max-video-preview:-1"},"canonical":"https:\/\/www.gruppoliturgico.com\/es\/producto\/via-crucis-16\/","og_locale":"es_ES","og_type":"article","og_title":"via cr\u00facis - via crucis y Laboratorio Gruppo Liturgico","og_description":"Via cr\u00facis en madera dorada con hoja de oro de estilo florentino. Las figuras en color est\u00e1n serigrafiadas y, por lo tanto, son muy resistentes.  Una forma muy particular con marco muy elaborado.  Las 15 estaciones. A petici\u00f3n se enviar\u00e1n fotograf\u00edas de todas las estaciones. Available in two different sizes.","og_url":"https:\/\/www.gruppoliturgico.com\/es\/producto\/via-crucis-16\/","og_site_name":"Laboratorio Gruppo Liturgico","article_modified_time":"2022-10-12T15:01:56+00:00","og_image":[{"width":1025,"height":1500,"url":"https:\/\/www.gruppoliturgico.com\/wp-content\/uploads\/2022\/05\/306.2_0.jpg","type":"image\/jpeg"}],"twitter_card":"summary_large_image","schema":{"@context":"https:\/\/schema.org","@graph":[{"@type":"WebPage","@id":"https:\/\/www.gruppoliturgico.com\/es\/producto\/via-crucis-16\/","url":"https:\/\/www.gruppoliturgico.com\/es\/producto\/via-crucis-16\/","name":"via cr\u00facis - via crucis y Laboratorio Gruppo Liturgico","isPartOf":{"@id":"https:\/\/www.gruppoliturgico.com\/es\/#website"},"datePublished":"2022-05-19T22:23:32+00:00","dateModified":"2022-10-12T15:01:56+00:00","description":"Via cr\u00facis en madera dorada con hoja de oro de estilo florentino. Las figuras en color est\u00e1n serigrafiadas y, por lo tanto, son muy resistentes. Una forma muy particular con marco muy elaborado. Las 15 estaciones. A petici\u00f3n se enviar\u00e1n fotograf\u00edas de todas las estaciones. Available in two different sizes.","breadcrumb":{"@id":"https:\/\/www.gruppoliturgico.com\/es\/producto\/via-crucis-16\/#breadcrumb"},"inLanguage":"es","potentialAction":[{"@type":"ReadAction","target":["https:\/\/www.gruppoliturgico.com\/es\/producto\/via-crucis-16\/"]}]},{"@type":"BreadcrumbList","@id":"https:\/\/www.gruppoliturgico.com\/es\/producto\/via-crucis-16\/#breadcrumb","itemListElement":[{"@type":"ListItem","position":1,"name":"Home","item":"https:\/\/www.gruppoliturgico.com\/es\/"},{"@type":"ListItem","position":2,"name":"Tienda","item":"https:\/\/www.gruppoliturgico.com\/es\/tienda\/"},{"@type":"ListItem","position":3,"name":"via cr\u00facis"}]},{"@type":"WebSite","@id":"https:\/\/www.gruppoliturgico.com\/es\/#website","url":"https:\/\/www.gruppoliturgico.com\/es\/","name":"Laboratorio Gruppo Liturgico","description":"Articoli Religiosi online","publisher":{"@id":"https:\/\/www.gruppoliturgico.com\/es\/#organization"},"potentialAction":[{"@type":"SearchAction","target":{"@type":"EntryPoint","urlTemplate":"https:\/\/www.gruppoliturgico.com\/es\/?s={search_term_string}"},"query-input":"required name=search_term_string"}],"inLanguage":"es"},{"@type":"Organization","@id":"https:\/\/www.gruppoliturgico.com\/es\/#organization","name":"Laboratorio Gruppo Liturgico","url":"https:\/\/www.gruppoliturgico.com\/es\/","logo":{"@type":"ImageObject","inLanguage":"es","@id":"https:\/\/www.gruppoliturgico.com\/es\/#\/schema\/logo\/image\/","url":"https:\/\/www.gruppoliturgico.com\/wp-content\/uploads\/2022\/02\/logo-laboratoriogruppoliturgico.png","contentUrl":"https:\/\/www.gruppoliturgico.com\/wp-content\/uploads\/2022\/02\/logo-laboratoriogruppoliturgico.png","width":400,"height":114,"caption":"Laboratorio Gruppo Liturgico"},"image":{"@id":"https:\/\/www.gruppoliturgico.com\/es\/#\/schema\/logo\/image\/"}}]}},"_links":{"self":[{"href":"https:\/\/www.gruppoliturgico.com\/es\/wp-json\/wp\/v2\/product\/64943"}],"collection":[{"href":"https:\/\/www.gruppoliturgico.com\/es\/wp-json\/wp\/v2\/product"}],"about":[{"href":"https:\/\/www.gruppoliturgico.com\/es\/wp-json\/wp\/v2\/types\/product"}],"wp:featuredmedia":[{"embeddable":true,"href":"https:\/\/www.gruppoliturgico.com\/es\/wp-json\/wp\/v2\/media\/133253"}],"wp:attachment":[{"href":"https:\/\/www.gruppoliturgico.com\/es\/wp-json\/wp\/v2\/media?parent=64943"}],"wp:term":[{"taxonomy":"product_cat","embeddable":true,"href":"https:\/\/www.gruppoliturgico.com\/es\/wp-json\/wp\/v2\/product_cat?post=64943"},{"taxonomy":"product_tag","embeddable":true,"href":"https:\/\/www.gruppoliturgico.com\/es\/wp-json\/wp\/v2\/product_tag?post=64943"}],"curies":[{"name":"wp","href":"https:\/\/api.w.org\/{rel}","templated":true}]}}