{"id":64554,"date":"2022-05-19T23:56:38","date_gmt":"2022-05-19T21:56:50","guid":{"rendered":"https:\/\/www.gruppoliturgico.com\/prodotto\/juego-completo\/"},"modified":"2022-10-05T15:12:48","modified_gmt":"2022-10-05T13:12:48","slug":"juego-completo","status":"publish","type":"product","link":"https:\/\/www.gruppoliturgico.com\/es\/producto\/juego-completo\/","title":{"rendered":"juego completo de cer\u00e1mica"},"content":{"rendered":"<html><body><p>juego completo en cer\u00e1mica vidriada azul deste\u00f1ido, acabado oro de 18 quilates.<br>\nIncluye el c\u00e1liz y su patena, el cop\u00f3n , el cop\u00f3n-patena de  y el juego de vinajeras.  <\/p>\n<p>Dimensiones<br>\nC\u00e1liz altura cm 13<br>\nPatena c\u00e1liz \u00d8 cm 15<br>\nCop\u00f3n altura cm 13<br>\nCop\u00f3n-patena \u00d8 cm 11,5<br>\nJuego de vinajeras cm 19 x 11<\/p>\n<\/body><\/html>","protected":false},"excerpt":{"rendered":"<p>juego completo en cer\u00e1mica vidriada azul deste\u00f1ido, acabado oro de 18 quilates.<br \/>\nIncluye el c\u00e1liz y su patena, el cop\u00f3n , el cop\u00f3n-patena de  y el juego de vinajeras.  <\/p>\n<p>Dimensiones<br \/>\nC\u00e1liz altura cm 13<br \/>\nPatena c\u00e1liz \u00d8 cm 15<br \/>\nCop\u00f3n altura cm 13<br \/>\nCop\u00f3n-patena \u00d8 cm 11,5<br \/>\nJuego de vinajeras cm 19 x 11<\/p>\n","protected":false},"featured_media":131053,"template":"","meta":[],"product_cat":[11695],"product_tag":[],"yoast_head":"<!-- This site is optimized with the Yoast SEO plugin v20.4 - https:\/\/yoast.com\/wordpress\/plugins\/seo\/ -->\n<title>juego completo de cer\u00e1mica - cer\u00e1mica de arte y Laboratorio Gruppo Liturgico<\/title>\n<meta name=\"description\" content=\"juego completo en cer\u00e1mica vidriada azul deste\u00f1ido, acabado oro de 18 quilates. Incluye el c\u00e1liz y su patena, el cop\u00f3n , el cop\u00f3n-patena de y el juego de vinajeras.   Dimensiones C\u00e1liz altura cm 13 Patena c\u00e1liz \u00d8 cm 15 Cop\u00f3n altura cm 13 Cop\u00f3n-patena \u00d8 cm 11,5 Juego de vinajeras cm 19 x 11\" \/>\n<meta name=\"robots\" content=\"index, follow, max-snippet:-1, max-image-preview:large, max-video-preview:-1\" \/>\n<link rel=\"canonical\" href=\"https:\/\/www.gruppoliturgico.com\/es\/producto\/juego-completo\/\" \/>\n<meta property=\"og:locale\" content=\"es_ES\" \/>\n<meta property=\"og:type\" content=\"article\" \/>\n<meta property=\"og:title\" content=\"juego completo de cer\u00e1mica - cer\u00e1mica de arte y Laboratorio Gruppo Liturgico\" \/>\n<meta property=\"og:description\" content=\"juego completo en cer\u00e1mica vidriada azul deste\u00f1ido, acabado oro de 18 quilates. Incluye el c\u00e1liz y su patena, el cop\u00f3n , el cop\u00f3n-patena de y el juego de vinajeras.   Dimensiones C\u00e1liz altura cm 13 Patena c\u00e1liz \u00d8 cm 15 Cop\u00f3n altura cm 13 Cop\u00f3n-patena \u00d8 cm 11,5 Juego de vinajeras cm 19 x 11\" \/>\n<meta property=\"og:url\" content=\"https:\/\/www.gruppoliturgico.com\/es\/producto\/juego-completo\/\" \/>\n<meta property=\"og:site_name\" content=\"Laboratorio Gruppo Liturgico\" \/>\n<meta property=\"article:modified_time\" content=\"2022-10-05T13:12:48+00:00\" \/>\n<meta property=\"og:image\" content=\"https:\/\/www.gruppoliturgico.com\/wp-content\/uploads\/2022\/05\/art-291rit.jpg\" \/>\n\t<meta property=\"og:image:width\" content=\"2000\" \/>\n\t<meta property=\"og:image:height\" content=\"1260\" \/>\n\t<meta property=\"og:image:type\" content=\"image\/jpeg\" \/>\n<meta name=\"twitter:card\" content=\"summary_large_image\" \/>\n<script type=\"application\/ld+json\" class=\"yoast-schema-graph\">{\"@context\":\"https:\/\/schema.org\",\"@graph\":[{\"@type\":\"WebPage\",\"@id\":\"https:\/\/www.gruppoliturgico.com\/es\/producto\/juego-completo\/\",\"url\":\"https:\/\/www.gruppoliturgico.com\/es\/producto\/juego-completo\/\",\"name\":\"juego completo de cer\u00e1mica - cer\u00e1mica de arte y Laboratorio Gruppo Liturgico\",\"isPartOf\":{\"@id\":\"https:\/\/www.gruppoliturgico.com\/es\/#website\"},\"datePublished\":\"2022-05-19T21:56:50+00:00\",\"dateModified\":\"2022-10-05T13:12:48+00:00\",\"description\":\"juego completo en cer\u00e1mica vidriada azul deste\u00f1ido, acabado oro de 18 quilates. Incluye el c\u00e1liz y su patena, el cop\u00f3n , el cop\u00f3n-patena de y el juego de vinajeras. Dimensiones C\u00e1liz altura cm 13 Patena c\u00e1liz \u00d8 cm 15 Cop\u00f3n altura cm 13 Cop\u00f3n-patena \u00d8 cm 11,5 Juego de vinajeras cm 19 x 11\",\"breadcrumb\":{\"@id\":\"https:\/\/www.gruppoliturgico.com\/es\/producto\/juego-completo\/#breadcrumb\"},\"inLanguage\":\"es\",\"potentialAction\":[{\"@type\":\"ReadAction\",\"target\":[\"https:\/\/www.gruppoliturgico.com\/es\/producto\/juego-completo\/\"]}]},{\"@type\":\"BreadcrumbList\",\"@id\":\"https:\/\/www.gruppoliturgico.com\/es\/producto\/juego-completo\/#breadcrumb\",\"itemListElement\":[{\"@type\":\"ListItem\",\"position\":1,\"name\":\"Home\",\"item\":\"https:\/\/www.gruppoliturgico.com\/es\/\"},{\"@type\":\"ListItem\",\"position\":2,\"name\":\"Tienda\",\"item\":\"https:\/\/www.gruppoliturgico.com\/es\/tienda\/\"},{\"@type\":\"ListItem\",\"position\":3,\"name\":\"juego completo de cer\u00e1mica\"}]},{\"@type\":\"WebSite\",\"@id\":\"https:\/\/www.gruppoliturgico.com\/es\/#website\",\"url\":\"https:\/\/www.gruppoliturgico.com\/es\/\",\"name\":\"Laboratorio Gruppo Liturgico\",\"description\":\"Articoli Religiosi online\",\"publisher\":{\"@id\":\"https:\/\/www.gruppoliturgico.com\/es\/#organization\"},\"potentialAction\":[{\"@type\":\"SearchAction\",\"target\":{\"@type\":\"EntryPoint\",\"urlTemplate\":\"https:\/\/www.gruppoliturgico.com\/es\/?s={search_term_string}\"},\"query-input\":\"required name=search_term_string\"}],\"inLanguage\":\"es\"},{\"@type\":\"Organization\",\"@id\":\"https:\/\/www.gruppoliturgico.com\/es\/#organization\",\"name\":\"Laboratorio Gruppo Liturgico\",\"url\":\"https:\/\/www.gruppoliturgico.com\/es\/\",\"logo\":{\"@type\":\"ImageObject\",\"inLanguage\":\"es\",\"@id\":\"https:\/\/www.gruppoliturgico.com\/es\/#\/schema\/logo\/image\/\",\"url\":\"https:\/\/www.gruppoliturgico.com\/wp-content\/uploads\/2022\/02\/logo-laboratoriogruppoliturgico.png\",\"contentUrl\":\"https:\/\/www.gruppoliturgico.com\/wp-content\/uploads\/2022\/02\/logo-laboratoriogruppoliturgico.png\",\"width\":400,\"height\":114,\"caption\":\"Laboratorio Gruppo Liturgico\"},\"image\":{\"@id\":\"https:\/\/www.gruppoliturgico.com\/es\/#\/schema\/logo\/image\/\"}}]}<\/script>\n<!-- \/ Yoast SEO plugin. -->","yoast_head_json":{"title":"juego completo de cer\u00e1mica - cer\u00e1mica de arte y Laboratorio Gruppo Liturgico","description":"juego completo en cer\u00e1mica vidriada azul deste\u00f1ido, acabado oro de 18 quilates. Incluye el c\u00e1liz y su patena, el cop\u00f3n , el cop\u00f3n-patena de y el juego de vinajeras.   Dimensiones C\u00e1liz altura cm 13 Patena c\u00e1liz \u00d8 cm 15 Cop\u00f3n altura cm 13 Cop\u00f3n-patena \u00d8 cm 11,5 Juego de vinajeras cm 19 x 11","robots":{"index":"index","follow":"follow","max-snippet":"max-snippet:-1","max-image-preview":"max-image-preview:large","max-video-preview":"max-video-preview:-1"},"canonical":"https:\/\/www.gruppoliturgico.com\/es\/producto\/juego-completo\/","og_locale":"es_ES","og_type":"article","og_title":"juego completo de cer\u00e1mica - cer\u00e1mica de arte y Laboratorio Gruppo Liturgico","og_description":"juego completo en cer\u00e1mica vidriada azul deste\u00f1ido, acabado oro de 18 quilates. Incluye el c\u00e1liz y su patena, el cop\u00f3n , el cop\u00f3n-patena de y el juego de vinajeras.   Dimensiones C\u00e1liz altura cm 13 Patena c\u00e1liz \u00d8 cm 15 Cop\u00f3n altura cm 13 Cop\u00f3n-patena \u00d8 cm 11,5 Juego de vinajeras cm 19 x 11","og_url":"https:\/\/www.gruppoliturgico.com\/es\/producto\/juego-completo\/","og_site_name":"Laboratorio Gruppo Liturgico","article_modified_time":"2022-10-05T13:12:48+00:00","og_image":[{"width":2000,"height":1260,"url":"https:\/\/www.gruppoliturgico.com\/wp-content\/uploads\/2022\/05\/art-291rit.jpg","type":"image\/jpeg"}],"twitter_card":"summary_large_image","schema":{"@context":"https:\/\/schema.org","@graph":[{"@type":"WebPage","@id":"https:\/\/www.gruppoliturgico.com\/es\/producto\/juego-completo\/","url":"https:\/\/www.gruppoliturgico.com\/es\/producto\/juego-completo\/","name":"juego completo de cer\u00e1mica - cer\u00e1mica de arte y Laboratorio Gruppo Liturgico","isPartOf":{"@id":"https:\/\/www.gruppoliturgico.com\/es\/#website"},"datePublished":"2022-05-19T21:56:50+00:00","dateModified":"2022-10-05T13:12:48+00:00","description":"juego completo en cer\u00e1mica vidriada azul deste\u00f1ido, acabado oro de 18 quilates. Incluye el c\u00e1liz y su patena, el cop\u00f3n , el cop\u00f3n-patena de y el juego de vinajeras. Dimensiones C\u00e1liz altura cm 13 Patena c\u00e1liz \u00d8 cm 15 Cop\u00f3n altura cm 13 Cop\u00f3n-patena \u00d8 cm 11,5 Juego de vinajeras cm 19 x 11","breadcrumb":{"@id":"https:\/\/www.gruppoliturgico.com\/es\/producto\/juego-completo\/#breadcrumb"},"inLanguage":"es","potentialAction":[{"@type":"ReadAction","target":["https:\/\/www.gruppoliturgico.com\/es\/producto\/juego-completo\/"]}]},{"@type":"BreadcrumbList","@id":"https:\/\/www.gruppoliturgico.com\/es\/producto\/juego-completo\/#breadcrumb","itemListElement":[{"@type":"ListItem","position":1,"name":"Home","item":"https:\/\/www.gruppoliturgico.com\/es\/"},{"@type":"ListItem","position":2,"name":"Tienda","item":"https:\/\/www.gruppoliturgico.com\/es\/tienda\/"},{"@type":"ListItem","position":3,"name":"juego completo de cer\u00e1mica"}]},{"@type":"WebSite","@id":"https:\/\/www.gruppoliturgico.com\/es\/#website","url":"https:\/\/www.gruppoliturgico.com\/es\/","name":"Laboratorio Gruppo Liturgico","description":"Articoli Religiosi online","publisher":{"@id":"https:\/\/www.gruppoliturgico.com\/es\/#organization"},"potentialAction":[{"@type":"SearchAction","target":{"@type":"EntryPoint","urlTemplate":"https:\/\/www.gruppoliturgico.com\/es\/?s={search_term_string}"},"query-input":"required name=search_term_string"}],"inLanguage":"es"},{"@type":"Organization","@id":"https:\/\/www.gruppoliturgico.com\/es\/#organization","name":"Laboratorio Gruppo Liturgico","url":"https:\/\/www.gruppoliturgico.com\/es\/","logo":{"@type":"ImageObject","inLanguage":"es","@id":"https:\/\/www.gruppoliturgico.com\/es\/#\/schema\/logo\/image\/","url":"https:\/\/www.gruppoliturgico.com\/wp-content\/uploads\/2022\/02\/logo-laboratoriogruppoliturgico.png","contentUrl":"https:\/\/www.gruppoliturgico.com\/wp-content\/uploads\/2022\/02\/logo-laboratoriogruppoliturgico.png","width":400,"height":114,"caption":"Laboratorio Gruppo Liturgico"},"image":{"@id":"https:\/\/www.gruppoliturgico.com\/es\/#\/schema\/logo\/image\/"}}]}},"_links":{"self":[{"href":"https:\/\/www.gruppoliturgico.com\/es\/wp-json\/wp\/v2\/product\/64554"}],"collection":[{"href":"https:\/\/www.gruppoliturgico.com\/es\/wp-json\/wp\/v2\/product"}],"about":[{"href":"https:\/\/www.gruppoliturgico.com\/es\/wp-json\/wp\/v2\/types\/product"}],"wp:featuredmedia":[{"embeddable":true,"href":"https:\/\/www.gruppoliturgico.com\/es\/wp-json\/wp\/v2\/media\/131053"}],"wp:attachment":[{"href":"https:\/\/www.gruppoliturgico.com\/es\/wp-json\/wp\/v2\/media?parent=64554"}],"wp:term":[{"taxonomy":"product_cat","embeddable":true,"href":"https:\/\/www.gruppoliturgico.com\/es\/wp-json\/wp\/v2\/product_cat?post=64554"},{"taxonomy":"product_tag","embeddable":true,"href":"https:\/\/www.gruppoliturgico.com\/es\/wp-json\/wp\/v2\/product_tag?post=64554"}],"curies":[{"name":"wp","href":"https:\/\/api.w.org\/{rel}","templated":true}]}}