{"id":64514,"date":"2022-05-19T23:53:52","date_gmt":"2022-05-19T21:53:59","guid":{"rendered":"https:\/\/www.gruppoliturgico.com\/prodotto\/casulla-27\/"},"modified":"2022-05-20T08:05:30","modified_gmt":"2022-05-20T06:05:30","slug":"casulla-27","status":"publish","type":"product","link":"https:\/\/www.gruppoliturgico.com\/es\/producto\/casulla-27\/","title":{"rendered":"casulla"},"content":{"rendered":"<html><body><p>Confeccionada en un preciado tejido brocado de oro<br>\nUn magn\u00edfico  bordado barroco, realizado con preciados hilos de oro, sobre un tejido de terciopelo alem\u00e1n color p\u00farpura se repite en la parte trasera de la casulla.<br>\nEnteramente rematada con un borde dorado. <\/p>\n<\/body><\/html>","protected":false},"excerpt":{"rendered":"<p>Confeccionada en un preciado tejido brocado de oro<br \/>\nUn magn\u00edfico  bordado barroco, realizado con preciados hilos de oro, sobre un tejido de terciopelo alem\u00e1n color p\u00farpura se repite en la parte trasera de la casulla.<br \/>\nEnteramente rematada con un borde dorado. <\/p>\n","protected":false},"featured_media":129035,"template":"","meta":[],"product_cat":[12247],"product_tag":[],"yoast_head":"<!-- This site is optimized with the Yoast SEO plugin v20.4 - https:\/\/yoast.com\/wordpress\/plugins\/seo\/ -->\n<title>casulla - con estolon bordado y Laboratorio Gruppo Liturgico<\/title>\n<meta name=\"description\" content=\"Confeccionada en un preciado tejido brocado de oro Un magn\u00edfico bordado barroco, realizado con preciados hilos de oro, sobre un tejido de terciopelo alem\u00e1n color p\u00farpura se repite en la parte trasera de la casulla. Enteramente rematada con un borde dorado.\" \/>\n<meta name=\"robots\" content=\"index, follow, max-snippet:-1, max-image-preview:large, max-video-preview:-1\" \/>\n<link rel=\"canonical\" href=\"https:\/\/www.gruppoliturgico.com\/es\/producto\/casulla-27\/\" \/>\n<meta property=\"og:locale\" content=\"es_ES\" \/>\n<meta property=\"og:type\" content=\"article\" \/>\n<meta property=\"og:title\" content=\"casulla - con estolon bordado y Laboratorio Gruppo Liturgico\" \/>\n<meta property=\"og:description\" content=\"Confeccionada en un preciado tejido brocado de oro Un magn\u00edfico bordado barroco, realizado con preciados hilos de oro, sobre un tejido de terciopelo alem\u00e1n color p\u00farpura se repite en la parte trasera de la casulla. Enteramente rematada con un borde dorado.\" \/>\n<meta property=\"og:url\" content=\"https:\/\/www.gruppoliturgico.com\/es\/producto\/casulla-27\/\" \/>\n<meta property=\"og:site_name\" content=\"Laboratorio Gruppo Liturgico\" \/>\n<meta property=\"article:modified_time\" content=\"2022-05-20T06:05:30+00:00\" \/>\n<meta property=\"og:image\" content=\"https:\/\/www.gruppoliturgico.com\/wp-content\/uploads\/2022\/05\/281-oro_inPixio-663x1024.jpg\" \/>\n\t<meta property=\"og:image:width\" content=\"663\" \/>\n\t<meta property=\"og:image:height\" content=\"1024\" \/>\n\t<meta property=\"og:image:type\" content=\"image\/jpeg\" \/>\n<meta name=\"twitter:card\" content=\"summary_large_image\" \/>\n<script type=\"application\/ld+json\" class=\"yoast-schema-graph\">{\"@context\":\"https:\/\/schema.org\",\"@graph\":[{\"@type\":\"WebPage\",\"@id\":\"https:\/\/www.gruppoliturgico.com\/es\/producto\/casulla-27\/\",\"url\":\"https:\/\/www.gruppoliturgico.com\/es\/producto\/casulla-27\/\",\"name\":\"casulla - con estolon bordado y Laboratorio Gruppo Liturgico\",\"isPartOf\":{\"@id\":\"https:\/\/www.gruppoliturgico.com\/es\/#website\"},\"datePublished\":\"2022-05-19T21:53:59+00:00\",\"dateModified\":\"2022-05-20T06:05:30+00:00\",\"description\":\"Confeccionada en un preciado tejido brocado de oro Un magn\u00edfico bordado barroco, realizado con preciados hilos de oro, sobre un tejido de terciopelo alem\u00e1n color p\u00farpura se repite en la parte trasera de la casulla. Enteramente rematada con un borde dorado.\",\"breadcrumb\":{\"@id\":\"https:\/\/www.gruppoliturgico.com\/es\/producto\/casulla-27\/#breadcrumb\"},\"inLanguage\":\"es\",\"potentialAction\":[{\"@type\":\"ReadAction\",\"target\":[\"https:\/\/www.gruppoliturgico.com\/es\/producto\/casulla-27\/\"]}]},{\"@type\":\"BreadcrumbList\",\"@id\":\"https:\/\/www.gruppoliturgico.com\/es\/producto\/casulla-27\/#breadcrumb\",\"itemListElement\":[{\"@type\":\"ListItem\",\"position\":1,\"name\":\"Home\",\"item\":\"https:\/\/www.gruppoliturgico.com\/es\/\"},{\"@type\":\"ListItem\",\"position\":2,\"name\":\"Tienda\",\"item\":\"https:\/\/www.gruppoliturgico.com\/es\/tienda\/\"},{\"@type\":\"ListItem\",\"position\":3,\"name\":\"casulla\"}]},{\"@type\":\"WebSite\",\"@id\":\"https:\/\/www.gruppoliturgico.com\/es\/#website\",\"url\":\"https:\/\/www.gruppoliturgico.com\/es\/\",\"name\":\"Laboratorio Gruppo Liturgico\",\"description\":\"Articoli Religiosi online\",\"publisher\":{\"@id\":\"https:\/\/www.gruppoliturgico.com\/es\/#organization\"},\"potentialAction\":[{\"@type\":\"SearchAction\",\"target\":{\"@type\":\"EntryPoint\",\"urlTemplate\":\"https:\/\/www.gruppoliturgico.com\/es\/?s={search_term_string}\"},\"query-input\":\"required name=search_term_string\"}],\"inLanguage\":\"es\"},{\"@type\":\"Organization\",\"@id\":\"https:\/\/www.gruppoliturgico.com\/es\/#organization\",\"name\":\"Laboratorio Gruppo Liturgico\",\"url\":\"https:\/\/www.gruppoliturgico.com\/es\/\",\"logo\":{\"@type\":\"ImageObject\",\"inLanguage\":\"es\",\"@id\":\"https:\/\/www.gruppoliturgico.com\/es\/#\/schema\/logo\/image\/\",\"url\":\"https:\/\/www.gruppoliturgico.com\/wp-content\/uploads\/2022\/02\/logo-laboratoriogruppoliturgico.png\",\"contentUrl\":\"https:\/\/www.gruppoliturgico.com\/wp-content\/uploads\/2022\/02\/logo-laboratoriogruppoliturgico.png\",\"width\":400,\"height\":114,\"caption\":\"Laboratorio Gruppo Liturgico\"},\"image\":{\"@id\":\"https:\/\/www.gruppoliturgico.com\/es\/#\/schema\/logo\/image\/\"}}]}<\/script>\n<!-- \/ Yoast SEO plugin. -->","yoast_head_json":{"title":"casulla - con estolon bordado y Laboratorio Gruppo Liturgico","description":"Confeccionada en un preciado tejido brocado de oro Un magn\u00edfico bordado barroco, realizado con preciados hilos de oro, sobre un tejido de terciopelo alem\u00e1n color p\u00farpura se repite en la parte trasera de la casulla. Enteramente rematada con un borde dorado.","robots":{"index":"index","follow":"follow","max-snippet":"max-snippet:-1","max-image-preview":"max-image-preview:large","max-video-preview":"max-video-preview:-1"},"canonical":"https:\/\/www.gruppoliturgico.com\/es\/producto\/casulla-27\/","og_locale":"es_ES","og_type":"article","og_title":"casulla - con estolon bordado y Laboratorio Gruppo Liturgico","og_description":"Confeccionada en un preciado tejido brocado de oro Un magn\u00edfico bordado barroco, realizado con preciados hilos de oro, sobre un tejido de terciopelo alem\u00e1n color p\u00farpura se repite en la parte trasera de la casulla. Enteramente rematada con un borde dorado.","og_url":"https:\/\/www.gruppoliturgico.com\/es\/producto\/casulla-27\/","og_site_name":"Laboratorio Gruppo Liturgico","article_modified_time":"2022-05-20T06:05:30+00:00","og_image":[{"width":663,"height":1024,"url":"https:\/\/www.gruppoliturgico.com\/wp-content\/uploads\/2022\/05\/281-oro_inPixio-663x1024.jpg","type":"image\/jpeg"}],"twitter_card":"summary_large_image","schema":{"@context":"https:\/\/schema.org","@graph":[{"@type":"WebPage","@id":"https:\/\/www.gruppoliturgico.com\/es\/producto\/casulla-27\/","url":"https:\/\/www.gruppoliturgico.com\/es\/producto\/casulla-27\/","name":"casulla - con estolon bordado y Laboratorio Gruppo Liturgico","isPartOf":{"@id":"https:\/\/www.gruppoliturgico.com\/es\/#website"},"datePublished":"2022-05-19T21:53:59+00:00","dateModified":"2022-05-20T06:05:30+00:00","description":"Confeccionada en un preciado tejido brocado de oro Un magn\u00edfico bordado barroco, realizado con preciados hilos de oro, sobre un tejido de terciopelo alem\u00e1n color p\u00farpura se repite en la parte trasera de la casulla. Enteramente rematada con un borde dorado.","breadcrumb":{"@id":"https:\/\/www.gruppoliturgico.com\/es\/producto\/casulla-27\/#breadcrumb"},"inLanguage":"es","potentialAction":[{"@type":"ReadAction","target":["https:\/\/www.gruppoliturgico.com\/es\/producto\/casulla-27\/"]}]},{"@type":"BreadcrumbList","@id":"https:\/\/www.gruppoliturgico.com\/es\/producto\/casulla-27\/#breadcrumb","itemListElement":[{"@type":"ListItem","position":1,"name":"Home","item":"https:\/\/www.gruppoliturgico.com\/es\/"},{"@type":"ListItem","position":2,"name":"Tienda","item":"https:\/\/www.gruppoliturgico.com\/es\/tienda\/"},{"@type":"ListItem","position":3,"name":"casulla"}]},{"@type":"WebSite","@id":"https:\/\/www.gruppoliturgico.com\/es\/#website","url":"https:\/\/www.gruppoliturgico.com\/es\/","name":"Laboratorio Gruppo Liturgico","description":"Articoli Religiosi online","publisher":{"@id":"https:\/\/www.gruppoliturgico.com\/es\/#organization"},"potentialAction":[{"@type":"SearchAction","target":{"@type":"EntryPoint","urlTemplate":"https:\/\/www.gruppoliturgico.com\/es\/?s={search_term_string}"},"query-input":"required name=search_term_string"}],"inLanguage":"es"},{"@type":"Organization","@id":"https:\/\/www.gruppoliturgico.com\/es\/#organization","name":"Laboratorio Gruppo Liturgico","url":"https:\/\/www.gruppoliturgico.com\/es\/","logo":{"@type":"ImageObject","inLanguage":"es","@id":"https:\/\/www.gruppoliturgico.com\/es\/#\/schema\/logo\/image\/","url":"https:\/\/www.gruppoliturgico.com\/wp-content\/uploads\/2022\/02\/logo-laboratoriogruppoliturgico.png","contentUrl":"https:\/\/www.gruppoliturgico.com\/wp-content\/uploads\/2022\/02\/logo-laboratoriogruppoliturgico.png","width":400,"height":114,"caption":"Laboratorio Gruppo Liturgico"},"image":{"@id":"https:\/\/www.gruppoliturgico.com\/es\/#\/schema\/logo\/image\/"}}]}},"_links":{"self":[{"href":"https:\/\/www.gruppoliturgico.com\/es\/wp-json\/wp\/v2\/product\/64514"}],"collection":[{"href":"https:\/\/www.gruppoliturgico.com\/es\/wp-json\/wp\/v2\/product"}],"about":[{"href":"https:\/\/www.gruppoliturgico.com\/es\/wp-json\/wp\/v2\/types\/product"}],"wp:featuredmedia":[{"embeddable":true,"href":"https:\/\/www.gruppoliturgico.com\/es\/wp-json\/wp\/v2\/media\/129035"}],"wp:attachment":[{"href":"https:\/\/www.gruppoliturgico.com\/es\/wp-json\/wp\/v2\/media?parent=64514"}],"wp:term":[{"taxonomy":"product_cat","embeddable":true,"href":"https:\/\/www.gruppoliturgico.com\/es\/wp-json\/wp\/v2\/product_cat?post=64514"},{"taxonomy":"product_tag","embeddable":true,"href":"https:\/\/www.gruppoliturgico.com\/es\/wp-json\/wp\/v2\/product_tag?post=64514"}],"curies":[{"name":"wp","href":"https:\/\/api.w.org\/{rel}","templated":true}]}}