{"id":64282,"date":"2022-05-19T23:43:27","date_gmt":"2022-05-19T21:43:34","guid":{"rendered":"https:\/\/www.gruppoliturgico.com\/prodotto\/casulla-15\/"},"modified":"2024-06-24T16:29:41","modified_gmt":"2024-06-24T14:29:41","slug":"casulla-15","status":"publish","type":"product","link":"https:\/\/www.gruppoliturgico.com\/es\/producto\/casulla-15\/","title":{"rendered":"casulla"},"content":{"rendered":"<html><body><p>Casulla realizada en tejido de poli\u00e9ster.<br>\nPresenta un escapulario bordado en telar que representa a la Virgen del Kiko del Camino Neocatecumenal.<br>\nEl escapulario se puede quitar simplemente para adaptarlo a otra casulla.<\/p>\n<p>\u00a0<\/p>\n<p>A petici\u00f3n, tambi\u00e9n podemos suministrar el escapulario solo sin la casulla.<br>\nSolicite informaci\u00f3n en: info&#64;gru&#112;&#112;&#111;&#108;&#105;&#116;&#117;&#114;&#103;&#105;&#x63;&#x6f;&#x2e;&#x63;&#x6f;&#x6d;<\/p>\n<\/body><\/html>","protected":false},"excerpt":{"rendered":"<p>Casulla realizada en tejido de poli\u00e9ster.<br \/>\nPresenta un escapulario bordado en telar que representa a la Virgen del Kiko del Camino Neocatecumenal.<br \/>\nEl escapulario se puede quitar simplemente para adaptarlo a otra casulla.<\/p>\n<p>&nbsp;<\/p>\n<p>A petici\u00f3n, tambi\u00e9n podemos suministrar el escapulario solo sin la casulla.<br \/>\nSolicite informaci\u00f3n en: &#x69;&#110;f&#x6f;&#x40;&#103;r&#x75;&#x70;&#112;o&#x6c;&#105;t&#x75;&#x72;&#103;i&#x63;&#x6f;&#46;c&#x6f;&#109;<\/p>\n","protected":false},"featured_media":129302,"template":"","meta":[],"product_cat":[12255],"product_tag":[],"yoast_head":"<!-- This site is optimized with the Yoast SEO plugin v20.4 - https:\/\/yoast.com\/wordpress\/plugins\/seo\/ -->\n<title>casulla - bordado en telar y Laboratorio Gruppo Liturgico<\/title>\n<meta name=\"description\" content=\"Casulla realizada en tejido de poli\u00e9ster. Presenta un escapulario bordado en telar que representa a la Virgen del Kiko del Camino Neocatecumenal. El escapulario se puede quitar simplemente para adaptarlo a otra casulla.  &nbsp;  A petici\u00f3n, tambi\u00e9n podemos suministrar el escapulario solo sin la casulla. Solicite informaci\u00f3n en: info@gruppoliturgico.com\" \/>\n<meta name=\"robots\" content=\"index, follow, max-snippet:-1, max-image-preview:large, max-video-preview:-1\" \/>\n<link rel=\"canonical\" href=\"https:\/\/www.gruppoliturgico.com\/es\/producto\/casulla-15\/\" \/>\n<meta property=\"og:locale\" content=\"es_ES\" \/>\n<meta property=\"og:type\" content=\"article\" \/>\n<meta property=\"og:title\" content=\"casulla - bordado en telar y Laboratorio Gruppo Liturgico\" \/>\n<meta property=\"og:description\" content=\"Casulla realizada en tejido de poli\u00e9ster. Presenta un escapulario bordado en telar que representa a la Virgen del Kiko del Camino Neocatecumenal. El escapulario se puede quitar simplemente para adaptarlo a otra casulla.  &nbsp;  A petici\u00f3n, tambi\u00e9n podemos suministrar el escapulario solo sin la casulla. Solicite informaci\u00f3n en: info@gruppoliturgico.com\" \/>\n<meta property=\"og:url\" content=\"https:\/\/www.gruppoliturgico.com\/es\/producto\/casulla-15\/\" \/>\n<meta property=\"og:site_name\" content=\"Laboratorio Gruppo Liturgico\" \/>\n<meta property=\"article:modified_time\" content=\"2024-06-24T14:29:41+00:00\" \/>\n<meta property=\"og:image\" content=\"https:\/\/www.gruppoliturgico.com\/wp-content\/uploads\/2022\/05\/cid_D455453F-1EEB-4F23-865E-00BA4028F9DA.jpg\" \/>\n\t<meta property=\"og:image:width\" content=\"1141\" \/>\n\t<meta property=\"og:image:height\" content=\"1500\" \/>\n\t<meta property=\"og:image:type\" content=\"image\/jpeg\" \/>\n<meta name=\"twitter:card\" content=\"summary_large_image\" \/>\n<script type=\"application\/ld+json\" class=\"yoast-schema-graph\">{\"@context\":\"https:\/\/schema.org\",\"@graph\":[{\"@type\":\"WebPage\",\"@id\":\"https:\/\/www.gruppoliturgico.com\/es\/producto\/casulla-15\/\",\"url\":\"https:\/\/www.gruppoliturgico.com\/es\/producto\/casulla-15\/\",\"name\":\"casulla - bordado en telar y Laboratorio Gruppo Liturgico\",\"isPartOf\":{\"@id\":\"https:\/\/www.gruppoliturgico.com\/es\/#website\"},\"datePublished\":\"2022-05-19T21:43:34+00:00\",\"dateModified\":\"2024-06-24T14:29:41+00:00\",\"description\":\"Casulla realizada en tejido de poli\u00e9ster. Presenta un escapulario bordado en telar que representa a la Virgen del Kiko del Camino Neocatecumenal. El escapulario se puede quitar simplemente para adaptarlo a otra casulla. &nbsp; A petici\u00f3n, tambi\u00e9n podemos suministrar el escapulario solo sin la casulla. Solicite informaci\u00f3n en: info@gruppoliturgico.com\",\"breadcrumb\":{\"@id\":\"https:\/\/www.gruppoliturgico.com\/es\/producto\/casulla-15\/#breadcrumb\"},\"inLanguage\":\"es\",\"potentialAction\":[{\"@type\":\"ReadAction\",\"target\":[\"https:\/\/www.gruppoliturgico.com\/es\/producto\/casulla-15\/\"]}]},{\"@type\":\"BreadcrumbList\",\"@id\":\"https:\/\/www.gruppoliturgico.com\/es\/producto\/casulla-15\/#breadcrumb\",\"itemListElement\":[{\"@type\":\"ListItem\",\"position\":1,\"name\":\"Home\",\"item\":\"https:\/\/www.gruppoliturgico.com\/es\/\"},{\"@type\":\"ListItem\",\"position\":2,\"name\":\"Tienda\",\"item\":\"https:\/\/www.gruppoliturgico.com\/es\/tienda\/\"},{\"@type\":\"ListItem\",\"position\":3,\"name\":\"casulla\"}]},{\"@type\":\"WebSite\",\"@id\":\"https:\/\/www.gruppoliturgico.com\/es\/#website\",\"url\":\"https:\/\/www.gruppoliturgico.com\/es\/\",\"name\":\"Laboratorio Gruppo Liturgico\",\"description\":\"Articoli Religiosi online\",\"publisher\":{\"@id\":\"https:\/\/www.gruppoliturgico.com\/es\/#organization\"},\"potentialAction\":[{\"@type\":\"SearchAction\",\"target\":{\"@type\":\"EntryPoint\",\"urlTemplate\":\"https:\/\/www.gruppoliturgico.com\/es\/?s={search_term_string}\"},\"query-input\":\"required name=search_term_string\"}],\"inLanguage\":\"es\"},{\"@type\":\"Organization\",\"@id\":\"https:\/\/www.gruppoliturgico.com\/es\/#organization\",\"name\":\"Laboratorio Gruppo Liturgico\",\"url\":\"https:\/\/www.gruppoliturgico.com\/es\/\",\"logo\":{\"@type\":\"ImageObject\",\"inLanguage\":\"es\",\"@id\":\"https:\/\/www.gruppoliturgico.com\/es\/#\/schema\/logo\/image\/\",\"url\":\"https:\/\/www.gruppoliturgico.com\/wp-content\/uploads\/2022\/02\/logo-laboratoriogruppoliturgico.png\",\"contentUrl\":\"https:\/\/www.gruppoliturgico.com\/wp-content\/uploads\/2022\/02\/logo-laboratoriogruppoliturgico.png\",\"width\":400,\"height\":114,\"caption\":\"Laboratorio Gruppo Liturgico\"},\"image\":{\"@id\":\"https:\/\/www.gruppoliturgico.com\/es\/#\/schema\/logo\/image\/\"}}]}<\/script>\n<!-- \/ Yoast SEO plugin. -->","yoast_head_json":{"title":"casulla - bordado en telar y Laboratorio Gruppo Liturgico","description":"Casulla realizada en tejido de poli\u00e9ster. Presenta un escapulario bordado en telar que representa a la Virgen del Kiko del Camino Neocatecumenal. El escapulario se puede quitar simplemente para adaptarlo a otra casulla.  &nbsp;  A petici\u00f3n, tambi\u00e9n podemos suministrar el escapulario solo sin la casulla. Solicite informaci\u00f3n en: info@gruppoliturgico.com","robots":{"index":"index","follow":"follow","max-snippet":"max-snippet:-1","max-image-preview":"max-image-preview:large","max-video-preview":"max-video-preview:-1"},"canonical":"https:\/\/www.gruppoliturgico.com\/es\/producto\/casulla-15\/","og_locale":"es_ES","og_type":"article","og_title":"casulla - bordado en telar y Laboratorio Gruppo Liturgico","og_description":"Casulla realizada en tejido de poli\u00e9ster. Presenta un escapulario bordado en telar que representa a la Virgen del Kiko del Camino Neocatecumenal. El escapulario se puede quitar simplemente para adaptarlo a otra casulla.  &nbsp;  A petici\u00f3n, tambi\u00e9n podemos suministrar el escapulario solo sin la casulla. Solicite informaci\u00f3n en: info@gruppoliturgico.com","og_url":"https:\/\/www.gruppoliturgico.com\/es\/producto\/casulla-15\/","og_site_name":"Laboratorio Gruppo Liturgico","article_modified_time":"2024-06-24T14:29:41+00:00","og_image":[{"width":1141,"height":1500,"url":"https:\/\/www.gruppoliturgico.com\/wp-content\/uploads\/2022\/05\/cid_D455453F-1EEB-4F23-865E-00BA4028F9DA.jpg","type":"image\/jpeg"}],"twitter_card":"summary_large_image","schema":{"@context":"https:\/\/schema.org","@graph":[{"@type":"WebPage","@id":"https:\/\/www.gruppoliturgico.com\/es\/producto\/casulla-15\/","url":"https:\/\/www.gruppoliturgico.com\/es\/producto\/casulla-15\/","name":"casulla - bordado en telar y Laboratorio Gruppo Liturgico","isPartOf":{"@id":"https:\/\/www.gruppoliturgico.com\/es\/#website"},"datePublished":"2022-05-19T21:43:34+00:00","dateModified":"2024-06-24T14:29:41+00:00","description":"Casulla realizada en tejido de poli\u00e9ster. Presenta un escapulario bordado en telar que representa a la Virgen del Kiko del Camino Neocatecumenal. El escapulario se puede quitar simplemente para adaptarlo a otra casulla. &nbsp; A petici\u00f3n, tambi\u00e9n podemos suministrar el escapulario solo sin la casulla. Solicite informaci\u00f3n en: info@gruppoliturgico.com","breadcrumb":{"@id":"https:\/\/www.gruppoliturgico.com\/es\/producto\/casulla-15\/#breadcrumb"},"inLanguage":"es","potentialAction":[{"@type":"ReadAction","target":["https:\/\/www.gruppoliturgico.com\/es\/producto\/casulla-15\/"]}]},{"@type":"BreadcrumbList","@id":"https:\/\/www.gruppoliturgico.com\/es\/producto\/casulla-15\/#breadcrumb","itemListElement":[{"@type":"ListItem","position":1,"name":"Home","item":"https:\/\/www.gruppoliturgico.com\/es\/"},{"@type":"ListItem","position":2,"name":"Tienda","item":"https:\/\/www.gruppoliturgico.com\/es\/tienda\/"},{"@type":"ListItem","position":3,"name":"casulla"}]},{"@type":"WebSite","@id":"https:\/\/www.gruppoliturgico.com\/es\/#website","url":"https:\/\/www.gruppoliturgico.com\/es\/","name":"Laboratorio Gruppo Liturgico","description":"Articoli Religiosi online","publisher":{"@id":"https:\/\/www.gruppoliturgico.com\/es\/#organization"},"potentialAction":[{"@type":"SearchAction","target":{"@type":"EntryPoint","urlTemplate":"https:\/\/www.gruppoliturgico.com\/es\/?s={search_term_string}"},"query-input":"required name=search_term_string"}],"inLanguage":"es"},{"@type":"Organization","@id":"https:\/\/www.gruppoliturgico.com\/es\/#organization","name":"Laboratorio Gruppo Liturgico","url":"https:\/\/www.gruppoliturgico.com\/es\/","logo":{"@type":"ImageObject","inLanguage":"es","@id":"https:\/\/www.gruppoliturgico.com\/es\/#\/schema\/logo\/image\/","url":"https:\/\/www.gruppoliturgico.com\/wp-content\/uploads\/2022\/02\/logo-laboratoriogruppoliturgico.png","contentUrl":"https:\/\/www.gruppoliturgico.com\/wp-content\/uploads\/2022\/02\/logo-laboratoriogruppoliturgico.png","width":400,"height":114,"caption":"Laboratorio Gruppo Liturgico"},"image":{"@id":"https:\/\/www.gruppoliturgico.com\/es\/#\/schema\/logo\/image\/"}}]}},"_links":{"self":[{"href":"https:\/\/www.gruppoliturgico.com\/es\/wp-json\/wp\/v2\/product\/64282"}],"collection":[{"href":"https:\/\/www.gruppoliturgico.com\/es\/wp-json\/wp\/v2\/product"}],"about":[{"href":"https:\/\/www.gruppoliturgico.com\/es\/wp-json\/wp\/v2\/types\/product"}],"wp:featuredmedia":[{"embeddable":true,"href":"https:\/\/www.gruppoliturgico.com\/es\/wp-json\/wp\/v2\/media\/129302"}],"wp:attachment":[{"href":"https:\/\/www.gruppoliturgico.com\/es\/wp-json\/wp\/v2\/media?parent=64282"}],"wp:term":[{"taxonomy":"product_cat","embeddable":true,"href":"https:\/\/www.gruppoliturgico.com\/es\/wp-json\/wp\/v2\/product_cat?post=64282"},{"taxonomy":"product_tag","embeddable":true,"href":"https:\/\/www.gruppoliturgico.com\/es\/wp-json\/wp\/v2\/product_tag?post=64282"}],"curies":[{"name":"wp","href":"https:\/\/api.w.org\/{rel}","templated":true}]}}