{"id":64078,"date":"2022-05-19T23:34:24","date_gmt":"2022-05-19T21:34:32","guid":{"rendered":"https:\/\/www.gruppoliturgico.com\/prodotto\/casullajesus\/"},"modified":"2022-05-20T07:48:16","modified_gmt":"2022-05-20T05:48:16","slug":"casullajesus","status":"publish","type":"product","link":"https:\/\/www.gruppoliturgico.com\/es\/producto\/casullajesus\/","title":{"rendered":"casulla\u00bbJES\u00daS\u00bb"},"content":{"rendered":"<html><body><p>confeccionada en un excelente tejido blanco laminado en oro con estolones bordados.<br>\nEs notable la disposici\u00f3n iconogr\u00e1fica.<br>\nLas dos formas m\u00e1s grandes, que representan la Crucifixi\u00f3n y la Resurrecci\u00f3n, se proponen tanto delante como detr\u00e1s, mientras que el medall\u00f3n central de la parte delantera representa la \u00daltima Cena, y detr\u00e1s dos \u00e1ngeles en vuelo.<\/p>\n<\/body><\/html>","protected":false},"excerpt":{"rendered":"<p>confeccionada en un excelente tejido blanco laminado en oro con estolones bordados.<br \/>\nEs notable la disposici\u00f3n iconogr\u00e1fica.<br \/>\nLas dos formas m\u00e1s grandes, que representan la Crucifixi\u00f3n y la Resurrecci\u00f3n, se proponen tanto delante como detr\u00e1s, mientras que el medall\u00f3n central de la parte delantera representa la \u00daltima Cena, y detr\u00e1s dos \u00e1ngeles en vuelo.<\/p>\n","protected":false},"featured_media":128982,"template":"","meta":[],"product_cat":[12243],"product_tag":[],"yoast_head":"<!-- This site is optimized with the Yoast SEO plugin v20.4 - https:\/\/yoast.com\/wordpress\/plugins\/seo\/ -->\n<title>casulla&quot;JES\u00daS&quot; - colecci\u00f3n cl\u00e1sica y Laboratorio Gruppo Liturgico<\/title>\n<meta name=\"description\" content=\"confeccionada en un excelente tejido blanco laminado en oro con estolones bordados.  Es notable la disposici\u00f3n iconogr\u00e1fica.  Las dos formas m\u00e1s grandes, que representan la Crucifixi\u00f3n y la Resurrecci\u00f3n, se proponen tanto delante como detr\u00e1s, mientras que el medall\u00f3n central de la parte delantera representa la \u00daltima Cena, y detr\u00e1s dos \u00e1ngeles en vuelo.\" \/>\n<meta name=\"robots\" content=\"index, follow, max-snippet:-1, max-image-preview:large, max-video-preview:-1\" \/>\n<link rel=\"canonical\" href=\"https:\/\/www.gruppoliturgico.com\/es\/producto\/casullajesus\/\" \/>\n<meta property=\"og:locale\" content=\"es_ES\" \/>\n<meta property=\"og:type\" content=\"article\" \/>\n<meta property=\"og:title\" content=\"casulla&quot;JES\u00daS&quot; - colecci\u00f3n cl\u00e1sica y Laboratorio Gruppo Liturgico\" \/>\n<meta property=\"og:description\" content=\"confeccionada en un excelente tejido blanco laminado en oro con estolones bordados.  Es notable la disposici\u00f3n iconogr\u00e1fica.  Las dos formas m\u00e1s grandes, que representan la Crucifixi\u00f3n y la Resurrecci\u00f3n, se proponen tanto delante como detr\u00e1s, mientras que el medall\u00f3n central de la parte delantera representa la \u00daltima Cena, y detr\u00e1s dos \u00e1ngeles en vuelo.\" \/>\n<meta property=\"og:url\" content=\"https:\/\/www.gruppoliturgico.com\/es\/producto\/casullajesus\/\" \/>\n<meta property=\"og:site_name\" content=\"Laboratorio Gruppo Liturgico\" \/>\n<meta property=\"article:modified_time\" content=\"2022-05-20T05:48:16+00:00\" \/>\n<meta property=\"og:image\" content=\"https:\/\/www.gruppoliturgico.com\/wp-content\/uploads\/2022\/05\/922-2.jpg\" \/>\n\t<meta property=\"og:image:width\" content=\"1171\" \/>\n\t<meta property=\"og:image:height\" content=\"2000\" \/>\n\t<meta property=\"og:image:type\" content=\"image\/jpeg\" \/>\n<meta name=\"twitter:card\" content=\"summary_large_image\" \/>\n<script type=\"application\/ld+json\" class=\"yoast-schema-graph\">{\"@context\":\"https:\/\/schema.org\",\"@graph\":[{\"@type\":\"WebPage\",\"@id\":\"https:\/\/www.gruppoliturgico.com\/es\/producto\/casullajesus\/\",\"url\":\"https:\/\/www.gruppoliturgico.com\/es\/producto\/casullajesus\/\",\"name\":\"casulla\\\"JES\u00daS\\\" - colecci\u00f3n cl\u00e1sica y Laboratorio Gruppo Liturgico\",\"isPartOf\":{\"@id\":\"https:\/\/www.gruppoliturgico.com\/es\/#website\"},\"datePublished\":\"2022-05-19T21:34:32+00:00\",\"dateModified\":\"2022-05-20T05:48:16+00:00\",\"description\":\"confeccionada en un excelente tejido blanco laminado en oro con estolones bordados. Es notable la disposici\u00f3n iconogr\u00e1fica. Las dos formas m\u00e1s grandes, que representan la Crucifixi\u00f3n y la Resurrecci\u00f3n, se proponen tanto delante como detr\u00e1s, mientras que el medall\u00f3n central de la parte delantera representa la \u00daltima Cena, y detr\u00e1s dos \u00e1ngeles en vuelo.\",\"breadcrumb\":{\"@id\":\"https:\/\/www.gruppoliturgico.com\/es\/producto\/casullajesus\/#breadcrumb\"},\"inLanguage\":\"es\",\"potentialAction\":[{\"@type\":\"ReadAction\",\"target\":[\"https:\/\/www.gruppoliturgico.com\/es\/producto\/casullajesus\/\"]}]},{\"@type\":\"BreadcrumbList\",\"@id\":\"https:\/\/www.gruppoliturgico.com\/es\/producto\/casullajesus\/#breadcrumb\",\"itemListElement\":[{\"@type\":\"ListItem\",\"position\":1,\"name\":\"Home\",\"item\":\"https:\/\/www.gruppoliturgico.com\/es\/\"},{\"@type\":\"ListItem\",\"position\":2,\"name\":\"Tienda\",\"item\":\"https:\/\/www.gruppoliturgico.com\/es\/tienda\/\"},{\"@type\":\"ListItem\",\"position\":3,\"name\":\"casulla&#8221;JES\u00daS&#8221;\"}]},{\"@type\":\"WebSite\",\"@id\":\"https:\/\/www.gruppoliturgico.com\/es\/#website\",\"url\":\"https:\/\/www.gruppoliturgico.com\/es\/\",\"name\":\"Laboratorio Gruppo Liturgico\",\"description\":\"Articoli Religiosi online\",\"publisher\":{\"@id\":\"https:\/\/www.gruppoliturgico.com\/es\/#organization\"},\"potentialAction\":[{\"@type\":\"SearchAction\",\"target\":{\"@type\":\"EntryPoint\",\"urlTemplate\":\"https:\/\/www.gruppoliturgico.com\/es\/?s={search_term_string}\"},\"query-input\":\"required name=search_term_string\"}],\"inLanguage\":\"es\"},{\"@type\":\"Organization\",\"@id\":\"https:\/\/www.gruppoliturgico.com\/es\/#organization\",\"name\":\"Laboratorio Gruppo Liturgico\",\"url\":\"https:\/\/www.gruppoliturgico.com\/es\/\",\"logo\":{\"@type\":\"ImageObject\",\"inLanguage\":\"es\",\"@id\":\"https:\/\/www.gruppoliturgico.com\/es\/#\/schema\/logo\/image\/\",\"url\":\"https:\/\/www.gruppoliturgico.com\/wp-content\/uploads\/2022\/02\/logo-laboratoriogruppoliturgico.png\",\"contentUrl\":\"https:\/\/www.gruppoliturgico.com\/wp-content\/uploads\/2022\/02\/logo-laboratoriogruppoliturgico.png\",\"width\":400,\"height\":114,\"caption\":\"Laboratorio Gruppo Liturgico\"},\"image\":{\"@id\":\"https:\/\/www.gruppoliturgico.com\/es\/#\/schema\/logo\/image\/\"}}]}<\/script>\n<!-- \/ Yoast SEO plugin. -->","yoast_head_json":{"title":"casulla\"JES\u00daS\" - colecci\u00f3n cl\u00e1sica y Laboratorio Gruppo Liturgico","description":"confeccionada en un excelente tejido blanco laminado en oro con estolones bordados.  Es notable la disposici\u00f3n iconogr\u00e1fica.  Las dos formas m\u00e1s grandes, que representan la Crucifixi\u00f3n y la Resurrecci\u00f3n, se proponen tanto delante como detr\u00e1s, mientras que el medall\u00f3n central de la parte delantera representa la \u00daltima Cena, y detr\u00e1s dos \u00e1ngeles en vuelo.","robots":{"index":"index","follow":"follow","max-snippet":"max-snippet:-1","max-image-preview":"max-image-preview:large","max-video-preview":"max-video-preview:-1"},"canonical":"https:\/\/www.gruppoliturgico.com\/es\/producto\/casullajesus\/","og_locale":"es_ES","og_type":"article","og_title":"casulla\"JES\u00daS\" - colecci\u00f3n cl\u00e1sica y Laboratorio Gruppo Liturgico","og_description":"confeccionada en un excelente tejido blanco laminado en oro con estolones bordados.  Es notable la disposici\u00f3n iconogr\u00e1fica.  Las dos formas m\u00e1s grandes, que representan la Crucifixi\u00f3n y la Resurrecci\u00f3n, se proponen tanto delante como detr\u00e1s, mientras que el medall\u00f3n central de la parte delantera representa la \u00daltima Cena, y detr\u00e1s dos \u00e1ngeles en vuelo.","og_url":"https:\/\/www.gruppoliturgico.com\/es\/producto\/casullajesus\/","og_site_name":"Laboratorio Gruppo Liturgico","article_modified_time":"2022-05-20T05:48:16+00:00","og_image":[{"width":1171,"height":2000,"url":"https:\/\/www.gruppoliturgico.com\/wp-content\/uploads\/2022\/05\/922-2.jpg","type":"image\/jpeg"}],"twitter_card":"summary_large_image","schema":{"@context":"https:\/\/schema.org","@graph":[{"@type":"WebPage","@id":"https:\/\/www.gruppoliturgico.com\/es\/producto\/casullajesus\/","url":"https:\/\/www.gruppoliturgico.com\/es\/producto\/casullajesus\/","name":"casulla\"JES\u00daS\" - colecci\u00f3n cl\u00e1sica y Laboratorio Gruppo Liturgico","isPartOf":{"@id":"https:\/\/www.gruppoliturgico.com\/es\/#website"},"datePublished":"2022-05-19T21:34:32+00:00","dateModified":"2022-05-20T05:48:16+00:00","description":"confeccionada en un excelente tejido blanco laminado en oro con estolones bordados. Es notable la disposici\u00f3n iconogr\u00e1fica. Las dos formas m\u00e1s grandes, que representan la Crucifixi\u00f3n y la Resurrecci\u00f3n, se proponen tanto delante como detr\u00e1s, mientras que el medall\u00f3n central de la parte delantera representa la \u00daltima Cena, y detr\u00e1s dos \u00e1ngeles en vuelo.","breadcrumb":{"@id":"https:\/\/www.gruppoliturgico.com\/es\/producto\/casullajesus\/#breadcrumb"},"inLanguage":"es","potentialAction":[{"@type":"ReadAction","target":["https:\/\/www.gruppoliturgico.com\/es\/producto\/casullajesus\/"]}]},{"@type":"BreadcrumbList","@id":"https:\/\/www.gruppoliturgico.com\/es\/producto\/casullajesus\/#breadcrumb","itemListElement":[{"@type":"ListItem","position":1,"name":"Home","item":"https:\/\/www.gruppoliturgico.com\/es\/"},{"@type":"ListItem","position":2,"name":"Tienda","item":"https:\/\/www.gruppoliturgico.com\/es\/tienda\/"},{"@type":"ListItem","position":3,"name":"casulla&#8221;JES\u00daS&#8221;"}]},{"@type":"WebSite","@id":"https:\/\/www.gruppoliturgico.com\/es\/#website","url":"https:\/\/www.gruppoliturgico.com\/es\/","name":"Laboratorio Gruppo Liturgico","description":"Articoli Religiosi online","publisher":{"@id":"https:\/\/www.gruppoliturgico.com\/es\/#organization"},"potentialAction":[{"@type":"SearchAction","target":{"@type":"EntryPoint","urlTemplate":"https:\/\/www.gruppoliturgico.com\/es\/?s={search_term_string}"},"query-input":"required name=search_term_string"}],"inLanguage":"es"},{"@type":"Organization","@id":"https:\/\/www.gruppoliturgico.com\/es\/#organization","name":"Laboratorio Gruppo Liturgico","url":"https:\/\/www.gruppoliturgico.com\/es\/","logo":{"@type":"ImageObject","inLanguage":"es","@id":"https:\/\/www.gruppoliturgico.com\/es\/#\/schema\/logo\/image\/","url":"https:\/\/www.gruppoliturgico.com\/wp-content\/uploads\/2022\/02\/logo-laboratoriogruppoliturgico.png","contentUrl":"https:\/\/www.gruppoliturgico.com\/wp-content\/uploads\/2022\/02\/logo-laboratoriogruppoliturgico.png","width":400,"height":114,"caption":"Laboratorio Gruppo Liturgico"},"image":{"@id":"https:\/\/www.gruppoliturgico.com\/es\/#\/schema\/logo\/image\/"}}]}},"_links":{"self":[{"href":"https:\/\/www.gruppoliturgico.com\/es\/wp-json\/wp\/v2\/product\/64078"}],"collection":[{"href":"https:\/\/www.gruppoliturgico.com\/es\/wp-json\/wp\/v2\/product"}],"about":[{"href":"https:\/\/www.gruppoliturgico.com\/es\/wp-json\/wp\/v2\/types\/product"}],"wp:featuredmedia":[{"embeddable":true,"href":"https:\/\/www.gruppoliturgico.com\/es\/wp-json\/wp\/v2\/media\/128982"}],"wp:attachment":[{"href":"https:\/\/www.gruppoliturgico.com\/es\/wp-json\/wp\/v2\/media?parent=64078"}],"wp:term":[{"taxonomy":"product_cat","embeddable":true,"href":"https:\/\/www.gruppoliturgico.com\/es\/wp-json\/wp\/v2\/product_cat?post=64078"},{"taxonomy":"product_tag","embeddable":true,"href":"https:\/\/www.gruppoliturgico.com\/es\/wp-json\/wp\/v2\/product_tag?post=64078"}],"curies":[{"name":"wp","href":"https:\/\/api.w.org\/{rel}","templated":true}]}}