{"id":64074,"date":"2022-05-19T23:34:12","date_gmt":"2022-05-19T21:34:22","guid":{"rendered":"https:\/\/www.gruppoliturgico.com\/prodotto\/casulla-miriam\/"},"modified":"2022-05-20T07:48:07","modified_gmt":"2022-05-20T05:48:07","slug":"casulla-miriam","status":"publish","type":"product","link":"https:\/\/www.gruppoliturgico.com\/es\/producto\/casulla-miriam\/","title":{"rendered":"casulla \u00abMIRIAM\u00bb"},"content":{"rendered":"<html><body><p>Confeccionada en un precioso tejido lampas de color blanco elaborado en oro.<br>\nLos bordados de las tres figuras representan la Anunciaci\u00f3n, la Navidad y la Presentaci\u00f3n de Jes\u00fas al Templo, y est\u00e1n presentes tanto en la parte delantera como en la trasera de la casulla.<br>\nEsta casulla adem\u00e1s es muy adecuada para las diversas solemnidades lit\u00fargicas.<\/p>\n<\/body><\/html>","protected":false},"excerpt":{"rendered":"<p>Confeccionada en un precioso tejido lampas de color blanco elaborado en oro.<br \/>\nLos bordados de las tres figuras representan la Anunciaci\u00f3n, la Navidad y la Presentaci\u00f3n de Jes\u00fas al Templo, y est\u00e1n presentes tanto en la parte delantera como en la trasera de la casulla.<br \/>\nEsta casulla adem\u00e1s es muy adecuada para las diversas solemnidades lit\u00fargicas.<\/p>\n","protected":false},"featured_media":128994,"template":"","meta":[],"product_cat":[12243],"product_tag":[],"yoast_head":"<!-- This site is optimized with the Yoast SEO plugin v20.4 - https:\/\/yoast.com\/wordpress\/plugins\/seo\/ -->\n<title>casulla &quot;MIRIAM&quot; - colecci\u00f3n cl\u00e1sica y Laboratorio Gruppo Liturgico<\/title>\n<meta name=\"description\" content=\"Confeccionada en un precioso tejido lampas de color blanco elaborado en oro. Los bordados de las tres figuras representan la Anunciaci\u00f3n, la Navidad y la Presentaci\u00f3n de Jes\u00fas al Templo, y est\u00e1n presentes tanto en la parte delantera como en la trasera de la casulla.  Esta casulla adem\u00e1s es muy adecuada para las diversas solemnidades lit\u00fargicas.\" \/>\n<meta name=\"robots\" content=\"index, follow, max-snippet:-1, max-image-preview:large, max-video-preview:-1\" \/>\n<link rel=\"canonical\" href=\"https:\/\/www.gruppoliturgico.com\/es\/producto\/casulla-miriam\/\" \/>\n<meta property=\"og:locale\" content=\"es_ES\" \/>\n<meta property=\"og:type\" content=\"article\" \/>\n<meta property=\"og:title\" content=\"casulla &quot;MIRIAM&quot; - colecci\u00f3n cl\u00e1sica y Laboratorio Gruppo Liturgico\" \/>\n<meta property=\"og:description\" content=\"Confeccionada en un precioso tejido lampas de color blanco elaborado en oro. Los bordados de las tres figuras representan la Anunciaci\u00f3n, la Navidad y la Presentaci\u00f3n de Jes\u00fas al Templo, y est\u00e1n presentes tanto en la parte delantera como en la trasera de la casulla.  Esta casulla adem\u00e1s es muy adecuada para las diversas solemnidades lit\u00fargicas.\" \/>\n<meta property=\"og:url\" content=\"https:\/\/www.gruppoliturgico.com\/es\/producto\/casulla-miriam\/\" \/>\n<meta property=\"og:site_name\" content=\"Laboratorio Gruppo Liturgico\" \/>\n<meta property=\"article:modified_time\" content=\"2022-05-20T05:48:07+00:00\" \/>\n<meta property=\"og:image\" content=\"https:\/\/www.gruppoliturgico.com\/wp-content\/uploads\/2022\/05\/955.jpg\" \/>\n\t<meta property=\"og:image:width\" content=\"1154\" \/>\n\t<meta property=\"og:image:height\" content=\"1500\" \/>\n\t<meta property=\"og:image:type\" content=\"image\/jpeg\" \/>\n<meta name=\"twitter:card\" content=\"summary_large_image\" \/>\n<script type=\"application\/ld+json\" class=\"yoast-schema-graph\">{\"@context\":\"https:\/\/schema.org\",\"@graph\":[{\"@type\":\"WebPage\",\"@id\":\"https:\/\/www.gruppoliturgico.com\/es\/producto\/casulla-miriam\/\",\"url\":\"https:\/\/www.gruppoliturgico.com\/es\/producto\/casulla-miriam\/\",\"name\":\"casulla \\\"MIRIAM\\\" - colecci\u00f3n cl\u00e1sica y Laboratorio Gruppo Liturgico\",\"isPartOf\":{\"@id\":\"https:\/\/www.gruppoliturgico.com\/es\/#website\"},\"datePublished\":\"2022-05-19T21:34:22+00:00\",\"dateModified\":\"2022-05-20T05:48:07+00:00\",\"description\":\"Confeccionada en un precioso tejido lampas de color blanco elaborado en oro. Los bordados de las tres figuras representan la Anunciaci\u00f3n, la Navidad y la Presentaci\u00f3n de Jes\u00fas al Templo, y est\u00e1n presentes tanto en la parte delantera como en la trasera de la casulla. Esta casulla adem\u00e1s es muy adecuada para las diversas solemnidades lit\u00fargicas.\",\"breadcrumb\":{\"@id\":\"https:\/\/www.gruppoliturgico.com\/es\/producto\/casulla-miriam\/#breadcrumb\"},\"inLanguage\":\"es\",\"potentialAction\":[{\"@type\":\"ReadAction\",\"target\":[\"https:\/\/www.gruppoliturgico.com\/es\/producto\/casulla-miriam\/\"]}]},{\"@type\":\"BreadcrumbList\",\"@id\":\"https:\/\/www.gruppoliturgico.com\/es\/producto\/casulla-miriam\/#breadcrumb\",\"itemListElement\":[{\"@type\":\"ListItem\",\"position\":1,\"name\":\"Home\",\"item\":\"https:\/\/www.gruppoliturgico.com\/es\/\"},{\"@type\":\"ListItem\",\"position\":2,\"name\":\"Tienda\",\"item\":\"https:\/\/www.gruppoliturgico.com\/es\/tienda\/\"},{\"@type\":\"ListItem\",\"position\":3,\"name\":\"casulla \u00abMIRIAM\u00bb\"}]},{\"@type\":\"WebSite\",\"@id\":\"https:\/\/www.gruppoliturgico.com\/es\/#website\",\"url\":\"https:\/\/www.gruppoliturgico.com\/es\/\",\"name\":\"Laboratorio Gruppo Liturgico\",\"description\":\"Articoli Religiosi online\",\"publisher\":{\"@id\":\"https:\/\/www.gruppoliturgico.com\/es\/#organization\"},\"potentialAction\":[{\"@type\":\"SearchAction\",\"target\":{\"@type\":\"EntryPoint\",\"urlTemplate\":\"https:\/\/www.gruppoliturgico.com\/es\/?s={search_term_string}\"},\"query-input\":\"required name=search_term_string\"}],\"inLanguage\":\"es\"},{\"@type\":\"Organization\",\"@id\":\"https:\/\/www.gruppoliturgico.com\/es\/#organization\",\"name\":\"Laboratorio Gruppo Liturgico\",\"url\":\"https:\/\/www.gruppoliturgico.com\/es\/\",\"logo\":{\"@type\":\"ImageObject\",\"inLanguage\":\"es\",\"@id\":\"https:\/\/www.gruppoliturgico.com\/es\/#\/schema\/logo\/image\/\",\"url\":\"https:\/\/www.gruppoliturgico.com\/wp-content\/uploads\/2022\/02\/logo-laboratoriogruppoliturgico.png\",\"contentUrl\":\"https:\/\/www.gruppoliturgico.com\/wp-content\/uploads\/2022\/02\/logo-laboratoriogruppoliturgico.png\",\"width\":400,\"height\":114,\"caption\":\"Laboratorio Gruppo Liturgico\"},\"image\":{\"@id\":\"https:\/\/www.gruppoliturgico.com\/es\/#\/schema\/logo\/image\/\"}}]}<\/script>\n<!-- \/ Yoast SEO plugin. -->","yoast_head_json":{"title":"casulla \"MIRIAM\" - colecci\u00f3n cl\u00e1sica y Laboratorio Gruppo Liturgico","description":"Confeccionada en un precioso tejido lampas de color blanco elaborado en oro. Los bordados de las tres figuras representan la Anunciaci\u00f3n, la Navidad y la Presentaci\u00f3n de Jes\u00fas al Templo, y est\u00e1n presentes tanto en la parte delantera como en la trasera de la casulla.  Esta casulla adem\u00e1s es muy adecuada para las diversas solemnidades lit\u00fargicas.","robots":{"index":"index","follow":"follow","max-snippet":"max-snippet:-1","max-image-preview":"max-image-preview:large","max-video-preview":"max-video-preview:-1"},"canonical":"https:\/\/www.gruppoliturgico.com\/es\/producto\/casulla-miriam\/","og_locale":"es_ES","og_type":"article","og_title":"casulla \"MIRIAM\" - colecci\u00f3n cl\u00e1sica y Laboratorio Gruppo Liturgico","og_description":"Confeccionada en un precioso tejido lampas de color blanco elaborado en oro. Los bordados de las tres figuras representan la Anunciaci\u00f3n, la Navidad y la Presentaci\u00f3n de Jes\u00fas al Templo, y est\u00e1n presentes tanto en la parte delantera como en la trasera de la casulla.  Esta casulla adem\u00e1s es muy adecuada para las diversas solemnidades lit\u00fargicas.","og_url":"https:\/\/www.gruppoliturgico.com\/es\/producto\/casulla-miriam\/","og_site_name":"Laboratorio Gruppo Liturgico","article_modified_time":"2022-05-20T05:48:07+00:00","og_image":[{"width":1154,"height":1500,"url":"https:\/\/www.gruppoliturgico.com\/wp-content\/uploads\/2022\/05\/955.jpg","type":"image\/jpeg"}],"twitter_card":"summary_large_image","schema":{"@context":"https:\/\/schema.org","@graph":[{"@type":"WebPage","@id":"https:\/\/www.gruppoliturgico.com\/es\/producto\/casulla-miriam\/","url":"https:\/\/www.gruppoliturgico.com\/es\/producto\/casulla-miriam\/","name":"casulla \"MIRIAM\" - colecci\u00f3n cl\u00e1sica y Laboratorio Gruppo Liturgico","isPartOf":{"@id":"https:\/\/www.gruppoliturgico.com\/es\/#website"},"datePublished":"2022-05-19T21:34:22+00:00","dateModified":"2022-05-20T05:48:07+00:00","description":"Confeccionada en un precioso tejido lampas de color blanco elaborado en oro. Los bordados de las tres figuras representan la Anunciaci\u00f3n, la Navidad y la Presentaci\u00f3n de Jes\u00fas al Templo, y est\u00e1n presentes tanto en la parte delantera como en la trasera de la casulla. Esta casulla adem\u00e1s es muy adecuada para las diversas solemnidades lit\u00fargicas.","breadcrumb":{"@id":"https:\/\/www.gruppoliturgico.com\/es\/producto\/casulla-miriam\/#breadcrumb"},"inLanguage":"es","potentialAction":[{"@type":"ReadAction","target":["https:\/\/www.gruppoliturgico.com\/es\/producto\/casulla-miriam\/"]}]},{"@type":"BreadcrumbList","@id":"https:\/\/www.gruppoliturgico.com\/es\/producto\/casulla-miriam\/#breadcrumb","itemListElement":[{"@type":"ListItem","position":1,"name":"Home","item":"https:\/\/www.gruppoliturgico.com\/es\/"},{"@type":"ListItem","position":2,"name":"Tienda","item":"https:\/\/www.gruppoliturgico.com\/es\/tienda\/"},{"@type":"ListItem","position":3,"name":"casulla \u00abMIRIAM\u00bb"}]},{"@type":"WebSite","@id":"https:\/\/www.gruppoliturgico.com\/es\/#website","url":"https:\/\/www.gruppoliturgico.com\/es\/","name":"Laboratorio Gruppo Liturgico","description":"Articoli Religiosi online","publisher":{"@id":"https:\/\/www.gruppoliturgico.com\/es\/#organization"},"potentialAction":[{"@type":"SearchAction","target":{"@type":"EntryPoint","urlTemplate":"https:\/\/www.gruppoliturgico.com\/es\/?s={search_term_string}"},"query-input":"required name=search_term_string"}],"inLanguage":"es"},{"@type":"Organization","@id":"https:\/\/www.gruppoliturgico.com\/es\/#organization","name":"Laboratorio Gruppo Liturgico","url":"https:\/\/www.gruppoliturgico.com\/es\/","logo":{"@type":"ImageObject","inLanguage":"es","@id":"https:\/\/www.gruppoliturgico.com\/es\/#\/schema\/logo\/image\/","url":"https:\/\/www.gruppoliturgico.com\/wp-content\/uploads\/2022\/02\/logo-laboratoriogruppoliturgico.png","contentUrl":"https:\/\/www.gruppoliturgico.com\/wp-content\/uploads\/2022\/02\/logo-laboratoriogruppoliturgico.png","width":400,"height":114,"caption":"Laboratorio Gruppo Liturgico"},"image":{"@id":"https:\/\/www.gruppoliturgico.com\/es\/#\/schema\/logo\/image\/"}}]}},"_links":{"self":[{"href":"https:\/\/www.gruppoliturgico.com\/es\/wp-json\/wp\/v2\/product\/64074"}],"collection":[{"href":"https:\/\/www.gruppoliturgico.com\/es\/wp-json\/wp\/v2\/product"}],"about":[{"href":"https:\/\/www.gruppoliturgico.com\/es\/wp-json\/wp\/v2\/types\/product"}],"wp:featuredmedia":[{"embeddable":true,"href":"https:\/\/www.gruppoliturgico.com\/es\/wp-json\/wp\/v2\/media\/128994"}],"wp:attachment":[{"href":"https:\/\/www.gruppoliturgico.com\/es\/wp-json\/wp\/v2\/media?parent=64074"}],"wp:term":[{"taxonomy":"product_cat","embeddable":true,"href":"https:\/\/www.gruppoliturgico.com\/es\/wp-json\/wp\/v2\/product_cat?post=64074"},{"taxonomy":"product_tag","embeddable":true,"href":"https:\/\/www.gruppoliturgico.com\/es\/wp-json\/wp\/v2\/product_tag?post=64074"}],"curies":[{"name":"wp","href":"https:\/\/api.w.org\/{rel}","templated":true}]}}