{"id":63842,"date":"2022-05-19T23:23:36","date_gmt":"2022-05-19T21:23:44","guid":{"rendered":"https:\/\/www.gruppoliturgico.com\/prodotto\/alba-para-lector\/"},"modified":"2022-06-02T11:28:42","modified_gmt":"2022-06-02T09:28:42","slug":"alba-para-lector","status":"publish","type":"product","link":"https:\/\/www.gruppoliturgico.com\/es\/producto\/alba-para-lector\/","title":{"rendered":"Alba para lector"},"content":{"rendered":"<html><body><p>cl\u00e1sico modelo que puede llevarse tanto en el servicio lit\u00fargico como en las lecturas.<br>\nF\u00e1cil de lavar, se presenta con una cenefa roja aplicada en la parte delantera, trasera y en las mangas.<br>\nHasta 95 a 155 cm de longitud que se toma desde el centro de los hombros hasta el tal\u00f3n.<\/p>\n<\/body><\/html>","protected":false},"excerpt":{"rendered":"<p>cl\u00e1sico modelo que puede llevarse tanto en el servicio lit\u00fargico como en las lecturas.<br \/>\nF\u00e1cil de lavar, se presenta con una cenefa roja aplicada en la parte delantera, trasera y en las mangas.<br \/>\nHasta 95 a 155 cm de longitud que se toma desde el centro de los hombros hasta el tal\u00f3n.<\/p>\n","protected":false},"featured_media":135536,"template":"","meta":[],"product_cat":[11615],"product_tag":[],"yoast_head":"<!-- This site is optimized with the Yoast SEO plugin v20.4 - https:\/\/yoast.com\/wordpress\/plugins\/seo\/ -->\n<title>Alba para lector - Albas monaguillos y Laboratorio Gruppo Liturgico<\/title>\n<meta name=\"description\" content=\"cl\u00e1sico modelo que puede llevarse tanto en el servicio lit\u00fargico como en las lecturas. F\u00e1cil de lavar, se presenta con una cenefa roja aplicada en la parte delantera, trasera y en las mangas. Hasta 95 a 155 cm de longitud que se toma desde el centro de los hombros hasta el tal\u00f3n.\" \/>\n<meta name=\"robots\" content=\"index, follow, max-snippet:-1, max-image-preview:large, max-video-preview:-1\" \/>\n<link rel=\"canonical\" href=\"https:\/\/www.gruppoliturgico.com\/es\/producto\/alba-para-lector\/\" \/>\n<meta property=\"og:locale\" content=\"es_ES\" \/>\n<meta property=\"og:type\" content=\"article\" \/>\n<meta property=\"og:title\" content=\"Alba para lector - Albas monaguillos y Laboratorio Gruppo Liturgico\" \/>\n<meta property=\"og:description\" content=\"cl\u00e1sico modelo que puede llevarse tanto en el servicio lit\u00fargico como en las lecturas. F\u00e1cil de lavar, se presenta con una cenefa roja aplicada en la parte delantera, trasera y en las mangas. Hasta 95 a 155 cm de longitud que se toma desde el centro de los hombros hasta el tal\u00f3n.\" \/>\n<meta property=\"og:url\" content=\"https:\/\/www.gruppoliturgico.com\/es\/producto\/alba-para-lector\/\" \/>\n<meta property=\"og:site_name\" content=\"Laboratorio Gruppo Liturgico\" \/>\n<meta property=\"article:modified_time\" content=\"2022-06-02T09:28:42+00:00\" \/>\n<meta property=\"og:image\" content=\"https:\/\/www.gruppoliturgico.com\/wp-content\/uploads\/2022\/05\/55-nv-rit.jpg\" \/>\n\t<meta property=\"og:image:width\" content=\"595\" \/>\n\t<meta property=\"og:image:height\" content=\"920\" \/>\n\t<meta property=\"og:image:type\" content=\"image\/jpeg\" \/>\n<meta name=\"twitter:card\" content=\"summary_large_image\" \/>\n<script type=\"application\/ld+json\" class=\"yoast-schema-graph\">{\"@context\":\"https:\/\/schema.org\",\"@graph\":[{\"@type\":\"WebPage\",\"@id\":\"https:\/\/www.gruppoliturgico.com\/es\/producto\/alba-para-lector\/\",\"url\":\"https:\/\/www.gruppoliturgico.com\/es\/producto\/alba-para-lector\/\",\"name\":\"Alba para lector - Albas monaguillos y Laboratorio Gruppo Liturgico\",\"isPartOf\":{\"@id\":\"https:\/\/www.gruppoliturgico.com\/es\/#website\"},\"datePublished\":\"2022-05-19T21:23:44+00:00\",\"dateModified\":\"2022-06-02T09:28:42+00:00\",\"description\":\"cl\u00e1sico modelo que puede llevarse tanto en el servicio lit\u00fargico como en las lecturas. F\u00e1cil de lavar, se presenta con una cenefa roja aplicada en la parte delantera, trasera y en las mangas. Hasta 95 a 155 cm de longitud que se toma desde el centro de los hombros hasta el tal\u00f3n.\",\"breadcrumb\":{\"@id\":\"https:\/\/www.gruppoliturgico.com\/es\/producto\/alba-para-lector\/#breadcrumb\"},\"inLanguage\":\"es\",\"potentialAction\":[{\"@type\":\"ReadAction\",\"target\":[\"https:\/\/www.gruppoliturgico.com\/es\/producto\/alba-para-lector\/\"]}]},{\"@type\":\"BreadcrumbList\",\"@id\":\"https:\/\/www.gruppoliturgico.com\/es\/producto\/alba-para-lector\/#breadcrumb\",\"itemListElement\":[{\"@type\":\"ListItem\",\"position\":1,\"name\":\"Home\",\"item\":\"https:\/\/www.gruppoliturgico.com\/es\/\"},{\"@type\":\"ListItem\",\"position\":2,\"name\":\"Tienda\",\"item\":\"https:\/\/www.gruppoliturgico.com\/es\/tienda\/\"},{\"@type\":\"ListItem\",\"position\":3,\"name\":\"Alba para lector\"}]},{\"@type\":\"WebSite\",\"@id\":\"https:\/\/www.gruppoliturgico.com\/es\/#website\",\"url\":\"https:\/\/www.gruppoliturgico.com\/es\/\",\"name\":\"Laboratorio Gruppo Liturgico\",\"description\":\"Articoli Religiosi online\",\"publisher\":{\"@id\":\"https:\/\/www.gruppoliturgico.com\/es\/#organization\"},\"potentialAction\":[{\"@type\":\"SearchAction\",\"target\":{\"@type\":\"EntryPoint\",\"urlTemplate\":\"https:\/\/www.gruppoliturgico.com\/es\/?s={search_term_string}\"},\"query-input\":\"required name=search_term_string\"}],\"inLanguage\":\"es\"},{\"@type\":\"Organization\",\"@id\":\"https:\/\/www.gruppoliturgico.com\/es\/#organization\",\"name\":\"Laboratorio Gruppo Liturgico\",\"url\":\"https:\/\/www.gruppoliturgico.com\/es\/\",\"logo\":{\"@type\":\"ImageObject\",\"inLanguage\":\"es\",\"@id\":\"https:\/\/www.gruppoliturgico.com\/es\/#\/schema\/logo\/image\/\",\"url\":\"https:\/\/www.gruppoliturgico.com\/wp-content\/uploads\/2022\/02\/logo-laboratoriogruppoliturgico.png\",\"contentUrl\":\"https:\/\/www.gruppoliturgico.com\/wp-content\/uploads\/2022\/02\/logo-laboratoriogruppoliturgico.png\",\"width\":400,\"height\":114,\"caption\":\"Laboratorio Gruppo Liturgico\"},\"image\":{\"@id\":\"https:\/\/www.gruppoliturgico.com\/es\/#\/schema\/logo\/image\/\"}}]}<\/script>\n<!-- \/ Yoast SEO plugin. -->","yoast_head_json":{"title":"Alba para lector - Albas monaguillos y Laboratorio Gruppo Liturgico","description":"cl\u00e1sico modelo que puede llevarse tanto en el servicio lit\u00fargico como en las lecturas. F\u00e1cil de lavar, se presenta con una cenefa roja aplicada en la parte delantera, trasera y en las mangas. Hasta 95 a 155 cm de longitud que se toma desde el centro de los hombros hasta el tal\u00f3n.","robots":{"index":"index","follow":"follow","max-snippet":"max-snippet:-1","max-image-preview":"max-image-preview:large","max-video-preview":"max-video-preview:-1"},"canonical":"https:\/\/www.gruppoliturgico.com\/es\/producto\/alba-para-lector\/","og_locale":"es_ES","og_type":"article","og_title":"Alba para lector - Albas monaguillos y Laboratorio Gruppo Liturgico","og_description":"cl\u00e1sico modelo que puede llevarse tanto en el servicio lit\u00fargico como en las lecturas. F\u00e1cil de lavar, se presenta con una cenefa roja aplicada en la parte delantera, trasera y en las mangas. Hasta 95 a 155 cm de longitud que se toma desde el centro de los hombros hasta el tal\u00f3n.","og_url":"https:\/\/www.gruppoliturgico.com\/es\/producto\/alba-para-lector\/","og_site_name":"Laboratorio Gruppo Liturgico","article_modified_time":"2022-06-02T09:28:42+00:00","og_image":[{"width":595,"height":920,"url":"https:\/\/www.gruppoliturgico.com\/wp-content\/uploads\/2022\/05\/55-nv-rit.jpg","type":"image\/jpeg"}],"twitter_card":"summary_large_image","schema":{"@context":"https:\/\/schema.org","@graph":[{"@type":"WebPage","@id":"https:\/\/www.gruppoliturgico.com\/es\/producto\/alba-para-lector\/","url":"https:\/\/www.gruppoliturgico.com\/es\/producto\/alba-para-lector\/","name":"Alba para lector - Albas monaguillos y Laboratorio Gruppo Liturgico","isPartOf":{"@id":"https:\/\/www.gruppoliturgico.com\/es\/#website"},"datePublished":"2022-05-19T21:23:44+00:00","dateModified":"2022-06-02T09:28:42+00:00","description":"cl\u00e1sico modelo que puede llevarse tanto en el servicio lit\u00fargico como en las lecturas. F\u00e1cil de lavar, se presenta con una cenefa roja aplicada en la parte delantera, trasera y en las mangas. Hasta 95 a 155 cm de longitud que se toma desde el centro de los hombros hasta el tal\u00f3n.","breadcrumb":{"@id":"https:\/\/www.gruppoliturgico.com\/es\/producto\/alba-para-lector\/#breadcrumb"},"inLanguage":"es","potentialAction":[{"@type":"ReadAction","target":["https:\/\/www.gruppoliturgico.com\/es\/producto\/alba-para-lector\/"]}]},{"@type":"BreadcrumbList","@id":"https:\/\/www.gruppoliturgico.com\/es\/producto\/alba-para-lector\/#breadcrumb","itemListElement":[{"@type":"ListItem","position":1,"name":"Home","item":"https:\/\/www.gruppoliturgico.com\/es\/"},{"@type":"ListItem","position":2,"name":"Tienda","item":"https:\/\/www.gruppoliturgico.com\/es\/tienda\/"},{"@type":"ListItem","position":3,"name":"Alba para lector"}]},{"@type":"WebSite","@id":"https:\/\/www.gruppoliturgico.com\/es\/#website","url":"https:\/\/www.gruppoliturgico.com\/es\/","name":"Laboratorio Gruppo Liturgico","description":"Articoli Religiosi online","publisher":{"@id":"https:\/\/www.gruppoliturgico.com\/es\/#organization"},"potentialAction":[{"@type":"SearchAction","target":{"@type":"EntryPoint","urlTemplate":"https:\/\/www.gruppoliturgico.com\/es\/?s={search_term_string}"},"query-input":"required name=search_term_string"}],"inLanguage":"es"},{"@type":"Organization","@id":"https:\/\/www.gruppoliturgico.com\/es\/#organization","name":"Laboratorio Gruppo Liturgico","url":"https:\/\/www.gruppoliturgico.com\/es\/","logo":{"@type":"ImageObject","inLanguage":"es","@id":"https:\/\/www.gruppoliturgico.com\/es\/#\/schema\/logo\/image\/","url":"https:\/\/www.gruppoliturgico.com\/wp-content\/uploads\/2022\/02\/logo-laboratoriogruppoliturgico.png","contentUrl":"https:\/\/www.gruppoliturgico.com\/wp-content\/uploads\/2022\/02\/logo-laboratoriogruppoliturgico.png","width":400,"height":114,"caption":"Laboratorio Gruppo Liturgico"},"image":{"@id":"https:\/\/www.gruppoliturgico.com\/es\/#\/schema\/logo\/image\/"}}]}},"_links":{"self":[{"href":"https:\/\/www.gruppoliturgico.com\/es\/wp-json\/wp\/v2\/product\/63842"}],"collection":[{"href":"https:\/\/www.gruppoliturgico.com\/es\/wp-json\/wp\/v2\/product"}],"about":[{"href":"https:\/\/www.gruppoliturgico.com\/es\/wp-json\/wp\/v2\/types\/product"}],"wp:featuredmedia":[{"embeddable":true,"href":"https:\/\/www.gruppoliturgico.com\/es\/wp-json\/wp\/v2\/media\/135536"}],"wp:attachment":[{"href":"https:\/\/www.gruppoliturgico.com\/es\/wp-json\/wp\/v2\/media?parent=63842"}],"wp:term":[{"taxonomy":"product_cat","embeddable":true,"href":"https:\/\/www.gruppoliturgico.com\/es\/wp-json\/wp\/v2\/product_cat?post=63842"},{"taxonomy":"product_tag","embeddable":true,"href":"https:\/\/www.gruppoliturgico.com\/es\/wp-json\/wp\/v2\/product_tag?post=63842"}],"curies":[{"name":"wp","href":"https:\/\/api.w.org\/{rel}","templated":true}]}}