{"id":63778,"date":"2022-05-19T23:20:37","date_gmt":"2022-05-19T21:20:47","guid":{"rendered":"https:\/\/www.gruppoliturgico.com\/prodotto\/palio-2\/"},"modified":"2023-01-27T10:39:30","modified_gmt":"2023-01-27T09:39:30","slug":"palio-2","status":"publish","type":"product","link":"https:\/\/www.gruppoliturgico.com\/es\/producto\/palio-2\/","title":{"rendered":"palio"},"content":{"rendered":"<html><body><p>Procesional confeccionado en preciado tejido. Los ricos bordados con motivos barrocos, flores y s\u00edmbolos Eucar\u00edsticos est\u00e1n realizados con hilos de preciada calidad de oro y seda. Terminaciones con pasamaner\u00eda y preciados ribetes dorados.<br>\nDimensiones 240 x 180 cm<br>\nEl precio no incluye las varas.<\/p>\n<\/body><\/html>","protected":false},"excerpt":{"rendered":"<p>Procesional confeccionado en preciado tejido. Los ricos bordados con motivos barrocos, flores y s\u00edmbolos Eucar\u00edsticos est\u00e1n realizados con hilos de preciada calidad de oro y seda. Terminaciones con pasamaner\u00eda y preciados ribetes dorados.<br \/>\nDimensiones 240 x 180 cm<br \/>\nEl precio no incluye las varas.<\/p>\n","protected":false},"featured_media":74123,"template":"","meta":[],"product_cat":[11755],"product_tag":[],"yoast_head":"<!-- This site is optimized with the Yoast SEO plugin v20.4 - https:\/\/yoast.com\/wordpress\/plugins\/seo\/ -->\n<title>palio - palios y Laboratorio Gruppo Liturgico<\/title>\n<meta name=\"description\" content=\"Procesional confeccionado en preciado tejido. Los ricos bordados con motivos barrocos, flores y s\u00edmbolos Eucar\u00edsticos est\u00e1n realizados con hilos de preciada calidad de oro y seda. Terminaciones con pasamaner\u00eda y preciados ribetes dorados.  Dimensiones 240 x 180 cm El precio no incluye las varas.\" \/>\n<meta name=\"robots\" content=\"index, follow, max-snippet:-1, max-image-preview:large, max-video-preview:-1\" \/>\n<link rel=\"canonical\" href=\"https:\/\/www.gruppoliturgico.com\/es\/producto\/palio-2\/\" \/>\n<meta property=\"og:locale\" content=\"es_ES\" \/>\n<meta property=\"og:type\" content=\"article\" \/>\n<meta property=\"og:title\" content=\"palio - palios y Laboratorio Gruppo Liturgico\" \/>\n<meta property=\"og:description\" content=\"Procesional confeccionado en preciado tejido. Los ricos bordados con motivos barrocos, flores y s\u00edmbolos Eucar\u00edsticos est\u00e1n realizados con hilos de preciada calidad de oro y seda. Terminaciones con pasamaner\u00eda y preciados ribetes dorados.  Dimensiones 240 x 180 cm El precio no incluye las varas.\" \/>\n<meta property=\"og:url\" content=\"https:\/\/www.gruppoliturgico.com\/es\/producto\/palio-2\/\" \/>\n<meta property=\"og:site_name\" content=\"Laboratorio Gruppo Liturgico\" \/>\n<meta property=\"article:modified_time\" content=\"2023-01-27T09:39:30+00:00\" \/>\n<meta property=\"og:image\" content=\"https:\/\/www.gruppoliturgico.com\/wp-content\/uploads\/2022\/05\/897.jpg\" \/>\n\t<meta property=\"og:image:width\" content=\"1500\" \/>\n\t<meta property=\"og:image:height\" content=\"930\" \/>\n\t<meta property=\"og:image:type\" content=\"image\/jpeg\" \/>\n<meta name=\"twitter:card\" content=\"summary_large_image\" \/>\n<script type=\"application\/ld+json\" class=\"yoast-schema-graph\">{\"@context\":\"https:\/\/schema.org\",\"@graph\":[{\"@type\":\"WebPage\",\"@id\":\"https:\/\/www.gruppoliturgico.com\/es\/producto\/palio-2\/\",\"url\":\"https:\/\/www.gruppoliturgico.com\/es\/producto\/palio-2\/\",\"name\":\"palio - palios y Laboratorio Gruppo Liturgico\",\"isPartOf\":{\"@id\":\"https:\/\/www.gruppoliturgico.com\/es\/#website\"},\"datePublished\":\"2022-05-19T21:20:47+00:00\",\"dateModified\":\"2023-01-27T09:39:30+00:00\",\"description\":\"Procesional confeccionado en preciado tejido. Los ricos bordados con motivos barrocos, flores y s\u00edmbolos Eucar\u00edsticos est\u00e1n realizados con hilos de preciada calidad de oro y seda. Terminaciones con pasamaner\u00eda y preciados ribetes dorados. Dimensiones 240 x 180 cm El precio no incluye las varas.\",\"breadcrumb\":{\"@id\":\"https:\/\/www.gruppoliturgico.com\/es\/producto\/palio-2\/#breadcrumb\"},\"inLanguage\":\"es\",\"potentialAction\":[{\"@type\":\"ReadAction\",\"target\":[\"https:\/\/www.gruppoliturgico.com\/es\/producto\/palio-2\/\"]}]},{\"@type\":\"BreadcrumbList\",\"@id\":\"https:\/\/www.gruppoliturgico.com\/es\/producto\/palio-2\/#breadcrumb\",\"itemListElement\":[{\"@type\":\"ListItem\",\"position\":1,\"name\":\"Home\",\"item\":\"https:\/\/www.gruppoliturgico.com\/es\/\"},{\"@type\":\"ListItem\",\"position\":2,\"name\":\"Tienda\",\"item\":\"https:\/\/www.gruppoliturgico.com\/es\/tienda\/\"},{\"@type\":\"ListItem\",\"position\":3,\"name\":\"palio\"}]},{\"@type\":\"WebSite\",\"@id\":\"https:\/\/www.gruppoliturgico.com\/es\/#website\",\"url\":\"https:\/\/www.gruppoliturgico.com\/es\/\",\"name\":\"Laboratorio Gruppo Liturgico\",\"description\":\"Articoli Religiosi online\",\"publisher\":{\"@id\":\"https:\/\/www.gruppoliturgico.com\/es\/#organization\"},\"potentialAction\":[{\"@type\":\"SearchAction\",\"target\":{\"@type\":\"EntryPoint\",\"urlTemplate\":\"https:\/\/www.gruppoliturgico.com\/es\/?s={search_term_string}\"},\"query-input\":\"required name=search_term_string\"}],\"inLanguage\":\"es\"},{\"@type\":\"Organization\",\"@id\":\"https:\/\/www.gruppoliturgico.com\/es\/#organization\",\"name\":\"Laboratorio Gruppo Liturgico\",\"url\":\"https:\/\/www.gruppoliturgico.com\/es\/\",\"logo\":{\"@type\":\"ImageObject\",\"inLanguage\":\"es\",\"@id\":\"https:\/\/www.gruppoliturgico.com\/es\/#\/schema\/logo\/image\/\",\"url\":\"https:\/\/www.gruppoliturgico.com\/wp-content\/uploads\/2022\/02\/logo-laboratoriogruppoliturgico.png\",\"contentUrl\":\"https:\/\/www.gruppoliturgico.com\/wp-content\/uploads\/2022\/02\/logo-laboratoriogruppoliturgico.png\",\"width\":400,\"height\":114,\"caption\":\"Laboratorio Gruppo Liturgico\"},\"image\":{\"@id\":\"https:\/\/www.gruppoliturgico.com\/es\/#\/schema\/logo\/image\/\"}}]}<\/script>\n<!-- \/ Yoast SEO plugin. -->","yoast_head_json":{"title":"palio - palios y Laboratorio Gruppo Liturgico","description":"Procesional confeccionado en preciado tejido. Los ricos bordados con motivos barrocos, flores y s\u00edmbolos Eucar\u00edsticos est\u00e1n realizados con hilos de preciada calidad de oro y seda. Terminaciones con pasamaner\u00eda y preciados ribetes dorados.  Dimensiones 240 x 180 cm El precio no incluye las varas.","robots":{"index":"index","follow":"follow","max-snippet":"max-snippet:-1","max-image-preview":"max-image-preview:large","max-video-preview":"max-video-preview:-1"},"canonical":"https:\/\/www.gruppoliturgico.com\/es\/producto\/palio-2\/","og_locale":"es_ES","og_type":"article","og_title":"palio - palios y Laboratorio Gruppo Liturgico","og_description":"Procesional confeccionado en preciado tejido. Los ricos bordados con motivos barrocos, flores y s\u00edmbolos Eucar\u00edsticos est\u00e1n realizados con hilos de preciada calidad de oro y seda. Terminaciones con pasamaner\u00eda y preciados ribetes dorados.  Dimensiones 240 x 180 cm El precio no incluye las varas.","og_url":"https:\/\/www.gruppoliturgico.com\/es\/producto\/palio-2\/","og_site_name":"Laboratorio Gruppo Liturgico","article_modified_time":"2023-01-27T09:39:30+00:00","og_image":[{"width":1500,"height":930,"url":"https:\/\/www.gruppoliturgico.com\/wp-content\/uploads\/2022\/05\/897.jpg","type":"image\/jpeg"}],"twitter_card":"summary_large_image","schema":{"@context":"https:\/\/schema.org","@graph":[{"@type":"WebPage","@id":"https:\/\/www.gruppoliturgico.com\/es\/producto\/palio-2\/","url":"https:\/\/www.gruppoliturgico.com\/es\/producto\/palio-2\/","name":"palio - palios y Laboratorio Gruppo Liturgico","isPartOf":{"@id":"https:\/\/www.gruppoliturgico.com\/es\/#website"},"datePublished":"2022-05-19T21:20:47+00:00","dateModified":"2023-01-27T09:39:30+00:00","description":"Procesional confeccionado en preciado tejido. Los ricos bordados con motivos barrocos, flores y s\u00edmbolos Eucar\u00edsticos est\u00e1n realizados con hilos de preciada calidad de oro y seda. Terminaciones con pasamaner\u00eda y preciados ribetes dorados. Dimensiones 240 x 180 cm El precio no incluye las varas.","breadcrumb":{"@id":"https:\/\/www.gruppoliturgico.com\/es\/producto\/palio-2\/#breadcrumb"},"inLanguage":"es","potentialAction":[{"@type":"ReadAction","target":["https:\/\/www.gruppoliturgico.com\/es\/producto\/palio-2\/"]}]},{"@type":"BreadcrumbList","@id":"https:\/\/www.gruppoliturgico.com\/es\/producto\/palio-2\/#breadcrumb","itemListElement":[{"@type":"ListItem","position":1,"name":"Home","item":"https:\/\/www.gruppoliturgico.com\/es\/"},{"@type":"ListItem","position":2,"name":"Tienda","item":"https:\/\/www.gruppoliturgico.com\/es\/tienda\/"},{"@type":"ListItem","position":3,"name":"palio"}]},{"@type":"WebSite","@id":"https:\/\/www.gruppoliturgico.com\/es\/#website","url":"https:\/\/www.gruppoliturgico.com\/es\/","name":"Laboratorio Gruppo Liturgico","description":"Articoli Religiosi online","publisher":{"@id":"https:\/\/www.gruppoliturgico.com\/es\/#organization"},"potentialAction":[{"@type":"SearchAction","target":{"@type":"EntryPoint","urlTemplate":"https:\/\/www.gruppoliturgico.com\/es\/?s={search_term_string}"},"query-input":"required name=search_term_string"}],"inLanguage":"es"},{"@type":"Organization","@id":"https:\/\/www.gruppoliturgico.com\/es\/#organization","name":"Laboratorio Gruppo Liturgico","url":"https:\/\/www.gruppoliturgico.com\/es\/","logo":{"@type":"ImageObject","inLanguage":"es","@id":"https:\/\/www.gruppoliturgico.com\/es\/#\/schema\/logo\/image\/","url":"https:\/\/www.gruppoliturgico.com\/wp-content\/uploads\/2022\/02\/logo-laboratoriogruppoliturgico.png","contentUrl":"https:\/\/www.gruppoliturgico.com\/wp-content\/uploads\/2022\/02\/logo-laboratoriogruppoliturgico.png","width":400,"height":114,"caption":"Laboratorio Gruppo Liturgico"},"image":{"@id":"https:\/\/www.gruppoliturgico.com\/es\/#\/schema\/logo\/image\/"}}]}},"_links":{"self":[{"href":"https:\/\/www.gruppoliturgico.com\/es\/wp-json\/wp\/v2\/product\/63778"}],"collection":[{"href":"https:\/\/www.gruppoliturgico.com\/es\/wp-json\/wp\/v2\/product"}],"about":[{"href":"https:\/\/www.gruppoliturgico.com\/es\/wp-json\/wp\/v2\/types\/product"}],"wp:featuredmedia":[{"embeddable":true,"href":"https:\/\/www.gruppoliturgico.com\/es\/wp-json\/wp\/v2\/media\/74123"}],"wp:attachment":[{"href":"https:\/\/www.gruppoliturgico.com\/es\/wp-json\/wp\/v2\/media?parent=63778"}],"wp:term":[{"taxonomy":"product_cat","embeddable":true,"href":"https:\/\/www.gruppoliturgico.com\/es\/wp-json\/wp\/v2\/product_cat?post=63778"},{"taxonomy":"product_tag","embeddable":true,"href":"https:\/\/www.gruppoliturgico.com\/es\/wp-json\/wp\/v2\/product_tag?post=63778"}],"curies":[{"name":"wp","href":"https:\/\/api.w.org\/{rel}","templated":true}]}}