{"id":63678,"date":"2022-05-19T23:16:26","date_gmt":"2022-05-19T21:16:32","guid":{"rendered":"https:\/\/www.gruppoliturgico.com\/prodotto\/ambon-11\/"},"modified":"2022-10-24T16:21:49","modified_gmt":"2022-10-24T14:21:49","slug":"ambon-11","status":"publish","type":"product","link":"https:\/\/www.gruppoliturgico.com\/es\/producto\/ambon-11\/","title":{"rendered":"amb\u00f3n"},"content":{"rendered":"<html><body><p>Amb\u00f3n en madera esculpida y dorada con hoja de oro.<br>\nLa preciada obra de escultura y los tallados dorados con hoja de oro caracterizan este art\u00edculo.<br>\nEn las bases de sujeci\u00f3n est\u00e1n colocadas las estatuas de madera de los cuatro Evangelistas, con altura de 30 cm, esculpidas y pintadas a mano.<br>\nAltura cm 125<br>\nSuperficie cm 40 x 50<br>\nBase cm 65 x 30<\/p>\n<\/body><\/html>","protected":false},"excerpt":{"rendered":"<p>Amb\u00f3n en madera esculpida y dorada con hoja de oro.<br \/>\nLa preciada obra de escultura y los tallados dorados con hoja de oro caracterizan este art\u00edculo.<br \/>\nEn las bases de sujeci\u00f3n est\u00e1n colocadas las estatuas de madera de los cuatro Evangelistas, con altura de 30 cm, esculpidas y pintadas a mano.<br \/>\nAltura cm 125<br \/>\nSuperficie cm 40 x 50<br \/>\nBase cm 65 x 30<\/p>\n","protected":false},"featured_media":131550,"template":"","meta":[],"product_cat":[12183],"product_tag":[],"yoast_head":"<!-- This site is optimized with the Yoast SEO plugin v20.4 - https:\/\/yoast.com\/wordpress\/plugins\/seo\/ -->\n<title>amb\u00f3n - en madera esculpida y Laboratorio Gruppo Liturgico<\/title>\n<meta name=\"description\" content=\"Amb\u00f3n en madera esculpida y dorada con hoja de oro.  La preciada obra de escultura y los tallados dorados con hoja de oro caracterizan este art\u00edculo.  En las bases de sujeci\u00f3n est\u00e1n colocadas las estatuas de madera de los cuatro Evangelistas, con altura de 30 cm, esculpidas y pintadas a mano. Altura cm 125 Superficie cm 40 x 50 Base cm 65 x 30\" \/>\n<meta name=\"robots\" content=\"index, follow, max-snippet:-1, max-image-preview:large, max-video-preview:-1\" \/>\n<link rel=\"canonical\" href=\"https:\/\/www.gruppoliturgico.com\/es\/producto\/ambon-11\/\" \/>\n<meta property=\"og:locale\" content=\"es_ES\" \/>\n<meta property=\"og:type\" content=\"article\" \/>\n<meta property=\"og:title\" content=\"amb\u00f3n - en madera esculpida y Laboratorio Gruppo Liturgico\" \/>\n<meta property=\"og:description\" content=\"Amb\u00f3n en madera esculpida y dorada con hoja de oro.  La preciada obra de escultura y los tallados dorados con hoja de oro caracterizan este art\u00edculo.  En las bases de sujeci\u00f3n est\u00e1n colocadas las estatuas de madera de los cuatro Evangelistas, con altura de 30 cm, esculpidas y pintadas a mano. Altura cm 125 Superficie cm 40 x 50 Base cm 65 x 30\" \/>\n<meta property=\"og:url\" content=\"https:\/\/www.gruppoliturgico.com\/es\/producto\/ambon-11\/\" \/>\n<meta property=\"og:site_name\" content=\"Laboratorio Gruppo Liturgico\" \/>\n<meta property=\"article:modified_time\" content=\"2022-10-24T14:21:49+00:00\" \/>\n<meta property=\"og:image\" content=\"https:\/\/www.gruppoliturgico.com\/wp-content\/uploads\/2022\/05\/203-A.jpg\" \/>\n\t<meta property=\"og:image:width\" content=\"809\" \/>\n\t<meta property=\"og:image:height\" content=\"1500\" \/>\n\t<meta property=\"og:image:type\" content=\"image\/jpeg\" \/>\n<meta name=\"twitter:card\" content=\"summary_large_image\" \/>\n<script type=\"application\/ld+json\" class=\"yoast-schema-graph\">{\"@context\":\"https:\/\/schema.org\",\"@graph\":[{\"@type\":\"WebPage\",\"@id\":\"https:\/\/www.gruppoliturgico.com\/es\/producto\/ambon-11\/\",\"url\":\"https:\/\/www.gruppoliturgico.com\/es\/producto\/ambon-11\/\",\"name\":\"amb\u00f3n - en madera esculpida y Laboratorio Gruppo Liturgico\",\"isPartOf\":{\"@id\":\"https:\/\/www.gruppoliturgico.com\/es\/#website\"},\"datePublished\":\"2022-05-19T21:16:32+00:00\",\"dateModified\":\"2022-10-24T14:21:49+00:00\",\"description\":\"Amb\u00f3n en madera esculpida y dorada con hoja de oro. La preciada obra de escultura y los tallados dorados con hoja de oro caracterizan este art\u00edculo. En las bases de sujeci\u00f3n est\u00e1n colocadas las estatuas de madera de los cuatro Evangelistas, con altura de 30 cm, esculpidas y pintadas a mano. Altura cm 125 Superficie cm 40 x 50 Base cm 65 x 30\",\"breadcrumb\":{\"@id\":\"https:\/\/www.gruppoliturgico.com\/es\/producto\/ambon-11\/#breadcrumb\"},\"inLanguage\":\"es\",\"potentialAction\":[{\"@type\":\"ReadAction\",\"target\":[\"https:\/\/www.gruppoliturgico.com\/es\/producto\/ambon-11\/\"]}]},{\"@type\":\"BreadcrumbList\",\"@id\":\"https:\/\/www.gruppoliturgico.com\/es\/producto\/ambon-11\/#breadcrumb\",\"itemListElement\":[{\"@type\":\"ListItem\",\"position\":1,\"name\":\"Home\",\"item\":\"https:\/\/www.gruppoliturgico.com\/es\/\"},{\"@type\":\"ListItem\",\"position\":2,\"name\":\"Tienda\",\"item\":\"https:\/\/www.gruppoliturgico.com\/es\/tienda\/\"},{\"@type\":\"ListItem\",\"position\":3,\"name\":\"amb\u00f3n\"}]},{\"@type\":\"WebSite\",\"@id\":\"https:\/\/www.gruppoliturgico.com\/es\/#website\",\"url\":\"https:\/\/www.gruppoliturgico.com\/es\/\",\"name\":\"Laboratorio Gruppo Liturgico\",\"description\":\"Articoli Religiosi online\",\"publisher\":{\"@id\":\"https:\/\/www.gruppoliturgico.com\/es\/#organization\"},\"potentialAction\":[{\"@type\":\"SearchAction\",\"target\":{\"@type\":\"EntryPoint\",\"urlTemplate\":\"https:\/\/www.gruppoliturgico.com\/es\/?s={search_term_string}\"},\"query-input\":\"required name=search_term_string\"}],\"inLanguage\":\"es\"},{\"@type\":\"Organization\",\"@id\":\"https:\/\/www.gruppoliturgico.com\/es\/#organization\",\"name\":\"Laboratorio Gruppo Liturgico\",\"url\":\"https:\/\/www.gruppoliturgico.com\/es\/\",\"logo\":{\"@type\":\"ImageObject\",\"inLanguage\":\"es\",\"@id\":\"https:\/\/www.gruppoliturgico.com\/es\/#\/schema\/logo\/image\/\",\"url\":\"https:\/\/www.gruppoliturgico.com\/wp-content\/uploads\/2022\/02\/logo-laboratoriogruppoliturgico.png\",\"contentUrl\":\"https:\/\/www.gruppoliturgico.com\/wp-content\/uploads\/2022\/02\/logo-laboratoriogruppoliturgico.png\",\"width\":400,\"height\":114,\"caption\":\"Laboratorio Gruppo Liturgico\"},\"image\":{\"@id\":\"https:\/\/www.gruppoliturgico.com\/es\/#\/schema\/logo\/image\/\"}}]}<\/script>\n<!-- \/ Yoast SEO plugin. -->","yoast_head_json":{"title":"amb\u00f3n - en madera esculpida y Laboratorio Gruppo Liturgico","description":"Amb\u00f3n en madera esculpida y dorada con hoja de oro.  La preciada obra de escultura y los tallados dorados con hoja de oro caracterizan este art\u00edculo.  En las bases de sujeci\u00f3n est\u00e1n colocadas las estatuas de madera de los cuatro Evangelistas, con altura de 30 cm, esculpidas y pintadas a mano. Altura cm 125 Superficie cm 40 x 50 Base cm 65 x 30","robots":{"index":"index","follow":"follow","max-snippet":"max-snippet:-1","max-image-preview":"max-image-preview:large","max-video-preview":"max-video-preview:-1"},"canonical":"https:\/\/www.gruppoliturgico.com\/es\/producto\/ambon-11\/","og_locale":"es_ES","og_type":"article","og_title":"amb\u00f3n - en madera esculpida y Laboratorio Gruppo Liturgico","og_description":"Amb\u00f3n en madera esculpida y dorada con hoja de oro.  La preciada obra de escultura y los tallados dorados con hoja de oro caracterizan este art\u00edculo.  En las bases de sujeci\u00f3n est\u00e1n colocadas las estatuas de madera de los cuatro Evangelistas, con altura de 30 cm, esculpidas y pintadas a mano. Altura cm 125 Superficie cm 40 x 50 Base cm 65 x 30","og_url":"https:\/\/www.gruppoliturgico.com\/es\/producto\/ambon-11\/","og_site_name":"Laboratorio Gruppo Liturgico","article_modified_time":"2022-10-24T14:21:49+00:00","og_image":[{"width":809,"height":1500,"url":"https:\/\/www.gruppoliturgico.com\/wp-content\/uploads\/2022\/05\/203-A.jpg","type":"image\/jpeg"}],"twitter_card":"summary_large_image","schema":{"@context":"https:\/\/schema.org","@graph":[{"@type":"WebPage","@id":"https:\/\/www.gruppoliturgico.com\/es\/producto\/ambon-11\/","url":"https:\/\/www.gruppoliturgico.com\/es\/producto\/ambon-11\/","name":"amb\u00f3n - en madera esculpida y Laboratorio Gruppo Liturgico","isPartOf":{"@id":"https:\/\/www.gruppoliturgico.com\/es\/#website"},"datePublished":"2022-05-19T21:16:32+00:00","dateModified":"2022-10-24T14:21:49+00:00","description":"Amb\u00f3n en madera esculpida y dorada con hoja de oro. La preciada obra de escultura y los tallados dorados con hoja de oro caracterizan este art\u00edculo. En las bases de sujeci\u00f3n est\u00e1n colocadas las estatuas de madera de los cuatro Evangelistas, con altura de 30 cm, esculpidas y pintadas a mano. Altura cm 125 Superficie cm 40 x 50 Base cm 65 x 30","breadcrumb":{"@id":"https:\/\/www.gruppoliturgico.com\/es\/producto\/ambon-11\/#breadcrumb"},"inLanguage":"es","potentialAction":[{"@type":"ReadAction","target":["https:\/\/www.gruppoliturgico.com\/es\/producto\/ambon-11\/"]}]},{"@type":"BreadcrumbList","@id":"https:\/\/www.gruppoliturgico.com\/es\/producto\/ambon-11\/#breadcrumb","itemListElement":[{"@type":"ListItem","position":1,"name":"Home","item":"https:\/\/www.gruppoliturgico.com\/es\/"},{"@type":"ListItem","position":2,"name":"Tienda","item":"https:\/\/www.gruppoliturgico.com\/es\/tienda\/"},{"@type":"ListItem","position":3,"name":"amb\u00f3n"}]},{"@type":"WebSite","@id":"https:\/\/www.gruppoliturgico.com\/es\/#website","url":"https:\/\/www.gruppoliturgico.com\/es\/","name":"Laboratorio Gruppo Liturgico","description":"Articoli Religiosi online","publisher":{"@id":"https:\/\/www.gruppoliturgico.com\/es\/#organization"},"potentialAction":[{"@type":"SearchAction","target":{"@type":"EntryPoint","urlTemplate":"https:\/\/www.gruppoliturgico.com\/es\/?s={search_term_string}"},"query-input":"required name=search_term_string"}],"inLanguage":"es"},{"@type":"Organization","@id":"https:\/\/www.gruppoliturgico.com\/es\/#organization","name":"Laboratorio Gruppo Liturgico","url":"https:\/\/www.gruppoliturgico.com\/es\/","logo":{"@type":"ImageObject","inLanguage":"es","@id":"https:\/\/www.gruppoliturgico.com\/es\/#\/schema\/logo\/image\/","url":"https:\/\/www.gruppoliturgico.com\/wp-content\/uploads\/2022\/02\/logo-laboratoriogruppoliturgico.png","contentUrl":"https:\/\/www.gruppoliturgico.com\/wp-content\/uploads\/2022\/02\/logo-laboratoriogruppoliturgico.png","width":400,"height":114,"caption":"Laboratorio Gruppo Liturgico"},"image":{"@id":"https:\/\/www.gruppoliturgico.com\/es\/#\/schema\/logo\/image\/"}}]}},"_links":{"self":[{"href":"https:\/\/www.gruppoliturgico.com\/es\/wp-json\/wp\/v2\/product\/63678"}],"collection":[{"href":"https:\/\/www.gruppoliturgico.com\/es\/wp-json\/wp\/v2\/product"}],"about":[{"href":"https:\/\/www.gruppoliturgico.com\/es\/wp-json\/wp\/v2\/types\/product"}],"wp:featuredmedia":[{"embeddable":true,"href":"https:\/\/www.gruppoliturgico.com\/es\/wp-json\/wp\/v2\/media\/131550"}],"wp:attachment":[{"href":"https:\/\/www.gruppoliturgico.com\/es\/wp-json\/wp\/v2\/media?parent=63678"}],"wp:term":[{"taxonomy":"product_cat","embeddable":true,"href":"https:\/\/www.gruppoliturgico.com\/es\/wp-json\/wp\/v2\/product_cat?post=63678"},{"taxonomy":"product_tag","embeddable":true,"href":"https:\/\/www.gruppoliturgico.com\/es\/wp-json\/wp\/v2\/product_tag?post=63678"}],"curies":[{"name":"wp","href":"https:\/\/api.w.org\/{rel}","templated":true}]}}