{"id":63670,"date":"2022-05-19T23:16:07","date_gmt":"2022-05-19T21:16:14","guid":{"rendered":"https:\/\/www.gruppoliturgico.com\/prodotto\/ambon-9\/"},"modified":"2022-10-25T11:51:51","modified_gmt":"2022-10-25T09:51:51","slug":"ambon-9","status":"publish","type":"product","link":"https:\/\/www.gruppoliturgico.com\/es\/producto\/ambon-9\/","title":{"rendered":"Amb\u00f3n"},"content":{"rendered":"<html><body><p>Amb\u00f3n en madera maciza con ricas aplicaciones esculpidas doradas con hojas de oro.<br>\nUna columna de secci\u00f3n trapezoidal que en la parte posterior tiene una estanter\u00eda para colocar libros.<br>\nElaborados frisos barrocos en madera tallada decoran el lado frontal y los dos paneles laterales.<br>\nBase cm 65 x 30<br>\nAltura cm 130<\/p>\n<\/body><\/html>","protected":false},"excerpt":{"rendered":"<p>Amb\u00f3n en madera maciza con ricas aplicaciones esculpidas doradas con hojas de oro.<br \/>\nUna columna de secci\u00f3n trapezoidal que en la parte posterior tiene una estanter\u00eda para colocar libros.<br \/>\nElaborados frisos barrocos en madera tallada decoran el lado frontal y los dos paneles laterales.<br \/>\nBase cm 65 x 30<br \/>\nAltura cm 130<\/p>\n","protected":false},"featured_media":128573,"template":"","meta":[],"product_cat":[12183],"product_tag":[],"yoast_head":"<!-- This site is optimized with the Yoast SEO plugin v20.4 - https:\/\/yoast.com\/wordpress\/plugins\/seo\/ -->\n<title>Amb\u00f3n - en madera esculpida y Laboratorio Gruppo Liturgico<\/title>\n<meta name=\"description\" content=\"Amb\u00f3n en madera maciza con ricas aplicaciones esculpidas doradas con hojas de oro.  Una columna de secci\u00f3n trapezoidal que en la parte posterior tiene una estanter\u00eda para colocar libros.  Elaborados frisos barrocos en madera tallada decoran el lado frontal y los dos paneles laterales. Base cm 65 x 30  Altura cm 130\" \/>\n<meta name=\"robots\" content=\"index, follow, max-snippet:-1, max-image-preview:large, max-video-preview:-1\" \/>\n<link rel=\"canonical\" href=\"https:\/\/www.gruppoliturgico.com\/es\/producto\/ambon-9\/\" \/>\n<meta property=\"og:locale\" content=\"es_ES\" \/>\n<meta property=\"og:type\" content=\"article\" \/>\n<meta property=\"og:title\" content=\"Amb\u00f3n - en madera esculpida y Laboratorio Gruppo Liturgico\" \/>\n<meta property=\"og:description\" content=\"Amb\u00f3n en madera maciza con ricas aplicaciones esculpidas doradas con hojas de oro.  Una columna de secci\u00f3n trapezoidal que en la parte posterior tiene una estanter\u00eda para colocar libros.  Elaborados frisos barrocos en madera tallada decoran el lado frontal y los dos paneles laterales. Base cm 65 x 30  Altura cm 130\" \/>\n<meta property=\"og:url\" content=\"https:\/\/www.gruppoliturgico.com\/es\/producto\/ambon-9\/\" \/>\n<meta property=\"og:site_name\" content=\"Laboratorio Gruppo Liturgico\" \/>\n<meta property=\"article:modified_time\" content=\"2022-10-25T09:51:51+00:00\" \/>\n<meta property=\"og:image\" content=\"https:\/\/www.gruppoliturgico.com\/wp-content\/uploads\/2022\/05\/532-nuova-1.jpg\" \/>\n\t<meta property=\"og:image:width\" content=\"1018\" \/>\n\t<meta property=\"og:image:height\" content=\"2000\" \/>\n\t<meta property=\"og:image:type\" content=\"image\/jpeg\" \/>\n<meta name=\"twitter:card\" content=\"summary_large_image\" \/>\n<script type=\"application\/ld+json\" class=\"yoast-schema-graph\">{\"@context\":\"https:\/\/schema.org\",\"@graph\":[{\"@type\":\"WebPage\",\"@id\":\"https:\/\/www.gruppoliturgico.com\/es\/producto\/ambon-9\/\",\"url\":\"https:\/\/www.gruppoliturgico.com\/es\/producto\/ambon-9\/\",\"name\":\"Amb\u00f3n - en madera esculpida y Laboratorio Gruppo Liturgico\",\"isPartOf\":{\"@id\":\"https:\/\/www.gruppoliturgico.com\/es\/#website\"},\"datePublished\":\"2022-05-19T21:16:14+00:00\",\"dateModified\":\"2022-10-25T09:51:51+00:00\",\"description\":\"Amb\u00f3n en madera maciza con ricas aplicaciones esculpidas doradas con hojas de oro. Una columna de secci\u00f3n trapezoidal que en la parte posterior tiene una estanter\u00eda para colocar libros. Elaborados frisos barrocos en madera tallada decoran el lado frontal y los dos paneles laterales. Base cm 65 x 30 Altura cm 130\",\"breadcrumb\":{\"@id\":\"https:\/\/www.gruppoliturgico.com\/es\/producto\/ambon-9\/#breadcrumb\"},\"inLanguage\":\"es\",\"potentialAction\":[{\"@type\":\"ReadAction\",\"target\":[\"https:\/\/www.gruppoliturgico.com\/es\/producto\/ambon-9\/\"]}]},{\"@type\":\"BreadcrumbList\",\"@id\":\"https:\/\/www.gruppoliturgico.com\/es\/producto\/ambon-9\/#breadcrumb\",\"itemListElement\":[{\"@type\":\"ListItem\",\"position\":1,\"name\":\"Home\",\"item\":\"https:\/\/www.gruppoliturgico.com\/es\/\"},{\"@type\":\"ListItem\",\"position\":2,\"name\":\"Tienda\",\"item\":\"https:\/\/www.gruppoliturgico.com\/es\/tienda\/\"},{\"@type\":\"ListItem\",\"position\":3,\"name\":\"Amb\u00f3n\"}]},{\"@type\":\"WebSite\",\"@id\":\"https:\/\/www.gruppoliturgico.com\/es\/#website\",\"url\":\"https:\/\/www.gruppoliturgico.com\/es\/\",\"name\":\"Laboratorio Gruppo Liturgico\",\"description\":\"Articoli Religiosi online\",\"publisher\":{\"@id\":\"https:\/\/www.gruppoliturgico.com\/es\/#organization\"},\"potentialAction\":[{\"@type\":\"SearchAction\",\"target\":{\"@type\":\"EntryPoint\",\"urlTemplate\":\"https:\/\/www.gruppoliturgico.com\/es\/?s={search_term_string}\"},\"query-input\":\"required name=search_term_string\"}],\"inLanguage\":\"es\"},{\"@type\":\"Organization\",\"@id\":\"https:\/\/www.gruppoliturgico.com\/es\/#organization\",\"name\":\"Laboratorio Gruppo Liturgico\",\"url\":\"https:\/\/www.gruppoliturgico.com\/es\/\",\"logo\":{\"@type\":\"ImageObject\",\"inLanguage\":\"es\",\"@id\":\"https:\/\/www.gruppoliturgico.com\/es\/#\/schema\/logo\/image\/\",\"url\":\"https:\/\/www.gruppoliturgico.com\/wp-content\/uploads\/2022\/02\/logo-laboratoriogruppoliturgico.png\",\"contentUrl\":\"https:\/\/www.gruppoliturgico.com\/wp-content\/uploads\/2022\/02\/logo-laboratoriogruppoliturgico.png\",\"width\":400,\"height\":114,\"caption\":\"Laboratorio Gruppo Liturgico\"},\"image\":{\"@id\":\"https:\/\/www.gruppoliturgico.com\/es\/#\/schema\/logo\/image\/\"}}]}<\/script>\n<!-- \/ Yoast SEO plugin. -->","yoast_head_json":{"title":"Amb\u00f3n - en madera esculpida y Laboratorio Gruppo Liturgico","description":"Amb\u00f3n en madera maciza con ricas aplicaciones esculpidas doradas con hojas de oro.  Una columna de secci\u00f3n trapezoidal que en la parte posterior tiene una estanter\u00eda para colocar libros.  Elaborados frisos barrocos en madera tallada decoran el lado frontal y los dos paneles laterales. Base cm 65 x 30  Altura cm 130","robots":{"index":"index","follow":"follow","max-snippet":"max-snippet:-1","max-image-preview":"max-image-preview:large","max-video-preview":"max-video-preview:-1"},"canonical":"https:\/\/www.gruppoliturgico.com\/es\/producto\/ambon-9\/","og_locale":"es_ES","og_type":"article","og_title":"Amb\u00f3n - en madera esculpida y Laboratorio Gruppo Liturgico","og_description":"Amb\u00f3n en madera maciza con ricas aplicaciones esculpidas doradas con hojas de oro.  Una columna de secci\u00f3n trapezoidal que en la parte posterior tiene una estanter\u00eda para colocar libros.  Elaborados frisos barrocos en madera tallada decoran el lado frontal y los dos paneles laterales. Base cm 65 x 30  Altura cm 130","og_url":"https:\/\/www.gruppoliturgico.com\/es\/producto\/ambon-9\/","og_site_name":"Laboratorio Gruppo Liturgico","article_modified_time":"2022-10-25T09:51:51+00:00","og_image":[{"width":1018,"height":2000,"url":"https:\/\/www.gruppoliturgico.com\/wp-content\/uploads\/2022\/05\/532-nuova-1.jpg","type":"image\/jpeg"}],"twitter_card":"summary_large_image","schema":{"@context":"https:\/\/schema.org","@graph":[{"@type":"WebPage","@id":"https:\/\/www.gruppoliturgico.com\/es\/producto\/ambon-9\/","url":"https:\/\/www.gruppoliturgico.com\/es\/producto\/ambon-9\/","name":"Amb\u00f3n - en madera esculpida y Laboratorio Gruppo Liturgico","isPartOf":{"@id":"https:\/\/www.gruppoliturgico.com\/es\/#website"},"datePublished":"2022-05-19T21:16:14+00:00","dateModified":"2022-10-25T09:51:51+00:00","description":"Amb\u00f3n en madera maciza con ricas aplicaciones esculpidas doradas con hojas de oro. Una columna de secci\u00f3n trapezoidal que en la parte posterior tiene una estanter\u00eda para colocar libros. Elaborados frisos barrocos en madera tallada decoran el lado frontal y los dos paneles laterales. Base cm 65 x 30 Altura cm 130","breadcrumb":{"@id":"https:\/\/www.gruppoliturgico.com\/es\/producto\/ambon-9\/#breadcrumb"},"inLanguage":"es","potentialAction":[{"@type":"ReadAction","target":["https:\/\/www.gruppoliturgico.com\/es\/producto\/ambon-9\/"]}]},{"@type":"BreadcrumbList","@id":"https:\/\/www.gruppoliturgico.com\/es\/producto\/ambon-9\/#breadcrumb","itemListElement":[{"@type":"ListItem","position":1,"name":"Home","item":"https:\/\/www.gruppoliturgico.com\/es\/"},{"@type":"ListItem","position":2,"name":"Tienda","item":"https:\/\/www.gruppoliturgico.com\/es\/tienda\/"},{"@type":"ListItem","position":3,"name":"Amb\u00f3n"}]},{"@type":"WebSite","@id":"https:\/\/www.gruppoliturgico.com\/es\/#website","url":"https:\/\/www.gruppoliturgico.com\/es\/","name":"Laboratorio Gruppo Liturgico","description":"Articoli Religiosi online","publisher":{"@id":"https:\/\/www.gruppoliturgico.com\/es\/#organization"},"potentialAction":[{"@type":"SearchAction","target":{"@type":"EntryPoint","urlTemplate":"https:\/\/www.gruppoliturgico.com\/es\/?s={search_term_string}"},"query-input":"required name=search_term_string"}],"inLanguage":"es"},{"@type":"Organization","@id":"https:\/\/www.gruppoliturgico.com\/es\/#organization","name":"Laboratorio Gruppo Liturgico","url":"https:\/\/www.gruppoliturgico.com\/es\/","logo":{"@type":"ImageObject","inLanguage":"es","@id":"https:\/\/www.gruppoliturgico.com\/es\/#\/schema\/logo\/image\/","url":"https:\/\/www.gruppoliturgico.com\/wp-content\/uploads\/2022\/02\/logo-laboratoriogruppoliturgico.png","contentUrl":"https:\/\/www.gruppoliturgico.com\/wp-content\/uploads\/2022\/02\/logo-laboratoriogruppoliturgico.png","width":400,"height":114,"caption":"Laboratorio Gruppo Liturgico"},"image":{"@id":"https:\/\/www.gruppoliturgico.com\/es\/#\/schema\/logo\/image\/"}}]}},"_links":{"self":[{"href":"https:\/\/www.gruppoliturgico.com\/es\/wp-json\/wp\/v2\/product\/63670"}],"collection":[{"href":"https:\/\/www.gruppoliturgico.com\/es\/wp-json\/wp\/v2\/product"}],"about":[{"href":"https:\/\/www.gruppoliturgico.com\/es\/wp-json\/wp\/v2\/types\/product"}],"wp:featuredmedia":[{"embeddable":true,"href":"https:\/\/www.gruppoliturgico.com\/es\/wp-json\/wp\/v2\/media\/128573"}],"wp:attachment":[{"href":"https:\/\/www.gruppoliturgico.com\/es\/wp-json\/wp\/v2\/media?parent=63670"}],"wp:term":[{"taxonomy":"product_cat","embeddable":true,"href":"https:\/\/www.gruppoliturgico.com\/es\/wp-json\/wp\/v2\/product_cat?post=63670"},{"taxonomy":"product_tag","embeddable":true,"href":"https:\/\/www.gruppoliturgico.com\/es\/wp-json\/wp\/v2\/product_tag?post=63670"}],"curies":[{"name":"wp","href":"https:\/\/api.w.org\/{rel}","templated":true}]}}